{"id":11571,"date":"2023-11-29T10:40:47","date_gmt":"2023-11-29T10:40:47","guid":{"rendered":"https:\/\/moverdb.com\/?page_id=11571"},"modified":"2026-01-08T15:24:44","modified_gmt":"2026-01-08T15:24:44","slug":"moving-companies-us-hawaii","status":"publish","type":"page","link":"https:\/\/moverdb.com\/cs\/moving-companies\/moving-companies-us-hawaii\/","title":{"rendered":"4 Nejlep\u0161\u00ed mezin\u00e1rodn\u00ed st\u011bhovac\u00ed spole\u010dnosti na Havaji"},"content":{"rendered":"<p>Pl\u00e1nujete se st\u011bhovat v r\u00e1mci zem\u011b, do zem\u011b nebo ze zem\u011b? <a href=\"https:\/\/moverdb.com\/cs\/moving-to-the-united-states\/moving-to-hawaii\/\" data-internallinksmanager029f6b8e52c=\"403\" title=\"St\u011bhujete se na Havaj? 2026 N\u00e1klady na bydlen\u00ed a tipy na st\u011bhov\u00e1n\u00ed\">Havaj<\/a>? Z\u00edsk\u00e1n\u00ed <a href=\"https:\/\/moverdb.com\/cs\/moving-companies\/\" data-internallinksmanager029f6b8e52c=\"79\" title=\"Top 25 Mezin\u00e1rodn\u00ed st\u011bhovac\u00ed spole\u010dnosti Online\">st\u011bhovac\u00ed spole\u010dnost<\/a> kter\u00fd v\u00e1m pom\u016f\u017ee s organizac\u00ed, balen\u00edm, p\u0159epravou a celn\u00edmi z\u00e1le\u017eitostmi, v\u00e1m m\u016f\u017ee st\u011bhov\u00e1n\u00ed usnadnit. N\u00ed\u017ee jsme pro v\u00e1s p\u0159ipravili seznam havajsk\u00fdch firem. <a href=\"https:\/\/moverdb.com\/cs\/international-removals\/\" data-internallinksmanager029f6b8e52c=\"27\" title=\"36 nejlep\u0161\u00edch mezin\u00e1rodn\u00edch st\u011bhovac\u00edch spole\u010dnost\u00ed ve Velk\u00e9 Brit\u00e1nii\">st\u011bhovac\u00ed firmy<\/a> kter\u00e9 jsou \u010dleny <a href=\"https:\/\/moverdb.com\/cs\/iam\/\" data-internallinksmanager029f6b8e52c=\"23\" title=\"Vysv\u011btlen\u00ed Mezin\u00e1rodn\u00ed asociace st\u011bhov\u00e1k\u016f (IAM)\">Mezin\u00e1rodn\u00ed asociace st\u011bhov\u00e1k\u016f<\/a> (IAM) a\/nebo <a href=\"https:\/\/moverdb.com\/cs\/fidi-faim\/\" data-internallinksmanager029f6b8e52c=\"16\" title=\"Vysv\u011btlen\u00ed FIDI a FAIM (FIDI Accredited International Mover)\">FIDI<\/a> Akreditovan\u00e9 mezin\u00e1rodn\u00ed st\u011bhov\u00e1n\u00ed (FAIM), kter\u00e9 by v\u00e1m mohlo pomoci se st\u011bhov\u00e1n\u00edm.<\/p>\n<div id=\"ez-toc-container\" class=\"ez-toc-v2_0_82_2 ez-toc-wrap-left counter-hierarchy ez-toc-counter ez-toc-transparent ez-toc-container-direction\">\n<div class=\"ez-toc-title-container\">\n<p class=\"ez-toc-title\" style=\"cursor:inherit\">Sekce<\/p>\n<span class=\"ez-toc-title-toggle\"><a href=\"#\" class=\"ez-toc-pull-right ez-toc-btn ez-toc-btn-xs ez-toc-btn-default ez-toc-toggle\" aria-label=\"P\u0159epnut\u00ed tabulky obsahu\"><span class=\"ez-toc-js-icon-con\"><span class=\"\"><span class=\"eztoc-hide\" style=\"display:none;\">P\u0159ep\u00edna\u010d<\/span><span class=\"ez-toc-icon-toggle-span\"><svg style=\"fill: #999;color:#999\" xmlns=\"http:\/\/www.w3.org\/2000\/svg\" class=\"list-377408\" width=\"20px\" height=\"20px\" viewbox=\"0 0 24 24\" fill=\"none\"><path d=\"M6 6H4v2h2V6zm14 0H8v2h12V6zM4 11h2v2H4v-2zm16 0H8v2h12v-2zM4 16h2v2H4v-2zm16 0H8v2h12v-2z\" fill=\"currentColor\"><\/path><\/svg><svg style=\"fill: #999;color:#999\" class=\"arrow-unsorted-368013\" xmlns=\"http:\/\/www.w3.org\/2000\/svg\" width=\"10px\" height=\"10px\" viewbox=\"0 0 24 24\" version=\"1.2\" baseprofile=\"tiny\"><path d=\"M18.2 9.3l-6.2-6.3-6.2 6.3c-.2.2-.3.4-.3.7s.1.5.3.7c.2.2.4.3.7.3h11c.3 0 .5-.1.7-.3.2-.2.3-.5.3-.7s-.1-.5-.3-.7zM5.8 14.7l6.2 6.3 6.2-6.3c.2-.2.3-.5.3-.7s-.1-.5-.3-.7c-.2-.2-.4-.3-.7-.3h-11c-.3 0-.5.1-.7.3-.2.2-.3.5-.3.7s.1.5.3.7z\"\/><\/svg><\/span><\/span><\/span><\/a><\/span><\/div>\n<nav><ul class='ez-toc-list ez-toc-list-level-1 eztoc-toggle-hide-by-default' ><li class='ez-toc-page-1 ez-toc-heading-level-2'><a class=\"ez-toc-link ez-toc-heading-1\" href=\"https:\/\/moverdb.com\/cs\/moving-companies\/moving-companies-us-hawaii\/#1_Aloha_International_Moving_Services\" >1. Aloha International Moving Services<\/a><\/li><li class='ez-toc-page-1 ez-toc-heading-level-2'><a class=\"ez-toc-link ez-toc-heading-2\" href=\"https:\/\/moverdb.com\/cs\/moving-companies\/moving-companies-us-hawaii\/#2_Crown_World_Mobility\" >2. Crown World Mobility<\/a><\/li><li class='ez-toc-page-1 ez-toc-heading-level-2'><a class=\"ez-toc-link ez-toc-heading-3\" href=\"https:\/\/moverdb.com\/cs\/moving-companies\/moving-companies-us-hawaii\/#3_M_Dyer_Global\" >3. M Dyer Global<\/a><\/li><li class='ez-toc-page-1 ez-toc-heading-level-2'><a class=\"ez-toc-link ez-toc-heading-4\" href=\"https:\/\/moverdb.com\/cs\/moving-companies\/moving-companies-us-hawaii\/#4_Royal_Hawaiian_Movers\" >4. Royal Hawaiian Movers<\/a><\/li><\/ul><\/nav><\/div>\n<h2><span class=\"ez-toc-section\" id=\"1_Aloha_International_Moving_Services\"><\/span><strong>1. Aloha International Moving Services<\/strong><span class=\"ez-toc-section-end\"><\/span><\/h2>\n<p><img loading=\"lazy\" decoding=\"async\" class=\"alignnone size-full wp-image-11253\" src=\"https:\/\/moverdb.com\/wp-content\/uploads\/Aloha-International-Moving-Services-company.png\" alt=\"Spole\u010dnost Aloha International Moving Services\" width=\"1440\" height=\"677\" data-wp-pid=\"11253\" srcset=\"https:\/\/moverdb.com\/wp-content\/uploads\/Aloha-International-Moving-Services-company.png 1440w, https:\/\/moverdb.com\/wp-content\/uploads\/Aloha-International-Moving-Services-company-300x141.png 300w, https:\/\/moverdb.com\/wp-content\/uploads\/Aloha-International-Moving-Services-company-1024x481.png 1024w, https:\/\/moverdb.com\/wp-content\/uploads\/Aloha-International-Moving-Services-company-18x8.png 18w, https:\/\/moverdb.com\/wp-content\/uploads\/Aloha-International-Moving-Services-company-600x282.png 600w\" sizes=\"auto, (max-width: 1440px) 100vw, 1440px\" \/><\/p>\n<ul>\n<li>M\u00edstn\u00ed p\u0159esuny<\/li>\n<li>Mezin\u00e1rodn\u00ed p\u0159esuny<\/li>\n<li>St\u011bhov\u00e1n\u00ed do obytn\u00fdch prostor<\/li>\n<li>St\u011bhov\u00e1n\u00ed kancel\u00e1\u0159\u00ed a firem<\/li>\n<li>Balic\u00ed slu\u017eba<\/li>\n<li>Mo\u017enost vlastn\u00edho balen\u00ed<\/li>\n<li>Soupis v\u011bc\u00ed<\/li>\n<li>Klecov\u00e9 slu\u017eby<\/li>\n<li>Zaji\u0161t\u011bn\u00ed dopravy<\/li>\n<li>Kr\u00e1tkodob\u00e9 a dlouhodob\u00e9 bezpe\u010dn\u00e9 skladov\u00e1n\u00ed<\/li>\n<\/ul>\n<p>Aloha International Moving Services je havajsk\u00e1 st\u011bhovac\u00ed spole\u010dnost se s\u00eddlem v Kapolei. Je \u010dlenem IAM s 28 lety zku\u0161enost\u00ed, co\u017e j\u00ed umo\u017e\u0148uje p\u0159\u00edstup k mezin\u00e1rodn\u00ed s\u00edti st\u011bhovac\u00edch spole\u010dnost\u00ed, kter\u00e9 ji podporuj\u00ed p\u0159i st\u011bhov\u00e1n\u00ed po cel\u00e9m sv\u011bt\u011b.<\/p>\n<p>Aloha International Moving Services nab\u00edz\u00ed st\u011bhovac\u00ed slu\u017eby lok\u00e1ln\u011b, mezi ostrovy, na pevninu <a href=\"https:\/\/moverdb.com\/cs\/moving-to-the-united-states\/\" data-internallinksmanager029f6b8e52c=\"94\" title=\"St\u011bhujete se do Spojen\u00fdch st\u00e1t\u016f? 2022 \u017divotn\u00ed n\u00e1klady a tipy na st\u011bhov\u00e1n\u00ed\">US<\/a> a mezin\u00e1rodn\u011b pro reziden\u010dn\u00ed i firemn\u00ed klientelu. Nab\u00edz\u00ed v\u00fdb\u011br balic\u00edch slu\u017eeb, kter\u00e9 zahrnuj\u00ed kompletn\u00ed balic\u00ed slu\u017eby nebo vlastn\u00ed balen\u00ed s dodan\u00fdmi krabicemi. Jejich balic\u00ed slu\u017eby zahrnuj\u00ed balen\u00ed, demont\u00e1\u017e a op\u011btovnou mont\u00e1\u017e n\u00e1bytku a vybalen\u00ed a tak\u00e9 zaji\u0161t\u011bn\u00ed soupisu va\u0161ich v\u011bc\u00ed.<\/p>\n<p>Webov\u00e9 str\u00e1nky: <a href=\"http:\/\/www.hawaiimovers.com\" target=\"_blank\" rel=\"noopener\">http:\/\/www.hawaiimovers.com<\/a><\/p>\n<h2><span class=\"ez-toc-section\" id=\"2_Crown_World_Mobility\"><\/span><strong>2. Crown World Mobility<\/strong><span class=\"ez-toc-section-end\"><\/span><\/h2>\n<p><img loading=\"lazy\" decoding=\"async\" class=\"alignnone size-full wp-image-11299\" src=\"https:\/\/moverdb.com\/wp-content\/uploads\/Crown-World-Mobility-international-moving-company.png\" alt=\"Crown World Mobility mezin\u00e1rodn\u00ed st\u011bhov\u00e1n\u00ed spole\u010dnost\" width=\"1440\" height=\"675\" data-wp-pid=\"11299\" srcset=\"https:\/\/moverdb.com\/wp-content\/uploads\/Crown-World-Mobility-international-moving-company.png 1440w, https:\/\/moverdb.com\/wp-content\/uploads\/Crown-World-Mobility-international-moving-company-300x141.png 300w, https:\/\/moverdb.com\/wp-content\/uploads\/Crown-World-Mobility-international-moving-company-1024x480.png 1024w, https:\/\/moverdb.com\/wp-content\/uploads\/Crown-World-Mobility-international-moving-company-18x8.png 18w, https:\/\/moverdb.com\/wp-content\/uploads\/Crown-World-Mobility-international-moving-company-600x281.png 600w\" sizes=\"auto, (max-width: 1440px) 100vw, 1440px\" \/><\/p>\n<ul>\n<li>M\u00edstn\u00ed p\u0159esuny<\/li>\n<li>Mezin\u00e1rodn\u00ed p\u0159esuny<\/li>\n<li>St\u011bhov\u00e1n\u00ed zam\u011bstnanc\u016f<\/li>\n<li>Podpora p\u0159ed pl\u00e1nov\u00e1n\u00edm<\/li>\n<li>Komplexn\u00ed slu\u017eby<\/li>\n<li>Mo\u017enosti samoobsluhy<\/li>\n<li>Slu\u017eby vyhled\u00e1v\u00e1n\u00ed dom\u016f<\/li>\n<li>Podpora p\u0159ist\u011bhovalectv\u00ed<\/li>\n<li>V\u00edza a povolen\u00ed<\/li>\n<li>Sledovac\u00ed za\u0159\u00edzen\u00ed<\/li>\n<\/ul>\n<p>Crown World Mobility je mezin\u00e1rodn\u00ed st\u011bhovac\u00ed spole\u010dnost, kter\u00e1 s\u00eddl\u00ed v Mililani na Havaji, ale m\u00e1 79 pobo\u010dek po cel\u00e9m sv\u011bt\u011b. M\u00e1 \u0159adu diviz\u00ed, kter\u00e9 se zab\u00fdvaj\u00ed r\u016fzn\u00fdmi aspekty st\u011bhov\u00e1n\u00ed a logistiky. Na jejich podporu maj\u00ed pe\u010dliv\u011b \u0159\u00edzenou s\u00ed\u0165 dodavatel\u016f. Jsou \u010dlenem IAM a maj\u00ed 44 let zku\u0161enost\u00ed.<\/p>\n<p>Spole\u010dnost Crown World Mobility se specializuje na podporu podnik\u016f v oblasti slu\u017eeb mobility pro jejich zam\u011bstnance. Poskytuje hloubkov\u00e9 poradenstv\u00ed a n\u00e1vrhy program\u016f, kter\u00e9 pom\u00e1haj\u00ed podnik\u016fm s podporou jejich t\u00fdm\u016f mobility realizovat pl\u00e1ny. Mohou tak\u00e9 pomoci s imigra\u010dn\u00edmi slu\u017ebami a hled\u00e1n\u00edm bydlen\u00ed.<\/p>\n<p>Webov\u00e9 str\u00e1nky: <a href=\"https:\/\/www.crownworldmobility.com\/en-us\" target=\"_blank\" rel=\"noopener\">https:\/\/www.crownworldmobility.com\/en-us<\/a><\/p>\n<h2><span class=\"ez-toc-section\" id=\"3_M_Dyer_Global\"><\/span><strong>3. M Dyer Global<\/strong><span class=\"ez-toc-section-end\"><\/span><\/h2>\n<p><img loading=\"lazy\" decoding=\"async\" class=\"alignnone size-full wp-image-11368\" src=\"https:\/\/moverdb.com\/wp-content\/uploads\/M-Dyer-Global-international-moving-company.png\" alt=\"M Dyer Glob\u00e1ln\u00ed mezin\u00e1rodn\u00ed st\u011bhov\u00e1n\u00ed spole\u010dnost\" width=\"1440\" height=\"680\" data-wp-pid=\"11368\" srcset=\"https:\/\/moverdb.com\/wp-content\/uploads\/M-Dyer-Global-international-moving-company.png 1440w, https:\/\/moverdb.com\/wp-content\/uploads\/M-Dyer-Global-international-moving-company-300x142.png 300w, https:\/\/moverdb.com\/wp-content\/uploads\/M-Dyer-Global-international-moving-company-1024x484.png 1024w, https:\/\/moverdb.com\/wp-content\/uploads\/M-Dyer-Global-international-moving-company-18x9.png 18w, https:\/\/moverdb.com\/wp-content\/uploads\/M-Dyer-Global-international-moving-company-600x283.png 600w\" sizes=\"auto, (max-width: 1440px) 100vw, 1440px\" \/><\/p>\n<ul>\n<li>M\u00edstn\u00ed a meziostrovn\u00ed p\u0159esuny<\/li>\n<li>Mezin\u00e1rodn\u00ed p\u0159esuny<\/li>\n<li>St\u011bhov\u00e1n\u00ed dom\u00e1cnost\u00ed<\/li>\n<li>St\u011bhov\u00e1n\u00ed kancel\u00e1\u0159\u00ed a pr\u016fmyslov\u00fdch podnik\u016f<\/li>\n<li>Balic\u00ed slu\u017eba<\/li>\n<li>Kamionov\u00e1, leteck\u00e1 a n\u00e1mo\u0159n\u00ed p\u0159eprava<\/li>\n<li>V\u00fdb\u011br mo\u017enost\u00ed kontejner\u016f<\/li>\n<li>Celn\u00ed odbaven\u00ed<\/li>\n<li>Poji\u0161t\u011bn\u00ed<\/li>\n<li>Kr\u00e1tkodob\u00e9 a dlouhodob\u00e9 skladov\u00e1n\u00ed<\/li>\n<\/ul>\n<p>M Dyer Global je spole\u010dnost zab\u00fdvaj\u00edc\u00ed se st\u011bhov\u00e1n\u00edm, skladov\u00e1n\u00edm a logistikou, kter\u00e1 byla zalo\u017eena v roce 1958 v Honolulu. Spolupracuje s v\u00edce ne\u017e 500 vysoce kvalitn\u00edmi agenty po cel\u00e9m sv\u011bt\u011b, s nimi\u017e spolupracuje p\u0159i poskytov\u00e1n\u00ed sv\u00fdch slu\u017eeb na mezin\u00e1rodn\u00ed \u00farovni. Jsou \u010dlenem IAM s 55 lety zku\u0161enost\u00ed a jsou akreditov\u00e1ni FIDI.<\/p>\n<p>Spole\u010dnost M Dyer Global nab\u00edz\u00ed \u00favodn\u00ed prohl\u00eddku, p\u0159i kter\u00e9 posoud\u00ed va\u0161e po\u017eadavky na st\u011bhov\u00e1n\u00ed a poskytne v\u00e1m cenovou nab\u00eddku. Poskytuje profesion\u00e1ln\u00ed balic\u00ed slu\u017eby s vy\u0161kolen\u00fdmi balic\u00edmi pracovn\u00edky, kte\u0159\u00ed bezpe\u010dn\u011b zabal\u00ed a zabal\u00ed va\u0161e v\u011bci pro p\u0159epravu. Zajist\u00ed p\u0159epravu po zemi, letecky i po mo\u0159i s mo\u017enost\u00ed v\u00fdb\u011bru pln\u00e9ho nebo m\u00e9n\u011b ne\u017e pln\u00e9ho kontejneru.<\/p>\n<p>Webov\u00e9 str\u00e1nky: <a href=\"https:\/\/www.mdyerglobal.com\/\" target=\"_blank\" rel=\"noopener\">https:\/\/www.mdyerglobal.com\/<\/a><\/p>\n<h2><span class=\"ez-toc-section\" id=\"4_Royal_Hawaiian_Movers\"><\/span><strong>4. Royal Hawaiian Movers<\/strong><span class=\"ez-toc-section-end\"><\/span><\/h2>\n<p><img loading=\"lazy\" decoding=\"async\" class=\"alignnone size-full wp-image-11429\" src=\"https:\/\/moverdb.com\/wp-content\/uploads\/Royal-Hawaiian-Movers-international-moving-company.png\" alt=\"Royal Hawaiian Movers mezin\u00e1rodn\u00ed st\u011bhov\u00e1n\u00ed spole\u010dnost\" width=\"1440\" height=\"683\" data-wp-pid=\"11429\" srcset=\"https:\/\/moverdb.com\/wp-content\/uploads\/Royal-Hawaiian-Movers-international-moving-company.png 1440w, https:\/\/moverdb.com\/wp-content\/uploads\/Royal-Hawaiian-Movers-international-moving-company-300x142.png 300w, https:\/\/moverdb.com\/wp-content\/uploads\/Royal-Hawaiian-Movers-international-moving-company-1024x486.png 1024w, https:\/\/moverdb.com\/wp-content\/uploads\/Royal-Hawaiian-Movers-international-moving-company-18x9.png 18w, https:\/\/moverdb.com\/wp-content\/uploads\/Royal-Hawaiian-Movers-international-moving-company-600x285.png 600w\" sizes=\"auto, (max-width: 1440px) 100vw, 1440px\" \/><\/p>\n<ul>\n<li>M\u00edstn\u00ed a meziostrovn\u00ed p\u0159esuny<\/li>\n<li>Mezin\u00e1rodn\u00ed p\u0159esuny<\/li>\n<li>St\u011bhov\u00e1n\u00ed do obytn\u00fdch prostor<\/li>\n<li>Podniky se st\u011bhuj\u00ed<\/li>\n<li>St\u011bhov\u00e1n\u00ed zam\u011bstnanc\u016f<\/li>\n<li>Individu\u00e1ln\u00ed slu\u017eby<\/li>\n<li>Balic\u00ed slu\u017eba<\/li>\n<li>Dopravn\u00ed opat\u0159en\u00ed<\/li>\n<li>P\u0159eprava vozidel<\/li>\n<li>Skladovac\u00ed prostory<\/li>\n<\/ul>\n<p>Royal Hawaiian Movers je dopravn\u00ed a st\u011bhovac\u00ed spole\u010dnost zalo\u017een\u00e1 v roce 1982, kter\u00e1 p\u016fsob\u00ed na v\u0161ech \u010dty\u0159ech Havajsk\u00fdch ostrovech. Je sou\u010d\u00e1st\u00ed skupiny DeWitt Companies, co\u017e j\u00ed umo\u017e\u0148uje p\u0159\u00edstup k \u0161ir\u0161\u00ed s\u00edti st\u011bhovac\u00edch spole\u010dnost\u00ed. Jsou \u010dlenem IAM a maj\u00ed 41 let zku\u0161enost\u00ed.<\/p>\n<p>Spole\u010dnost Royal Hawaiian Movers nab\u00edz\u00ed individu\u00e1ln\u00ed slu\u017eby s virtu\u00e1ln\u00edm nebo osobn\u00edm pr\u016fzkumem, kter\u00fd posoud\u00ed va\u0161e po\u017eadavky na st\u011bhov\u00e1n\u00ed a poskytne nab\u00eddku na m\u00edru va\u0161im pot\u0159eb\u00e1m a rozpo\u010dtu. B\u011bhem st\u011bhov\u00e1n\u00ed v\u00e1s provedou a pomohou v\u00e1m usnadnit proces, kter\u00fd zahrnuje balen\u00ed a vybalov\u00e1n\u00ed, demont\u00e1\u017e a op\u011btovnou mont\u00e1\u017e n\u00e1bytku a p\u0159epravu va\u0161ich v\u011bc\u00ed na m\u00edsto ur\u010den\u00ed.<\/p>\n<p>Webov\u00e9 str\u00e1nky: <a href=\"http:\/\/royalhawaiianmovers.com\/\" target=\"_blank\" rel=\"noopener\">http:\/\/royalhawaiianmovers.com\/<\/a><\/p>","protected":false},"excerpt":{"rendered":"<p>Are you planning on moving within, to or from Hawaii? Getting a moving company to assist you with organisation, packing, transportation and customs arrangements can aid you in making the move easier. Below we have compiled a list of Hawaiian removal companies that are members of the International Association of Movers (IAM) and\/or FIDI Accredited [&hellip;]<\/p>\n","protected":false},"author":4,"featured_media":11253,"parent":190,"menu_order":0,"comment_status":"closed","ping_status":"closed","template":"","meta":{"_genesis_hide_title":false,"_genesis_hide_breadcrumbs":false,"_genesis_hide_singular_image":false,"_genesis_hide_footer_widgets":false,"_genesis_custom_body_class":"","_genesis_custom_post_class":"","_genesis_layout":"","footnotes":""},"class_list":{"0":"post-11571","1":"page","2":"type-page","3":"status-publish","4":"has-post-thumbnail","6":"entry"},"_links":{"self":[{"href":"https:\/\/moverdb.com\/cs\/wp-json\/wp\/v2\/pages\/11571","targetHints":{"allow":["GET"]}}],"collection":[{"href":"https:\/\/moverdb.com\/cs\/wp-json\/wp\/v2\/pages"}],"about":[{"href":"https:\/\/moverdb.com\/cs\/wp-json\/wp\/v2\/types\/page"}],"author":[{"embeddable":true,"href":"https:\/\/moverdb.com\/cs\/wp-json\/wp\/v2\/users\/4"}],"replies":[{"embeddable":true,"href":"https:\/\/moverdb.com\/cs\/wp-json\/wp\/v2\/comments?post=11571"}],"version-history":[{"count":1,"href":"https:\/\/moverdb.com\/cs\/wp-json\/wp\/v2\/pages\/11571\/revisions"}],"predecessor-version":[{"id":11573,"href":"https:\/\/moverdb.com\/cs\/wp-json\/wp\/v2\/pages\/11571\/revisions\/11573"}],"up":[{"embeddable":true,"href":"https:\/\/moverdb.com\/cs\/wp-json\/wp\/v2\/pages\/190"}],"wp:featuredmedia":[{"embeddable":true,"href":"https:\/\/moverdb.com\/cs\/wp-json\/wp\/v2\/media\/11253"}],"wp:attachment":[{"href":"https:\/\/moverdb.com\/cs\/wp-json\/wp\/v2\/media?parent=11571"}],"curies":[{"name":"wp","href":"https:\/\/api.w.org\/{rel}","templated":true}]}}