{"id":11566,"date":"2023-11-29T10:45:44","date_gmt":"2023-11-29T10:45:44","guid":{"rendered":"https:\/\/moverdb.com\/?page_id=11566"},"modified":"2026-01-08T15:25:07","modified_gmt":"2026-01-08T15:25:07","slug":"moving-companies-us-georgia","status":"publish","type":"page","link":"https:\/\/moverdb.com\/cs\/moving-companies\/moving-companies-us-georgia\/","title":{"rendered":"5 Nejlep\u0161\u00ed mezin\u00e1rodn\u00ed st\u011bhovac\u00ed spole\u010dnosti v Gruzii"},"content":{"rendered":"<p>P\u0159i st\u011bhov\u00e1n\u00ed v\u00e1s \u010dek\u00e1 spousta pr\u00e1ce, nap\u0159\u00edklad pl\u00e1nov\u00e1n\u00ed a organizace st\u011bhov\u00e1n\u00ed, v\u00fdb\u011br p\u0159epravce, balen\u00ed v\u011bc\u00ed, a pokud se st\u011bhujete do zahrani\u010d\u00ed, tak\u00e9 vy\u0159izov\u00e1n\u00ed celn\u00edch z\u00e1le\u017eitost\u00ed. Mnoh\u00e9 z t\u011bchto \u010dinnost\u00ed m\u016f\u017ee zvl\u00e1dnout <a href=\"https:\/\/moverdb.com\/cs\/moving-companies\/\" data-internallinksmanager029f6b8e52c=\"79\" title=\"Top 25 Mezin\u00e1rodn\u00ed st\u011bhovac\u00ed spole\u010dnosti Online\">st\u011bhovac\u00ed spole\u010dnost<\/a>. N\u00ed\u017ee jsme sestavili seznam <a href=\"https:\/\/moverdb.com\/cs\/moving-to-the-united-states\/moving-to-georgia\/\" data-internallinksmanager029f6b8e52c=\"402\" title=\"St\u011bhov\u00e1n\u00ed do Gruzie? 2026 N\u00e1klady na bydlen\u00ed a tipy na p\u0159est\u011bhov\u00e1n\u00ed\">Georgia<\/a> na adrese <a href=\"https:\/\/moverdb.com\/cs\/international-removals\/\" data-internallinksmanager029f6b8e52c=\"27\" title=\"36 nejlep\u0161\u00edch mezin\u00e1rodn\u00edch st\u011bhovac\u00edch spole\u010dnost\u00ed ve Velk\u00e9 Brit\u00e1nii\">st\u011bhovac\u00ed firmy<\/a> kter\u00e9 jsou \u010dleny <a href=\"https:\/\/moverdb.com\/cs\/iam\/\" data-internallinksmanager029f6b8e52c=\"23\" title=\"Vysv\u011btlen\u00ed Mezin\u00e1rodn\u00ed asociace st\u011bhov\u00e1k\u016f (IAM)\">Mezin\u00e1rodn\u00ed asociace st\u011bhov\u00e1k\u016f<\/a> (IAM) a\/nebo <a href=\"https:\/\/moverdb.com\/cs\/fidi-faim\/\" data-internallinksmanager029f6b8e52c=\"16\" title=\"Vysv\u011btlen\u00ed FIDI a FAIM (FIDI Accredited International Mover)\">FIDI<\/a> Akreditovan\u00e9 mezin\u00e1rodn\u00ed st\u011bhov\u00e1n\u00ed (FAIM), kter\u00e9 by v\u00e1m mohlo pomoci se st\u011bhov\u00e1n\u00edm.<\/p>\n<div id=\"ez-toc-container\" class=\"ez-toc-v2_0_82_2 ez-toc-wrap-left counter-hierarchy ez-toc-counter ez-toc-transparent ez-toc-container-direction\">\n<div class=\"ez-toc-title-container\">\n<p class=\"ez-toc-title\" style=\"cursor:inherit\">Sekce<\/p>\n<span class=\"ez-toc-title-toggle\"><a href=\"#\" class=\"ez-toc-pull-right ez-toc-btn ez-toc-btn-xs ez-toc-btn-default ez-toc-toggle\" aria-label=\"P\u0159epnut\u00ed tabulky obsahu\"><span class=\"ez-toc-js-icon-con\"><span class=\"\"><span class=\"eztoc-hide\" style=\"display:none;\">P\u0159ep\u00edna\u010d<\/span><span class=\"ez-toc-icon-toggle-span\"><svg style=\"fill: #999;color:#999\" xmlns=\"http:\/\/www.w3.org\/2000\/svg\" class=\"list-377408\" width=\"20px\" height=\"20px\" viewbox=\"0 0 24 24\" fill=\"none\"><path d=\"M6 6H4v2h2V6zm14 0H8v2h12V6zM4 11h2v2H4v-2zm16 0H8v2h12v-2zM4 16h2v2H4v-2zm16 0H8v2h12v-2z\" fill=\"currentColor\"><\/path><\/svg><svg style=\"fill: #999;color:#999\" class=\"arrow-unsorted-368013\" xmlns=\"http:\/\/www.w3.org\/2000\/svg\" width=\"10px\" height=\"10px\" viewbox=\"0 0 24 24\" version=\"1.2\" baseprofile=\"tiny\"><path d=\"M18.2 9.3l-6.2-6.3-6.2 6.3c-.2.2-.3.4-.3.7s.1.5.3.7c.2.2.4.3.7.3h11c.3 0 .5-.1.7-.3.2-.2.3-.5.3-.7s-.1-.5-.3-.7zM5.8 14.7l6.2 6.3 6.2-6.3c.2-.2.3-.5.3-.7s-.1-.5-.3-.7c-.2-.2-.4-.3-.7-.3h-11c-.3 0-.5.1-.7.3-.2.2-.3.5-.3.7s.1.5.3.7z\"\/><\/svg><\/span><\/span><\/span><\/a><\/span><\/div>\n<nav><ul class='ez-toc-list ez-toc-list-level-1 eztoc-toggle-hide-by-default' ><li class='ez-toc-page-1 ez-toc-heading-level-2'><a class=\"ez-toc-link ez-toc-heading-1\" href=\"https:\/\/moverdb.com\/cs\/moving-companies\/moving-companies-us-georgia\/#1_A1_Freeman_Moving_Group\" >1. A1 Freeman Moving Group<\/a><\/li><li class='ez-toc-page-1 ez-toc-heading-level-2'><a class=\"ez-toc-link ez-toc-heading-2\" href=\"https:\/\/moverdb.com\/cs\/moving-companies\/moving-companies-us-georgia\/#2_Atlantic_Relocation_Systems\" >2. Atlantic Relocation Systems<\/a><\/li><li class='ez-toc-page-1 ez-toc-heading-level-2'><a class=\"ez-toc-link ez-toc-heading-3\" href=\"https:\/\/moverdb.com\/cs\/moving-companies\/moving-companies-us-georgia\/#3_Armstrong\" >3. Armstrong<\/a><\/li><li class='ez-toc-page-1 ez-toc-heading-level-2'><a class=\"ez-toc-link ez-toc-heading-4\" href=\"https:\/\/moverdb.com\/cs\/moving-companies\/moving-companies-us-georgia\/#4_Beltmann_Moving_Storage\" >4. Beltmann Moving &amp; Storage<\/a><\/li><li class='ez-toc-page-1 ez-toc-heading-level-2'><a class=\"ez-toc-link ez-toc-heading-5\" href=\"https:\/\/moverdb.com\/cs\/moving-companies\/moving-companies-us-georgia\/#5_Hilldrup\" >5. Hilldrup<\/a><\/li><\/ul><\/nav><\/div>\n<h2><span class=\"ez-toc-section\" id=\"1_A1_Freeman_Moving_Group\"><\/span><strong>1. A1 Freeman Moving Group<\/strong><span class=\"ez-toc-section-end\"><\/span><\/h2>\n<p><img loading=\"lazy\" decoding=\"async\" class=\"alignnone size-full wp-image-11236\" src=\"https:\/\/moverdb.com\/wp-content\/uploads\/A1-Freeman-Moving-Group-international-moving-company.png\" alt=\"A1 Freeman Moving Group mezin\u00e1rodn\u00ed st\u011bhov\u00e1n\u00ed spole\u010dnost\" width=\"1440\" height=\"675\" data-wp-pid=\"11236\" srcset=\"https:\/\/moverdb.com\/wp-content\/uploads\/A1-Freeman-Moving-Group-international-moving-company.png 1440w, https:\/\/moverdb.com\/wp-content\/uploads\/A1-Freeman-Moving-Group-international-moving-company-300x141.png 300w, https:\/\/moverdb.com\/wp-content\/uploads\/A1-Freeman-Moving-Group-international-moving-company-1024x480.png 1024w, https:\/\/moverdb.com\/wp-content\/uploads\/A1-Freeman-Moving-Group-international-moving-company-18x8.png 18w, https:\/\/moverdb.com\/wp-content\/uploads\/A1-Freeman-Moving-Group-international-moving-company-600x281.png 600w\" sizes=\"auto, (max-width: 1440px) 100vw, 1440px\" \/><\/p>\n<ul>\n<li>M\u00edstn\u00ed a d\u00e1lkov\u00e9 p\u0159esuny<\/li>\n<li>Mezin\u00e1rodn\u00ed p\u0159esuny<\/li>\n<li>St\u011bhov\u00e1n\u00ed dom\u00e1cnost\u00ed<\/li>\n<li>P\u0159em\u00edst\u011bn\u00ed podnik\u016f<\/li>\n<li>Slu\u017eby na m\u00edru<\/li>\n<li>Poradce pro slu\u017eby z\u00e1kazn\u00edk\u016fm<\/li>\n<li>Balic\u00ed slu\u017eba<\/li>\n<li>Dopravn\u00ed opat\u0159en\u00ed<\/li>\n<li>Celn\u00ed podpora<\/li>\n<li>Konzultant pro n\u00e1slednou p\u00e9\u010di po st\u011bhov\u00e1n\u00ed<\/li>\n<\/ul>\n<p>A1 Freeman Moving Group je st\u011bhovac\u00ed a p\u0159epravn\u00ed spole\u010dnost, kter\u00e1 p\u016fsob\u00ed od roku 1974 a s\u00eddl\u00ed v Praze. <a href=\"https:\/\/moverdb.com\/cs\/moving-to-atlanta\/\" data-internallinksmanager029f6b8e52c=\"32\" title=\"St\u011bhujete se do Atlanty? 2022 N\u00e1klady na bydlen\u00ed a tipy na st\u011bhov\u00e1n\u00ed\">Atlanta<\/a>. Jedn\u00e1 se o s\u00ed\u0165 profesion\u00e1l\u016f v oblasti p\u0159epravy, kte\u0159\u00ed mohou poskytovat st\u011bhovac\u00ed slu\u017eby na m\u00edstn\u00ed, n\u00e1rodn\u00ed i mezin\u00e1rodn\u00ed \u00farovni. Jsou \u010dlenem IAM s 33 lety zku\u0161enost\u00ed.<\/p>\n<p>Spole\u010dnost A1 Freeman Moving Group nab\u00edz\u00ed p\u0159edst\u011bhovac\u00ed poradenstv\u00ed s jedn\u00edm ze sv\u00fdch z\u00e1stupc\u016f, kter\u00fd v\u00e1s provede cel\u00fdm procesem a pom\u016f\u017ee v\u00e1m napl\u00e1novat st\u011bhov\u00e1n\u00ed. Ur\u010d\u00ed v\u00e1m poradce pro z\u00e1kaznick\u00fd servis, kter\u00fd bude \u0159\u00eddit ka\u017ed\u00fd krok va\u0161eho st\u011bhov\u00e1n\u00ed. Vytvo\u0159\u00ed pl\u00e1n st\u011bhov\u00e1n\u00ed, kter\u00fd bude zahrnovat balic\u00ed, doru\u010dovac\u00ed, celn\u00ed a za\u0159izovac\u00ed slu\u017eby.<\/p>\n<p>Webov\u00e9 str\u00e1nky: <a href=\"http:\/\/www.a1freemanatlanta.com\/\" target=\"_blank\" rel=\"noopener\">http:\/\/www.a1freemanatlanta.com\/<\/a><\/p>\n<h2><span class=\"ez-toc-section\" id=\"2_Atlantic_Relocation_Systems\"><\/span><strong>2. Atlantic Relocation Systems<\/strong><span class=\"ez-toc-section-end\"><\/span><\/h2>\n<p><img loading=\"lazy\" decoding=\"async\" class=\"alignnone size-full wp-image-11262\" src=\"https:\/\/moverdb.com\/wp-content\/uploads\/Atlantic-Relocation-Systems-international-moving-company.png\" alt=\"Atlantic Relocation Systems mezin\u00e1rodn\u00ed st\u011bhov\u00e1n\u00ed spole\u010dnost\" width=\"1440\" height=\"677\" data-wp-pid=\"11262\" srcset=\"https:\/\/moverdb.com\/wp-content\/uploads\/Atlantic-Relocation-Systems-international-moving-company.png 1440w, https:\/\/moverdb.com\/wp-content\/uploads\/Atlantic-Relocation-Systems-international-moving-company-300x141.png 300w, https:\/\/moverdb.com\/wp-content\/uploads\/Atlantic-Relocation-Systems-international-moving-company-1024x481.png 1024w, https:\/\/moverdb.com\/wp-content\/uploads\/Atlantic-Relocation-Systems-international-moving-company-18x8.png 18w, https:\/\/moverdb.com\/wp-content\/uploads\/Atlantic-Relocation-Systems-international-moving-company-600x282.png 600w\" sizes=\"auto, (max-width: 1440px) 100vw, 1440px\" \/><\/p>\n<ul>\n<li>M\u00edstn\u00ed a d\u00e1lkov\u00e9 p\u0159esuny<\/li>\n<li>Mezin\u00e1rodn\u00ed p\u0159esuny<\/li>\n<li>St\u011bhov\u00e1n\u00ed do obytn\u00fdch prostor<\/li>\n<li>St\u011bhov\u00e1n\u00ed kancel\u00e1\u0159\u00ed<\/li>\n<li>Koordin\u00e1tor p\u0159esunu<\/li>\n<li>Balic\u00ed slu\u017eba<\/li>\n<li>Silni\u010dn\u00ed, n\u00e1mo\u0159n\u00ed a leteck\u00e1 doprava<\/li>\n<li>Pomoc s dokumentac\u00ed<\/li>\n<li>P\u0159eprava um\u011bleck\u00fdch d\u011bl<\/li>\n<li>Skladovac\u00ed za\u0159\u00edzen\u00ed<\/li>\n<\/ul>\n<p>Atlantic Relocation Systems je mezin\u00e1rodn\u00ed st\u011bhovac\u00ed spole\u010dnost zalo\u017een\u00e1 v roce 1984, kter\u00e1 m\u00e1 13 pobo\u010dek po cel\u00e9m sv\u011bt\u011b. <a href=\"https:\/\/moverdb.com\/cs\/moving-to-the-united-states\/\" data-internallinksmanager029f6b8e52c=\"94\" title=\"St\u011bhujete se do Spojen\u00fdch st\u00e1t\u016f? 2022 \u017divotn\u00ed n\u00e1klady a tipy na st\u011bhov\u00e1n\u00ed\">US<\/a> s jedn\u00edm v Atlant\u011b. Je to spole\u010dnost Atlas Van Lines, kter\u00e1 m\u00e1 pokryt\u00ed po cel\u00fdch Spojen\u00fdch st\u00e1tech a m\u00e1 p\u0159\u00edstup k mezin\u00e1rodn\u00edm s\u00edt\u00edm, kter\u00e9 ji podporuj\u00ed. Jsou \u010dlenem IAM s 52 lety zku\u0161enost\u00ed.<\/p>\n<p>Spole\u010dnost Atlantic Relocation Systems poskytuje mezin\u00e1rodn\u00ed st\u011bhov\u00e1n\u00ed s koordin\u00e1torem mezin\u00e1rodn\u00edho st\u011bhov\u00e1n\u00ed, kter\u00fd v\u00e1m pom\u016f\u017ee b\u011bhem cel\u00e9ho st\u011bhov\u00e1n\u00ed. M\u00edstn\u00ed st\u011bhov\u00e1n\u00ed nab\u00edz\u00edme s odhadem zdarma p\u0159\u00edmo v m\u00edst\u011b bydli\u0161t\u011b. Poskytuj\u00ed balic\u00ed slu\u017eby pro ochranu va\u0161ich v\u011bc\u00ed p\u0159i p\u0159eprav\u011b po silnici, po mo\u0159i nebo letecky s pomoc\u00ed p\u0159i vypl\u0148ov\u00e1n\u00ed dokumentace.<\/p>\n<p>Webov\u00e9 str\u00e1nky: <a href=\"https:\/\/www.atlanticrelocation.com\/\" target=\"_blank\" rel=\"noopener\">https:\/\/www.atlanticrelocation.com\/<\/a><\/p>\n<h2><span class=\"ez-toc-section\" id=\"3_Armstrong\"><\/span><strong>3. Armstrong<\/strong><span class=\"ez-toc-section-end\"><\/span><\/h2>\n<p><img loading=\"lazy\" decoding=\"async\" class=\"alignnone size-full wp-image-11261\" src=\"https:\/\/moverdb.com\/wp-content\/uploads\/Armstrong-international-moving-company.png\" alt=\"Armstrong mezin\u00e1rodn\u00ed pohybuj\u00edc\u00ed se spole\u010dnost\" width=\"1440\" height=\"676\" data-wp-pid=\"11261\" srcset=\"https:\/\/moverdb.com\/wp-content\/uploads\/Armstrong-international-moving-company.png 1440w, https:\/\/moverdb.com\/wp-content\/uploads\/Armstrong-international-moving-company-300x141.png 300w, https:\/\/moverdb.com\/wp-content\/uploads\/Armstrong-international-moving-company-1024x481.png 1024w, https:\/\/moverdb.com\/wp-content\/uploads\/Armstrong-international-moving-company-18x8.png 18w, https:\/\/moverdb.com\/wp-content\/uploads\/Armstrong-international-moving-company-600x282.png 600w\" sizes=\"auto, (max-width: 1440px) 100vw, 1440px\" \/><\/p>\n<ul>\n<li>M\u00edstn\u00ed a d\u00e1lkov\u00e9 p\u0159esuny<\/li>\n<li>Mezin\u00e1rodn\u00ed p\u0159esuny<\/li>\n<li>St\u011bhov\u00e1n\u00ed do obytn\u00fdch prostor<\/li>\n<li>St\u011bhov\u00e1n\u00ed kancel\u00e1\u0159\u00ed<\/li>\n<li>St\u011bhov\u00e1n\u00ed zam\u011bstnanc\u016f<\/li>\n<li>Mo\u017enosti balen\u00ed<\/li>\n<li>Leteck\u00e1, n\u00e1mo\u0159n\u00ed a pozemn\u00ed doprava<\/li>\n<li>Celn\u00ed odbaven\u00ed<\/li>\n<li>Destina\u010dn\u00ed slu\u017eby<\/li>\n<li>Kr\u00e1tkodob\u00e9 a dlouhodob\u00e9 skladov\u00e1n\u00ed<\/li>\n<\/ul>\n<p>Armstrong je st\u011bhovac\u00ed, reloka\u010dn\u00ed a logistick\u00e1 spole\u010dnost s 32 pobo\u010dkami po cel\u00e9 zemi v\u010detn\u011b pobo\u010dky v Atlant\u011b. M\u00e1 s\u00ed\u0165 partner\u016f a pobo\u010dek, kte\u0159\u00ed j\u00ed pom\u00e1haj\u00ed poskytovat slu\u017eby na mezin\u00e1rodn\u00ed \u00farovni. Jsou \u010dlenem IAM s 38letou zku\u0161enost\u00ed a jsou akreditov\u00e1ni FIDI.<\/p>\n<p>Spole\u010dnost Armstrong nab\u00edz\u00ed slu\u017eby st\u011bhov\u00e1n\u00ed, kter\u00e9 zahrnuj\u00ed kompletn\u00ed nebo \u010d\u00e1ste\u010dn\u00e9 balic\u00ed a vybalovac\u00ed slu\u017eby, kter\u00e9 mohou zahrnovat tak\u00e9 balen\u00ed do beden a speci\u00e1ln\u00ed balen\u00ed, jako\u017e i ochranu va\u0161eho majetku b\u011bhem st\u011bhov\u00e1n\u00ed. Zajist\u00ed p\u0159epravu s celn\u00edm odbaven\u00edm. Mezi dal\u0161\u00ed slu\u017eby pat\u0159\u00ed kulturn\u00ed \u0161kolen\u00ed, prodej a pron\u00e1jem dom\u016f a mo\u017enosti skladov\u00e1n\u00ed.<\/p>\n<p>Webov\u00e9 str\u00e1nky: <a href=\"https:\/\/www.armstrongrelocation.com\/\" target=\"_blank\" rel=\"noopener\">https:\/\/www.armstrongrelocation.com\/<\/a><\/p>\n<h2><span class=\"ez-toc-section\" id=\"4_Beltmann_Moving_Storage\"><\/span><strong>4. Beltmann Moving &amp; Storage<\/strong><span class=\"ez-toc-section-end\"><\/span><\/h2>\n<p><img loading=\"lazy\" decoding=\"async\" class=\"alignnone size-full wp-image-11269\" src=\"https:\/\/moverdb.com\/wp-content\/uploads\/Beltmann-Relocation-Group-international-moving-company.png\" alt=\"Beltmann Relocation Group mezin\u00e1rodn\u00ed st\u011bhovac\u00ed spole\u010dnost\" width=\"1440\" height=\"682\" data-wp-pid=\"11269\" srcset=\"https:\/\/moverdb.com\/wp-content\/uploads\/Beltmann-Relocation-Group-international-moving-company.png 1440w, https:\/\/moverdb.com\/wp-content\/uploads\/Beltmann-Relocation-Group-international-moving-company-300x142.png 300w, https:\/\/moverdb.com\/wp-content\/uploads\/Beltmann-Relocation-Group-international-moving-company-1024x485.png 1024w, https:\/\/moverdb.com\/wp-content\/uploads\/Beltmann-Relocation-Group-international-moving-company-18x9.png 18w, https:\/\/moverdb.com\/wp-content\/uploads\/Beltmann-Relocation-Group-international-moving-company-600x284.png 600w\" sizes=\"auto, (max-width: 1440px) 100vw, 1440px\" \/><\/p>\n<ul>\n<li>M\u00edstn\u00ed a d\u00e1lkov\u00e9 p\u0159esuny<\/li>\n<li>Mezin\u00e1rodn\u00ed p\u0159esuny<\/li>\n<li>St\u011bhov\u00e1n\u00ed do obytn\u00fdch prostor<\/li>\n<li>St\u011bhov\u00e1n\u00ed kancel\u00e1\u0159\u00ed<\/li>\n<li>St\u011bhov\u00e1n\u00ed firem<\/li>\n<li>P\u0159izp\u016fsobiteln\u00e9 slu\u017eby<\/li>\n<li>Poradce pro p\u0159esuny<\/li>\n<li>Balic\u00ed slu\u017eba<\/li>\n<li>Dopravn\u00ed opat\u0159en\u00ed<\/li>\n<li>Zabezpe\u010den\u00e9 skladov\u00e1n\u00ed<\/li>\n<\/ul>\n<p>Beltmann Moving &amp; Storage je st\u011bhovac\u00ed spole\u010dnost zalo\u017een\u00e1 v roce 1923 s 11 pobo\u010dkami po cel\u00fdch USA v\u010detn\u011b Atlanty. Je p\u0159idru\u017een\u00e1 k North American Van Lines, co\u017e j\u00ed poskytuje v\u011bt\u0161\u00ed pokryt\u00ed a tak\u00e9 mezin\u00e1rodn\u00ed s\u00edt\u011b. Je \u010dlenem IAM s 24 lety zku\u0161enost\u00ed.<\/p>\n<p>Spole\u010dnost Beltmann Moving &amp; Storage nab\u00edz\u00ed bal\u00ed\u010dky na m\u00edru, tak\u017ee zaplat\u00edte jen za slu\u017eby, kter\u00e9 pot\u0159ebujete, a m\u016f\u017eete se vej\u00edt do rozpo\u010dtu. Poskytuj\u00ed individu\u00e1ln\u00ed podporu a bal\u00ed\u010dky all-inclusive, kter\u00e9 se postaraj\u00ed o v\u0161e, nebo si m\u016f\u017eete vybrat jednotliv\u00e9 slu\u017eby. Jejich poradce pro st\u011bhov\u00e1n\u00ed zajist\u00ed va\u0161e st\u011bhov\u00e1n\u00ed v\u010detn\u011b balen\u00ed a p\u0159epravy na m\u00edsto ur\u010den\u00ed.<\/p>\n<p>Webov\u00e9 str\u00e1nky: <a href=\"http:\/\/www.beltmann.com\/\" target=\"_blank\" rel=\"noopener\">http:\/\/www.beltmann.com\/<\/a><\/p>\n<h2><span class=\"ez-toc-section\" id=\"5_Hilldrup\"><\/span><strong>5. Hilldrup<\/strong><span class=\"ez-toc-section-end\"><\/span><\/h2>\n<p><img loading=\"lazy\" decoding=\"async\" class=\"alignnone size-full wp-image-11339\" src=\"https:\/\/moverdb.com\/wp-content\/uploads\/Hilldrup-international-moving-company.png\" alt=\"Hilldrup mezin\u00e1rodn\u00ed st\u011bhov\u00e1n\u00ed spole\u010dnost\" width=\"1440\" height=\"674\" data-wp-pid=\"11339\" srcset=\"https:\/\/moverdb.com\/wp-content\/uploads\/Hilldrup-international-moving-company.png 1440w, https:\/\/moverdb.com\/wp-content\/uploads\/Hilldrup-international-moving-company-300x140.png 300w, https:\/\/moverdb.com\/wp-content\/uploads\/Hilldrup-international-moving-company-1024x479.png 1024w, https:\/\/moverdb.com\/wp-content\/uploads\/Hilldrup-international-moving-company-18x8.png 18w, https:\/\/moverdb.com\/wp-content\/uploads\/Hilldrup-international-moving-company-600x281.png 600w\" sizes=\"auto, (max-width: 1440px) 100vw, 1440px\" \/><\/p>\n<ul>\n<li>M\u00edstn\u00ed a d\u00e1lkov\u00e9 p\u0159esuny<\/li>\n<li>Mezin\u00e1rodn\u00ed p\u0159esuny<\/li>\n<li>St\u011bhov\u00e1n\u00ed do obytn\u00fdch prostor<\/li>\n<li>Obchodn\u00ed kroky<\/li>\n<li>V\u00fdb\u011br pohybliv\u00fdch bal\u00ed\u010dk\u016f<\/li>\n<li>Poradce pro st\u011bhov\u00e1n\u00ed<\/li>\n<li>Balic\u00ed slu\u017eba<\/li>\n<li>Dopravn\u00ed opat\u0159en\u00ed<\/li>\n<li>Aktualizace sledov\u00e1n\u00ed<\/li>\n<li>Kr\u00e1tkodob\u00e9 a dlouhodob\u00e9 skladov\u00e1n\u00ed<\/li>\n<\/ul>\n<p>Hilldrup je st\u011bhovac\u00ed a skladovac\u00ed spole\u010dnost zalo\u017een\u00e1 v roce 1903, kter\u00e1 m\u00e1 10 pobo\u010dek v jihov\u00fdchodn\u00ed a st\u0159edoatlantick\u00e9 \u010d\u00e1sti USA v\u010detn\u011b jedn\u00e9 v Atlant\u011b. Pro podporu sv\u00fdch z\u00e1kazn\u00edk\u016f a poskytov\u00e1n\u00ed mezin\u00e1rodn\u00edch slu\u017eeb m\u00e1 mezin\u00e1rodn\u00ed partnerstv\u00ed s p\u0159edn\u00edmi organizacemi, mezi n\u011b\u017e pat\u0159\u00ed United Van Lines a Mayflower Transit. Je akreditov\u00e1na u FIDI.<\/p>\n<p>Spole\u010dnost Hilldrup poskytuje poradce pro st\u011bhov\u00e1n\u00ed, kter\u00fd \u0159\u00edd\u00ed va\u0161e st\u011bhov\u00e1n\u00ed, a nab\u00edz\u00ed v\u00fdb\u011br bal\u00ed\u010dk\u016f pro st\u011bhov\u00e1n\u00ed od kutilstv\u00ed a\u017e po kompletn\u00ed balic\u00ed slu\u017eby. Nab\u00edz\u00ed virtu\u00e1ln\u00ed pr\u016fzkum st\u011bhov\u00e1n\u00ed, kter\u00fd posoud\u00ed va\u0161e pot\u0159eby a poskytne cenovou nab\u00eddku. Pou\u017e\u00edvaj\u00ed nejlep\u0161\u00ed balic\u00ed materi\u00e1ly, kter\u00e9 chr\u00e1n\u00ed va\u0161e v\u011bci p\u0159i p\u0159eprav\u011b, a nab\u00edzej\u00ed mo\u017enosti balen\u00ed na zak\u00e1zku a p\u0159epravky pro k\u0159ehk\u00e9 p\u0159edm\u011bty.<\/p>\n<p>Webov\u00e9 str\u00e1nky: <a href=\"https:\/\/www.hilldrup.com\/\" target=\"_blank\" rel=\"noopener\">https:\/\/www.hilldrup.com\/<\/a><\/p>","protected":false},"excerpt":{"rendered":"<p>When you are moving there is a lot to do such as planning and organising the move, selecting a transportation provider and packing your belongings, and if you are moving abroad handling customs too. Many of these activities can be completed by a moving company. Below we have compiled a list of Georgia based removal [&hellip;]<\/p>\n","protected":false},"author":4,"featured_media":11236,"parent":190,"menu_order":0,"comment_status":"closed","ping_status":"closed","template":"","meta":{"_genesis_hide_title":false,"_genesis_hide_breadcrumbs":false,"_genesis_hide_singular_image":false,"_genesis_hide_footer_widgets":false,"_genesis_custom_body_class":"","_genesis_custom_post_class":"","_genesis_layout":"","footnotes":""},"class_list":{"0":"post-11566","1":"page","2":"type-page","3":"status-publish","4":"has-post-thumbnail","6":"entry"},"_links":{"self":[{"href":"https:\/\/moverdb.com\/cs\/wp-json\/wp\/v2\/pages\/11566","targetHints":{"allow":["GET"]}}],"collection":[{"href":"https:\/\/moverdb.com\/cs\/wp-json\/wp\/v2\/pages"}],"about":[{"href":"https:\/\/moverdb.com\/cs\/wp-json\/wp\/v2\/types\/page"}],"author":[{"embeddable":true,"href":"https:\/\/moverdb.com\/cs\/wp-json\/wp\/v2\/users\/4"}],"replies":[{"embeddable":true,"href":"https:\/\/moverdb.com\/cs\/wp-json\/wp\/v2\/comments?post=11566"}],"version-history":[{"count":3,"href":"https:\/\/moverdb.com\/cs\/wp-json\/wp\/v2\/pages\/11566\/revisions"}],"predecessor-version":[{"id":11570,"href":"https:\/\/moverdb.com\/cs\/wp-json\/wp\/v2\/pages\/11566\/revisions\/11570"}],"up":[{"embeddable":true,"href":"https:\/\/moverdb.com\/cs\/wp-json\/wp\/v2\/pages\/190"}],"wp:featuredmedia":[{"embeddable":true,"href":"https:\/\/moverdb.com\/cs\/wp-json\/wp\/v2\/media\/11236"}],"wp:attachment":[{"href":"https:\/\/moverdb.com\/cs\/wp-json\/wp\/v2\/media?parent=11566"}],"curies":[{"name":"wp","href":"https:\/\/api.w.org\/{rel}","templated":true}]}}