{"id":11564,"date":"2023-11-29T10:35:03","date_gmt":"2023-11-29T10:35:03","guid":{"rendered":"https:\/\/moverdb.com\/?page_id=11564"},"modified":"2026-01-08T15:24:15","modified_gmt":"2026-01-08T15:24:15","slug":"moving-companies-us-gaithersburg","status":"publish","type":"page","link":"https:\/\/moverdb.com\/cs\/moving-companies\/moving-companies-us-gaithersburg\/","title":{"rendered":"3 Nejlep\u0161\u00ed mezin\u00e1rodn\u00ed st\u011bhovac\u00ed spole\u010dnosti v Gaithersburgu"},"content":{"rendered":"<p>P\u0159i st\u011bhov\u00e1n\u00ed dom\u016f nebo firmy je t\u0159eba ud\u011blat spoustu pr\u00e1ce, a proto je t\u0159eba vyu\u017e\u00edt slu\u017eeb <a href=\"https:\/\/moverdb.com\/cs\/moving-companies\/\" data-internallinksmanager029f6b8e52c=\"79\" title=\"Top 25 Mezin\u00e1rodn\u00ed st\u011bhovac\u00ed spole\u010dnosti Online\">st\u011bhovac\u00ed spole\u010dnost<\/a> v\u00e1m m\u016f\u017ee pomoci sn\u00ed\u017eit pracovn\u00ed z\u00e1t\u011b\u017e, abyste se mohli soust\u0159edit na jin\u00e9 aspekty st\u011bhov\u00e1n\u00ed. To m\u016f\u017ee zahrnovat balen\u00ed, zaji\u0161t\u011bn\u00ed p\u0159epravy a vy\u0159\u00edzen\u00ed celn\u00edch z\u00e1le\u017eitost\u00ed p\u0159i mezin\u00e1rodn\u00edm st\u011bhov\u00e1n\u00ed. N\u00ed\u017ee jsme sestavili seznam firem se s\u00eddlem v Gaithersburgu. <a href=\"https:\/\/moverdb.com\/cs\/international-removals\/\" data-internallinksmanager029f6b8e52c=\"27\" title=\"36 nejlep\u0161\u00edch mezin\u00e1rodn\u00edch st\u011bhovac\u00edch spole\u010dnost\u00ed ve Velk\u00e9 Brit\u00e1nii\">st\u011bhovac\u00ed firmy<\/a> kter\u00e9 jsou \u010dleny <a href=\"https:\/\/moverdb.com\/cs\/iam\/\" data-internallinksmanager029f6b8e52c=\"23\" title=\"Vysv\u011btlen\u00ed Mezin\u00e1rodn\u00ed asociace st\u011bhov\u00e1k\u016f (IAM)\">Mezin\u00e1rodn\u00ed asociace st\u011bhov\u00e1k\u016f<\/a> (IAM) a\/nebo <a href=\"https:\/\/moverdb.com\/cs\/fidi-faim\/\" data-internallinksmanager029f6b8e52c=\"16\" title=\"Vysv\u011btlen\u00ed FIDI a FAIM (FIDI Accredited International Mover)\">FIDI<\/a> Akreditovan\u00e9 mezin\u00e1rodn\u00ed st\u011bhov\u00e1n\u00ed (FAIM), kter\u00e9 by v\u00e1m mohlo pomoci se st\u011bhov\u00e1n\u00edm.<\/p>\n<h2><strong>1. Dopravn\u00ed \u0159e\u0161en\u00ed po cel\u00e9m sv\u011bt\u011b<\/strong><\/h2>\n<p><img loading=\"lazy\" decoding=\"async\" class=\"alignnone size-full wp-image-11442\" src=\"https:\/\/moverdb.com\/wp-content\/uploads\/Shipping-Solutions-Worldwide-international-moving-company.png\" alt=\"P\u0159epravn\u00ed \u0159e\u0161en\u00ed Celosv\u011btov\u011b mezin\u00e1rodn\u00ed st\u011bhov\u00e1n\u00ed spole\u010dnost\" width=\"1440\" height=\"680\" data-wp-pid=\"11442\" srcset=\"https:\/\/moverdb.com\/wp-content\/uploads\/Shipping-Solutions-Worldwide-international-moving-company.png 1440w, https:\/\/moverdb.com\/wp-content\/uploads\/Shipping-Solutions-Worldwide-international-moving-company-300x142.png 300w, https:\/\/moverdb.com\/wp-content\/uploads\/Shipping-Solutions-Worldwide-international-moving-company-1024x484.png 1024w, https:\/\/moverdb.com\/wp-content\/uploads\/Shipping-Solutions-Worldwide-international-moving-company-18x9.png 18w, https:\/\/moverdb.com\/wp-content\/uploads\/Shipping-Solutions-Worldwide-international-moving-company-600x283.png 600w\" sizes=\"auto, (max-width: 1440px) 100vw, 1440px\" \/><\/p>\n<ul>\n<li>M\u00edstn\u00ed a vnitrost\u00e1tn\u00ed p\u0159esuny<\/li>\n<li>Mezin\u00e1rodn\u00ed p\u0159esuny<\/li>\n<li>St\u011bhov\u00e1n\u00ed do obytn\u00fdch prostor<\/li>\n<li>Obchodn\u00ed a kancel\u00e1\u0159sk\u00e9 st\u011bhov\u00e1n\u00ed<\/li>\n<li>Individu\u00e1ln\u00ed slu\u017eby<\/li>\n<li>Balic\u00ed slu\u017eba<\/li>\n<li>Pozemn\u00ed, leteck\u00e1 a n\u00e1mo\u0159n\u00ed doprava<\/li>\n<li>Podpora dokumentace<\/li>\n<li><a href=\"https:\/\/moverdb.com\/cs\/car-transport-shipping\/\" data-internallinksmanager029f6b8e52c=\"2\" title=\"2026 Mezin\u00e1rodn\u00ed p\u0159eprava automobil\u016f &amp; P\u0159eprava vozidel Citace\">P\u0159eprava vozidel<\/a><\/li>\n<li>Sledov\u00e1n\u00ed z\u00e1silek<\/li>\n<\/ul>\n<p>Shipping Solutions Worldwide je celosv\u011btov\u011b p\u016fsob\u00edc\u00ed spole\u010dnost, kter\u00e1 m\u00e1 v\u00edce ne\u017e 30 let zku\u0161enost\u00ed a s\u00eddl\u00ed v Gaithersburgu. Spolupracuje se s\u00edt\u00ed glob\u00e1ln\u00edch st\u011bhovac\u00edch firem a poskytuje slu\u017eby po cel\u00e9m sv\u011bt\u011b. Je \u010dlenem IAM.<\/p>\n<p>Spole\u010dnost Shipping Solutions Worldwide nab\u00edz\u00ed st\u011bhovac\u00ed slu\u017eby na m\u00edru va\u0161im pot\u0159eb\u00e1m. Poskytuj\u00ed balic\u00ed slu\u017eby, kter\u00e9 zajist\u00ed, aby va\u0161e v\u011bci bezpe\u010dn\u011b putovaly za p\u0159epravn\u00edch podm\u00ednek s kompletn\u00edm soupisem. Zajist\u00ed p\u0159epravu po zemi, letecky nebo po mo\u0159i a zpracuj\u00ed tak\u00e9 ve\u0161kerou pot\u0159ebnou dokumentaci pro p\u0159epravu a sledov\u00e1n\u00ed va\u0161\u00ed z\u00e1silky.<\/p>\n<p>Webov\u00e9 str\u00e1nky: <a href=\"https:\/\/shippingsolutionsworldwide.com\/\" target=\"_blank\" rel=\"noopener\">https:\/\/shippingsolutionsworldwide.com\/<\/a><\/p>\n<h2><strong>2. Town &amp; Country Movers<\/strong><\/h2>\n<p><img loading=\"lazy\" decoding=\"async\" class=\"alignnone size-full wp-image-11458\" src=\"https:\/\/moverdb.com\/wp-content\/uploads\/Town-Country-Movers-international-moving-company.png\" alt=\"Town &amp; Country Movers mezin\u00e1rodn\u00ed st\u011bhov\u00e1n\u00ed spole\u010dnost\" width=\"1440\" height=\"681\" data-wp-pid=\"11458\" srcset=\"https:\/\/moverdb.com\/wp-content\/uploads\/Town-Country-Movers-international-moving-company.png 1440w, https:\/\/moverdb.com\/wp-content\/uploads\/Town-Country-Movers-international-moving-company-300x142.png 300w, https:\/\/moverdb.com\/wp-content\/uploads\/Town-Country-Movers-international-moving-company-1024x484.png 1024w, https:\/\/moverdb.com\/wp-content\/uploads\/Town-Country-Movers-international-moving-company-18x9.png 18w, https:\/\/moverdb.com\/wp-content\/uploads\/Town-Country-Movers-international-moving-company-600x284.png 600w\" sizes=\"auto, (max-width: 1440px) 100vw, 1440px\" \/><\/p>\n<ul>\n<li>M\u00edstn\u00ed a vnitrost\u00e1tn\u00ed p\u0159esuny<\/li>\n<li>Mezin\u00e1rodn\u00ed p\u0159esuny<\/li>\n<li>St\u011bhov\u00e1n\u00ed dom\u00e1cnost\u00ed<\/li>\n<li>Obchodn\u00ed kroky<\/li>\n<li>Door-to-door a door-to-<a href=\"https:\/\/moverdb.com\/cs\/top-49-container-ports\/\" data-internallinksmanager029f6b8e52c=\"80\" title=\"49 nejv\u011bt\u0161\u00edch a nejru\u0161n\u011bj\u0161\u00edch kontejnerov\u00fdch p\u0159\u00edstav\u016f v roce 2025\">p\u0159\u00edstav<\/a> mo\u017enosti<\/li>\n<li>Balic\u00ed slu\u017eba<\/li>\n<li>Zaji\u0161t\u011bn\u00ed dopravy<\/li>\n<li>Celn\u00ed odbaven\u00ed<\/li>\n<li>P\u0159eprava vozidel<\/li>\n<li>Bezpe\u010dn\u00e9 kr\u00e1tkodob\u00e9 a dlouhodob\u00e9 skladov\u00e1n\u00ed<\/li>\n<\/ul>\n<p>Town &amp; Country Movers je st\u011bhov\u00e1n\u00ed a skladov\u00e1n\u00ed spole\u010dnost zalo\u017een\u00e1 v roce 1977, kter\u00e1 s\u00eddl\u00ed v Gaithersburg a slou\u017e\u00ed <a href=\"https:\/\/moverdb.com\/cs\/moving-to-the-united-states\/moving-to-maryland\/\" data-internallinksmanager029f6b8e52c=\"467\" title=\"St\u011bhujete se do Marylandu? 2024 N\u00e1klady na bydlen\u00ed a tipy na st\u011bhov\u00e1n\u00ed\">Maryland<\/a> a <a href=\"https:\/\/moverdb.com\/cs\/moving-to-the-united-states\/moving-to-virginia\/\" data-internallinksmanager029f6b8e52c=\"442\" title=\"St\u011bhov\u00e1n\u00ed do Virginie? 2026 N\u00e1klady na bydlen\u00ed a tipy na p\u0159est\u011bhov\u00e1n\u00ed\">Virginia<\/a> s m\u00edstn\u00edmi, n\u00e1rodn\u00edmi a mezin\u00e1rodn\u00edmi p\u0159esuny. P\u0159i poskytov\u00e1n\u00ed sv\u00fdch slu\u017eeb po cel\u00e9m sv\u011bt\u011b spolupracuj\u00ed s d\u016fv\u011bryhodn\u00fdmi mezin\u00e1rodn\u00edmi p\u0159epravci. Jsou \u010dlenem IAM se 46 lety zku\u0161enost\u00ed.<\/p>\n<p>Spole\u010dnost Town &amp; Country Movers nab\u00edz\u00ed bezplatn\u00fd odhad st\u011bhov\u00e1n\u00ed p\u0159\u00edmo u v\u00e1s doma a p\u0159izp\u016fsob\u00ed sv\u00e9 slu\u017eby va\u0161im pot\u0159eb\u00e1m. Pomohou v\u00e1m naj\u00edt nejlep\u0161\u00ed mo\u017enosti p\u0159epravy odpov\u00eddaj\u00edc\u00ed va\u0161im pot\u0159eb\u00e1m a rozpo\u010dtu. Poskytuj\u00ed profesion\u00e1ln\u00ed balic\u00ed slu\u017eby na ochranu va\u0161ich v\u011bc\u00ed, kter\u00e9 mohou zahrnovat i zak\u00e1zkov\u00e9 balen\u00ed.<\/p>\n<p>Webov\u00e9 str\u00e1nky: <a href=\"https:\/\/townandcountrymovers.com\/\" target=\"_blank\" rel=\"noopener\">https:\/\/townandcountrymovers.com\/<\/a><\/p>\n<h2><strong>3. Univerz\u00e1ln\u00ed p\u0159em\u00edst\u011bn\u00ed<\/strong><\/h2>\n<p><img loading=\"lazy\" decoding=\"async\" class=\"alignnone size-full wp-image-11469\" src=\"https:\/\/moverdb.com\/wp-content\/uploads\/Universal-Relocations-international-moving-company-1.png\" alt=\"Universal Relocations mezin\u00e1rodn\u00ed st\u011bhov\u00e1n\u00ed spole\u010dnost\" width=\"1440\" height=\"680\" data-wp-pid=\"11469\" srcset=\"https:\/\/moverdb.com\/wp-content\/uploads\/Universal-Relocations-international-moving-company-1.png 1440w, https:\/\/moverdb.com\/wp-content\/uploads\/Universal-Relocations-international-moving-company-1-300x142.png 300w, https:\/\/moverdb.com\/wp-content\/uploads\/Universal-Relocations-international-moving-company-1-1024x484.png 1024w, https:\/\/moverdb.com\/wp-content\/uploads\/Universal-Relocations-international-moving-company-1-18x9.png 18w, https:\/\/moverdb.com\/wp-content\/uploads\/Universal-Relocations-international-moving-company-1-600x283.png 600w\" sizes=\"auto, (max-width: 1440px) 100vw, 1440px\" \/><\/p>\n<ul>\n<li>Vnitrost\u00e1tn\u00ed p\u0159em\u00edst\u011bn\u00ed<\/li>\n<li>Mezin\u00e1rodn\u00ed st\u011bhov\u00e1n\u00ed<\/li>\n<li>St\u011bhov\u00e1n\u00ed dom\u00e1cnost\u00ed<\/li>\n<li>P\u0159em\u00edst\u011bn\u00ed podnik\u016f<\/li>\n<li>Slu\u017eba od dve\u0159\u00ed ke dve\u0159\u00edm<\/li>\n<li>Balic\u00ed slu\u017eba<\/li>\n<li>Celn\u00ed zprost\u0159edkov\u00e1n\u00ed<\/li>\n<li>P\u0159eprava dom\u00e1c\u00edch zv\u00ed\u0159at a automobil\u016f<\/li>\n<li>Pomoc p\u0159i hled\u00e1n\u00ed domova<\/li>\n<li>Skladovac\u00ed prostory<\/li>\n<\/ul>\n<p>Universal Relocations je mezin\u00e1rodn\u00ed st\u011bhov\u00e1n\u00ed a p\u0159em\u00edst\u011bn\u00ed spole\u010dnost zalo\u017een\u00e1 v roce <a href=\"https:\/\/moverdb.com\/cs\/moving-to-india\/\" data-internallinksmanager029f6b8e52c=\"356\" title=\"St\u011bhov\u00e1n\u00ed do Indie? 2026 N\u00e1klady na bydlen\u00ed a tipy na st\u011bhov\u00e1n\u00ed\">Indie<\/a> v roce 1998, kter\u00e1 m\u00e1 kancel\u00e1\u0159e tak\u00e9 v <a href=\"https:\/\/moverdb.com\/cs\/moving-to-the-united-states\/\" data-internallinksmanager029f6b8e52c=\"94\" title=\"St\u011bhujete se do Spojen\u00fdch st\u00e1t\u016f? 2022 \u017divotn\u00ed n\u00e1klady a tipy na st\u011bhov\u00e1n\u00ed\">US<\/a> v Gaithersburgu, <a href=\"https:\/\/moverdb.com\/cs\/moving-to-the-united-states\/moving-to-new-jersey\/\" data-internallinksmanager029f6b8e52c=\"417\" title=\"St\u011bhujete se do New Jersey? 2026 N\u00e1klady na bydlen\u00ed a tipy na st\u011bhov\u00e1n\u00ed\">New Jersey<\/a>, <a href=\"https:\/\/moverdb.com\/cs\/moving-to-the-united-states\/moving-to-california\/\" data-internallinksmanager029f6b8e52c=\"330\" title=\"St\u011bhov\u00e1n\u00ed do Kalifornie? 2026 N\u00e1klady na bydlen\u00ed a tipy na p\u0159est\u011bhov\u00e1n\u00ed\">Kalifornie<\/a>, <a href=\"https:\/\/moverdb.com\/cs\/moving-to-the-united-states\/moving-to-texas\/\" data-internallinksmanager029f6b8e52c=\"397\" title=\"St\u011bhov\u00e1n\u00ed do Texasu? 2026 N\u00e1klady na bydlen\u00ed a tipy na p\u0159est\u011bhov\u00e1n\u00ed\">Texas<\/a> a <a href=\"https:\/\/moverdb.com\/cs\/moving-to-the-united-states\/moving-to-georgia\/\" data-internallinksmanager029f6b8e52c=\"402\" title=\"St\u011bhov\u00e1n\u00ed do Gruzie? 2026 N\u00e1klady na bydlen\u00ed a tipy na p\u0159est\u011bhov\u00e1n\u00ed\">Georgia<\/a>. Maj\u00ed glob\u00e1ln\u00ed s\u00ed\u0165 160 partnersk\u00fdch agent\u016f, kte\u0159\u00ed jim poskytuj\u00ed mezin\u00e1rodn\u00ed slu\u017eby. Jsou \u010dlenem IAM se sedmiletou zku\u0161enost\u00ed.<\/p>\n<p>Spole\u010dnost Universal Relocations nab\u00edz\u00ed st\u011bhov\u00e1n\u00ed od dve\u0159\u00ed ke dve\u0159\u00edm pro dom\u00e1cnosti a firmy. Poskytuj\u00ed bezpe\u010dn\u00e9 balen\u00ed, kter\u00e9 chr\u00e1n\u00ed va\u0161e v\u011bci p\u0159i p\u0159eprav\u011b, a mohou p\u0159epravit i va\u0161e dom\u00e1c\u00ed mazl\u00ed\u010dky a vozidla. Nab\u00edzej\u00ed tak\u00e9 dal\u0161\u00ed slu\u017eby, kter\u00e9 zahrnuj\u00ed pomoc p\u0159i hled\u00e1n\u00ed bydlen\u00ed, skladovac\u00ed prostory a poji\u0161t\u011bn\u00ed.<\/p>\n<p>Webov\u00e9 str\u00e1nky: <a href=\"https:\/\/universalrelocations.com\/\" target=\"_blank\" rel=\"noopener\">https:\/\/universalrelocations.com\/<\/a><\/p>","protected":false},"excerpt":{"rendered":"<p>When you are moving home or your business there is a lot to do so engaging the services of a moving company can assist you in reducing the workload so you can focus on other aspects of your move. This can include packing, arranging transport and handling customs for international moves. Below we have compiled [&hellip;]<\/p>\n","protected":false},"author":4,"featured_media":11442,"parent":190,"menu_order":0,"comment_status":"closed","ping_status":"closed","template":"","meta":{"_genesis_hide_title":false,"_genesis_hide_breadcrumbs":false,"_genesis_hide_singular_image":false,"_genesis_hide_footer_widgets":false,"_genesis_custom_body_class":"","_genesis_custom_post_class":"","_genesis_layout":"","footnotes":""},"class_list":{"0":"post-11564","1":"page","2":"type-page","3":"status-publish","4":"has-post-thumbnail","6":"entry"},"_links":{"self":[{"href":"https:\/\/moverdb.com\/cs\/wp-json\/wp\/v2\/pages\/11564","targetHints":{"allow":["GET"]}}],"collection":[{"href":"https:\/\/moverdb.com\/cs\/wp-json\/wp\/v2\/pages"}],"about":[{"href":"https:\/\/moverdb.com\/cs\/wp-json\/wp\/v2\/types\/page"}],"author":[{"embeddable":true,"href":"https:\/\/moverdb.com\/cs\/wp-json\/wp\/v2\/users\/4"}],"replies":[{"embeddable":true,"href":"https:\/\/moverdb.com\/cs\/wp-json\/wp\/v2\/comments?post=11564"}],"version-history":[{"count":1,"href":"https:\/\/moverdb.com\/cs\/wp-json\/wp\/v2\/pages\/11564\/revisions"}],"predecessor-version":[{"id":11565,"href":"https:\/\/moverdb.com\/cs\/wp-json\/wp\/v2\/pages\/11564\/revisions\/11565"}],"up":[{"embeddable":true,"href":"https:\/\/moverdb.com\/cs\/wp-json\/wp\/v2\/pages\/190"}],"wp:featuredmedia":[{"embeddable":true,"href":"https:\/\/moverdb.com\/cs\/wp-json\/wp\/v2\/media\/11442"}],"wp:attachment":[{"href":"https:\/\/moverdb.com\/cs\/wp-json\/wp\/v2\/media?parent=11564"}],"curies":[{"name":"wp","href":"https:\/\/api.w.org\/{rel}","templated":true}]}}