{"id":11560,"date":"2023-11-29T10:28:15","date_gmt":"2023-11-29T10:28:15","guid":{"rendered":"https:\/\/moverdb.com\/?page_id=11560"},"modified":"2026-01-08T15:24:13","modified_gmt":"2026-01-08T15:24:13","slug":"moving-companies-in-el-paso-usa","status":"publish","type":"page","link":"https:\/\/moverdb.com\/cs\/moving-companies\/moving-companies-in-el-paso-usa\/","title":{"rendered":"3 Nejlep\u0161\u00ed mezin\u00e1rodn\u00ed st\u011bhovac\u00ed spole\u010dnosti v El Pasu"},"content":{"rendered":"<p>Pl\u00e1nujete se st\u011bhovat v r\u00e1mci m\u011bsta El Paso, do n\u011bj nebo z n\u011bj? Pak vyu\u017eijte pomoci <a href=\"https:\/\/moverdb.com\/cs\/moving-companies\/\" data-internallinksmanager029f6b8e52c=\"79\" title=\"Top 25 Mezin\u00e1rodn\u00ed st\u011bhovac\u00ed spole\u010dnosti Online\">st\u011bhovac\u00ed spole\u010dnost<\/a> balen\u00ed, zaji\u0161t\u011bn\u00ed p\u0159epravy a vy\u0159\u00edzen\u00ed celn\u00edch z\u00e1le\u017eitost\u00ed p\u0159i mezin\u00e1rodn\u00edm st\u011bhov\u00e1n\u00ed m\u016f\u017ee sn\u00ed\u017eit stres. N\u00ed\u017ee jsme sestavili seznam firem z El Pasa. <a href=\"https:\/\/moverdb.com\/cs\/international-removals\/\" data-internallinksmanager029f6b8e52c=\"27\" title=\"36 nejlep\u0161\u00edch mezin\u00e1rodn\u00edch st\u011bhovac\u00edch spole\u010dnost\u00ed ve Velk\u00e9 Brit\u00e1nii\">st\u011bhovac\u00ed firmy<\/a> kter\u00e9 jsou \u010dleny <a href=\"https:\/\/moverdb.com\/cs\/iam\/\" data-internallinksmanager029f6b8e52c=\"23\" title=\"Vysv\u011btlen\u00ed Mezin\u00e1rodn\u00ed asociace st\u011bhov\u00e1k\u016f (IAM)\">Mezin\u00e1rodn\u00ed asociace st\u011bhov\u00e1k\u016f<\/a> (IAM) a\/nebo <a href=\"https:\/\/moverdb.com\/cs\/fidi-faim\/\" data-internallinksmanager029f6b8e52c=\"16\" title=\"Vysv\u011btlen\u00ed FIDI a FAIM (FIDI Accredited International Mover)\">FIDI<\/a> Akreditovan\u00e9 mezin\u00e1rodn\u00ed st\u011bhov\u00e1n\u00ed (FAIM), kter\u00e9 by v\u00e1m mohlo pomoci se st\u011bhov\u00e1n\u00edm.<\/p>\n<h2><strong>1. Deseret International Forwarding<\/strong><\/h2>\n<p><img loading=\"lazy\" decoding=\"async\" class=\"alignnone size-full wp-image-11305\" src=\"https:\/\/moverdb.com\/wp-content\/uploads\/Deseret-International-Forwarding-moving-company.png\" alt=\"Deseret Mezin\u00e1rodn\u00ed spedice pohybuj\u00edc\u00ed se spole\u010dnost\" width=\"1440\" height=\"676\" data-wp-pid=\"11305\" srcset=\"https:\/\/moverdb.com\/wp-content\/uploads\/Deseret-International-Forwarding-moving-company.png 1440w, https:\/\/moverdb.com\/wp-content\/uploads\/Deseret-International-Forwarding-moving-company-300x141.png 300w, https:\/\/moverdb.com\/wp-content\/uploads\/Deseret-International-Forwarding-moving-company-1024x481.png 1024w, https:\/\/moverdb.com\/wp-content\/uploads\/Deseret-International-Forwarding-moving-company-18x8.png 18w, https:\/\/moverdb.com\/wp-content\/uploads\/Deseret-International-Forwarding-moving-company-600x282.png 600w\" sizes=\"auto, (max-width: 1440px) 100vw, 1440px\" \/><\/p>\n<ul>\n<li>Mezin\u00e1rodn\u00ed p\u0159esuny<\/li>\n<li>St\u011bhov\u00e1n\u00ed dom\u00e1cnost\u00ed<\/li>\n<li>St\u011bhov\u00e1n\u00ed firem<\/li>\n<li>Podomn\u00ed prodej nebo <a href=\"https:\/\/moverdb.com\/cs\/top-49-container-ports\/\" data-internallinksmanager029f6b8e52c=\"80\" title=\"49 nejv\u011bt\u0161\u00edch a nejru\u0161n\u011bj\u0161\u00edch kontejnerov\u00fdch p\u0159\u00edstav\u016f v roce 2025\">p\u0159\u00edstav<\/a>-slu\u017eba \"od dve\u0159\u00ed ke dve\u0159\u00edm<\/li>\n<li>Koordin\u00e1tor osobn\u00edch p\u0159esun\u016f<\/li>\n<li>Balic\u00ed slu\u017eba<\/li>\n<li>Leteck\u00e1, n\u00e1mo\u0159n\u00ed a pozemn\u00ed doprava<\/li>\n<li>Sledov\u00e1n\u00ed z\u00e1silek online<\/li>\n<li>Poji\u0161t\u011bn\u00ed v\u0161ech rizik<\/li>\n<li>Zabezpe\u010den\u00e9 skladov\u00e1n\u00ed<\/li>\n<\/ul>\n<p>Spole\u010dnost Deseret International Forwarding se zam\u011b\u0159uje na mezin\u00e1rodn\u00ed p\u0159epravu zbo\u017e\u00ed pro dom\u00e1cnost a s\u00eddl\u00ed v El Pasu. M\u00e1 spolehlivou s\u00ed\u0165 glob\u00e1ln\u00edch vztah\u016f s dal\u0161\u00edmi st\u011bhovac\u00edmi agenturami, kter\u00e9 nab\u00edzej\u00ed mezin\u00e1rodn\u00ed st\u011bhovac\u00ed slu\u017eby. Jsou \u010dlenem IAM s 31 lety zku\u0161enost\u00ed.<\/p>\n<p>Osobn\u00ed koordin\u00e1to\u0159i st\u011bhov\u00e1n\u00ed spole\u010dnosti Deseret International Forwarding v\u00e1s budou podporovat po celou dobu st\u011bhov\u00e1n\u00ed a pomohou v\u00e1m vybrat nejlep\u0161\u00ed zp\u016fsob st\u011bhov\u00e1n\u00ed do nov\u00e9ho domova. Nab\u00edzej\u00ed slu\u017ebu od dve\u0159\u00ed ke dve\u0159\u00edm nebo od p\u0159\u00edstavu ke dve\u0159\u00edm, kter\u00e1 m\u016f\u017ee zahrnovat i balen\u00ed va\u0161ich v\u011bc\u00ed. Zajist\u00ed bezpe\u010dnou p\u0159epravu va\u0161ich v\u011bc\u00ed letecky, po mo\u0159i nebo po zemi.<\/p>\n<p>Webov\u00e9 str\u00e1nky: <a href=\"http:\/\/www.deseret-intl.com\/\" target=\"_blank\" rel=\"noopener\">http:\/\/www.deseret-intl.com\/<\/a><\/p>\n<h2><strong>2. ITO<\/strong><\/h2>\n<p><img loading=\"lazy\" decoding=\"async\" class=\"alignnone size-full wp-image-11355\" src=\"https:\/\/moverdb.com\/wp-content\/uploads\/ITO-El-Paso-international-moving-company.png\" alt=\"ITO El Paso mezin\u00e1rodn\u00ed st\u011bhov\u00e1n\u00ed spole\u010dnost\" width=\"1440\" height=\"683\" data-wp-pid=\"11355\" srcset=\"https:\/\/moverdb.com\/wp-content\/uploads\/ITO-El-Paso-international-moving-company.png 1440w, https:\/\/moverdb.com\/wp-content\/uploads\/ITO-El-Paso-international-moving-company-300x142.png 300w, https:\/\/moverdb.com\/wp-content\/uploads\/ITO-El-Paso-international-moving-company-1024x486.png 1024w, https:\/\/moverdb.com\/wp-content\/uploads\/ITO-El-Paso-international-moving-company-18x9.png 18w, https:\/\/moverdb.com\/wp-content\/uploads\/ITO-El-Paso-international-moving-company-600x285.png 600w\" sizes=\"auto, (max-width: 1440px) 100vw, 1440px\" \/><\/p>\n<ul>\n<li>St\u011bhov\u00e1n\u00ed na n\u00e1rodn\u00ed \u00farovni<\/li>\n<li>Mezin\u00e1rodn\u00ed p\u0159esuny<\/li>\n<li>St\u011bhov\u00e1n\u00ed dom\u00e1cnost\u00ed<\/li>\n<li>St\u011bhov\u00e1n\u00ed kancel\u00e1\u0159\u00ed<\/li>\n<li>\u00davodn\u00ed konzultace<\/li>\n<li>Balic\u00ed slu\u017eba<\/li>\n<li>Dopravn\u00ed opat\u0159en\u00ed<\/li>\n<li>Celn\u00ed odbaven\u00ed<\/li>\n<li>\u0158emeslnick\u00e9 slu\u017eby<\/li>\n<li>Zabezpe\u010den\u00e9 skladov\u00e1n\u00ed<\/li>\n<\/ul>\n<p>ITO je mezin\u00e1rodn\u00ed st\u011bhovac\u00ed spole\u010dnost s pobo\u010dkami v. <a href=\"https:\/\/moverdb.com\/cs\/moving-to-the-united-states\/\" data-internallinksmanager029f6b8e52c=\"94\" title=\"St\u011bhujete se do Spojen\u00fdch st\u00e1t\u016f? 2022 \u017divotn\u00ed n\u00e1klady a tipy na st\u011bhov\u00e1n\u00ed\">USA<\/a>, <a href=\"https:\/\/moverdb.com\/cs\/moving-to-germany\/\" data-internallinksmanager029f6b8e52c=\"321\" title=\"St\u011bhov\u00e1n\u00ed do N\u011bmecka? 2026 N\u00e1klady na bydlen\u00ed a tipy na st\u011bhov\u00e1n\u00ed\">N\u011bmecko<\/a> a Africe. Jej\u00ed kancel\u00e1\u0159e v USA se nach\u00e1zej\u00ed v El Pasu, Wichita Falls a Norfolku. V mezin\u00e1rodn\u00edm m\u011b\u0159\u00edtku p\u016fsob\u00ed prost\u0159ednictv\u00edm vlastn\u00edch pobo\u010dek a s\u00edt\u011b mezin\u00e1rodn\u00edch partner\u016f. Jsou \u010dlenem IAM se 47 lety zku\u0161enost\u00ed.<\/p>\n<p>ITO nab\u00edz\u00ed \u00favodn\u00ed konzultaci a poradenstv\u00ed, kter\u00e9 v\u00e1s p\u0159iprav\u00ed. Zaji\u0161\u0165uj\u00ed standardn\u00ed i specializovan\u00e9 obaly na ochranu va\u0161ich v\u011bc\u00ed a tak\u00e9 demont\u00e1\u017e a mont\u00e1\u017e n\u00e1bytku. V p\u0159\u00edpad\u011b pot\u0159eby mohou nab\u00eddnout i slu\u017eby \u0159emesln\u00edk\u016f. Nab\u00edzej\u00ed \u0159adu mo\u017enost\u00ed p\u0159epravy v\u010detn\u011b hromadn\u00fdch kontejner\u016f pro n\u011bkter\u00e9 regiony.<\/p>\n<p>Webov\u00e9 str\u00e1nky: <a href=\"https:\/\/www.ito-movers.de\/?lang=en\" target=\"_blank\" rel=\"noopener\">https:\/\/www.ito-movers.de\/?lang=en<\/a><\/p>\n<h2><strong>3. TIS Worldwide<\/strong><\/h2>\n<p><img loading=\"lazy\" decoding=\"async\" class=\"alignnone size-full wp-image-11456\" src=\"https:\/\/moverdb.com\/wp-content\/uploads\/TIS-Worldwide-international-moving-company.png\" alt=\"TIS Worldwide mezin\u00e1rodn\u00ed st\u011bhov\u00e1n\u00ed spole\u010dnost\" width=\"1440\" height=\"682\" data-wp-pid=\"11456\" srcset=\"https:\/\/moverdb.com\/wp-content\/uploads\/TIS-Worldwide-international-moving-company.png 1440w, https:\/\/moverdb.com\/wp-content\/uploads\/TIS-Worldwide-international-moving-company-300x142.png 300w, https:\/\/moverdb.com\/wp-content\/uploads\/TIS-Worldwide-international-moving-company-1024x485.png 1024w, https:\/\/moverdb.com\/wp-content\/uploads\/TIS-Worldwide-international-moving-company-18x9.png 18w, https:\/\/moverdb.com\/wp-content\/uploads\/TIS-Worldwide-international-moving-company-600x284.png 600w\" sizes=\"auto, (max-width: 1440px) 100vw, 1440px\" \/><\/p>\n<ul>\n<li>Spedi\u010dn\u00ed slu\u017eby<\/li>\n<li>Mezin\u00e1rodn\u00ed doprava<\/li>\n<li>\u0158\u00edzen\u00e1 logistika<\/li>\n<li>Slu\u017eby na m\u00edru<\/li>\n<li>Slu\u017eba od dve\u0159\u00ed ke dve\u0159\u00edm<\/li>\n<li>Slu\u017eba mezi p\u0159\u00edstavy<\/li>\n<li>N\u00e1kladn\u00ed, \u017eelezni\u010dn\u00ed, silni\u010dn\u00ed a n\u00e1mo\u0159n\u00ed doprava<\/li>\n<li>Pln\u00e9 a m\u00e9n\u011b ne\u017e pln\u00e9 zat\u00ed\u017een\u00ed<\/li>\n<li>Sledov\u00e1n\u00ed n\u00e1kladu<\/li>\n<li>Skladovac\u00ed prostory<\/li>\n<\/ul>\n<p>Spole\u010dnost TIS Worldwide je pr\u00e9miov\u00fd poskytovatel logistick\u00fdch slu\u017eeb, kter\u00fd byl zalo\u017een v roce 1976 a s\u00eddl\u00ed v El Pasu. M\u00e1 celosv\u011btovou s\u00ed\u0165 agent\u016f ve v\u011bt\u0161in\u011b zem\u00ed sv\u011bta, kte\u0159\u00ed j\u00ed pom\u00e1haj\u00ed poskytovat mezin\u00e1rodn\u00ed slu\u017eby. Je \u010dlenem IAM se 47 lety zku\u0161enost\u00ed.<\/p>\n<p>Spole\u010dnost TIS Worldwide nab\u00edz\u00ed individu\u00e1ln\u00ed slu\u017eby a vyhled\u00e1 pro va\u0161i z\u00e1silku nejlep\u0161\u00ed mo\u017enosti p\u0159epravy, abyste z\u00edskali co nejkonkurenceschopn\u011bj\u0161\u00ed n\u00e1klady a kvalitn\u00ed slu\u017eby. Nab\u00edz\u00ed celou \u0159adu mo\u017enost\u00ed p\u0159epravy v\u010detn\u011b slu\u017eeb od dve\u0159\u00ed ke dve\u0159\u00edm a od p\u0159\u00edstavu k p\u0159\u00edstavu pro pln\u00e9 a m\u00e9n\u011b ne\u017e pln\u00e9 kontejnerov\u00e9 z\u00e1silky i projektov\u00e9 n\u00e1klady.<\/p>\n<p>Webov\u00e9 str\u00e1nky: <a href=\"https:\/\/www.tis-shipping.com\/\" target=\"_blank\" rel=\"noopener\">https:\/\/www.tis-shipping.com\/<\/a><\/p>","protected":false},"excerpt":{"rendered":"<p>Are you planning on moving within, to or from El Paso? Then enlisting the help of a moving company to pack, arrange transport and handle customs for international moves can reduce the stress. Below we have compiled a list of El Paso based removal companies that are members of the International Association of Movers (IAM) [&hellip;]<\/p>\n","protected":false},"author":4,"featured_media":11305,"parent":190,"menu_order":0,"comment_status":"closed","ping_status":"closed","template":"","meta":{"_genesis_hide_title":false,"_genesis_hide_breadcrumbs":false,"_genesis_hide_singular_image":false,"_genesis_hide_footer_widgets":false,"_genesis_custom_body_class":"","_genesis_custom_post_class":"","_genesis_layout":"","footnotes":""},"class_list":{"0":"post-11560","1":"page","2":"type-page","3":"status-publish","4":"has-post-thumbnail","6":"entry"},"_links":{"self":[{"href":"https:\/\/moverdb.com\/cs\/wp-json\/wp\/v2\/pages\/11560","targetHints":{"allow":["GET"]}}],"collection":[{"href":"https:\/\/moverdb.com\/cs\/wp-json\/wp\/v2\/pages"}],"about":[{"href":"https:\/\/moverdb.com\/cs\/wp-json\/wp\/v2\/types\/page"}],"author":[{"embeddable":true,"href":"https:\/\/moverdb.com\/cs\/wp-json\/wp\/v2\/users\/4"}],"replies":[{"embeddable":true,"href":"https:\/\/moverdb.com\/cs\/wp-json\/wp\/v2\/comments?post=11560"}],"version-history":[{"count":1,"href":"https:\/\/moverdb.com\/cs\/wp-json\/wp\/v2\/pages\/11560\/revisions"}],"predecessor-version":[{"id":11561,"href":"https:\/\/moverdb.com\/cs\/wp-json\/wp\/v2\/pages\/11560\/revisions\/11561"}],"up":[{"embeddable":true,"href":"https:\/\/moverdb.com\/cs\/wp-json\/wp\/v2\/pages\/190"}],"wp:featuredmedia":[{"embeddable":true,"href":"https:\/\/moverdb.com\/cs\/wp-json\/wp\/v2\/media\/11305"}],"wp:attachment":[{"href":"https:\/\/moverdb.com\/cs\/wp-json\/wp\/v2\/media?parent=11560"}],"curies":[{"name":"wp","href":"https:\/\/api.w.org\/{rel}","templated":true}]}}