{"id":11558,"date":"2023-11-29T10:29:34","date_gmt":"2023-11-29T10:29:34","guid":{"rendered":"https:\/\/moverdb.com\/?page_id=11558"},"modified":"2026-01-08T15:24:12","modified_gmt":"2026-01-08T15:24:12","slug":"moving-companies-us-danbury","status":"publish","type":"page","link":"https:\/\/moverdb.com\/cs\/moving-companies\/moving-companies-us-danbury\/","title":{"rendered":"3 nejlep\u0161\u00ed mezin\u00e1rodn\u00ed st\u011bhovac\u00ed spole\u010dnosti v Danbury"},"content":{"rendered":"<p>Pl\u00e1nov\u00e1n\u00ed a \u0159\u00edzen\u00ed st\u011bhov\u00e1n\u00ed m\u016f\u017ee b\u00fdt stresuj\u00edc\u00ed, tak\u017ee si m\u016f\u017eete po\u0159\u00eddit <a href=\"https:\/\/moverdb.com\/cs\/moving-companies\/\" data-internallinksmanager029f6b8e52c=\"79\" title=\"Top 25 Mezin\u00e1rodn\u00ed st\u011bhovac\u00ed spole\u010dnosti Online\">st\u011bhovac\u00ed spole\u010dnost<\/a> zabalit a p\u0159ev\u00e9zt va\u0161e v\u011bci, v\u00e1m m\u016f\u017ee uleh\u010dit pr\u00e1ci. N\u00ed\u017ee jsme pro v\u00e1s p\u0159ipravili seznam firem z Danbury. <a href=\"https:\/\/moverdb.com\/cs\/international-removals\/\" data-internallinksmanager029f6b8e52c=\"27\" title=\"36 nejlep\u0161\u00edch mezin\u00e1rodn\u00edch st\u011bhovac\u00edch spole\u010dnost\u00ed ve Velk\u00e9 Brit\u00e1nii\">st\u011bhovac\u00ed firmy<\/a> kter\u00e9 jsou \u010dleny <a href=\"https:\/\/moverdb.com\/cs\/iam\/\" data-internallinksmanager029f6b8e52c=\"23\" title=\"Vysv\u011btlen\u00ed Mezin\u00e1rodn\u00ed asociace st\u011bhov\u00e1k\u016f (IAM)\">Mezin\u00e1rodn\u00ed asociace st\u011bhov\u00e1k\u016f<\/a> (IAM) a\/nebo <a href=\"https:\/\/moverdb.com\/cs\/fidi-faim\/\" data-internallinksmanager029f6b8e52c=\"16\" title=\"Vysv\u011btlen\u00ed FIDI a FAIM (FIDI Accredited International Mover)\">FIDI<\/a> Akreditovan\u00e9 mezin\u00e1rodn\u00ed st\u011bhov\u00e1n\u00ed (FAIM), kter\u00e9 by v\u00e1m mohlo pomoci se st\u011bhov\u00e1n\u00edm.<\/p>\n<h2><strong>1. Continuum International<\/strong><\/h2>\n<p><img loading=\"lazy\" decoding=\"async\" class=\"alignnone size-full wp-image-11296\" src=\"https:\/\/moverdb.com\/wp-content\/uploads\/Continuum-International-moving-company.png\" alt=\"Continuum Mezin\u00e1rodn\u00ed st\u011bhov\u00e1n\u00ed spole\u010dnost\" width=\"1440\" height=\"677\" data-wp-pid=\"11296\" srcset=\"https:\/\/moverdb.com\/wp-content\/uploads\/Continuum-International-moving-company.png 1440w, https:\/\/moverdb.com\/wp-content\/uploads\/Continuum-International-moving-company-300x141.png 300w, https:\/\/moverdb.com\/wp-content\/uploads\/Continuum-International-moving-company-1024x481.png 1024w, https:\/\/moverdb.com\/wp-content\/uploads\/Continuum-International-moving-company-18x8.png 18w, https:\/\/moverdb.com\/wp-content\/uploads\/Continuum-International-moving-company-600x282.png 600w\" sizes=\"auto, (max-width: 1440px) 100vw, 1440px\" \/><\/p>\n<ul>\n<li>Vnitrost\u00e1tn\u00ed p\u0159em\u00edst\u011bn\u00ed<\/li>\n<li>Mezin\u00e1rodn\u00ed st\u011bhov\u00e1n\u00ed<\/li>\n<li>St\u011bhov\u00e1n\u00ed spole\u010dnosti<\/li>\n<li>Slu\u017eba od dve\u0159\u00ed ke dve\u0159\u00edm<\/li>\n<li>Slu\u017eby na m\u00edru<\/li>\n<li>Balic\u00ed slu\u017eba<\/li>\n<li>Leteck\u00e1, n\u00e1mo\u0159n\u00ed nebo n\u00e1kladn\u00ed doprava<\/li>\n<li>P\u0159\u00edprava dokument\u016f<\/li>\n<li>Poji\u0161t\u011bn\u00ed tranzitu<\/li>\n<li>Skladovac\u00ed prostory<\/li>\n<\/ul>\n<p>Spole\u010dnost Continuum International je glob\u00e1ln\u00ed spole\u010dnost poskytuj\u00edc\u00ed slu\u017eby v oblasti st\u011bhov\u00e1n\u00ed a spr\u00e1vy pracovn\u00edch m\u00edst, kter\u00e1 p\u016fsob\u00ed ji\u017e v\u00edce ne\u017e 20 let a m\u00e1 pobo\u010dky v Danbury a Brookfieldu. M\u00e1 glob\u00e1ln\u00ed partnerstv\u00ed, kter\u00e9 j\u00ed umo\u017e\u0148uje poskytovat sv\u00e9 slu\u017eby na mezin\u00e1rodn\u00ed \u00farovni. Je \u010dlenem IAM s 24letou zku\u0161enost\u00ed.<\/p>\n<p>Spole\u010dnost Continuum International nab\u00edz\u00ed st\u011bhovac\u00ed a reloka\u010dn\u00ed slu\u017eby na m\u00edru s p\u0159id\u011blen\u00fdm poradcem pro st\u011bhov\u00e1n\u00ed. Nab\u00edz\u00ed p\u0159edst\u011bhovac\u00ed pr\u016fzkum, kter\u00fd posoud\u00ed va\u0161e st\u011bhovac\u00ed pot\u0159eby a vytvo\u0159\u00ed pl\u00e1n st\u011bhov\u00e1n\u00ed. Zabal\u00ed va\u0161e v\u011bci a zajist\u00ed, aby obalov\u00e9 materi\u00e1ly byly vhodn\u00e9 pro dan\u00fd zp\u016fsob p\u0159epravy a m\u00edsto ur\u010den\u00ed.<\/p>\n<p>Webov\u00e9 str\u00e1nky: <a href=\"https:\/\/www.continuumrelo.com\/\" target=\"_blank\" rel=\"noopener\">https:\/\/www.continuumrelo.com\/<\/a><\/p>\n<h2><strong>2. Interconex<\/strong><\/h2>\n<p><img loading=\"lazy\" decoding=\"async\" class=\"alignnone size-full wp-image-11345\" src=\"https:\/\/moverdb.com\/wp-content\/uploads\/Interconex-international-moving-company.png\" alt=\"Interconex mezin\u00e1rodn\u00ed st\u011bhov\u00e1n\u00ed spole\u010dnost\" width=\"1440\" height=\"678\" data-wp-pid=\"11345\" srcset=\"https:\/\/moverdb.com\/wp-content\/uploads\/Interconex-international-moving-company.png 1440w, https:\/\/moverdb.com\/wp-content\/uploads\/Interconex-international-moving-company-300x141.png 300w, https:\/\/moverdb.com\/wp-content\/uploads\/Interconex-international-moving-company-1024x482.png 1024w, https:\/\/moverdb.com\/wp-content\/uploads\/Interconex-international-moving-company-18x8.png 18w, https:\/\/moverdb.com\/wp-content\/uploads\/Interconex-international-moving-company-600x283.png 600w\" sizes=\"auto, (max-width: 1440px) 100vw, 1440px\" \/><\/p>\n<ul>\n<li>St\u011bhov\u00e1n\u00ed na n\u00e1rodn\u00ed \u00farovni<\/li>\n<li>Mezin\u00e1rodn\u00ed p\u0159esuny<\/li>\n<li>St\u011bhov\u00e1n\u00ed dom\u00e1cnost\u00ed<\/li>\n<li>St\u011bhov\u00e1n\u00ed firem<\/li>\n<li>Slu\u017eba od dve\u0159\u00ed ke dve\u0159\u00edm<\/li>\n<li>Balic\u00ed slu\u017eba<\/li>\n<li>Dopravn\u00ed opat\u0159en\u00ed<\/li>\n<li>Celn\u00ed odbaven\u00ed<\/li>\n<li>P\u0159em\u00edst\u011bn\u00ed dom\u00e1c\u00edho mazl\u00ed\u010dka<\/li>\n<li>Zabezpe\u010den\u00e9 skladovac\u00ed slu\u017eby<\/li>\n<\/ul>\n<p>Interconex je spole\u010dnost poskytuj\u00edc\u00ed kompletn\u00ed slu\u017eby v oblasti st\u011bhov\u00e1n\u00ed zbo\u017e\u00ed pro dom\u00e1cnost, kter\u00e1 byla zalo\u017eena v roce 1969 a s\u00eddl\u00ed v Danbury. P\u0159i poskytov\u00e1n\u00ed sv\u00fdch slu\u017eeb po cel\u00e9m sv\u011bt\u011b spolupracuje s vybran\u00fdmi mezin\u00e1rodn\u00edmi partnery. Je akreditov\u00e1na u FIDI.<\/p>\n<p>Spole\u010dnost Interconex nab\u00edz\u00ed \u00favodn\u00ed pr\u016fzkum pro zji\u0161t\u011bn\u00ed va\u0161ich pot\u0159eb v oblasti st\u011bhov\u00e1n\u00ed. Poskytuj\u00ed balic\u00ed slu\u017eby, p\u0159i kter\u00fdch pou\u017e\u00edvaj\u00ed nejkvalitn\u011bj\u0161\u00ed balic\u00ed materi\u00e1ly a vy\u0161kolen\u00e9 balic\u00ed pracovn\u00edky, aby ochr\u00e1nili va\u0161e v\u011bci. To m\u016f\u017ee zahrnovat specializovan\u00e9 balic\u00ed materi\u00e1ly a bedny vyroben\u00e9 na m\u00edru. Nab\u00edzej\u00ed dal\u0161\u00ed slu\u017eby, kter\u00e9 zahrnuj\u00ed dopravu na leti\u0161t\u011b, slu\u017eby concierge, pomoc \u00fadr\u017eb\u00e1\u0159\u016f, \u00faklid, do\u010dasn\u00e9 ubytov\u00e1n\u00ed, slu\u017eby v m\u00edst\u011b ur\u010den\u00ed, st\u011bhov\u00e1n\u00ed dom\u00e1c\u00edch zv\u00ed\u0159at, poji\u0161t\u011bn\u00ed v\u0161ech rizik a skladov\u00e1n\u00ed.<\/p>\n<p>Webov\u00e9 str\u00e1nky: <a href=\"https:\/\/www.interconex.com\/\" target=\"_blank\" rel=\"noopener\">https:\/\/www.interconex.com\/<\/a><\/p>\n<h2><strong>3. Intermove Ltd<\/strong><\/h2>\n<p><img loading=\"lazy\" decoding=\"async\" class=\"alignnone size-full wp-image-11346\" src=\"https:\/\/moverdb.com\/wp-content\/uploads\/Intermove-Danbury-international-moving-company.png\" alt=\"Intermove Danbury mezin\u00e1rodn\u00ed st\u011bhov\u00e1n\u00ed spole\u010dnost\" width=\"1440\" height=\"680\" data-wp-pid=\"11346\" srcset=\"https:\/\/moverdb.com\/wp-content\/uploads\/Intermove-Danbury-international-moving-company.png 1440w, https:\/\/moverdb.com\/wp-content\/uploads\/Intermove-Danbury-international-moving-company-300x142.png 300w, https:\/\/moverdb.com\/wp-content\/uploads\/Intermove-Danbury-international-moving-company-1024x484.png 1024w, https:\/\/moverdb.com\/wp-content\/uploads\/Intermove-Danbury-international-moving-company-18x9.png 18w, https:\/\/moverdb.com\/wp-content\/uploads\/Intermove-Danbury-international-moving-company-600x283.png 600w\" sizes=\"auto, (max-width: 1440px) 100vw, 1440px\" \/><\/p>\n<ul>\n<li>Mezin\u00e1rodn\u00ed st\u011bhov\u00e1n\u00ed<\/li>\n<li>St\u011bhov\u00e1n\u00ed dom\u00e1cnost\u00ed<\/li>\n<li>St\u011bhov\u00e1n\u00ed firem<\/li>\n<li>Slu\u017eba od dve\u0159\u00ed ke dve\u0159\u00edm<\/li>\n<li>Bezplatn\u00fd odhad<\/li>\n<li>Virtu\u00e1ln\u00ed asistence a asistence na m\u00edst\u011b<\/li>\n<li>Leteck\u00e1, n\u00e1mo\u0159n\u00ed a pozemn\u00ed doprava<\/li>\n<li>Podpora dokumentace<\/li>\n<li>Poji\u0161t\u011bn\u00ed<\/li>\n<\/ul>\n<p>Intermove Ltd je mezin\u00e1rodn\u00ed st\u011bhovac\u00ed a reloka\u010dn\u00ed spole\u010dnost zalo\u017een\u00e1 v roce 1977 se s\u00eddlem v Danbury. M\u00e1 s\u00ed\u0165 d\u016fv\u011bryhodn\u00fdch mezin\u00e1rodn\u00edch st\u011bhovac\u00edch spole\u010dnost\u00ed, kter\u00e9 j\u00ed pom\u00e1haj\u00ed poskytovat slu\u017eby od dve\u0159\u00ed ke dve\u0159\u00edm po cel\u00e9m sv\u011bt\u011b. Je \u010dlenem IAM a m\u00e1 46 let zku\u0161enost\u00ed.<\/p>\n<p>Spole\u010dnost Intermove Ltd nab\u00edz\u00ed bezplatn\u00fd odhad s poradenstv\u00edm a podporou sv\u00fdch specialist\u016f na mezin\u00e1rodn\u00ed st\u011bhov\u00e1n\u00ed, a to bu\u010f virtu\u00e1ln\u011b, nebo p\u0159\u00edmo na m\u00edst\u011b. Zajist\u00ed bezpe\u010dnou p\u0159epravu va\u0161ich v\u011bc\u00ed letecky, po mo\u0159i nebo po zemi a pom\u016f\u017ee v\u00e1m s dokumentac\u00ed. Poskytuj\u00ed poji\u0161t\u011bn\u00ed profesion\u00e1ln\u011b zabalen\u00fdch n\u00e1klad\u016f.<\/p>\n<p>Webov\u00e9 str\u00e1nky: <a href=\"https:\/\/www.intermove.com\/\" target=\"_blank\" rel=\"noopener\">https:\/\/www.intermove.com\/<\/a><\/p>","protected":false},"excerpt":{"rendered":"<p>Planning and managing your move can be stressful so getting a moving company in to pack and transport your belongings can ease the pressure. Below we have compiled a list of Danbury based removal companies that are members of the International Association of Movers (IAM) and\/or FIDI Accredited International Mover (FAIM) who could assist you [&hellip;]<\/p>\n","protected":false},"author":4,"featured_media":11296,"parent":190,"menu_order":0,"comment_status":"closed","ping_status":"closed","template":"","meta":{"_genesis_hide_title":false,"_genesis_hide_breadcrumbs":false,"_genesis_hide_singular_image":false,"_genesis_hide_footer_widgets":false,"_genesis_custom_body_class":"","_genesis_custom_post_class":"","_genesis_layout":"","footnotes":""},"class_list":{"0":"post-11558","1":"page","2":"type-page","3":"status-publish","4":"has-post-thumbnail","6":"entry"},"_links":{"self":[{"href":"https:\/\/moverdb.com\/cs\/wp-json\/wp\/v2\/pages\/11558","targetHints":{"allow":["GET"]}}],"collection":[{"href":"https:\/\/moverdb.com\/cs\/wp-json\/wp\/v2\/pages"}],"about":[{"href":"https:\/\/moverdb.com\/cs\/wp-json\/wp\/v2\/types\/page"}],"author":[{"embeddable":true,"href":"https:\/\/moverdb.com\/cs\/wp-json\/wp\/v2\/users\/4"}],"replies":[{"embeddable":true,"href":"https:\/\/moverdb.com\/cs\/wp-json\/wp\/v2\/comments?post=11558"}],"version-history":[{"count":1,"href":"https:\/\/moverdb.com\/cs\/wp-json\/wp\/v2\/pages\/11558\/revisions"}],"predecessor-version":[{"id":11559,"href":"https:\/\/moverdb.com\/cs\/wp-json\/wp\/v2\/pages\/11558\/revisions\/11559"}],"up":[{"embeddable":true,"href":"https:\/\/moverdb.com\/cs\/wp-json\/wp\/v2\/pages\/190"}],"wp:featuredmedia":[{"embeddable":true,"href":"https:\/\/moverdb.com\/cs\/wp-json\/wp\/v2\/media\/11296"}],"wp:attachment":[{"href":"https:\/\/moverdb.com\/cs\/wp-json\/wp\/v2\/media?parent=11558"}],"curies":[{"name":"wp","href":"https:\/\/api.w.org\/{rel}","templated":true}]}}