{"id":11556,"date":"2023-11-29T10:30:30","date_gmt":"2023-11-29T10:30:30","guid":{"rendered":"https:\/\/moverdb.com\/?page_id=11556"},"modified":"2026-01-08T15:24:11","modified_gmt":"2026-01-08T15:24:11","slug":"moving-companies-us-connecticut","status":"publish","type":"page","link":"https:\/\/moverdb.com\/cs\/moving-companies\/moving-companies-us-connecticut\/","title":{"rendered":"3 Nejlep\u0161\u00ed mezin\u00e1rodn\u00ed st\u011bhovac\u00ed spole\u010dnosti v Connecticutu"},"content":{"rendered":"<p>Pokud se st\u011bhujete, mo\u017en\u00e1 budete cht\u00edt vyu\u017e\u00edt slu\u017eeb <a href=\"https:\/\/moverdb.com\/cs\/moving-companies\/\" data-internallinksmanager029f6b8e52c=\"79\" title=\"Top 25 Mezin\u00e1rodn\u00ed st\u011bhovac\u00ed spole\u010dnosti Online\">st\u011bhovac\u00ed spole\u010dnost<\/a> pro podporu a sn\u00ed\u017een\u00ed z\u00e1t\u011b\u017ee. Pomohou v\u00e1m s pl\u00e1nov\u00e1n\u00edm st\u011bhov\u00e1n\u00ed, balen\u00edm v\u011bc\u00ed, zaji\u0161t\u011bn\u00edm p\u0159epravy a vy\u0159\u00edzen\u00edm celn\u00edch z\u00e1le\u017eitost\u00ed p\u0159i mezin\u00e1rodn\u00edm st\u011bhov\u00e1n\u00ed. N\u00ed\u017ee jsme sestavili seznam <a href=\"https:\/\/moverdb.com\/cs\/moving-to-the-united-states\/moving-to-connecticut\/\" data-internallinksmanager029f6b8e52c=\"444\" title=\"St\u011bhujete se do Connecticutu? 2026 N\u00e1klady na bydlen\u00ed a tipy na st\u011bhov\u00e1n\u00ed\">Connecticut<\/a> na adrese <a href=\"https:\/\/moverdb.com\/cs\/international-removals\/\" data-internallinksmanager029f6b8e52c=\"27\" title=\"36 nejlep\u0161\u00edch mezin\u00e1rodn\u00edch st\u011bhovac\u00edch spole\u010dnost\u00ed ve Velk\u00e9 Brit\u00e1nii\">st\u011bhovac\u00ed firmy<\/a> kter\u00e9 jsou \u010dleny <a href=\"https:\/\/moverdb.com\/cs\/iam\/\" data-internallinksmanager029f6b8e52c=\"23\" title=\"Vysv\u011btlen\u00ed Mezin\u00e1rodn\u00ed asociace st\u011bhov\u00e1k\u016f (IAM)\">Mezin\u00e1rodn\u00ed asociace st\u011bhov\u00e1k\u016f<\/a> (IAM) a\/nebo <a href=\"https:\/\/moverdb.com\/cs\/fidi-faim\/\" data-internallinksmanager029f6b8e52c=\"16\" title=\"Vysv\u011btlen\u00ed FIDI a FAIM (FIDI Accredited International Mover)\">FIDI<\/a> Akreditovan\u00e9 mezin\u00e1rodn\u00ed st\u011bhov\u00e1n\u00ed (FAIM), kter\u00e9 by v\u00e1m mohlo pomoci se st\u011bhov\u00e1n\u00edm.<\/p>\n<h2><strong>1. P\u0159em\u00edst\u011bn\u00ed Brimar<\/strong><\/h2>\n<p><img loading=\"lazy\" decoding=\"async\" class=\"alignnone size-full wp-image-11277\" src=\"https:\/\/moverdb.com\/wp-content\/uploads\/Brimar-Relocations-international-moving-company.png\" alt=\"Brimar Relocations mezin\u00e1rodn\u00ed st\u011bhov\u00e1n\u00ed spole\u010dnost\" width=\"1440\" height=\"679\" data-wp-pid=\"11277\" srcset=\"https:\/\/moverdb.com\/wp-content\/uploads\/Brimar-Relocations-international-moving-company.png 1440w, https:\/\/moverdb.com\/wp-content\/uploads\/Brimar-Relocations-international-moving-company-300x141.png 300w, https:\/\/moverdb.com\/wp-content\/uploads\/Brimar-Relocations-international-moving-company-1024x483.png 1024w, https:\/\/moverdb.com\/wp-content\/uploads\/Brimar-Relocations-international-moving-company-18x8.png 18w, https:\/\/moverdb.com\/wp-content\/uploads\/Brimar-Relocations-international-moving-company-600x283.png 600w\" sizes=\"auto, (max-width: 1440px) 100vw, 1440px\" \/><\/p>\n<ul>\n<li>St\u011bhov\u00e1n\u00ed na n\u00e1rodn\u00ed \u00farovni<\/li>\n<li>Mezin\u00e1rodn\u00ed p\u0159esuny<\/li>\n<li>St\u011bhov\u00e1n\u00ed dom\u00e1cnost\u00ed<\/li>\n<li>St\u011bhov\u00e1n\u00ed firem<\/li>\n<li>Slu\u017eba od dve\u0159\u00ed ke dve\u0159\u00edm<\/li>\n<li>Dopravn\u00ed opat\u0159en\u00ed<\/li>\n<li>Celn\u00ed podpora<\/li>\n<li>Manipulace s v\u00fdtvarn\u00fdm um\u011bn\u00edm<\/li>\n<li>Poji\u0161t\u011bn\u00ed<\/li>\n<li>Skladovac\u00ed prostory<\/li>\n<\/ul>\n<p>Brimar Relocations je mezin\u00e1rodn\u00ed st\u011bhovac\u00ed spole\u010dnost zalo\u017een\u00e1 v roce 2007, kter\u00e1 s\u00eddl\u00ed ve Stamfordu a m\u00e1 kancel\u00e1\u0159 v... <a href=\"https:\/\/moverdb.com\/cs\/moving-to-france\/moving-to-paris\/\" data-internallinksmanager029f6b8e52c=\"407\" title=\"St\u011bhujete se do Pa\u0159\u00ed\u017ee? 2026 N\u00e1klady na bydlen\u00ed a tipy na st\u011bhov\u00e1n\u00ed\">Paris<\/a>. Maj\u00ed rozvinutou s\u00ed\u0165 agent\u016f po cel\u00e9m sv\u011bt\u011b, kte\u0159\u00ed jim pom\u00e1haj\u00ed p\u0159i prov\u00e1d\u011bn\u00ed mezin\u00e1rodn\u00edch p\u0159esun\u016f. Jsou \u010dlenem IAM se 14 lety zku\u0161enost\u00ed.<\/p>\n<p>Spole\u010dnost Brimar Relocation nab\u00edz\u00ed vnitrost\u00e1tn\u00ed a mezin\u00e1rodn\u00ed st\u011bhov\u00e1n\u00ed a st\u011bhovac\u00ed slu\u017eby a specializuje se na st\u011bhov\u00e1n\u00ed firem a dok\u00e1\u017ee zpracovat v\u00fdtvarn\u00e9 um\u011bn\u00ed. Poskytuje st\u011bhovac\u00ed slu\u017eby od dve\u0159\u00ed ke dve\u0159\u00edm, kdy zajist\u00ed p\u0159epravu va\u0161ich v\u011bc\u00ed na m\u00edsto ur\u010den\u00ed, co\u017e m\u016f\u017ee zahrnovat i p\u0159epravn\u00ed a skladovac\u00ed slu\u017eby a z\u00e1kladn\u00ed poji\u0161t\u011bn\u00ed.<\/p>\n<p>Webov\u00e9 str\u00e1nky: <a href=\"http:\/\/www.brimarrelo.com\" target=\"_blank\" rel=\"noopener\">http:\/\/www.brimarrelo.com<\/a><\/p>\n<h2><strong>2. Meyer<\/strong><\/h2>\n<p><img loading=\"lazy\" decoding=\"async\" class=\"alignnone size-full wp-image-11376\" src=\"https:\/\/moverdb.com\/wp-content\/uploads\/Meyer-international-moving-company.png\" alt=\"Meyer mezin\u00e1rodn\u00ed st\u011bhov\u00e1n\u00ed spole\u010dnost\" width=\"1440\" height=\"680\" data-wp-pid=\"11376\" srcset=\"https:\/\/moverdb.com\/wp-content\/uploads\/Meyer-international-moving-company.png 1440w, https:\/\/moverdb.com\/wp-content\/uploads\/Meyer-international-moving-company-300x142.png 300w, https:\/\/moverdb.com\/wp-content\/uploads\/Meyer-international-moving-company-1024x484.png 1024w, https:\/\/moverdb.com\/wp-content\/uploads\/Meyer-international-moving-company-18x9.png 18w, https:\/\/moverdb.com\/wp-content\/uploads\/Meyer-international-moving-company-600x283.png 600w\" sizes=\"auto, (max-width: 1440px) 100vw, 1440px\" \/><\/p>\n<ul>\n<li>M\u00edstn\u00ed a d\u00e1lkov\u00e9 p\u0159esuny<\/li>\n<li>Mezin\u00e1rodn\u00ed st\u011bhov\u00e1n\u00ed<\/li>\n<li>St\u011bhov\u00e1n\u00ed obytn\u00fdch budov<\/li>\n<li>St\u011bhov\u00e1n\u00ed kancel\u00e1\u0159\u00ed<\/li>\n<li>St\u011bhov\u00e1n\u00ed firem<\/li>\n<li>Slu\u017eba od dve\u0159\u00ed ke dve\u0159\u00edm<\/li>\n<li>Vyhrazen\u00fd koordin\u00e1tor st\u011bhov\u00e1n\u00ed<\/li>\n<li>Mo\u017enosti balen\u00ed<\/li>\n<li><a href=\"https:\/\/moverdb.com\/cs\/car-transport-shipping\/\" data-internallinksmanager029f6b8e52c=\"2\" title=\"2026 Mezin\u00e1rodn\u00ed p\u0159eprava automobil\u016f &amp; P\u0159eprava vozidel Citace\">P\u0159eprava vozidel<\/a><\/li>\n<li>\u0158e\u0161en\u00ed pro ukl\u00e1d\u00e1n\u00ed dat<\/li>\n<\/ul>\n<p>Spole\u010dnost Meyer je logistick\u00e1, st\u011bhovac\u00ed a skladovac\u00ed spole\u010dnost zalo\u017een\u00e1 v roce 1915 se s\u00eddlem ve Stratfordu. Je sou\u010d\u00e1st\u00ed s\u00edt\u011b United Van Lines, kter\u00e1 j\u00ed poskytuje p\u0159\u00edstup ke st\u011bhovac\u00edm spole\u010dnostem, kter\u00e9 ji podporuj\u00ed p\u0159i poskytov\u00e1n\u00ed jej\u00edch slu\u017eeb. Je \u010dlenem IAM se 108 lety zku\u0161enost\u00ed.<\/p>\n<p>Spole\u010dnost Meyer nab\u00edz\u00ed konzultace k posouzen\u00ed va\u0161ich po\u017eadavk\u016f na st\u011bhov\u00e1n\u00ed a jeho objemu. Poskytuj\u00ed specializovan\u00e9ho koordin\u00e1tora st\u011bhov\u00e1n\u00ed, kter\u00fd se postar\u00e1 o v\u0161echny aspekty va\u0161eho st\u011bhov\u00e1n\u00ed. Vyhledaj\u00ed nejlep\u0161\u00ed \u0159e\u0161en\u00ed st\u011bhov\u00e1n\u00ed pro va\u0161e pot\u0159eby a poskytnou slu\u017eby od dve\u0159\u00ed ke dve\u0159\u00edm s mo\u017enost\u00ed kompletn\u00edho balic\u00edho servisu nebo vlastn\u00edho balen\u00ed.<\/p>\n<p>Webov\u00e9 str\u00e1nky: <a href=\"http:\/\/www.williambmeyer.com\" target=\"_blank\" rel=\"noopener\">http:\/\/www.williambmeyer.com<\/a><\/p>\n<h2><strong>3. WorldCare Pet Transport<\/strong><\/h2>\n<p><img loading=\"lazy\" decoding=\"async\" class=\"alignnone size-full wp-image-11481\" src=\"https:\/\/moverdb.com\/wp-content\/uploads\/WorldCare-Pet-Transport-international-moving-company.png\" alt=\"WorldCare Pet Transport mezin\u00e1rodn\u00ed st\u011bhov\u00e1n\u00ed spole\u010dnost\" width=\"1440\" height=\"683\" data-wp-pid=\"11481\" srcset=\"https:\/\/moverdb.com\/wp-content\/uploads\/WorldCare-Pet-Transport-international-moving-company.png 1440w, https:\/\/moverdb.com\/wp-content\/uploads\/WorldCare-Pet-Transport-international-moving-company-300x142.png 300w, https:\/\/moverdb.com\/wp-content\/uploads\/WorldCare-Pet-Transport-international-moving-company-1024x486.png 1024w, https:\/\/moverdb.com\/wp-content\/uploads\/WorldCare-Pet-Transport-international-moving-company-18x9.png 18w, https:\/\/moverdb.com\/wp-content\/uploads\/WorldCare-Pet-Transport-international-moving-company-600x285.png 600w\" sizes=\"auto, (max-width: 1440px) 100vw, 1440px\" \/><\/p>\n<ul>\n<li>Celost\u00e1tn\u00ed slu\u017eba<\/li>\n<li>Mezin\u00e1rodn\u00ed slu\u017eba<\/li>\n<li>Soukrom\u00e9 st\u011bhov\u00e1n\u00ed dom\u00e1c\u00edch mazl\u00ed\u010dk\u016f<\/li>\n<li>St\u011bhov\u00e1n\u00ed firemn\u00edch mazl\u00ed\u010dk\u016f<\/li>\n<li>Komplexn\u00ed slu\u017eby<\/li>\n<li>Slu\u017eba od dve\u0159\u00ed ke dve\u0159\u00edm<\/li>\n<li>P\u00e9\u010de o v\u0161echny druhy dom\u00e1c\u00edch zv\u00ed\u0159at<\/li>\n<li>Zaji\u0161t\u011bn\u00ed efektivn\u00ed p\u0159epravy<\/li>\n<li>Letov\u00ed dopravci<\/li>\n<li>Veterin\u00e1rn\u00ed slu\u017eby<\/li>\n<\/ul>\n<p>WorldCare Pet Transport je mezin\u00e1rodn\u00ed p\u0159epravn\u00ed spole\u010dnost, kter\u00e1 p\u016fsob\u00ed ji\u017e v\u00edce ne\u017e 10 let. Spolupracuje se st\u011bhov\u00e1ky, firmami zab\u00fdvaj\u00edc\u00edmi se \u0159\u00edzen\u00edm st\u011bhov\u00e1n\u00ed a personalisty. Jsou registrov\u00e1ni u americk\u00e9ho ministerstva zem\u011bd\u011blstv\u00ed (USDA) jako okam\u017eit\u00fd p\u0159epravce. Jsou \u010dlenem IAM s 22 lety zku\u0161enost\u00ed.<\/p>\n<p>Spole\u010dnost WorldCare Pet Transport poskytuje komplexn\u00ed slu\u017ebu st\u011bhov\u00e1n\u00ed dom\u00e1c\u00edch mazl\u00ed\u010dk\u016f, p\u0159i kter\u00e9 vyzvedne a doru\u010d\u00ed va\u0161eho dom\u00e1c\u00edho mazl\u00ed\u010dka kamkoli na sv\u011bt\u011b. Zaji\u0161\u0165uje ve\u0161ker\u00e1 cestovn\u00ed opat\u0159en\u00ed, zaji\u0161\u0165uje nejp\u0159\u00edm\u011bj\u0161\u00ed a cenov\u011b nejv\u00fdhodn\u011bj\u0161\u00ed lety a poskytuje schv\u00e1len\u00e9 p\u0159epravn\u00ed prost\u0159edky v\u0161ech velikost\u00ed. Zajist\u00ed veterin\u00e1rn\u00ed slu\u017eby v\u010detn\u011b zdravotn\u00edch prohl\u00eddek, krevn\u00edch vzork\u016f, certifik\u00e1t\u016f a mikro\u010dip\u016f.<\/p>\n<p>Webov\u00e9 str\u00e1nky: <a href=\"http:\/\/www.WorldCarePet.com\" target=\"_blank\" rel=\"noopener\">http:\/\/www.WorldCarePet.com<\/a><\/p>","protected":false},"excerpt":{"rendered":"<p>If you are moving, you may want to employ the services of a moving company to support and lessen the load. They can help with planning the move, packing your belongings, arranging transport and handling customs for international moves. Below we have compiled a list of Connecticut based removal companies that are members of the [&hellip;]<\/p>\n","protected":false},"author":4,"featured_media":11277,"parent":190,"menu_order":0,"comment_status":"closed","ping_status":"closed","template":"","meta":{"_genesis_hide_title":false,"_genesis_hide_breadcrumbs":false,"_genesis_hide_singular_image":false,"_genesis_hide_footer_widgets":false,"_genesis_custom_body_class":"","_genesis_custom_post_class":"","_genesis_layout":"","footnotes":""},"class_list":{"0":"post-11556","1":"page","2":"type-page","3":"status-publish","4":"has-post-thumbnail","6":"entry"},"_links":{"self":[{"href":"https:\/\/moverdb.com\/cs\/wp-json\/wp\/v2\/pages\/11556","targetHints":{"allow":["GET"]}}],"collection":[{"href":"https:\/\/moverdb.com\/cs\/wp-json\/wp\/v2\/pages"}],"about":[{"href":"https:\/\/moverdb.com\/cs\/wp-json\/wp\/v2\/types\/page"}],"author":[{"embeddable":true,"href":"https:\/\/moverdb.com\/cs\/wp-json\/wp\/v2\/users\/4"}],"replies":[{"embeddable":true,"href":"https:\/\/moverdb.com\/cs\/wp-json\/wp\/v2\/comments?post=11556"}],"version-history":[{"count":1,"href":"https:\/\/moverdb.com\/cs\/wp-json\/wp\/v2\/pages\/11556\/revisions"}],"predecessor-version":[{"id":11557,"href":"https:\/\/moverdb.com\/cs\/wp-json\/wp\/v2\/pages\/11556\/revisions\/11557"}],"up":[{"embeddable":true,"href":"https:\/\/moverdb.com\/cs\/wp-json\/wp\/v2\/pages\/190"}],"wp:featuredmedia":[{"embeddable":true,"href":"https:\/\/moverdb.com\/cs\/wp-json\/wp\/v2\/media\/11277"}],"wp:attachment":[{"href":"https:\/\/moverdb.com\/cs\/wp-json\/wp\/v2\/media?parent=11556"}],"curies":[{"name":"wp","href":"https:\/\/api.w.org\/{rel}","templated":true}]}}