{"id":11546,"date":"2023-11-29T10:47:36","date_gmt":"2023-11-29T10:47:36","guid":{"rendered":"https:\/\/moverdb.com\/?page_id=11546"},"modified":"2026-01-08T15:25:02","modified_gmt":"2026-01-08T15:25:02","slug":"moving-companies-us-alaska","status":"publish","type":"page","link":"https:\/\/moverdb.com\/cs\/moving-companies\/moving-companies-us-alaska\/","title":{"rendered":"5 nejlep\u0161\u00edch mezin\u00e1rodn\u00edch st\u011bhovac\u00edch spole\u010dnost\u00ed na Alja\u0161ce"},"content":{"rendered":"<p>Pokud v sou\u010dasn\u00e9 dob\u011b \u017eijete v <a href=\"https:\/\/moverdb.com\/cs\/moving-to-the-united-states\/moving-to-alaska\/\" data-internallinksmanager029f6b8e52c=\"384\" title=\"St\u011bhov\u00e1n\u00ed na Alja\u0161ku? 2026 N\u00e1klady na bydlen\u00ed a tipy na st\u011bhov\u00e1n\u00ed\">Alja\u0161ka<\/a> a pl\u00e1nujete st\u011bhov\u00e1n\u00ed nebo se st\u011bhujete na Alja\u0161ku ze zahrani\u010d\u00ed, mo\u017en\u00e1 budete cht\u00edt vyu\u017e\u00edt slu\u017eeb st\u011bhovac\u00ed spole\u010dnosti, kter\u00e1 v\u00e1m pom\u016f\u017ee. <a href=\"https:\/\/moverdb.com\/cs\/moving-companies\/\" data-internallinksmanager029f6b8e52c=\"79\" title=\"Top 25 Mezin\u00e1rodn\u00ed st\u011bhovac\u00ed spole\u010dnosti Online\">St\u011bhovac\u00ed spole\u010dnosti<\/a> v\u00e1m m\u016f\u017ee uleh\u010dit pr\u00e1ci a tlak t\u00edm, \u017ee zabal\u00ed, nalo\u017e\u00ed a p\u0159eprav\u00ed va\u0161e v\u011bci. N\u00ed\u017ee jsme pro v\u00e1s p\u0159ipravili seznam firem, kter\u00e9 se na Alja\u0161ce nach\u00e1zej\u00ed. <a href=\"https:\/\/moverdb.com\/cs\/international-removals\/\" data-internallinksmanager029f6b8e52c=\"27\" title=\"36 nejlep\u0161\u00edch mezin\u00e1rodn\u00edch st\u011bhovac\u00edch spole\u010dnost\u00ed ve Velk\u00e9 Brit\u00e1nii\">st\u011bhovac\u00ed firmy<\/a> kter\u00e9 jsou \u010dleny <a href=\"https:\/\/moverdb.com\/cs\/iam\/\" data-internallinksmanager029f6b8e52c=\"23\" title=\"Vysv\u011btlen\u00ed Mezin\u00e1rodn\u00ed asociace st\u011bhov\u00e1k\u016f (IAM)\">Mezin\u00e1rodn\u00ed asociace st\u011bhov\u00e1k\u016f<\/a> (IAM) a\/nebo <a href=\"https:\/\/moverdb.com\/cs\/fidi-faim\/\" data-internallinksmanager029f6b8e52c=\"16\" title=\"Vysv\u011btlen\u00ed FIDI a FAIM (FIDI Accredited International Mover)\">FIDI<\/a> Akreditovan\u00e9 mezin\u00e1rodn\u00ed st\u011bhov\u00e1n\u00ed (FAIM), kter\u00e9 by v\u00e1m mohlo pomoci se st\u011bhov\u00e1n\u00edm.<\/p>\n<div id=\"ez-toc-container\" class=\"ez-toc-v2_0_82_2 ez-toc-wrap-left counter-hierarchy ez-toc-counter ez-toc-transparent ez-toc-container-direction\">\n<div class=\"ez-toc-title-container\">\n<p class=\"ez-toc-title\" style=\"cursor:inherit\">Sekce<\/p>\n<span class=\"ez-toc-title-toggle\"><a href=\"#\" class=\"ez-toc-pull-right ez-toc-btn ez-toc-btn-xs ez-toc-btn-default ez-toc-toggle\" aria-label=\"P\u0159epnut\u00ed tabulky obsahu\"><span class=\"ez-toc-js-icon-con\"><span class=\"\"><span class=\"eztoc-hide\" style=\"display:none;\">P\u0159ep\u00edna\u010d<\/span><span class=\"ez-toc-icon-toggle-span\"><svg style=\"fill: #999;color:#999\" xmlns=\"http:\/\/www.w3.org\/2000\/svg\" class=\"list-377408\" width=\"20px\" height=\"20px\" viewbox=\"0 0 24 24\" fill=\"none\"><path d=\"M6 6H4v2h2V6zm14 0H8v2h12V6zM4 11h2v2H4v-2zm16 0H8v2h12v-2zM4 16h2v2H4v-2zm16 0H8v2h12v-2z\" fill=\"currentColor\"><\/path><\/svg><svg style=\"fill: #999;color:#999\" class=\"arrow-unsorted-368013\" xmlns=\"http:\/\/www.w3.org\/2000\/svg\" width=\"10px\" height=\"10px\" viewbox=\"0 0 24 24\" version=\"1.2\" baseprofile=\"tiny\"><path d=\"M18.2 9.3l-6.2-6.3-6.2 6.3c-.2.2-.3.4-.3.7s.1.5.3.7c.2.2.4.3.7.3h11c.3 0 .5-.1.7-.3.2-.2.3-.5.3-.7s-.1-.5-.3-.7zM5.8 14.7l6.2 6.3 6.2-6.3c.2-.2.3-.5.3-.7s-.1-.5-.3-.7c-.2-.2-.4-.3-.7-.3h-11c-.3 0-.5.1-.7.3-.2.2-.3.5-.3.7s.1.5.3.7z\"\/><\/svg><\/span><\/span><\/span><\/a><\/span><\/div>\n<nav><ul class='ez-toc-list ez-toc-list-level-1 eztoc-toggle-hide-by-default' ><li class='ez-toc-page-1 ez-toc-heading-level-2'><a class=\"ez-toc-link ez-toc-heading-1\" href=\"https:\/\/moverdb.com\/cs\/moving-companies\/moving-companies-us-alaska\/#1_Alisons_Relocations\" >1. P\u0159em\u00edst\u011bn\u00ed Alison\u016f<\/a><\/li><li class='ez-toc-page-1 ez-toc-heading-level-2'><a class=\"ez-toc-link ez-toc-heading-2\" href=\"https:\/\/moverdb.com\/cs\/moving-companies\/moving-companies-us-alaska\/#2_Continental_Van_Lines\" >2. Continental Van Lines<\/a><\/li><li class='ez-toc-page-1 ez-toc-heading-level-2'><a class=\"ez-toc-link ez-toc-heading-3\" href=\"https:\/\/moverdb.com\/cs\/moving-companies\/moving-companies-us-alaska\/#3_Golden_North_Van_Lines\" >3. Golden North Van Lines<\/a><\/li><li class='ez-toc-page-1 ez-toc-heading-level-2'><a class=\"ez-toc-link ez-toc-heading-4\" href=\"https:\/\/moverdb.com\/cs\/moving-companies\/moving-companies-us-alaska\/#4_Royal_Alaskan_Movers\" >4. Royal Alaskan Movers<\/a><\/li><li class='ez-toc-page-1 ez-toc-heading-level-2'><a class=\"ez-toc-link ez-toc-heading-5\" href=\"https:\/\/moverdb.com\/cs\/moving-companies\/moving-companies-us-alaska\/#5_Sourdough_Express\" >5. Sourdough Express<\/a><\/li><\/ul><\/nav><\/div>\n<h2><span class=\"ez-toc-section\" id=\"1_Alisons_Relocations\"><\/span><strong>1. P\u0159em\u00edst\u011bn\u00ed Alison\u016f<\/strong><span class=\"ez-toc-section-end\"><\/span><\/h2>\n<p><img loading=\"lazy\" decoding=\"async\" class=\"alignnone size-full wp-image-11250\" src=\"https:\/\/moverdb.com\/wp-content\/uploads\/Alisons-Relocation-international-moving-company.png\" alt=\"Alisons P\u0159em\u00edst\u011bn\u00ed mezin\u00e1rodn\u00ed st\u011bhov\u00e1n\u00ed spole\u010dnost\" width=\"1440\" height=\"678\" data-wp-pid=\"11250\" srcset=\"https:\/\/moverdb.com\/wp-content\/uploads\/Alisons-Relocation-international-moving-company.png 1440w, https:\/\/moverdb.com\/wp-content\/uploads\/Alisons-Relocation-international-moving-company-300x141.png 300w, https:\/\/moverdb.com\/wp-content\/uploads\/Alisons-Relocation-international-moving-company-1024x482.png 1024w, https:\/\/moverdb.com\/wp-content\/uploads\/Alisons-Relocation-international-moving-company-18x8.png 18w, https:\/\/moverdb.com\/wp-content\/uploads\/Alisons-Relocation-international-moving-company-600x283.png 600w\" sizes=\"auto, (max-width: 1440px) 100vw, 1440px\" \/><\/p>\n<ul>\n<li>St\u011bhov\u00e1n\u00ed na n\u00e1rodn\u00ed \u00farovni<\/li>\n<li>Mezin\u00e1rodn\u00ed p\u0159esuny<\/li>\n<li>St\u011bhov\u00e1n\u00ed do obytn\u00fdch prostor<\/li>\n<li>St\u011bhov\u00e1n\u00ed kancel\u00e1\u0159\u00ed a pr\u016fmyslov\u00fdch podnik\u016f<\/li>\n<li>P\u0159em\u00edst\u011bn\u00ed spole\u010dnosti<\/li>\n<li>Slu\u017eba od dve\u0159\u00ed ke dve\u0159\u00edm<\/li>\n<li>Mo\u017enosti balen\u00ed<\/li>\n<li>P\u0159eprava po mo\u0159i, letecky, kamiony a po \u017eeleznici<\/li>\n<li>Celn\u00ed zprost\u0159edkov\u00e1n\u00ed<\/li>\n<li>Skladovac\u00ed prostory<\/li>\n<\/ul>\n<p>Alison's Relocations je st\u011bhovac\u00ed a skladovac\u00ed spole\u010dnost zalo\u017een\u00e1 v roce 1998 v Anchorage. Je \u010dlenem IAM s 26letou zku\u0161enost\u00ed, kter\u00e1 jim poskytuje podporu mezin\u00e1rodn\u00ed s\u00edt\u011b st\u011bhovac\u00edch agent\u016f.<\/p>\n<p>Spole\u010dnost Alison's Relocations nab\u00edz\u00ed st\u011bhovac\u00ed slu\u017eby od dve\u0159\u00ed ke dve\u0159\u00edm s jedin\u00fdm kontaktn\u00edm m\u00edstem. Nab\u00edz\u00ed v\u00fdb\u011br balic\u00edch slu\u017eeb, kter\u00e9 zahrnuj\u00ed kompletn\u00ed slu\u017eby, \u010d\u00e1ste\u010dn\u00e9 balen\u00ed k\u0159ehk\u00fdch p\u0159edm\u011bt\u016f a n\u00e1bytku, vlastn\u00ed balen\u00ed a mo\u017enost vlastn\u00edho balen\u00ed a nakl\u00e1d\u00e1n\u00ed. Jejich balic\u00ed slu\u017eba vycpe a zabal\u00ed n\u00e1bytek a bezpe\u010dn\u011b zabal\u00ed ve\u0161ker\u00e9 zbo\u017e\u00ed, kter\u00e9 lze zabalit do krabic. P\u0159evezou va\u0161e v\u011bci, sleduj\u00ed jejich pohyb ve sv\u00e9m syst\u00e9mu pro spr\u00e1vu st\u011bhov\u00e1n\u00ed a vy\u0159\u00edd\u00ed celn\u00ed z\u00e1le\u017eitosti.<\/p>\n<p>Webov\u00e9 str\u00e1nky: <a href=\"https:\/\/alisonsrelo.com\/\" target=\"_blank\" rel=\"noopener\">https:\/\/alisonsrelo.com\/<\/a><\/p>\n<h2><span class=\"ez-toc-section\" id=\"2_Continental_Van_Lines\"><\/span><strong>2. Continental Van Lines<\/strong><span class=\"ez-toc-section-end\"><\/span><\/h2>\n<p><img loading=\"lazy\" decoding=\"async\" class=\"alignnone size-full wp-image-11295\" src=\"https:\/\/moverdb.com\/wp-content\/uploads\/Continental-Van-Lines-moving-company.png\" alt=\"Continental Van Lines st\u011bhov\u00e1n\u00ed spole\u010dnost\" width=\"1440\" height=\"680\" data-wp-pid=\"11295\" srcset=\"https:\/\/moverdb.com\/wp-content\/uploads\/Continental-Van-Lines-moving-company.png 1440w, https:\/\/moverdb.com\/wp-content\/uploads\/Continental-Van-Lines-moving-company-300x142.png 300w, https:\/\/moverdb.com\/wp-content\/uploads\/Continental-Van-Lines-moving-company-1024x484.png 1024w, https:\/\/moverdb.com\/wp-content\/uploads\/Continental-Van-Lines-moving-company-18x9.png 18w, https:\/\/moverdb.com\/wp-content\/uploads\/Continental-Van-Lines-moving-company-600x283.png 600w\" sizes=\"auto, (max-width: 1440px) 100vw, 1440px\" \/><\/p>\n<ul>\n<li>St\u011bhov\u00e1n\u00ed na n\u00e1rodn\u00ed \u00farovni<\/li>\n<li>Mezin\u00e1rodn\u00ed p\u0159esuny<\/li>\n<li>St\u011bhov\u00e1n\u00ed do obytn\u00fdch prostor<\/li>\n<li>Obchodn\u00ed kroky<\/li>\n<li>Slu\u017eba od dve\u0159\u00ed ke dve\u0159\u00edm<\/li>\n<li>Podpora balen\u00ed<\/li>\n<li>Zaji\u0161t\u011bn\u00ed dopravy<\/li>\n<li>Pomoc p\u0159i celn\u00edm odbaven\u00ed<\/li>\n<li>P\u0159eprava vozidel<\/li>\n<li>Skladovac\u00ed prostory<\/li>\n<\/ul>\n<p>Continental Van Lines je st\u011bhovac\u00ed spole\u010dnost s kompletn\u00edmi slu\u017ebami, kter\u00e1 byla zalo\u017eena v roce 1952 a m\u00e1 pobo\u010dky v Anchorage, Fife a Tacom\u011b. Je \u010dlenem IAM se 77 lety zku\u0161enost\u00ed a m\u00e1 akreditaci FIDI. Jsou tak\u00e9 sou\u010d\u00e1st\u00ed s\u00edt\u00ed v\u010detn\u011b Van Lines, co\u017e jim poskytuje mezin\u00e1rodn\u00ed s\u00edt\u011b st\u011bhovac\u00edch agent\u016f, se kter\u00fdmi mohou spolupracovat.<\/p>\n<p>Koordin\u00e1to\u0159i st\u011bhov\u00e1n\u00ed spole\u010dnosti Continental Van Lines vytvo\u0159\u00ed pl\u00e1n st\u011bhov\u00e1n\u00ed na m\u00edru va\u0161im pot\u0159eb\u00e1m a rozpo\u010dtu, a\u0165 u\u017e se jedn\u00e1 o st\u011bhov\u00e1n\u00ed \"ud\u011blej si s\u00e1m\", nebo o kompletn\u00ed \u0159e\u0161en\u00ed v b\u00edl\u00fdch rukavi\u010dk\u00e1ch. Nab\u00edzej\u00ed kompletn\u00ed slu\u017eby v oblasti balen\u00ed a vybalov\u00e1n\u00ed, demont\u00e1\u017ee a op\u011btovn\u00e9 mont\u00e1\u017ee n\u00e1bytku a bedn\u011bn\u00ed.<\/p>\n<p>Webov\u00e9 str\u00e1nky: <a href=\"https:\/\/www.continentalvan.com\/international-mover\/\" target=\"_blank\" rel=\"noopener\">https:\/\/www.continentalvan.com\/international-mover\/<\/a><\/p>\n<h2><span class=\"ez-toc-section\" id=\"3_Golden_North_Van_Lines\"><\/span><strong>3. Golden North Van Lines<\/strong><span class=\"ez-toc-section-end\"><\/span><\/h2>\n<p><img loading=\"lazy\" decoding=\"async\" class=\"alignnone size-full wp-image-11329\" src=\"https:\/\/moverdb.com\/wp-content\/uploads\/Golden-North-Van-Lines-international-moving-company.png\" alt=\"Golden North Van Lines mezin\u00e1rodn\u00ed st\u011bhov\u00e1n\u00ed spole\u010dnost\" width=\"1440\" height=\"681\" data-wp-pid=\"11329\" srcset=\"https:\/\/moverdb.com\/wp-content\/uploads\/Golden-North-Van-Lines-international-moving-company.png 1440w, https:\/\/moverdb.com\/wp-content\/uploads\/Golden-North-Van-Lines-international-moving-company-300x142.png 300w, https:\/\/moverdb.com\/wp-content\/uploads\/Golden-North-Van-Lines-international-moving-company-1024x484.png 1024w, https:\/\/moverdb.com\/wp-content\/uploads\/Golden-North-Van-Lines-international-moving-company-18x9.png 18w, https:\/\/moverdb.com\/wp-content\/uploads\/Golden-North-Van-Lines-international-moving-company-600x284.png 600w\" sizes=\"auto, (max-width: 1440px) 100vw, 1440px\" \/><\/p>\n<ul>\n<li>St\u011bhov\u00e1n\u00ed na n\u00e1rodn\u00ed \u00farovni<\/li>\n<li>Mezin\u00e1rodn\u00ed p\u0159esuny<\/li>\n<li>St\u011bhov\u00e1n\u00ed do obytn\u00fdch prostor<\/li>\n<li>Obchodn\u00ed a kancel\u00e1\u0159sk\u00e9 st\u011bhov\u00e1n\u00ed<\/li>\n<li>Slu\u017eby na m\u00edru<\/li>\n<li>Balic\u00ed slu\u017eba<\/li>\n<li>Dopravn\u00ed opat\u0159en\u00ed<\/li>\n<li>Celn\u00ed podpora<\/li>\n<li>Slu\u017eby Concierge<\/li>\n<li>Kr\u00e1tkodob\u00e9 a dlouhodob\u00e9 skladov\u00e1n\u00ed<\/li>\n<\/ul>\n<p>Golden North Van Lines je st\u011bhovac\u00ed spole\u010dnost zalo\u017een\u00e1 v roce 1976 s kancel\u00e1\u0159emi v Anchorage a Fairbanks. Je agentem spole\u010dnosti Van Lines a m\u00e1 p\u0159\u00edstup k mezin\u00e1rodn\u00ed s\u00edti st\u011bhovac\u00edch spole\u010dnost\u00ed, kter\u00e9 jim pom\u00e1haj\u00ed se st\u011bhov\u00e1n\u00edm po cel\u00e9m sv\u011bt\u011b. Je \u010dlenem IAM a m\u00e1 49 let zku\u0161enost\u00ed.<\/p>\n<p>Spole\u010dnost Golden North Van Lines nab\u00edz\u00ed st\u011bhov\u00e1n\u00ed a st\u011bhovac\u00ed slu\u017eby na m\u00edru na n\u00e1rodn\u00ed i mezin\u00e1rodn\u00ed \u00farovni. Jej\u00ed st\u011bhovac\u00ed slu\u017eby zahrnuj\u00ed st\u011bhov\u00e1n\u00ed pro dom\u00e1cnosti a firmy ve stylu concierge. Nab\u00edzej\u00ed balic\u00ed slu\u017eby pro ochranu va\u0161ich v\u011bc\u00ed p\u0159i p\u0159eprav\u011b a zajist\u00ed bezpe\u010dnou p\u0159epravu va\u0161ich v\u011bc\u00ed do m\u00edsta ur\u010den\u00ed.<\/p>\n<p>Webov\u00e9 str\u00e1nky: <a href=\"https:\/\/www.goldennorthvanlines.com\/\" target=\"_blank\" rel=\"noopener\">https:\/\/www.goldennorthvanlines.com\/<\/a><\/p>\n<h2><span class=\"ez-toc-section\" id=\"4_Royal_Alaskan_Movers\"><\/span><strong>4. Royal Alaskan Movers<\/strong><span class=\"ez-toc-section-end\"><\/span><\/h2>\n<p><img loading=\"lazy\" decoding=\"async\" class=\"alignnone size-full wp-image-11428\" src=\"https:\/\/moverdb.com\/wp-content\/uploads\/Royal-Alaskan-Movers-international-moving-company.png\" alt=\"Royal Alaskan Movers mezin\u00e1rodn\u00ed st\u011bhov\u00e1n\u00ed spole\u010dnost\" width=\"1440\" height=\"680\" data-wp-pid=\"11428\" srcset=\"https:\/\/moverdb.com\/wp-content\/uploads\/Royal-Alaskan-Movers-international-moving-company.png 1440w, https:\/\/moverdb.com\/wp-content\/uploads\/Royal-Alaskan-Movers-international-moving-company-300x142.png 300w, https:\/\/moverdb.com\/wp-content\/uploads\/Royal-Alaskan-Movers-international-moving-company-1024x484.png 1024w, https:\/\/moverdb.com\/wp-content\/uploads\/Royal-Alaskan-Movers-international-moving-company-18x9.png 18w, https:\/\/moverdb.com\/wp-content\/uploads\/Royal-Alaskan-Movers-international-moving-company-600x283.png 600w\" sizes=\"auto, (max-width: 1440px) 100vw, 1440px\" \/><\/p>\n<ul>\n<li>M\u00edstn\u00ed a vnitrost\u00e1tn\u00ed st\u011bhov\u00e1n\u00ed<\/li>\n<li>Mezin\u00e1rodn\u00ed st\u011bhov\u00e1n\u00ed<\/li>\n<li>St\u011bhov\u00e1n\u00ed dom\u00e1cnost\u00ed<\/li>\n<li>P\u0159em\u00edst\u011bn\u00ed podnik\u016f<\/li>\n<li>Individu\u00e1ln\u00ed slu\u017eby<\/li>\n<li>Pl\u00e1n st\u011bhov\u00e1n\u00ed<\/li>\n<li>Balic\u00ed slu\u017eba<\/li>\n<li>Pozemn\u00ed, n\u00e1mo\u0159n\u00ed a leteck\u00e1 doprava<\/li>\n<li>P\u0159eprava vozidel<\/li>\n<li>Skladovac\u00ed prostory<\/li>\n<\/ul>\n<p>Spole\u010dnost Royal Alaskan Movers byla zalo\u017eena v roce 2010 a s\u00eddl\u00ed v Anchorage. Je sou\u010d\u00e1st\u00ed spole\u010dnosti The DeWitt Companies, kter\u00e1 j\u00ed poskytuje zku\u0161enosti a podporu p\u0159i st\u011bhov\u00e1n\u00ed po cel\u00e9m sv\u011bt\u011b. Jsou \u010dlenem IAM s 13 lety zku\u0161enost\u00ed.<\/p>\n<p>Spole\u010dnost Royal Alaskan Movers nab\u00edz\u00ed individu\u00e1ln\u00ed st\u011bhovac\u00ed slu\u017eby s virtu\u00e1ln\u00edm pr\u016fzkumem, kter\u00fd posoud\u00ed va\u0161e po\u017eadavky na st\u011bhov\u00e1n\u00ed a poskytne v\u00e1m cenovou nab\u00eddku. Vyhled\u00e1 pro v\u00e1s nejefektivn\u011bj\u0161\u00ed a cenov\u011b nejv\u00fdhodn\u011bj\u0161\u00ed variantu st\u011bhov\u00e1n\u00ed a skladov\u00e1n\u00ed, kter\u00e1 bude vyhovovat va\u0161im pot\u0159eb\u00e1m. Poskytuj\u00ed kompletn\u00ed balic\u00ed slu\u017eby a po p\u0159\u00edjezdu v\u00e1m n\u00e1bytek zabal\u00ed a vybal\u00ed. Poskytnou v\u00e1m invent\u00e1\u0159 a zajist\u00ed p\u0159epravu kamkoli na m\u00edsto ur\u010den\u00ed.<\/p>\n<p>Webov\u00e9 str\u00e1nky: <a href=\"https:\/\/www.royalalaskanmovers.com\/\" target=\"_blank\" rel=\"noopener\">https:\/\/www.royalalaskanmovers.com\/<\/a><\/p>\n<h2><span class=\"ez-toc-section\" id=\"5_Sourdough_Express\"><\/span><strong>5. Sourdough Express<\/strong><span class=\"ez-toc-section-end\"><\/span><\/h2>\n<p><img loading=\"lazy\" decoding=\"async\" class=\"alignnone size-full wp-image-11447\" src=\"https:\/\/moverdb.com\/wp-content\/uploads\/Sordough-Express-international-moving-company.png\" alt=\"Sourdough Express mezin\u00e1rodn\u00ed st\u011bhov\u00e1n\u00ed spole\u010dnost\" width=\"1440\" height=\"680\" data-wp-pid=\"11447\" srcset=\"https:\/\/moverdb.com\/wp-content\/uploads\/Sordough-Express-international-moving-company.png 1440w, https:\/\/moverdb.com\/wp-content\/uploads\/Sordough-Express-international-moving-company-300x142.png 300w, https:\/\/moverdb.com\/wp-content\/uploads\/Sordough-Express-international-moving-company-1024x484.png 1024w, https:\/\/moverdb.com\/wp-content\/uploads\/Sordough-Express-international-moving-company-18x9.png 18w, https:\/\/moverdb.com\/wp-content\/uploads\/Sordough-Express-international-moving-company-600x283.png 600w\" sizes=\"auto, (max-width: 1440px) 100vw, 1440px\" \/><\/p>\n<ul>\n<li>M\u00edstn\u00ed a mezist\u00e1tn\u00ed p\u0159esuny<\/li>\n<li>Mezin\u00e1rodn\u00ed p\u0159esuny<\/li>\n<li>St\u011bhov\u00e1n\u00ed do obytn\u00fdch prostor<\/li>\n<li>St\u011bhov\u00e1n\u00ed firem a kancel\u00e1\u0159\u00ed<\/li>\n<li>St\u011bhov\u00e1n\u00ed zam\u011bstnanc\u016f<\/li>\n<li>Pr\u016fzkum p\u0159ed st\u011bhov\u00e1n\u00edm<\/li>\n<li>Vlastn\u00ed pl\u00e1n st\u011bhov\u00e1n\u00ed<\/li>\n<li>Balic\u00ed slu\u017eba<\/li>\n<li>Dopravn\u00ed opat\u0159en\u00ed9<\/li>\n<li>Skladovac\u00ed prostory<\/li>\n<\/ul>\n<p>Spole\u010dnost Sourdough Express je st\u011bhovac\u00ed a skladovac\u00ed spole\u010dnost se s\u00eddlem v Anchorage a Fairbanks, kter\u00e1 byla zalo\u017eena v roce 1898. Je \u010dlenem IAM se 125 lety zku\u0161enost\u00ed, co\u017e jim umo\u017e\u0148uje p\u0159\u00edstup k celosv\u011btov\u00e9 s\u00edti st\u011bhovac\u00edch spole\u010dnost\u00ed, kter\u00e9 jim mohou pomoci.<\/p>\n<p>Spole\u010dnost Sourdough Express provede p\u0159ed st\u011bhov\u00e1n\u00edm pr\u016fzkum, aby zjistila va\u0161e po\u017eadavky na st\u011bhov\u00e1n\u00ed, a pot\u00e9 vytvo\u0159\u00ed vlastn\u00ed pl\u00e1n st\u011bhov\u00e1n\u00ed a balen\u00ed pro ka\u017ed\u00fd krok va\u0161eho st\u011bhov\u00e1n\u00ed. Poskytuj\u00ed balic\u00ed slu\u017eby, p\u0159i nich\u017e vyu\u017e\u00edvaj\u00ed profesion\u00e1ln\u00ed balic\u00ed pracovn\u00edky, kte\u0159\u00ed jsou vy\u0161koleni k ochran\u011b va\u0161ich v\u011bc\u00ed p\u0159i p\u0159eprav\u011b. V p\u0159\u00edpad\u011b st\u011bhov\u00e1n\u00ed kancel\u00e1\u0159\u00ed v\u00e1m bude poskytnut st\u011bhovac\u00ed poradce, kter\u00fd pom\u016f\u017ee minimalizovat prostoje va\u0161\u00ed firmy.<\/p>\n<p>Webov\u00e9 str\u00e1nky: <a href=\"https:\/\/sourdoughexpress.com\/\" target=\"_blank\" rel=\"noopener\">https:\/\/sourdoughexpress.com\/<\/a><\/p>","protected":false},"excerpt":{"rendered":"<p>If you currently live in Alaska and are planning a move or are moving to Alaska from abroad, you might want to engage the services of a moving company to assist you. Moving companies can lighten the load and pressure on you by packing, loading and transporting your belongings. Below we have compiled a list [&hellip;]<\/p>\n","protected":false},"author":4,"featured_media":11250,"parent":190,"menu_order":0,"comment_status":"closed","ping_status":"closed","template":"","meta":{"_genesis_hide_title":false,"_genesis_hide_breadcrumbs":false,"_genesis_hide_singular_image":false,"_genesis_hide_footer_widgets":false,"_genesis_custom_body_class":"","_genesis_custom_post_class":"","_genesis_layout":"","footnotes":""},"class_list":{"0":"post-11546","1":"page","2":"type-page","3":"status-publish","4":"has-post-thumbnail","6":"entry"},"_links":{"self":[{"href":"https:\/\/moverdb.com\/cs\/wp-json\/wp\/v2\/pages\/11546","targetHints":{"allow":["GET"]}}],"collection":[{"href":"https:\/\/moverdb.com\/cs\/wp-json\/wp\/v2\/pages"}],"about":[{"href":"https:\/\/moverdb.com\/cs\/wp-json\/wp\/v2\/types\/page"}],"author":[{"embeddable":true,"href":"https:\/\/moverdb.com\/cs\/wp-json\/wp\/v2\/users\/4"}],"replies":[{"embeddable":true,"href":"https:\/\/moverdb.com\/cs\/wp-json\/wp\/v2\/comments?post=11546"}],"version-history":[{"count":1,"href":"https:\/\/moverdb.com\/cs\/wp-json\/wp\/v2\/pages\/11546\/revisions"}],"predecessor-version":[{"id":11547,"href":"https:\/\/moverdb.com\/cs\/wp-json\/wp\/v2\/pages\/11546\/revisions\/11547"}],"up":[{"embeddable":true,"href":"https:\/\/moverdb.com\/cs\/wp-json\/wp\/v2\/pages\/190"}],"wp:featuredmedia":[{"embeddable":true,"href":"https:\/\/moverdb.com\/cs\/wp-json\/wp\/v2\/media\/11250"}],"wp:attachment":[{"href":"https:\/\/moverdb.com\/cs\/wp-json\/wp\/v2\/media?parent=11546"}],"curies":[{"name":"wp","href":"https:\/\/api.w.org\/{rel}","templated":true}]}}