{"id":1076,"date":"2016-08-05T14:53:04","date_gmt":"2016-08-05T14:53:04","guid":{"rendered":"http:\/\/moverdb.com\/?page_id=1076"},"modified":"2026-01-08T15:30:39","modified_gmt":"2026-01-08T15:30:39","slug":"wheaton","status":"publish","type":"page","link":"https:\/\/moverdb.com\/cs\/wheaton\/","title":{"rendered":"Wheaton World Wide Moving: Mezin\u00e1rodn\u00ed slu\u017eby a recenze"},"content":{"rendered":"<p>Spole\u010dnost Wheaton World Wide Moving (d\u0159\u00edve Wheaton Van Lines) nab\u00edz\u00ed sv\u00fdm klient\u016fm \u0161irokou \u0161k\u00e1lu slu\u017eeb od mezin\u00e1rodn\u00edho st\u011bhov\u00e1n\u00ed a\u017e po m\u00edstn\u00ed st\u011bhov\u00e1n\u00ed. N\u00ed\u017ee jsou uvedeny tyto slu\u017eby spolu s profilem spole\u010dnosti a recenzemi.<\/p>\n<p><strong>Mezin\u00e1rodn\u00ed st\u011bhov\u00e1n\u00ed a pomoc p\u0159i st\u011bhov\u00e1n\u00ed<\/strong><\/p>\n<ul>\n<li> St\u011bhov\u00e1n\u00ed od dve\u0159\u00ed ke dve\u0159\u00edm<\/li>\n<li> Balen\u00ed - zvl\u00e1dnete to sami, k\u0159ehk\u00e9 p\u0159edm\u011bty nebo kompletn\u00ed balic\u00ed slu\u017eby<\/li>\n<li> Demont\u00e1\u017e a mont\u00e1\u017e n\u00e1bytku<\/li>\n<li> P\u0159em\u00edst\u011bn\u00ed dom\u00e1c\u00edho mazl\u00ed\u010dka<\/li>\n<li> <a href=\"https:\/\/moverdb.com\/cs\/preprava-aut-a-lodni-doprava\/\">P\u0159eprava a p\u0159em\u00edst\u011bn\u00ed vozidel<\/a><\/li>\n<li> Imigra\u010dn\u00ed slu\u017eby<\/li>\n<li> Mezikulturn\u00ed \u0161kolen\u00ed<\/li>\n<li> Jazykov\u00e1 p\u0159\u00edprava<\/li>\n<li> Slu\u017eby prodeje dom\u016f<\/li>\n<li> Spr\u00e1va nemovitost\u00ed<\/li>\n<li> N\u00e1hled slu\u017eeb pro cesty<\/li>\n<li> Pomoc p\u0159i hled\u00e1n\u00ed domova<\/li>\n<li> Vyhled\u00e1v\u00e1n\u00ed ve \u0161kole<\/li>\n<li> Orientace po p\u0159\u00edjezdu<\/li>\n<li> Podpora kari\u00e9ry partner\u016f<\/li>\n<li> Slu\u017eby \u00fadr\u017eb\u00e1\u0159\u016f a pomocn\u00edk\u016f v dom\u00e1cnosti<\/li>\n<li> Pron\u00e1jem n\u00e1bytku<\/li>\n<li> Podpora p\u0159i zad\u00e1n\u00ed<\/li>\n<\/ul>\n<p><strong>St\u011bhov\u00e1n\u00ed firem<\/strong><\/p>\n<ul>\n<li> Partne\u0159i spole\u010dnosti Wheaton, spole\u010dnost Crown Relocation, pom\u00e1haj\u00ed se st\u011bhov\u00e1n\u00edm<\/li>\n<\/ul>\n<p><strong>Vl\u00e1dn\u00ed a vojensk\u00e9 kroky<\/strong><\/p>\n<p><strong>St\u011bhov\u00e1n\u00ed dom\u00e1cnost\u00ed<\/strong><\/p>\n<ul>\n<li> S\u00ed\u0165 350 agent\u016f v <a href=\"https:\/\/moverdb.com\/cs\/moving-to-the-united-states\/\" data-internallinksmanager029f6b8e52c=\"94\" title=\"St\u011bhujete se do Spojen\u00fdch st\u00e1t\u016f? 2022 \u017divotn\u00ed n\u00e1klady a tipy na st\u011bhov\u00e1n\u00ed\">Spojen\u00e9 st\u00e1ty americk\u00e9<\/a><\/li>\n<li> Balen\u00ed a vybalov\u00e1n\u00ed<\/li>\n<li> Speci\u00e1ln\u00ed balen\u00ed pro citlivou elektroniku<\/li>\n<li> Doprava<\/li>\n<li> V p\u0159\u00edpad\u011b pot\u0159eby skladov\u00e1n\u00ed<\/li>\n<\/ul>\n<p><strong>Specializovan\u00e9 a komer\u010dn\u00ed st\u011bhov\u00e1n\u00ed<\/strong><\/p>\n<ul>\n<li> Kancel\u00e1\u0159sk\u00e9 a pr\u016fmyslov\u00e9 prostory<\/li>\n<li> Pohostinstv\u00ed<\/li>\n<li> Speci\u00e1ln\u00ed komodita<\/li>\n<li> Komer\u010dn\u00ed st\u011bhov\u00e1n\u00ed<\/li>\n<\/ul>\n<p><strong>\u00dalo\u017ei\u0161t\u011b<\/strong><\/p>\n<ul>\n<li> Dlouhodob\u011b<\/li>\n<li> Kr\u00e1tkodob\u00e9<\/li>\n<li> 207 nejmodern\u011bj\u0161\u00edch sklad\u016f v 58 zem\u00edch.<\/li>\n<\/ul>\n<h2>Wheaton Worldwide Moving Company Profil<\/h2>\n<p>Spole\u010dnost Wheaton Van Lines zalo\u017eil v roce 1945 Earnest S. Wheaton a p\u016fvodn\u011b se jmenovala Clipper Van Lines. Spole\u010dnost zpo\u010d\u00e1tku obsluhovala 22 st\u00e1t\u016f na v\u00fdchod\u011b USA, ale v pr\u016fb\u011bhu 50. let 20. stolet\u00ed do\u0161lo k expanzi, kter\u00e1 znamenala nejen pokryt\u00ed cel\u00e9 zem\u011b, ale tak\u00e9 zah\u00e1jen\u00ed mezin\u00e1rodn\u00edch st\u011bhov\u00e1n\u00ed.<\/p>\n<p>V osmdes\u00e1t\u00fdch letech zm\u011bnila spole\u010dnost Wheaton Van Lines n\u00e1zev na Wheaton Worldwide Moving. Spole\u010dnost s\u00eddl\u00ed v Indianapolisu ve st\u00e1t\u011b IN. Spole\u010dnost Wheaton se sna\u017e\u00ed udr\u017eovat mimo\u0159\u00e1dn\u011b vysok\u00e9 standardy a za t\u00edmto \u00fa\u010delem sleduje a analyzuje \u00fadaje. Velmi v\u00e1\u017en\u011b tak\u00e9 berou hodnocen\u00ed sv\u00fdch z\u00e1kazn\u00edk\u016f a ji\u017e 25 let sb\u00edraj\u00ed jejich zp\u011btnou vazbu, aby se udr\u017eeli na \u0161pi\u010dce.<\/p>\n<p>Spole\u010dnost Wheaton Worldwide Moving p\u0159isp\u00edv\u00e1 komunit\u011b prost\u0159ednictv\u00edm r\u016fzn\u00fdch charitativn\u00edch organizac\u00ed. Je to tak\u00e9 spole\u010dnost, kter\u00e1 se neust\u00e1le sna\u017e\u00ed sni\u017eovat svou uhl\u00edkovou stopu.<\/p>\n<p>Spole\u010dnost Wheaton Worldwide Moving m\u00e1 n\u00e1sleduj\u00edc\u00ed akreditace a afiliace:<\/p>\n<ul>\n<li> <a href=\"https:\/\/moverdb.com\/cs\/amsa\/\">Americk\u00e1 asociace pro st\u011bhov\u00e1n\u00ed a skladov\u00e1n\u00ed<\/a> (<a href=\"https:\/\/moverdb.com\/cs\/amsa\/\" data-internallinksmanager029f6b8e52c=\"5\" title=\"Vysv\u011btlen\u00ed Americk\u00e9 asociace pro st\u011bhov\u00e1n\u00ed a skladov\u00e1n\u00ed (AMSA)\">AMSA<\/a>) - <a href=\"https:\/\/moverdb.com\/cs\/rafkovy-obrubnik\/\">ProMover<\/a><\/li>\n<li> N\u00e1rodn\u00ed asociace mana\u017eer\u016f pohybu senior\u016f (NASMM)<\/li>\n<li> Akreditovan\u00e1 firma A+ od Better Business Bureau (BBB)<\/li>\n<\/ul>\n<h2>Wheaton Worldwide Moving Recenze<\/h2>\n<p><strong>Pozitivn\u00ed:<\/strong><\/p>\n<ul>\n<li> \"<em>Dobr\u00e1 spole\u010dnost. Dobr\u00e1 hodnota. Pou\u017eil bych znovu.\"<\/em> - David X prost\u0159ednictv\u00edm <a href=\"http:\/\/www.yelp.com\/biz\/wheaton-world-wide-moving-indianapolis-5?hrid=i8pH5fVrzdWhgdFkPaCnlQ&#038;utm_campaign=www_review_share_popup&#038;utm_medium=copy_link&#038;utm_source=(direct)\" target=\"_blank\" rel=\"noopener\">Yelp<\/a><\/li>\n<li> \"<em>Zam\u011bstnanci Wheatonu v <a href=\"https:\/\/moverdb.com\/cs\/stehovani-do-houstonu\/\">Houston<\/a> se stali m\u00fdmi and\u011bly ve velmi t\u011b\u017ek\u00e9m obdob\u00ed m\u00e9ho \u017eivota.\"<\/em> - Bonnie M prost\u0159ednictv\u00edm <a href=\"http:\/\/www.bbb.org\/indy\/business-reviews\/movers\/wheaton-world-wide-moving-in-indianapolis-in-22485\/customer-reviews\" target=\"_blank\" rel=\"noopener\">BBB<\/a> <\/li>\n<li> \"<em>Od za\u010d\u00e1tku do konce byli jen ti nejlep\u0161\u00ed.\"<\/em> - Judith prost\u0159ednictv\u00edm <a href=\"http:\/\/www.mymovingreviews.com\/movers\/wheaton-van-lines-255#54528\" target=\"_blank\" rel=\"noopener\">MyMovingReviews.com<\/a><\/li>\n<li> \"<em>St\u011bhov\u00e1n\u00ed Wheaton jsme vyu\u017eili ji\u017e d\u0159\u00edve a st\u011bhov\u00e1n\u00ed prob\u011bhlo velmi dob\u0159e, tak\u017ee kdy\u017e p\u0159i\u0161el \u010das na dal\u0161\u00ed st\u011bhov\u00e1n\u00ed, v\u011bd\u011bli jsme, komu zavolat.\"<\/em> - Freddy Lancaster prost\u0159ednictv\u00edm <a href=\"http:\/\/reviewamover.com\/review\/Moving-Companies-Reviews\/WHEATON-WORLD-WIDE-53.php?PHPSESSID=a21a9bd572e803d73fcb5f1f02487590\" target=\"_blank\" rel=\"noopener\">Review-A-Mover<\/a> <\/li>\n<\/ul>\n<p><strong>Negativn\u00ed:<\/strong><\/p>\n<ul>\n<li> <em>\"Spole\u010dnost Wheaton op\u011bt odm\u00edt\u00e1 p\u0159evz\u00edt odpov\u011bdnost za zni\u010den\u00e9 p\u0159edm\u011bty. Vym\u00fd\u0161l\u00ed jednu v\u00fdmluvu za druhou a ka\u017ed\u00e1 d\u00e1v\u00e1 men\u0161\u00ed smysl ne\u017e ta p\u0159edchoz\u00ed.\"<\/em> - Amy T prost\u0159ednictv\u00edm <a href=\"http:\/\/www.yelp.com\/biz\/wheaton-world-wide-moving-indianapolis-5?hrid=vRowN7GuFHy3k0yM5ijpgA&#038;utm_campaign=www_review_share_popup&#038;utm_medium=copy_link&#038;utm_source=(direct)\" target=\"_blank\" rel=\"noopener\">Yelp<\/a> <\/li>\n<li> \"<em>Od za\u010d\u00e1tku do konce byla tato spole\u010dnost nejhor\u0161\u00ed <a href=\"https:\/\/moverdb.com\/cs\/moving-companies\/\" data-internallinksmanager029f6b8e52c=\"79\" title=\"Top 25 Mezin\u00e1rodn\u00ed st\u011bhovac\u00ed spole\u010dnosti Online\">st\u011bhovac\u00ed spole\u010dnost<\/a> s jakou jsme kdy jednali, a to jsme v man\u017eelstv\u00ed absolvovali v\u00edce ne\u017e 6 profesion\u00e1ln\u00edch st\u011bhov\u00e1n\u00ed.\"<\/em> - Nikki F prost\u0159ednictv\u00edm <a href=\"http:\/\/www.bbb.org\/indy\/business-reviews\/movers\/wheaton-world-wide-moving-in-indianapolis-in-22485\/customer-reviews\" target=\"_blank\" rel=\"noopener\">BBB<\/a><\/li>\n<li> \"<em>Bylo n\u00e1m \u0159e\u010deno, \u017ee objem na\u0161\u00ed dom\u00e1cnosti vy\u017eaduje cel\u00fd p\u0159\u00edv\u011bs a \u017ee za to dostali zaplaceno. Nam\u00edsto toho k na\u0161emu n\u00e1kladu p\u0159im\u00e1\u010dkli druh\u00fd n\u00e1klad, co\u017e vedlo k tomu, \u017ee v\u011bci z\u016fstaly na m\u00edst\u011b a kontejnery a spot\u0159ebi\u010de byly poma\u010dk\u00e1ny, po\u0161kozeny, ztraceny a zni\u010deny...\"<\/em> - Anthony prost\u0159ednictv\u00edm <a href=\"http:\/\/www.mymovingreviews.com\/movers\/wheaton-van-lines-255#51475\" target=\"_blank\" rel=\"noopener\">MyMovingReviews.com<\/a> <\/li>\n<li> <em>\"Bu\u010fte opatrn\u00ed, ute\u010dte, ne\u017e si najmete tuto spole\u010dnost.\"<\/em> - David Gutierrez prost\u0159ednictv\u00edm <a href=\"http:\/\/reviewamover.com\/review\/reviewer\/davidrafael770.php?PHPSESSID=e2ea8ab20529fed2960f446a83923af0\" target=\"_blank\" rel=\"noopener\">Review-A-Mover<\/a> <\/li>\n<\/ul>\n<div itemprop=\"review\" itemscope itemtype=\"http:\/\/schema.org\/Review\">\n<span itemprop=\"author\" itemscope=\"\" itemtype=\"http:\/\/schema.org\/Organization\"><span itemprop=\"name\">MoverDB.com<\/span><\/span> Online recenze webov\u00fdch str\u00e1nek pro <span itemprop=\"itemreviewed\" itemscope=\"\" itemtype=\"http:\/\/schema.org\/Brand\"><span itemprop=\"name\">Wheaton Worldwide Moving<\/span><\/span>:<\/p>\n<ol>\n<li> Jasn\u00e9 kontaktn\u00ed \u00fadaje na webov\u00fdch str\u00e1nk\u00e1ch (v\u010detn\u011b telefonn\u00edho \u010d\u00edsla): <strong>Ano<\/strong><\/li>\n<li> Snadn\u00e9 z\u00edsk\u00e1n\u00ed <a href=\"https:\/\/moverdb.com\/cs\/citaty\/\">mezin\u00e1rodn\u00ed st\u011bhov\u00e1n\u00ed citace<\/a>? (Online formul\u00e1\u0159 \u017e\u00e1dosti o odhad): <strong>Ano<\/strong><\/li>\n<li> Jasn\u00e9 informace na webov\u00fdch str\u00e1nk\u00e1ch: <strong>Ano,<\/strong> na webu je mnoho pr\u016fvodc\u016f a zdroj\u016f.<\/li>\n<li> \u010clenstv\u00ed v mezin\u00e1rodn\u00edch uzn\u00e1van\u00fdch organizac\u00edch pohybliv\u00fdch aktivit: <strong>Ano<\/strong>, viz v\u00fd\u0161e<\/li>\n<li> Seznam klient\u016f a\/nebo reference p\u0159edchoz\u00edch z\u00e1kazn\u00edk\u016f. <strong>Ano,<\/strong> Recenze a reference z\u00e1kazn\u00edk\u016f jsou pro spole\u010dnost velmi d\u016fle\u017eit\u00e9.<\/li>\n<\/ol>\n<div itemprop=\"reviewRating\" itemscope itemtype=\"http:\/\/schema.org\/Rating\"><meta itemprop=\"worstRating\" content = \"0\" \/><meta itemprop=\"bestRating\" content=\"5\" \/><meta itemprop=\"ratingValue\" content=\"5\"><\/div>\n<p><strong>Celkov\u00e9 hodnocen\u00ed: 5\/5<\/strong><br \/>\n<strong>Datum recenze:<\/strong> <span itemprop=\"datePublished\" content=\"2016-08-05\">05\/08\/2016<\/span>\n<\/div>\n<p>P\u0159e\u010dt\u011bte si v\u00edce o <a href=\"https:\/\/moverdb.com\/cs\/stehovani-spolecnosti\/\">mezin\u00e1rodn\u00ed st\u011bhovac\u00ed spole\u010dnosti<\/a>, <a href=\"https:\/\/moverdb.com\/cs\/us-canada-movers\/\">USA &amp; Kanadsk\u00e9 st\u011bhov\u00e1n\u00ed spole\u010dnosti<\/a> a na\u0161e <a href=\"https:\/\/moverdb.com\/cs\/recenze\/\">proces p\u0159ezkoum\u00e1n\u00ed<\/a>.<\/p>\n<p><strong>Webov\u00e9 str\u00e1nky:<\/strong> <a href=\"https:\/\/www.wheatonworldwide.com\/\" target=\"_blank\" rel=\"noopener\">https:\/\/www.wheatonworldwide.com<\/a><\/p>","protected":false},"excerpt":{"rendered":"<p>Wheaton World Wide Moving (formerly Wheaton Van Lines) offers its clients a range of services from international moves to local moves. These are listed below, together with a company profile and reviews. International Moves and Relocation Assistance Door to door moving Packing &#8211; do it yourself, fragile items or full service packing Disassembling and reassembling [&hellip;]<\/p>\n","protected":false},"author":1,"featured_media":0,"parent":0,"menu_order":0,"comment_status":"closed","ping_status":"closed","template":"","meta":{"_genesis_hide_title":false,"_genesis_hide_breadcrumbs":false,"_genesis_hide_singular_image":false,"_genesis_hide_footer_widgets":false,"_genesis_custom_body_class":"","_genesis_custom_post_class":"","_genesis_layout":"","footnotes":""},"class_list":{"0":"post-1076","1":"page","2":"type-page","3":"status-publish","5":"entry"},"_links":{"self":[{"href":"https:\/\/moverdb.com\/cs\/wp-json\/wp\/v2\/pages\/1076","targetHints":{"allow":["GET"]}}],"collection":[{"href":"https:\/\/moverdb.com\/cs\/wp-json\/wp\/v2\/pages"}],"about":[{"href":"https:\/\/moverdb.com\/cs\/wp-json\/wp\/v2\/types\/page"}],"author":[{"embeddable":true,"href":"https:\/\/moverdb.com\/cs\/wp-json\/wp\/v2\/users\/1"}],"replies":[{"embeddable":true,"href":"https:\/\/moverdb.com\/cs\/wp-json\/wp\/v2\/comments?post=1076"}],"version-history":[{"count":7,"href":"https:\/\/moverdb.com\/cs\/wp-json\/wp\/v2\/pages\/1076\/revisions"}],"predecessor-version":[{"id":6251,"href":"https:\/\/moverdb.com\/cs\/wp-json\/wp\/v2\/pages\/1076\/revisions\/6251"}],"wp:attachment":[{"href":"https:\/\/moverdb.com\/cs\/wp-json\/wp\/v2\/media?parent=1076"}],"curies":[{"name":"wp","href":"https:\/\/api.w.org\/{rel}","templated":true}]}}