{"id":1075,"date":"2016-08-04T14:25:42","date_gmt":"2016-08-04T14:25:42","guid":{"rendered":"http:\/\/moverdb.com\/?page_id=1075"},"modified":"2026-01-08T15:20:29","modified_gmt":"2026-01-08T15:20:29","slug":"north-american-van-lines","status":"publish","type":"page","link":"https:\/\/moverdb.com\/cs\/north-american-van-lines\/","title":{"rendered":"Spole\u010dnost North American Van Lines: Mezin\u00e1rodn\u00ed st\u011bhov\u00e1n\u00ed Recenze"},"content":{"rendered":"<p>Spole\u010dnost North American Van Lines nab\u00edz\u00ed sv\u00fdm z\u00e1kazn\u00edk\u016fm slu\u017eby pro mezin\u00e1rodn\u00ed, firemn\u00ed a vnitrost\u00e1tn\u00ed st\u011bhov\u00e1n\u00ed. N\u00e1sleduje seznam t\u011bchto slu\u017eeb, profil spole\u010dnosti a recenze.<\/p>\n<p><strong>Mezin\u00e1rodn\u00ed st\u011bhov\u00e1n\u00ed pro jednotlivce a firmy<\/strong><\/p>\n<ul>\n<li> Slu\u017eba od dve\u0159\u00ed ke dve\u0159\u00edm<\/li>\n<li> Balen\u00ed, polstrov\u00e1n\u00ed a ochrana v\u011bc\u00ed<\/li>\n<li> Demont\u00e1\u017e n\u00e1bytku<\/li>\n<li> <a href=\"https:\/\/moverdb.com\/cs\/kontejnerova-preprava\/\">Lodn\u00ed kontejnery<\/a> pro ka\u017edou aplikaci<\/li>\n<li> Poradenstv\u00ed ohledn\u011b toho, co zabalit a co prodat, aby to bylo n\u00e1kladov\u011b efektivn\u00ed.<\/li>\n<li> Pomoc s celn\u00edm odbaven\u00edm<\/li>\n<li> Dod\u00e1vka a mont\u00e1\u017e n\u00e1bytku<\/li>\n<li> Sledov\u00e1n\u00ed p\u0159epravy 24\/7 online<\/li>\n<li> Program ochrany ocen\u011bn\u00ed<\/li>\n<li> Zaji\u0161t\u011bn\u00ed kr\u00e1tkodob\u00e9ho a dlouhodob\u00e9ho skladov\u00e1n\u00ed<\/li>\n<\/ul>\n<p><strong>Speci\u00e1ln\u00ed slu\u017eby pro p\u0159em\u00edst\u011bn\u00ed<\/strong><\/p>\n<ul>\n<li> Pomoc p\u0159i koupi domu a do\u010dasn\u00e9 bydlen\u00ed<\/li>\n<li> Pomoc finan\u010dn\u00edch a poji\u0161\u0165ovac\u00edch poskytovatel\u016f<\/li>\n<li> Mezikulturn\u00ed \u0161kolen\u00ed<\/li>\n<li> Jazykov\u00e1 p\u0159\u00edprava<\/li>\n<li> Doporu\u010den\u00ed pro p\u00e9\u010di o d\u011bti a \u0161koly<\/li>\n<li> L\u00e9ka\u0159sk\u00e1 p\u00e9\u010de a v\u00fdm\u011bna l\u00e9ka\u0159sk\u00fdch p\u0159edpis\u016f<\/li>\n<li> N\u00e1kup a slu\u017eby automobil\u016f<\/li>\n<li> V\u00fduka \u0159\u00edzen\u00ed<\/li>\n<\/ul>\n<p><strong>St\u011bhov\u00e1n\u00ed firem<\/strong><\/p>\n<ul>\n<li> Balen\u00ed a balen\u00ed<\/li>\n<li> \u00dalo\u017ei\u0161t\u011b<\/li>\n<li> Z\u00e1silka<\/li>\n<li> Koordin\u00e1tor osobn\u00edho st\u011bhov\u00e1n\u00ed<\/li>\n<li> Pomoc p\u0159i prodeji a koupi domu<\/li>\n<li> Orientace v oblasti<\/li>\n<li> Pomoc man\u017eel\u016fm<\/li>\n<li> Hypote\u010dn\u00ed slu\u017eby<\/li>\n<li> Z\u0159izovac\u00ed slu\u017eby<\/li>\n<\/ul>\n<p><strong>St\u011bhovac\u00ed slu\u017eby<\/strong><\/p>\n<ul>\n<li> Balen\u00ed a vybalov\u00e1n\u00ed - d\u011blejte si to sami, pouze k\u0159ehk\u00e9 p\u0159edm\u011bty nebo kompletn\u00ed balen\u00ed<\/li>\n<li> Velk\u00fd v\u00fdb\u011br obalov\u00fdch materi\u00e1l\u016f<\/li>\n<li> Demont\u00e1\u017e a op\u011btovn\u00e1 mont\u00e1\u017e n\u00e1bytku<\/li>\n<li> Vykl\u00e1d\u00e1n\u00ed<\/li>\n<li> V p\u0159\u00edpad\u011b pot\u0159eby vybalen\u00ed<\/li>\n<li> Likvidace trosek<\/li>\n<li> Dlouhodob\u00e9 a kr\u00e1tkodob\u00e9 skladov\u00e1n\u00ed<\/li>\n<li> St\u011bhov\u00e1n\u00ed dom\u00e1cnost\u00ed<\/li>\n<li> M\u00edstn\u00ed st\u011bhov\u00e1n\u00ed<\/li>\n<li> D\u00e1lkov\u00e9 st\u011bhov\u00e1n\u00ed<\/li>\n<li> Vojensk\u00e9 st\u011bhov\u00e1n\u00ed<\/li>\n<li> Cross country st\u011bhov\u00e1n\u00ed<\/li>\n<li> Mezist\u00e1tn\u00ed st\u011bhov\u00e1n\u00ed<\/li>\n<li> Expresn\u00ed mal\u00e1 z\u00e1silka<\/li>\n<li> Vnitrost\u00e1tn\u00ed st\u011bhov\u00e1ci<\/li>\n<\/ul>\n<p><strong>Specializovan\u00e9 pohyby<\/strong><\/p>\n<ul>\n<li> Klav\u00edry<\/li>\n<li> Um\u011bn\u00ed a staro\u017eitnosti<\/li>\n<li> Lod\u011b<\/li>\n<li> <a href=\"https:\/\/moverdb.com\/cs\/preprava-aut-a-lodni-doprava\/\">Vozidla<\/a><\/li>\n<li> Kontejnery<\/li>\n<\/ul>\n<h2>Profil spole\u010dnosti North American Van Lines<\/h2>\n<p>Spole\u010dnost North American Van Lines zah\u00e1jila svou \u010dinnost v oblasti n\u00e1kladn\u00ed dopravy v roce 1933 s 12 agenty. O p\u011bt let pozd\u011bji m\u011bla v\u00edce ne\u017e 120 agent\u016f. Spole\u010dnost se zab\u00fdv\u00e1 st\u011bhov\u00e1n\u00edm dom\u00e1cnost\u00ed a kancel\u00e1\u0159\u00ed, a to jak na m\u00edstn\u00ed, tak na n\u00e1rodn\u00ed a mezin\u00e1rodn\u00ed \u00farovni. V roce 1998 se spole\u010dnost North American Van Lines stala dce\u0159inou spole\u010dnost\u00ed spole\u010dnosti SIRVA Inc. <\/p>\n<p>Spole\u010dnost m\u00e1 t\u00e9m\u011b\u0159 8 000 zam\u011bstnanc\u016f a provozuje <strong>1 694 n\u00e1kladn\u00edch vozidel<\/strong>. Odhaduje se, \u017ee jejich vozidla ujela <strong>37 256 707 mil<\/strong>.<\/p>\n<p>Spole\u010dnost North American Van Lines m\u00e1 v Severn\u00ed Americe v\u00edce ne\u017e 500 agent\u016f. Maj\u00ed satelitn\u00ed sledov\u00e1n\u00ed, kter\u00e9 umo\u017e\u0148uje kdykoli p\u0159esn\u011b ur\u010dit polohu v\u0161ech z\u00e1silek. Pou\u017e\u00edvaj\u00ed tak\u00e9 dod\u00e1vky s je\u0159\u00e1bem, kter\u00e9 jim umo\u017e\u0148uj\u00ed nakl\u00e1dat a vykl\u00e1dat velk\u00e9 p\u0159edm\u011bty bez nakl\u00e1dac\u00ed rampy. <\/p>\n<p>Spole\u010dnost zavedla program kvality pro \u0161kolen\u00ed v\u0161ech zam\u011bstnanc\u016f a z\u00e1stupc\u016f na nejvy\u0161\u0161\u00ed mo\u017en\u00e9 \u00farovni.<\/p>\n<p>Akreditace a p\u0159\u00edslu\u0161nost spole\u010dnosti North American Van Lines:<\/p>\n<ul>\n<li> Celn\u00ed a obchodn\u00ed partnerstv\u00ed proti terorismu (C-TPAT)<\/li>\n<li> <a href=\"https:\/\/moverdb.com\/cs\/amsa\/\">Americk\u00e1 asociace pro st\u011bhov\u00e1n\u00ed a skladov\u00e1n\u00ed<\/a> (<a href=\"https:\/\/moverdb.com\/cs\/amsa\/\" data-internallinksmanager029f6b8e52c=\"5\" title=\"Vysv\u011btlen\u00ed Americk\u00e9 asociace pro st\u011bhov\u00e1n\u00ed a skladov\u00e1n\u00ed (AMSA)\">AMSA<\/a>) - <a href=\"https:\/\/moverdb.com\/cs\/rafkovy-obrubnik\/\">ProMover<\/a><\/li>\n<li> Akreditovan\u00e1 firma BBB<\/li>\n<li> <a href=\"https:\/\/moverdb.com\/cs\/kanadska-asociace-stehovaku\/\">Kanadsk\u00e1 asociace st\u011bhov\u00e1k\u016f<\/a> (<a href=\"https:\/\/moverdb.com\/cs\/canadian-association-of-movers\/\" data-internallinksmanager029f6b8e52c=\"11\" title=\"Vysv\u011btlen\u00ed kanadsk\u00e9 asociace st\u011bhov\u00e1k\u016f (CAM)\">CAM<\/a>)<\/li>\n<\/ul>\n<h2>North American Van Lines Recenze<\/h2>\n<p><strong>Pozitivn\u00ed:<\/strong><\/p>\n<ul>\n<li>  <em>\"St\u011bhujeme se po\u0159\u00e1d a tohle bylo nejlep\u0161\u00ed st\u011bhov\u00e1n\u00ed, jak\u00e9 jsme kdy za\u017eili. Je\u0161t\u011b nikdy jsme se nest\u011bhovali tak skv\u011ble. V\u0161echno bylo prost\u011b \u00fa\u017easn\u00e9.\"<\/em> - Justin P z\u00e1kazn\u00edk <a href=\"https:\/\/www.northamerican.com\/\" target=\"_blank\" rel=\"noopener\">sv\u011bdectv\u00ed z jejich webov\u00fdch str\u00e1nek<\/a>.<\/li>\n<li> <em>\"V\u017edy na \u010das efektivn\u00ed osobn\u00ed a opravdu u\u017eite\u010dn\u00e9. Byli jsme mile p\u0159ekvapeni, \u017ee po nalo\u017een\u00ed a zv\u00e1\u017een\u00ed na\u0161ich hlou\u010dk\u016f n\u00e1m skute\u010dn\u011b na\u00fa\u010dtovali m\u00e9n\u011b ne\u017e uvedenou \u010d\u00e1stku! Rozhodn\u011b bych je doporu\u010dila!<\/em>\" - Candace prost\u0159ednictv\u00edm <a href=\"http:\/\/www.bbb.org\/northernindiana\/business-reviews\/movers\/north-american-van-lines-in-fort-wayne-in-90077877\/customer-reviews\" target=\"_blank\" rel=\"noopener\">BBB<\/a><\/li>\n<li> <em>\"St\u011bhov\u00e1n\u00ed z jednoho domu s dlouhou, v\u011btrnou a \u00fazkou p\u0159\u00edjezdovou cestou do druh\u00e9ho, vzd\u00e1len\u00e9ho stovky kilometr\u016f, nebylo pro \u017e\u00e1dn\u00e9ho st\u011bhov\u00e1ka snadn\u00fdm \u00fakolem. Spole\u010dnost North American Van Lines v\u0161ak poskytla skv\u011bl\u00e9 zku\u0161enosti, d\u00edky nim\u017e bylo st\u011bhov\u00e1n\u00ed m\u00e9n\u011b stresuj\u00edc\u00ed... a trouf\u00e1m si \u0159\u00edct, \u017ee i z\u00e1bavn\u00e9?\"<\/em> - Phyllis prost\u0159ednictv\u00edm <a href=\"https:\/\/www.facebook.com\/northAmericanVL\/reviews#\" target=\"_blank\" rel=\"noopener\">Facebook<\/a><\/li>\n<\/ul>\n<p><strong>Negativn\u00ed:<\/strong><\/p>\n<ul>\n<li> <em>\"P\u0159\u00ed\u0161ern\u00e9 zku\u0161enosti s touto spole\u010dnost\u00ed. Pou\u017eil jsem je ke st\u011bhov\u00e1n\u00ed z Baltimoru do <a href=\"https:\/\/moverdb.com\/cs\/stehovani-do-san-franciska\/\">San Francisco<\/a>.  Pou\u017e\u00edvaj\u00ed m\u00edstn\u00ed <a href=\"https:\/\/moverdb.com\/cs\/moving-companies\/\" data-internallinksmanager029f6b8e52c=\"79\" title=\"Top 25 Mezin\u00e1rodn\u00ed st\u011bhovac\u00ed spole\u010dnosti Online\">st\u011bhovac\u00ed spole\u010dnosti<\/a> smlouvu se spole\u010dnost\u00ed North American o vyzvednut\u00ed a p\u0159ed\u00e1n\u00ed va\u0161ich v\u011bc\u00ed.\"<\/em> - Nick prost\u0159ednictv\u00edm <a href=\"http:\/\/www.mymovingreviews.com\/movers\/north-american-van-lines-287#33438\" target=\"_blank\" rel=\"noopener\">MyMovingReviews<\/a><\/li>\n<li> <em>\"P\u0159esun z <a href=\"https:\/\/moverdb.com\/cs\/moving-companies\/moving-companies-peru\/\" data-internallinksmanager029f6b8e52c=\"273\" title=\"9 nejlep\u0161\u00edch mezin\u00e1rodn\u00edch st\u011bhovac\u00edch spole\u010dnost\u00ed v Peru\">Peru<\/a> na <a href=\"https:\/\/moverdb.com\/cs\/moving-to-the-united-states\/moving-to-iowa\/\" data-internallinksmanager029f6b8e52c=\"463\" title=\"St\u011bhujete se do Iowy? 2024 N\u00e1klady na bydlen\u00ed a tipy na st\u011bhov\u00e1n\u00ed\">Iowa<\/a> byla no\u010dn\u00ed m\u016fra. Nejhor\u0161\u00ed bylo, kdy\u017e kamion vykl\u00e1dali \"profesion\u00e1lov\u00e9\" z North American Van Lines.\"<\/em> - Arthur prost\u0159ednictv\u00edm <a href=\"https:\/\/www.consumeraffairs.com\/movers\/north_american.htm\" target=\"_blank\" rel=\"noopener\">Spot\u0159ebitelsk\u00e9 z\u00e1le\u017eitosti<\/a><\/li>\n<li> <em>\"U\u017e je to deset dn\u00ed, co jsem si vyzvedl sv\u00e9 v\u011bci. <a href=\"https:\/\/moverdb.com\/cs\/moving-to-the-united-states\/moving-to-oklahoma\/\" data-internallinksmanager029f6b8e52c=\"453\" title=\"St\u011bhujete se do Oklahomy? 2024 N\u00e1klady na bydlen\u00ed a tipy na st\u011bhov\u00e1n\u00ed\">Oklahoma<\/a>.Do konce dodac\u00ed lh\u016fty zb\u00fdvaj\u00ed pouze 2 pracovn\u00ed dny a oni pr\u00e1v\u011b zjistili, \u017ee \u0158IDI\u010c NIKDY NEVYZVEDL MOJE V\u011aCI.\"<\/em> - prost\u0159ednictv\u00edm <a href=\"http:\/\/north-american-van-lines.pissedconsumer.com\/left-my-stuff-behind-20160401821464.html\" target=\"_blank\" rel=\"noopener\">Na\u0161tvan\u00fd spot\u0159ebitel<\/a><\/li>\n<\/ul>\n<div itemprop=\"review\" itemscope itemtype=\"http:\/\/schema.org\/Review\">\n<span itemprop=\"author\" itemscope=\"\" itemtype=\"http:\/\/schema.org\/Organization\"><span itemprop=\"name\">MoverDB.com<\/span><\/span> Online recenze webov\u00fdch str\u00e1nek pro <span itemprop=\"itemreviewed\" itemscope=\"\" itemtype=\"http:\/\/schema.org\/Brand\"><span itemprop=\"name\">Spole\u010dnost North American Van Lines<\/span><\/span>:<\/p>\n<ol>\n<li> Jasn\u00e9 kontaktn\u00ed \u00fadaje na webov\u00fdch str\u00e1nk\u00e1ch (v\u010detn\u011b telefonn\u00edho \u010d\u00edsla): <strong>Ano<\/strong><\/li>\n<li> Snadn\u00e9 z\u00edsk\u00e1n\u00ed <a href=\"https:\/\/moverdb.com\/cs\/citaty\/\">mezin\u00e1rodn\u00ed st\u011bhov\u00e1n\u00ed citace<\/a>? (Online formul\u00e1\u0159 \u017e\u00e1dosti o odhad): <strong>Ano<\/strong><\/li>\n<li> Jasn\u00e9 informace na webov\u00fdch str\u00e1nk\u00e1ch: <strong>Ano<\/strong>, mnoho informac\u00ed o vnitrost\u00e1tn\u00edch a mezin\u00e1rodn\u00edch p\u0159esunech.<\/li>\n<li> \u010clenstv\u00ed v mezin\u00e1rodn\u00edch uzn\u00e1van\u00fdch organizac\u00edch pohybliv\u00fdch aktivit: <strong>Ano<\/strong>, viz v\u00fd\u0161e<\/li>\n<li> Seznam klient\u016f a\/nebo reference p\u0159edchoz\u00edch z\u00e1kazn\u00edk\u016f. <strong>Ano,<\/strong> na str\u00e1nce je mnoho referenc\u00ed, ale v\u011bt\u0161ina z nich je pom\u011brn\u011b kr\u00e1tk\u00e1.<\/li>\n<\/ol>\n<div itemprop=\"reviewRating\" itemscope itemtype=\"http:\/\/schema.org\/Rating\"><meta itemprop=\"worstRating\" content = \"0\" \/><meta itemprop=\"bestRating\" content=\"4.5\" \/><meta itemprop=\"ratingValue\" content=\"5\"><\/div>\n<p><strong>Celkov\u00e9 hodnocen\u00ed: 4,5\/5<\/strong><br \/>\n<strong>Datum recenze:<\/strong> <span itemprop=\"datePublished\" content=\"2016-08-24\">04\/08\/2016<\/span>\n<\/div>\n<p>P\u0159e\u010dt\u011bte si v\u00edce o <a href=\"https:\/\/moverdb.com\/cs\/stehovani-spolecnosti\/\">mezin\u00e1rodn\u00ed st\u011bhov\u00e1n\u00ed<\/a>, <a href=\"https:\/\/moverdb.com\/cs\/us-canada-movers\/\">Kanad\u0161t\u00ed a ameri\u010dt\u00ed st\u011bhov\u00e1ci<\/a> a na\u0161e <a href=\"https:\/\/moverdb.com\/cs\/recenze\/\">proces p\u0159ezkoum\u00e1n\u00ed st\u011bhov\u00e1n\u00ed<\/a>.<\/p>\n<p><strong>Webov\u00e9 str\u00e1nky:<\/strong><br \/>\n<a href=\"https:\/\/moverdb.com\/cs\/moving-to-the-united-states\/\" data-internallinksmanager029f6b8e52c=\"94\" title=\"St\u011bhujete se do Spojen\u00fdch st\u00e1t\u016f? 2022 \u017divotn\u00ed n\u00e1klady a tipy na st\u011bhov\u00e1n\u00ed\">US<\/a>: <a href=\"https:\/\/www.northamerican.com\/\" target=\"_blank\" rel=\"noopener\">https:\/\/www.northamerican.com\/<\/a><br \/>\n<a href=\"https:\/\/moverdb.com\/cs\/moving-to-canada\/\" data-internallinksmanager029f6b8e52c=\"265\" title=\"St\u011bhov\u00e1n\u00ed do Kanady? 2026 N\u00e1klady na bydlen\u00ed a tipy na p\u0159est\u011bhov\u00e1n\u00ed\">Kanada<\/a>: <a href=\"http:\/\/www.northamericanvanlines.ca\/\" target=\"_blank\" rel=\"noopener\">http:\/\/www.northamericanvanlines.ca\/<\/a><\/p>","protected":false},"excerpt":{"rendered":"<p>North American Van Lines offer their customers services for international, corporate and domestic moves. A list of these services follows, together with a company profile and reviews. International Moving for Individuals and Companies Door to door service Packing, padding and protecting belongings Disassembling furniture Ship containers for every application Advice on what to pack and [&hellip;]<\/p>\n","protected":false},"author":1,"featured_media":0,"parent":0,"menu_order":0,"comment_status":"closed","ping_status":"closed","template":"","meta":{"_genesis_hide_title":false,"_genesis_hide_breadcrumbs":false,"_genesis_hide_singular_image":false,"_genesis_hide_footer_widgets":false,"_genesis_custom_body_class":"","_genesis_custom_post_class":"","_genesis_layout":"","footnotes":""},"class_list":{"0":"post-1075","1":"page","2":"type-page","3":"status-publish","5":"entry"},"_links":{"self":[{"href":"https:\/\/moverdb.com\/cs\/wp-json\/wp\/v2\/pages\/1075","targetHints":{"allow":["GET"]}}],"collection":[{"href":"https:\/\/moverdb.com\/cs\/wp-json\/wp\/v2\/pages"}],"about":[{"href":"https:\/\/moverdb.com\/cs\/wp-json\/wp\/v2\/types\/page"}],"author":[{"embeddable":true,"href":"https:\/\/moverdb.com\/cs\/wp-json\/wp\/v2\/users\/1"}],"replies":[{"embeddable":true,"href":"https:\/\/moverdb.com\/cs\/wp-json\/wp\/v2\/comments?post=1075"}],"version-history":[{"count":11,"href":"https:\/\/moverdb.com\/cs\/wp-json\/wp\/v2\/pages\/1075\/revisions"}],"predecessor-version":[{"id":6227,"href":"https:\/\/moverdb.com\/cs\/wp-json\/wp\/v2\/pages\/1075\/revisions\/6227"}],"wp:attachment":[{"href":"https:\/\/moverdb.com\/cs\/wp-json\/wp\/v2\/media?parent=1075"}],"curies":[{"name":"wp","href":"https:\/\/api.w.org\/{rel}","templated":true}]}}