{"id":1065,"date":"2016-08-09T14:39:24","date_gmt":"2016-08-09T14:39:24","guid":{"rendered":"http:\/\/moverdb.com\/?page_id=1065"},"modified":"2026-01-08T14:47:45","modified_gmt":"2026-01-08T14:47:45","slug":"bekins-van-lines","status":"publish","type":"page","link":"https:\/\/moverdb.com\/cs\/bekins-van-lines\/","title":{"rendered":"Bekins Van Lines: Mezin\u00e1rodn\u00ed st\u011bhovac\u00ed slu\u017eby a recenze"},"content":{"rendered":"<p>Spole\u010dnost Bekins Van Lines s\u00eddl\u00ed ve m\u011bst\u011b Indianapolis IN. Sv\u00fdm z\u00e1kazn\u00edk\u016fm nab\u00edz\u00ed celou \u0159adu slu\u017eeb, kter\u00e9 jsou uvedeny n\u00ed\u017ee spolu s profilem spole\u010dnosti a recenzemi.<\/p>\n<p><strong>Mezin\u00e1rodn\u00ed st\u011bhov\u00e1n\u00ed<\/strong><\/p>\n<ul>\n<li> Individu\u00e1ln\u00ed slu\u017eby spole\u010dn\u011b se spole\u010dnost\u00ed Crown Relocations<\/li>\n<li> Slu\u017eba od dve\u0159\u00ed ke dve\u0159\u00edm<\/li>\n<li> Balen\u00ed - sami, vybran\u00e9 polo\u017eky nebo kompletn\u00ed slu\u017eby<\/li>\n<li> Skladov\u00e1n\u00ed - kr\u00e1tkodob\u00e9 a dlouhodob\u00e9<\/li>\n<li> P\u0159em\u00edst\u011bn\u00ed dom\u00e1c\u00edho mazl\u00ed\u010dka<\/li>\n<li> Imigra\u010dn\u00ed slu\u017eby<\/li>\n<li> Mezikulturn\u00ed \u0161kolen\u00ed<\/li>\n<li> Jazykov\u00e1 p\u0159\u00edprava<\/li>\n<li> Slu\u017eby prodeje dom\u016f<\/li>\n<li> Spr\u00e1va nemovitost\u00ed<\/li>\n<li> N\u00e1hled slu\u017eeb pro cesty<\/li>\n<li> Pomoc p\u0159i hled\u00e1n\u00ed domova<\/li>\n<li> Vyhled\u00e1v\u00e1n\u00ed ve \u0161kole<\/li>\n<li> Orientace po p\u0159\u00edjezdu<\/li>\n<li> Podpora kari\u00e9ry partner\u016f<\/li>\n<li> Slu\u017eby \u00fadr\u017eb\u00e1\u0159\u016f a pomocn\u00edk\u016f v dom\u00e1cnosti<\/li>\n<li> Pron\u00e1jem n\u00e1bytku<\/li>\n<li> Podpora p\u0159i zad\u00e1n\u00ed<\/li>\n<\/ul>\n<p><strong>Balen\u00ed a skladov\u00e1n\u00ed<\/strong><\/p>\n<ul>\n<li> Dlouhodob\u00e9 a kr\u00e1tkodob\u00e9 skladov\u00e1n\u00ed<\/li>\n<li> Zabezpe\u010den\u00e1 za\u0159\u00edzen\u00ed<\/li>\n<li> 24hodinov\u00e1 lh\u016fta pro p\u0159\u00edstup<\/li>\n<li> Ud\u011blej si s\u00e1m, vybran\u00e9 polo\u017eky nebo kompletn\u00ed balic\u00ed slu\u017eby<\/li>\n<li> Dod\u00e1van\u00e9 kartony a krabice<\/li>\n<li> Dod\u00e1van\u00fd ochrann\u00fd obal<\/li>\n<li> P\u00e1sky, \u0161t\u00edtky a fixy<\/li>\n<\/ul>\n<p><strong>St\u011bhovac\u00ed slu\u017eby pro st\u00e1tn\u00ed spr\u00e1vu a arm\u00e1du<\/strong><\/p>\n<ul>\n<li> Poskytovatel p\u0159epravn\u00edch slu\u017eeb GSA<\/li>\n<li> Kvalifikace v r\u00e1mci programu CHAMP a jeho podpora<\/li>\n<li> Od dve\u0159\u00ed ke dve\u0159\u00edm<\/li>\n<\/ul>\n<p><strong>P\u0159em\u00edst\u011bn\u00ed zam\u011bstnanc\u016f<\/strong><\/p>\n<ul>\n<li> Vyhrazen\u00fd mana\u017eer st\u011bhov\u00e1n\u00ed<\/li>\n<li> Od dve\u0159\u00ed ke dve\u0159\u00edm<\/li>\n<\/ul>\n<p><strong>St\u011bhov\u00e1n\u00ed do obytn\u00fdch prostor<\/strong><\/p>\n<ul>\n<li> Od dve\u0159\u00ed ke dve\u0159\u00edm<\/li>\n<li> V dom\u00e1cnosti <a href=\"https:\/\/moverdb.com\/cs\/quotes\/\" data-internallinksmanager029f6b8e52c=\"26\" title=\"Mezin\u00e1rodn\u00ed st\u011bhov\u00e1n\u00ed citace: 12 ot\u00e1zek, na kter\u00e9 se m\u016f\u017eete zeptat sv\u00e9ho st\u011bhov\u00e1ka\">st\u011bhov\u00e1n\u00ed citace<\/a><\/li>\n<li> Kompletn\u00ed slu\u017eby balen\u00ed, nakl\u00e1d\u00e1n\u00ed a vykl\u00e1d\u00e1n\u00ed<\/li>\n<li> Balen\u00ed - sami, k\u0159ehk\u00e9 p\u0159edm\u011bty nebo kompletn\u00ed slu\u017eby<\/li>\n<li> Dod\u00e1van\u00e9 obalov\u00e9 materi\u00e1ly<\/li>\n<li> Dostupn\u00e9 \u00falo\u017ei\u0161t\u011b<\/li>\n<li> Demont\u00e1\u017e a mont\u00e1\u017e n\u00e1bytku<\/li>\n<li> St\u011bhov\u00e1n\u00ed n\u00e1bytku, za\u0159\u00edzen\u00ed a vybaven\u00ed<\/li>\n<li> St\u011bhov\u00e1n\u00ed klav\u00edr\u016f, <a href=\"https:\/\/moverdb.com\/cs\/preprava-aut-a-lodni-doprava\/\">vozidla<\/a>, lod\u011b a dal\u0161\u00ed<\/li>\n<li> Ochrana proti st\u011bhov\u00e1n\u00ed<\/li>\n<\/ul>\n<p><strong>Specializovan\u00e9 st\u011bhovac\u00ed slu\u017eby<\/strong><\/p>\n<ul>\n<li> P\u0159eprava zdravotnick\u00e9ho vybaven\u00ed<\/li>\n<li> P\u0159eprava t\u011b\u017ek\u00fdch stroj\u016f<\/li>\n<li> P\u0159eprava FFE<\/li>\n<li> Kancel\u00e1\u0159sk\u00e9 vybaven\u00ed<\/li>\n<li> Po\u010d\u00edta\u010de a IT vybaven\u00ed<\/li>\n<li> Jedine\u010dn\u00e9 kusy n\u00e1bytku<\/li>\n<li> St\u011bhov\u00e1n\u00ed spot\u0159ebi\u010d\u016f<\/li>\n<li> Za\u0159\u00edzen\u00ed obchodu<\/li>\n<li> St\u011bhovac\u00ed slu\u017eby v pohostinstv\u00ed<\/li>\n<\/ul>\n<h2>Profil spole\u010dnosti Bekins Van Lines<\/h2>\n<p>Spole\u010dnost Bekins Van Lines zalo\u017eili p\u0159ed 125 lety John a Martin Bekinsovi v Sioux City, <a href=\"https:\/\/moverdb.com\/cs\/moving-to-the-united-states\/moving-to-iowa\/\" data-internallinksmanager029f6b8e52c=\"463\" title=\"St\u011bhujete se do Iowy? 2024 N\u00e1klady na bydlen\u00ed a tipy na st\u011bhov\u00e1n\u00ed\">Iowa<\/a>. M\u011bla 3 vozidla ta\u017een\u00e1 ko\u0148mi a 12 zam\u011bstnanc\u016f. Nyn\u00ed je \u010dtvrtou nejv\u011bt\u0161\u00ed dod\u00e1vkovou spole\u010dnost\u00ed ve sv\u011bt\u011b. <a href=\"https:\/\/moverdb.com\/cs\/moving-to-the-united-states\/\" data-internallinksmanager029f6b8e52c=\"94\" title=\"St\u011bhujete se do Spojen\u00fdch st\u00e1t\u016f? 2022 \u017divotn\u00ed n\u00e1klady a tipy na st\u011bhov\u00e1n\u00ed\">Spojen\u00e9 st\u00e1ty americk\u00e9<\/a> a obsluhuje v\u00edce ne\u017e 95% zem\u011b. Spole\u010dnost Bekins Van Lines se specializuje na <a href=\"https:\/\/moverdb.com\/cs\/kontejnerova-preprava\/\" target=\"_blank\" rel=\"noopener\">mezin\u00e1rodn\u00ed p\u0159eprava<\/a>, st\u011bhov\u00e1n\u00ed a st\u011bhov\u00e1n\u00ed p\u0159edm\u011bt\u016f vysok\u00e9 hodnoty.<\/p>\n<p>Spole\u010dnost Bekins Van Lines je nyn\u00ed vlastn\u011bna spole\u010dnost\u00ed <a href=\"https:\/\/moverdb.com\/cs\/wheaton\/\" target=\"_blank\" rel=\"noopener\">Wheaton Van Lines<\/a>. Nad\u00e1le nab\u00edz\u00ed st\u011bhov\u00e1n\u00ed dom\u00e1cnost\u00ed, firem, mezin\u00e1rodn\u00ed st\u011bhov\u00e1n\u00ed a vojensk\u00e9 st\u011bhov\u00e1n\u00ed. <\/p>\n<p>Spole\u010dnost Bekins spole\u010dn\u011b se spole\u010dnost\u00ed Wheaton Van Lines nav\u00e1zala partnerstv\u00ed se spole\u010dnost\u00ed Crown Relocations, aby pomohla z\u00e1kazn\u00edk\u016fm s mezin\u00e1rodn\u00edm st\u011bhov\u00e1n\u00edm. Spole\u010dnost Bekins m\u00e1 350 agent\u016f a pr\u00e1v\u011b tito agenti umo\u017e\u0148uj\u00ed spole\u010dnosti fungovat jako komplexn\u00ed slu\u017eba. <a href=\"https:\/\/moverdb.com\/cs\/moving-companies\/\" data-internallinksmanager029f6b8e52c=\"79\" title=\"Top 25 Mezin\u00e1rodn\u00ed st\u011bhovac\u00ed spole\u010dnosti Online\">st\u011bhovac\u00ed spole\u010dnost<\/a>.<\/p>\n<p>P\u0159\u00edslu\u0161nost a akreditace spole\u010dnosti Bekins Van Lines:<\/p>\n<ul>\n<li> <a href=\"https:\/\/moverdb.com\/cs\/amsa\/\" target=\"_blank\" rel=\"noopener\">Americk\u00e1 asociace pro st\u011bhov\u00e1n\u00ed a skladov\u00e1n\u00ed<\/a> (<a href=\"https:\/\/moverdb.com\/cs\/amsa\/\" data-internallinksmanager029f6b8e52c=\"5\" title=\"Vysv\u011btlen\u00ed Americk\u00e9 asociace pro st\u011bhov\u00e1n\u00ed a skladov\u00e1n\u00ed (AMSA)\">AMSA<\/a>) - <a href=\"https:\/\/moverdb.com\/cs\/rafkovy-obrubnik\/\" target=\"_blank\" rel=\"noopener\">ProMover<\/a><\/li>\n<li> N\u00e1rodn\u00ed asociace mana\u017eer\u016f pohybu senior\u016f (NASMM)<\/li>\n<li> Akreditovan\u00e1 firma A+ od Better Business Bureau (BBB)<\/li>\n<\/ul>\n<h2>Bekins Van Lines Recenze<\/h2>\n<p><strong>Pozitivn\u00ed:<\/strong><\/p>\n<ul>\n<li> <em>\"B\u00e1l jsem se pou\u017e\u00edt jakoukoli st\u011bhovac\u00ed spole\u010dnost pro m\u016fj p\u0159esun z <a href=\"https:\/\/moverdb.com\/cs\/stehovani-do-san-jose\/\">San Jose<\/a> na <a href=\"https:\/\/moverdb.com\/cs\/moving-to-the-united-states\/moving-to-oregon\/\" data-internallinksmanager029f6b8e52c=\"395\" title=\"St\u011bhov\u00e1n\u00ed do Oregonu? 2026 N\u00e1klady na bydlen\u00ed a tipy na p\u0159est\u011bhov\u00e1n\u00ed\">Oregon<\/a>. Provedl jsem spoustu online pr\u016fzkumu a nakonec jsem se rozhodl pro Bekins kv\u016fli dv\u011bma osobn\u00edm doporu\u010den\u00edm a jejich odhadu. Byl to snadn\u00fd proces, st\u011bhov\u00e1ci se o m\u00e9 v\u011bci starali velmi pe\u010dliv\u011b a doru\u010dili je, kdy sl\u00edbili.\"<\/em> - S. N. prost\u0159ednictv\u00edm <a href=\"http:\/\/www.yelp.com\/biz\/bekins-van-lines-indianapolis-4?hrid=sAKPuUdvUtx9Pe5VoZlhZQ&#038;utm_campaign=www_review_share_popup&#038;utm_medium=copy_link&#038;utm_source=(direct)\" target=\"_blank\" rel=\"noopener\">Yelp<\/a><\/li>\n<li> <em>\"Z\u00edskali jsme obvykl\u00e9 odhady pro st\u011bhov\u00e1n\u00ed na\u0161\u00ed kancel\u00e1\u0159e a spole\u010dnost Bekins p\u0159i\u0161la s nejlep\u0161\u00edm a nejpodrobn\u011bj\u0161\u00edm odhadem.\"<\/em> - Wanda z Tampy p\u0159es <a href=\"https:\/\/www.consumeraffairs.com\/movers\/bekins_van_lines.htm\" target=\"_blank\" rel=\"noopener\">Spot\u0159ebitelsk\u00e9 z\u00e1le\u017eitosti<\/a><\/li>\n<li> <em>\"Tento z\u00e1kazn\u00edk by firmu doporu\u010dil sv\u00e9mu p\u0159\u00edteli, rodinn\u00e9mu p\u0159\u00edslu\u0161n\u00edkovi, sousedovi nebo kolegovi.\"<\/em> - Cindy R prost\u0159ednictv\u00edm <a href=\"http:\/\/www.bbb.org\/indy\/business-reviews\/movers\/bekins-van-lines-inc-in-indianapolis-in-90013818\/Customer-Reviews\" target=\"_blank\" rel=\"noopener\">BBB<\/a><\/li>\n<li> <em>\"Cel\u00fd st\u011bhovac\u00ed t\u00fdm byl fantastick\u00fd. Odhadci a koordin\u00e1to\u0159i byli velmi pozorn\u00ed.\"<\/em> - Paul D prost\u0159ednictv\u00edm <a href=\"http:\/\/www.mymovingreviews.com\/movers\/bekins-van-lines-303#54527\" target=\"_blank\" rel=\"noopener\">MyMoivingReviews.com<\/a><\/li>\n<\/ul>\n<p><strong>Negativn\u00ed:<\/strong><\/p>\n<ul>\n<li> \"<em>Opravdu hrozn\u00e1 zku\u0161enost - spousta po\u0161kozen\u00e9ho zbo\u017e\u00ed a neprofesion\u00e1ln\u00ed slu\u017eby.\" <\/em>Kelly H prost\u0159ednictv\u00edm <a href=\"http:\/\/www.yelp.com\/biz\/bekins-van-lines-indianapolis-4?hrid=mPlbHKmtD2adpffBELLyBA&#038;utm_campaign=www_review_share_popup&#038;utm_medium=copy_link&#038;utm_source=(direct)\" target=\"_blank\" rel=\"noopener\">Yelp<\/a> <\/li>\n<li> <em>\"Dokonal\u00fd tah, kter\u00fd popsal agent, se stal no\u010dn\u00ed m\u016frou.\"<\/em> - Marcel of Lake Park prost\u0159ednictv\u00edm <a href=\"https:\/\/www.consumeraffairs.com\/movers\/bekins_van_lines.htm\" target=\"_blank\" rel=\"noopener\">Spot\u0159ebitelsk\u00e9 z\u00e1le\u017eitosti<\/a> <\/li>\n<li> <em>\"Na t\u00e9to zku\u0161enosti bylo n\u011bkolik negativn\u00edch v\u011bc\u00ed.\"<\/em> - David S prost\u0159ednictv\u00edm <a href=\"http:\/\/www.bbb.org\/indy\/business-reviews\/movers\/bekins-van-lines-inc-in-indianapolis-in-90013818\/Customer-Reviews\" target=\"_blank\" rel=\"noopener\">BBB<\/a> <\/li>\n<li> \"<em>Zjistil jsem, \u017ee st\u011bhov\u00e1n\u00ed a skladov\u00e1n\u00ed Bekins je nespolehliv\u00e9.\" <\/em> D Langdon prost\u0159ednictv\u00edm <a href=\"http:\/\/www.mymovingreviews.com\/movers\/bekins-van-lines-303#37287\" target=\"_blank\" rel=\"noopener\">MyMoivingReviews.com<\/a><\/li>\n<\/ul>\n<div itemprop=\"review\" itemscope itemtype=\"http:\/\/schema.org\/Review\">\n<span itemprop=\"author\" itemscope=\"\" itemtype=\"http:\/\/schema.org\/Organization\"><span itemprop=\"name\">MoverDB.com<\/span><\/span> Online recenze webov\u00fdch str\u00e1nek pro <span itemprop=\"itemreviewed\" itemscope=\"\" itemtype=\"http:\/\/schema.org\/Brand\"><span itemprop=\"name\">Bekins Van Lines<\/span><\/span>:<\/p>\n<ol>\n<li> Jasn\u00e9 kontaktn\u00ed \u00fadaje na webov\u00fdch str\u00e1nk\u00e1ch (v\u010detn\u011b telefonn\u00edho \u010d\u00edsla): <strong>Ano<\/strong><\/li>\n<li> Snadn\u00e9 z\u00edsk\u00e1n\u00ed <a href=\"https:\/\/moverdb.com\/cs\/citaty\/\">mezin\u00e1rodn\u00ed st\u011bhov\u00e1n\u00ed citace<\/a>? (Online formul\u00e1\u0159 \u017e\u00e1dosti o odhad): <strong>Ano<\/strong><\/li>\n<li> Jasn\u00e9 informace na webov\u00fdch str\u00e1nk\u00e1ch: <strong>Ano,<\/strong> na str\u00e1nk\u00e1ch je mnoho pr\u016fvodc\u016f, vide\u00ed a dal\u0161\u00edch zdroj\u016f.<\/li>\n<li> \u010clenstv\u00ed v mezin\u00e1rodn\u00edch uzn\u00e1van\u00fdch organizac\u00edch pohybliv\u00fdch aktivit: <strong>Ano<\/strong>, viz v\u00fd\u0161e<\/li>\n<li> Seznam klient\u016f a\/nebo reference p\u0159edchoz\u00edch z\u00e1kazn\u00edk\u016f. <strong>Ano,<\/strong> maj\u00ed vlastn\u00ed <a href=\"https:\/\/www.bekins.com\/why-bekins\/reviews-testimonials\/\" target=\"_blank\" rel=\"noopener\">str\u00e1nky s recenzemi a referencemi.<\/a><\/li>\n<\/ol>\n<div itemprop=\"reviewRating\" itemscope itemtype=\"http:\/\/schema.org\/Rating\"><meta itemprop=\"worstRating\" content = \"0\" \/><meta itemprop=\"bestRating\" content=\"5\" \/><meta itemprop=\"ratingValue\" content=\"5\"><\/div>\n<p><strong>Celkov\u00e9 hodnocen\u00ed: 5\/5<\/strong><br \/>\n<strong>Datum recenze:<\/strong> <span itemprop=\"datePublished\" content=\"2016-08-08\">08\/08\/2016<\/span>\n<\/div>\n<p>P\u0159e\u010dt\u011bte si v\u00edce o <a href=\"https:\/\/moverdb.com\/cs\/stehovani-spolecnosti\/\">mezin\u00e1rodn\u00ed st\u011bhovac\u00ed spole\u010dnosti<\/a>, <a href=\"https:\/\/moverdb.com\/cs\/us-canada-movers\/\">St\u011bhov\u00e1ci z USA<\/a> a na\u0161e <a href=\"https:\/\/moverdb.com\/cs\/recenze\/\">proces p\u0159ezkoum\u00e1n\u00ed<\/a>.<\/p>\n<p><strong>Webov\u00e9 str\u00e1nky:<\/strong> <a href=\"https:\/\/www.bekins.com\/\" target=\"_blank\" rel=\"noopener\">https:\/\/www.bekins.com<\/a><\/p>","protected":false},"excerpt":{"rendered":"<p>Bekins Van Lines are based in Indianapolis IN. They offer their customers a variety of services which are listed below, together with a company profile and reviews. International Moving Personalised service together with Crown Relocations Door to door service Packing &#8211; do it yourself, selected items or full service Storage &#8211; short and long term [&hellip;]<\/p>\n","protected":false},"author":1,"featured_media":0,"parent":0,"menu_order":0,"comment_status":"closed","ping_status":"closed","template":"","meta":{"_genesis_hide_title":false,"_genesis_hide_breadcrumbs":false,"_genesis_hide_singular_image":false,"_genesis_hide_footer_widgets":false,"_genesis_custom_body_class":"","_genesis_custom_post_class":"","_genesis_layout":"","footnotes":""},"class_list":{"0":"post-1065","1":"page","2":"type-page","3":"status-publish","5":"entry"},"_links":{"self":[{"href":"https:\/\/moverdb.com\/cs\/wp-json\/wp\/v2\/pages\/1065","targetHints":{"allow":["GET"]}}],"collection":[{"href":"https:\/\/moverdb.com\/cs\/wp-json\/wp\/v2\/pages"}],"about":[{"href":"https:\/\/moverdb.com\/cs\/wp-json\/wp\/v2\/types\/page"}],"author":[{"embeddable":true,"href":"https:\/\/moverdb.com\/cs\/wp-json\/wp\/v2\/users\/1"}],"replies":[{"embeddable":true,"href":"https:\/\/moverdb.com\/cs\/wp-json\/wp\/v2\/comments?post=1065"}],"version-history":[{"count":9,"href":"https:\/\/moverdb.com\/cs\/wp-json\/wp\/v2\/pages\/1065\/revisions"}],"predecessor-version":[{"id":6181,"href":"https:\/\/moverdb.com\/cs\/wp-json\/wp\/v2\/pages\/1065\/revisions\/6181"}],"wp:attachment":[{"href":"https:\/\/moverdb.com\/cs\/wp-json\/wp\/v2\/media?parent=1065"}],"curies":[{"name":"wp","href":"https:\/\/api.w.org\/{rel}","templated":true}]}}