{"id":1064,"date":"2016-08-12T14:50:41","date_gmt":"2016-08-12T14:50:41","guid":{"rendered":"http:\/\/moverdb.com\/?page_id=1064"},"modified":"2026-01-08T13:18:24","modified_gmt":"2026-01-08T13:18:24","slug":"graebel-van-lines","status":"publish","type":"page","link":"https:\/\/moverdb.com\/cs\/graebel-van-lines\/","title":{"rendered":"Graebel Van Lines: Mezin\u00e1rodn\u00ed st\u011bhovac\u00ed slu\u017eby a recenze"},"content":{"rendered":"<p>Spole\u010dnost Graebel Van Lines s\u00eddl\u00ed ve m\u011bst\u011b Aurora, CO. Spole\u010dnost nab\u00edz\u00ed sv\u00fdm z\u00e1kazn\u00edk\u016fm \u0161irokou \u0161k\u00e1lu slu\u017eeb, kter\u00e9 jsou uvedeny n\u00ed\u017ee. N\u00e1sleduje tak\u00e9 profil spole\u010dnosti a recenze.<\/p>\n<p><strong>Mezin\u00e1rodn\u00ed st\u011bhov\u00e1n\u00ed<\/strong><\/p>\n<ul>\n<li> Je p\u0159id\u011blen specializovan\u00fd koordin\u00e1tor slu\u017eeb z\u00e1kazn\u00edk\u016fm<\/li>\n<li> Podrobn\u00fd dom\u00e1c\u00ed pr\u016fzkum<\/li>\n<li> Pl\u00e1n st\u011bhov\u00e1n\u00ed na m\u00edru<\/li>\n<li> Od dve\u0159\u00ed ke dve\u0159\u00edm<\/li>\n<li> Mezin\u00e1rodn\u011b vy\u0161kolen\u00ed bali\u010di a naklada\u010di<\/li>\n<li> Nejkvalitn\u011bj\u0161\u00ed obalov\u00e9 materi\u00e1ly<\/li>\n<li> Zak\u00e1zkov\u00e9 balen\u00ed<\/li>\n<li> Koordinace s p\u0159edn\u00edmi licencovan\u00fdmi sv\u011btov\u00fdmi dopravci<\/li>\n<li> Skladovac\u00ed prostory - n\u011bkter\u00e9 s \u0159\u00edzen\u00fdm klimatem<\/li>\n<li> Celn\u00ed odbaven\u00ed<\/li>\n<li> Dod\u00e1n\u00ed a vybalen\u00ed<\/li>\n<\/ul>\n<p><strong>St\u011bhov\u00e1n\u00ed do obytn\u00fdch prostor<\/strong><\/p>\n<ul>\n<li> Slu\u017eba od dve\u0159\u00ed ke dve\u0159\u00edm<\/li>\n<li> Jednotn\u00e9 kontaktn\u00ed m\u00edsto po celou dobu st\u011bhov\u00e1n\u00ed<\/li>\n<li> Balen\u00ed a vybalov\u00e1n\u00ed v p\u0159\u00edpad\u011b pot\u0159eby<\/li>\n<li> M\u00edstn\u00ed, d\u00e1lkov\u00e9 a mezin\u00e1rodn\u00ed st\u011bhov\u00e1n\u00ed<\/li>\n<li> Dlouhodob\u00e9 a kr\u00e1tkodob\u00e9 skladovac\u00ed prostory<\/li>\n<\/ul>\n<p><strong>St\u011bhov\u00e1n\u00ed pracovn\u00edho prostoru<\/strong><\/p>\n<ul>\n<li> P\u016fdorys p\u0159ed a po<\/li>\n<li> Podrobn\u00fd soupis<\/li>\n<li> Dlouhodob\u00e9 a kr\u00e1tkodob\u00e9 skladov\u00e1n\u00ed<\/li>\n<li> Odpojen\u00ed a op\u011btovn\u00e9 p\u0159ipojen\u00ed po\u010d\u00edta\u010dov\u00fdch syst\u00e9m\u016f<\/li>\n<li> Demont\u00e1\u017e a mont\u00e1\u017e n\u00e1bytku<\/li>\n<li> Odpov\u011bdn\u00e9 nakl\u00e1d\u00e1n\u00ed s majetkem<\/li>\n<li> St\u011bhov\u00e1n\u00ed s\u00eddla spole\u010dnosti, kancel\u00e1\u0159\u00ed a jednor\u00e1zov\u00e9 st\u011bhov\u00e1n\u00ed kancel\u00e1\u0159\u00ed.<\/li>\n<li> Koordinace subdodavatel\u016f, dat, telefonie a elektroinstalace.<\/li>\n<li> P\u0159esn\u00e9 odhady st\u011bhov\u00e1n\u00ed kancel\u00e1\u0159\u00ed, vybaven\u00ed, osob, materi\u00e1lu a celkov\u00fdch n\u00e1klad\u016f.<\/li>\n<li> Spr\u00e1va p\u0159esun\u016f a zm\u011bn (MAC).<\/li>\n<li> Osv\u011bd\u010den\u00e9 kontroln\u00ed seznamy, pl\u00e1nov\u00e1n\u00ed a postupy st\u011bhov\u00e1n\u00ed kancel\u00e1\u0159\u00ed.<\/li>\n<li> Ukl\u00e1d\u00e1n\u00ed a likvidace z\u00e1znam\u016f.<\/li>\n<li> Syst\u00e9my pro ukl\u00e1d\u00e1n\u00ed dokument\u016f s vysokou hustotou a \u00falo\u017en\u00e1 \u0159e\u0161en\u00ed.<\/li>\n<li> <a href=\"https:\/\/moverdb.com\/cs\/british-association-of-removers\/\" data-internallinksmanager029f6b8e52c=\"9\" title=\"Vysv\u011btlen\u00ed Britsk\u00e9 asociace st\u011bhov\u00e1k\u016f (BAR)\">Bar<\/a>-k\u00f3dovan\u00e9 \u0159\u00edzen\u00ed z\u00e1sob.<\/li>\n<li> Celosv\u011btov\u00e1 p\u0159eprava, v\u010detn\u011b p\u0159epravy men\u0161\u00edch ne\u017e n\u00e1kladn\u00edch voz\u016f, n\u00e1kladn\u00edch voz\u016f a polstrovan\u00fdch dod\u00e1vek.<\/li>\n<li> Skladov\u00e9 a distribu\u010dn\u00ed slu\u017eby.<\/li>\n<li> Dodac\u00ed slu\u017eby Just-In-Time.<\/li>\n<li> Logistick\u00e9 slu\u017eby a \u0159\u00edzen\u00ed z jednoho zdroje.<\/li>\n<li> P\u0159eprava, dod\u00e1vka, instalace a rekonfigurace syst\u00e9mov\u00e9ho n\u00e1bytku.<\/li>\n<li> Slu\u017eby v oblasti n\u00e1bytku, za\u0159\u00edzen\u00ed a vybaven\u00ed (FF&amp;E) v pohostinstv\u00ed.<\/li>\n<li> St\u011bhovac\u00ed slu\u017eby ve zdravotnictv\u00ed.<\/li>\n<\/ul>\n<p><strong>Podnikov\u00e9, vl\u00e1dn\u00ed a vojensk\u00e9 pohyby<\/strong><\/p>\n<ul>\n<li> \u00da\u0159ad pro v\u011bze\u0148stv\u00ed<\/li>\n<li> Mar\u0161\u00e1lsk\u00e1 slu\u017eba<\/li>\n<li> \u00da\u0159ad pro kontrolu obchodu s drogami (DEA)<\/li>\n<li> Odd\u011blen\u00ed pro z\u00e1le\u017eitosti veter\u00e1n\u016f (VA)<\/li>\n<li> Feder\u00e1ln\u00ed \u00fa\u0159ad pro vy\u0161et\u0159ov\u00e1n\u00ed (FBI)<\/li>\n<li> \u00da\u0159ad pro s\u010d\u00edt\u00e1n\u00ed lidu<\/li>\n<li> Centra pro kontrolu a prevenci nemoc\u00ed (CDC)<\/li>\n<li> Da\u0148ov\u00fd \u00fa\u0159ad (IRS)<\/li>\n<\/ul>\n<h2>Profil spole\u010dnosti Graebel Van Lines<\/h2>\n<p>Spole\u010dnost Graebel Van Lines je nejv\u011bt\u0161\u00ed soukromou spole\u010dnost\u00ed v \u010cesk\u00e9 republice. <a href=\"https:\/\/moverdb.com\/cs\/moving-companies\/\" data-internallinksmanager029f6b8e52c=\"79\" title=\"Top 25 Mezin\u00e1rodn\u00ed st\u011bhovac\u00ed spole\u010dnosti Online\">st\u011bhovac\u00ed spole\u010dnost<\/a> v <a href=\"https:\/\/moverdb.com\/cs\/moving-to-the-united-states\/\" data-internallinksmanager029f6b8e52c=\"94\" title=\"St\u011bhujete se do Spojen\u00fdch st\u00e1t\u016f? 2022 \u017divotn\u00ed n\u00e1klady a tipy na st\u011bhov\u00e1n\u00ed\">Spojen\u00e9 st\u00e1ty americk\u00e9<\/a> a s\u00eddl\u00ed v Auro\u0159e, CO. Ji\u017e 66 let st\u011bhuje rodiny, podniky, st\u00e1tn\u00ed spr\u00e1vu a vojensk\u00fd person\u00e1l po cel\u00e9m sv\u011bt\u011b i v USA. <\/p>\n<p>Spole\u010dnost nab\u00edz\u00ed komplexn\u00ed \u0159e\u0161en\u00ed pro pot\u0159eby ka\u017ed\u00e9ho z\u00e1kazn\u00edka, a\u0165 u\u017e se jedn\u00e1 o malou zak\u00e1zku, jako je rekonstrukce kancel\u00e1\u0159e, nebo o rozs\u00e1hl\u00fd \u00fakol, jako je st\u011bhov\u00e1n\u00ed nemocnice do nov\u00fdch prostor.<\/p>\n<p>Spole\u010dnost Graebel Van Lines m\u00e1 v cel\u00e9 zemi 4 miliony \u010dtvere\u010dn\u00edch stop skladovac\u00edch prostor a provozuje 828 st\u011bhovac\u00edch vozidel. V\u0161ichni zam\u011bstnanci spole\u010dnosti jsou vy\u0161koleni podle nejvy\u0161\u0161\u00edch standard\u016f.<\/p>\n<p>P\u0159\u00edslu\u0161nost a akreditace spole\u010dnosti Graebel Van Lines:<\/p>\n<ul>\n<li> <a href=\"https:\/\/moverdb.com\/cs\/rafkovy-obrubnik\/\">ProMover<\/a><\/li>\n<li> <a href=\"https:\/\/moverdb.com\/cs\/amsa\/\" target=\"_blank\" rel=\"noopener\">Americk\u00e1 asociace pro st\u011bhov\u00e1n\u00ed a skladov\u00e1n\u00ed<\/a> (<a href=\"https:\/\/moverdb.com\/cs\/amsa\/\" data-internallinksmanager029f6b8e52c=\"5\" title=\"Vysv\u011btlen\u00ed Americk\u00e9 asociace pro st\u011bhov\u00e1n\u00ed a skladov\u00e1n\u00ed (AMSA)\">AMSA<\/a>)<\/li>\n<li> Mezin\u00e1rodn\u00ed institut pro st\u011bhov\u00e1n\u00ed kancel\u00e1\u0159\u00ed (IOMI)<\/li>\n<\/ul>\n<h2>Recenze spole\u010dnosti Graebel Van Lines<\/h2>\n<p><strong>Pozitivn\u00ed:<\/strong><\/p>\n<ul>\n<li> <em>\"Spole\u010dnost Graebel Van Lines odvedla p\u0159i m\u00e9m st\u011bhov\u00e1n\u00ed vynikaj\u00edc\u00ed pr\u00e1ci. P\u0159est\u011bhovali m\u011b v kr\u00e1tk\u00e9m term\u00ednu, v\u010das a v\u0161e dorazilo tam, kam jsem pot\u0159eboval.\" <\/em> - Michelle T prost\u0159ednictv\u00edm <a href=\"https:\/\/www.yelp.com\/biz\/graebel-van-lines-kent\" target=\"_blank\" rel=\"noopener\">Yelp<\/a><\/li>\n<li>  <em>\"P\u00ed\u0161u to, proto\u017ee jsem vid\u011bl mnoho \u0161patn\u00fdch recenz\u00ed na Graebel's a moje zku\u0161enost byla pozitivn\u00ed.\"<\/em> - Sue Sok prost\u0159ednictv\u00edm <a href=\"http:\/\/www.mymovingreviews.com\/movers\/graebel-406#28293\" target=\"_blank\" rel=\"noopener\">MyMovingReviews.com<\/a><\/li>\n<\/ul>\n<p><strong>Negativn\u00ed:<\/strong><\/p>\n<ul>\n<li> \"<em>Graebel's jsem vyu\u017eil ji\u017e pot\u0159et\u00ed a ka\u017ed\u00e1 dal\u0161\u00ed zku\u0161enost je hor\u0161\u00ed a hor\u0161\u00ed.\"<\/em> - Michael C prost\u0159ednictv\u00edm <a href=\"http:\/\/www.yelp.com\/biz\/graebel-van-lines-san-jose?hrid=KdToWSepoqbs7wLCd4UE0A&#038;utm_campaign=www_review_share_popup&#038;utm_medium=copy_link&#038;utm_source=(direct)\" target=\"_blank\" rel=\"noopener\">Yelp<\/a> <\/li>\n<li> \"<em>Tuto spole\u010dnost nedoporu\u010duji!!!\"<\/em> Don Mcnasby prost\u0159ednictv\u00edm <a href=\"http:\/\/www.mymovingreviews.com\/movers\/graebel-406#47223\" target=\"_blank\" rel=\"noopener\">MyMovingReviews.com<\/a><\/li>\n<\/ul>\n<div itemprop=\"review\" itemscope itemtype=\"http:\/\/schema.org\/Review\">\n<span itemprop=\"author\" itemscope=\"\" itemtype=\"http:\/\/schema.org\/Organization\"><span itemprop=\"name\">MoverDB.com<\/span><\/span> Online recenze webov\u00fdch str\u00e1nek pro <span itemprop=\"itemreviewed\" itemscope=\"\" itemtype=\"http:\/\/schema.org\/Brand\"><span itemprop=\"name\">Graebel Van Lines<\/span><\/span>:<\/p>\n<ol>\n<li> Jasn\u00e9 kontaktn\u00ed \u00fadaje na webov\u00fdch str\u00e1nk\u00e1ch (v\u010detn\u011b telefonn\u00edho \u010d\u00edsla): <strong>Ano<\/strong><\/li>\n<li> Snadn\u00e9 z\u00edsk\u00e1n\u00ed <a href=\"https:\/\/moverdb.com\/cs\/citaty\/\">mezin\u00e1rodn\u00ed st\u011bhov\u00e1n\u00ed citace<\/a>? (Online formul\u00e1\u0159 \u017e\u00e1dosti o odhad): <strong>Ano<\/strong><\/li>\n<li> Jasn\u00e9 informace na webov\u00fdch str\u00e1nk\u00e1ch: <strong>N\u011bkter\u00e9 str\u00e1nky<\/strong>, Webov\u00e9 str\u00e1nky neobsahuj\u00ed mnoho podrobn\u00fdch informac\u00ed. P\u0159edpokl\u00e1d\u00e1 se, \u017ee budou dod\u00e1ny s individu\u00e1ln\u00edm pl\u00e1nem.<\/li>\n<li> \u010clenstv\u00ed v mezin\u00e1rodn\u00edch uzn\u00e1van\u00fdch organizac\u00edch pohybliv\u00fdch aktivit: <strong>Ano<\/strong>, (viz v\u00fd\u0161e)<\/li>\n<li> Seznam klient\u016f a\/nebo reference p\u0159edchoz\u00edch z\u00e1kazn\u00edk\u016f: <strong>Ne<\/strong> Na webov\u00fdch str\u00e1nk\u00e1ch je v\u0161ak uvedeno, \u017ee jsou obl\u00edben\u00fdm st\u011bhov\u00e1kem u vl\u00e1dy a spole\u010dnost\u00ed z \u017eeb\u0159\u00ed\u010dku Fortune 500.<\/li>\n<\/ol>\n<div itemprop=\"reviewRating\" itemscope itemtype=\"http:\/\/schema.org\/Rating\"><meta itemprop=\"worstRating\" content = \"0\" \/><meta itemprop=\"bestRating\" content=\"5\" \/><meta itemprop=\"ratingValue\" content=\"3.5\"><\/div>\n<p><strong>Celkov\u00e9 hodnocen\u00ed: 3,5\/5<\/strong><br \/>\n<strong>Datum recenze:<\/strong> <span itemprop=\"datePublished\" content=\"2016-08-11\">11\/08\/2016<\/span>\n<\/div>\n<p>P\u0159e\u010dt\u011bte si v\u00edce o <a href=\"https:\/\/moverdb.com\/cs\/stehovani-spolecnosti\/\">mezin\u00e1rodn\u00ed st\u011bhov\u00e1n\u00ed<\/a>, <a href=\"https:\/\/moverdb.com\/cs\/us-canada-movers\/\">Americk\u00e9 st\u011bhovac\u00ed spole\u010dnosti<\/a> a na\u0161e <a href=\"https:\/\/moverdb.com\/cs\/recenze\/\">proces p\u0159ezkoum\u00e1n\u00ed<\/a>.<\/p>\n<p><strong>Webov\u00e9 str\u00e1nky:<\/strong> <a href=\"https:\/\/www.graebelmoving.com\" target=\"_blank\" rel=\"noopener\">https:\/\/www.graebelmoving.com<\/a><\/p>","protected":false},"excerpt":{"rendered":"<p>Graebel Van Lines is headquartered in Aurora, CO. The company offers its customers a wide range of services which are listed below. There also follows a company profile and reviews. International Moving A dedicated customer service coordinator is assigned Detailed in-home survey Customised move plan Door to door Internationally trained packers and loaders Finest quality [&hellip;]<\/p>\n","protected":false},"author":1,"featured_media":0,"parent":0,"menu_order":0,"comment_status":"closed","ping_status":"closed","template":"","meta":{"_genesis_hide_title":false,"_genesis_hide_breadcrumbs":false,"_genesis_hide_singular_image":false,"_genesis_hide_footer_widgets":false,"_genesis_custom_body_class":"","_genesis_custom_post_class":"","_genesis_layout":"","footnotes":""},"class_list":{"0":"post-1064","1":"page","2":"type-page","3":"status-publish","5":"entry"},"_links":{"self":[{"href":"https:\/\/moverdb.com\/cs\/wp-json\/wp\/v2\/pages\/1064","targetHints":{"allow":["GET"]}}],"collection":[{"href":"https:\/\/moverdb.com\/cs\/wp-json\/wp\/v2\/pages"}],"about":[{"href":"https:\/\/moverdb.com\/cs\/wp-json\/wp\/v2\/types\/page"}],"author":[{"embeddable":true,"href":"https:\/\/moverdb.com\/cs\/wp-json\/wp\/v2\/users\/1"}],"replies":[{"embeddable":true,"href":"https:\/\/moverdb.com\/cs\/wp-json\/wp\/v2\/comments?post=1064"}],"version-history":[{"count":6,"href":"https:\/\/moverdb.com\/cs\/wp-json\/wp\/v2\/pages\/1064\/revisions"}],"predecessor-version":[{"id":6216,"href":"https:\/\/moverdb.com\/cs\/wp-json\/wp\/v2\/pages\/1064\/revisions\/6216"}],"wp:attachment":[{"href":"https:\/\/moverdb.com\/cs\/wp-json\/wp\/v2\/media?parent=1064"}],"curies":[{"name":"wp","href":"https:\/\/api.w.org\/{rel}","templated":true}]}}