{"id":1061,"date":"2016-07-25T20:41:24","date_gmt":"2016-07-25T20:41:24","guid":{"rendered":"http:\/\/moverdb.com\/?page_id=1061"},"modified":"2026-01-08T15:30:30","modified_gmt":"2026-01-08T15:30:30","slug":"u-pack-stehovani","status":"publish","type":"page","link":"https:\/\/moverdb.com\/cs\/u-pack-moving\/","title":{"rendered":"St\u011bhov\u00e1n\u00ed U-Pack: Mezin\u00e1rodn\u00ed st\u011bhovac\u00ed slu\u017eby a recenze"},"content":{"rendered":"<p>ABF U-Pack Moving nab\u00edz\u00ed sv\u00fdm z\u00e1kazn\u00edk\u016fm \u0159adu slu\u017eeb pro st\u011bhov\u00e1n\u00ed a vlastn\u00ed balen\u00ed a vybalov\u00e1n\u00ed v r\u00e1mci. <a href=\"https:\/\/moverdb.com\/cs\/moving-to-the-united-states\/\" data-internallinksmanager029f6b8e52c=\"94\" title=\"St\u011bhujete se do Spojen\u00fdch st\u00e1t\u016f? 2022 \u017divotn\u00ed n\u00e1klady a tipy na st\u011bhov\u00e1n\u00ed\">US<\/a>, <a href=\"https:\/\/moverdb.com\/cs\/moving-to-canada\/\" data-internallinksmanager029f6b8e52c=\"265\" title=\"St\u011bhov\u00e1n\u00ed do Kanady? 2026 N\u00e1klady na bydlen\u00ed a tipy na p\u0159est\u011bhov\u00e1n\u00ed\">Kanada<\/a> a Portoriku. <\/p>\n<p>Tyto slu\u017eby jsou uvedeny n\u00ed\u017ee spolu s profilem spole\u010dnosti a recenzemi.<\/p>\n<p><strong>Nab\u00edzen\u00e9 typy pohyb\u016f<\/strong><\/p>\n<ul>\n<li> Cross-country st\u011bhov\u00e1n\u00ed<\/li>\n<li> D\u00e1lkov\u00e9 st\u011bhov\u00e1n\u00ed - USA, Kanada, Portoriko<\/li>\n<li> St\u011bhov\u00e1n\u00ed od dve\u0159\u00ed ke dve\u0159\u00edm<\/li>\n<li> Samostatn\u011b se pohybuj\u00edc\u00ed<\/li>\n<li> Pron\u00e1jem naklada\u010d\u016f na hodinu <\/li>\n<li> Vojensk\u00e9 st\u011bhov\u00e1n\u00ed<\/li>\n<li> College st\u011bhov\u00e1n\u00ed<\/li>\n<li> Drobn\u00e9 pohyby<\/li>\n<\/ul>\n<p><strong>St\u011bhovac\u00ed za\u0159\u00edzen\u00ed<\/strong><\/p>\n<ul>\n<li> St\u011bhovac\u00ed p\u0159\u00edv\u011bsy<\/li>\n<li> St\u011bhov\u00e1n\u00ed &amp; <a href=\"https:\/\/moverdb.com\/cs\/kontejnerova-preprava\/\" target=\"_blank\" rel=\"noopener\">P\u0159epravn\u00ed kontejnery<\/a><\/li>\n<\/ul>\n<p><strong>\u00dalo\u017ei\u0161t\u011b<\/strong><\/p>\n<ul>\n<li> Skladov\u00e1n\u00ed p\u0159\u00edv\u011bs\u016f<\/li>\n<li> \u00dalo\u017ei\u0161t\u011b ReloCube<\/li>\n<li> Skladov\u00e1n\u00ed na m\u00edst\u011b<\/li>\n<li> P\u0159enosn\u00e9 \u00falo\u017ei\u0161t\u011b<\/li>\n<\/ul>\n<h2>Profil spole\u010dnosti U-Pack Moving Company<\/h2>\n<p>Spole\u010dnost ABF U-Pack zah\u00e1jila \u010dinnost dne 1. prosince 2011.<sup>st<\/sup> \u0159\u00edjen 1997 a je sou\u010d\u00e1st\u00ed spole\u010dnosti ABF Freight. C\u00edlem spole\u010dnosti bylo u\u010dinit st\u011bhov\u00e1n\u00ed cenov\u011b dostupn\u011bj\u0161\u00ed t\u00edm, \u017ee z\u00e1kazn\u00edk\u016fm nab\u00eddla mo\u017enost \"vy bal\u00edte, my voz\u00edme\". Z\u00e1kazn\u00edci si sami zabal\u00ed sv\u00e9 v\u011bci a nalo\u017e\u00ed je do p\u0159\u00edv\u011bsu nebo kontejneru, kter\u00fd jim spole\u010dnost poskytne. <\/p>\n<p>\u0158idi\u010d U-Pack pak zbo\u017e\u00ed odveze na m\u00edsto ur\u010den\u00ed, kde je z\u00e1kazn\u00edk vylo\u017e\u00ed a vybal\u00ed. Z\u00e1kazn\u00edci mohou sledovat sv\u00e9 zbo\u017e\u00ed prost\u0159ednictv\u00edm online syst\u00e9mu sledov\u00e1n\u00ed.<\/p>\n<p>Od sv\u00e9ho zalo\u017een\u00ed v roce 1997 spole\u010dnost ABF Moving U-Pack p\u0159est\u011bhovala v\u00edce ne\u017e 850 000 rodin a ujela v\u00edce ne\u017e 1 miliardu kilometr\u016f. Spole\u010dnost zaji\u0161\u0165uje p\u0159\u00edm\u00e9 spojen\u00ed s t\u00e9m\u011b\u0159 ka\u017ed\u00fdm m\u011bstem ve St\u00e1tech, Kanad\u011b a Portoriku, kter\u00e9 m\u00e1 v\u00edce ne\u017e 30 000 obyvatel - co\u017e p\u0159edstavuje 44 000 r\u016fzn\u00fdch obc\u00ed.<\/p>\n<p><strong>Akreditace a afiliace AFB U-Pack:<\/strong><\/p>\n<ul>\n<li> BBB Akreditovan\u00e1 firma A+<\/li>\n<\/ul>\n<h2>U-Pack St\u011bhov\u00e1n\u00ed Recenze<\/h2>\n<p><strong>Pozitivn\u00ed<\/strong><\/p>\n<ul>\n<li> \"<em>Pro p\u0159eshrani\u010dn\u00ed p\u0159epravu (USA\/Kanada) v\u0159ele doporu\u010duji U-Pack.\"<\/em> - Laura J prost\u0159ednictv\u00edm <a href=\"http:\/\/www.yelp.com\/user_details?userid=MFsoomxJ9wmWksnuhEbsWQ\" target=\"_blank\" rel=\"noopener\">Yelp<\/a> <\/li>\n<li> \"<em>Kdy\u017e jsem zva\u017eoval mo\u017enosti Upack vs. Uhaul s autovlekem, Upack je bezpochyby nejlep\u0161\u00ed volbou.\"<\/em> - Lee prost\u0159ednictv\u00edm <a href=\"http:\/\/www.mymovingreviews.com\/movers\/u-pack-2041#54792\" target=\"_blank\" rel=\"noopener\">MyMovingReviews.com<\/a><\/li>\n<li> \"<em>Velk\u00e1 celkov\u00e1 spokojenost z\u00e1kazn\u00edk\u016f spolu s nejlep\u0161\u00ed cenou, v\u010dasnost\u00ed a profesionalitou.\"<\/em> - B Anderson prost\u0159ednictv\u00edm <a href=\"https:\/\/www.trustpilot.com\/users\/563a175f0000ff0001e81099\" target=\"_blank\" rel=\"noopener\">Trustpilot<\/a> <\/li>\n<li> \"<em>Nejlep\u0161\u00ed <a href=\"https:\/\/moverdb.com\/cs\/moving-companies\/\" data-internallinksmanager029f6b8e52c=\"79\" title=\"Top 25 Mezin\u00e1rodn\u00ed st\u011bhovac\u00ed spole\u010dnosti Online\">st\u011bhovac\u00ed spole\u010dnost<\/a> Doporu\u010duji v\u0161em.\"<\/em> - Beatrice F prost\u0159ednictv\u00edm <a href=\"https:\/\/www.sitejabber.com\/reviews\/www.upack.com#6\" target=\"_blank\" rel=\"noopener\">SiteJabber<\/a> <\/li>\n<\/ul>\n<p><strong>Negativn\u00ed<\/strong><\/p>\n<ul>\n<li> \"<em>Tuto spole\u010dnost nepou\u017e\u00edvejte. Budete toho litovat. Nejhor\u0161\u00ed chyba, kterou jsem ud\u011blal. St\u00e1lo m\u011b to v\u00edc pen\u011bz, ne\u017e jsem m\u011bl u\u0161et\u0159it.\"<\/em> - Christina prost\u0159ednictv\u00edm <a href=\"http:\/\/www.yelp.com\/user_details?userid=h6i4pikiNvzwmw8VvAOvrw\" target=\"_blank\" rel=\"noopener\">Yelp<\/a> <\/li>\n<li> \"<em>Cel\u00fd \u017eivot jsme se st\u011bhovali po St\u00e1tech. Kdy\u017e jsme si \u0161li vyzvednout na\u0161e v\u011bci, bylo toho tolik po\u0161kozen\u00e9ho, \u017ee to bylo neskute\u010dn\u00e9.\"<\/em> - Sarah prost\u0159ednictv\u00edm <a href=\"http:\/\/www.mymovingreviews.com\/movers\/u-pack-2041#54608\" target=\"_blank\" rel=\"noopener\">MyMovingReviews.com<\/a> <\/li>\n<li> \"<em>N\u00e1kladn\u00ed auto m\u011blo p\u0159ijet od 14 do 18 hodin. V 17:00 si najal st\u011bhov\u00e1ky na pomoc. N\u00e1kladn\u00ed auto se v 18 hodin nedostavilo.\" <\/em> - Cliff Gragg prost\u0159ednictv\u00edm <a href=\"https:\/\/www.trustpilot.com\/users\/561008750000ff0001e06238\" target=\"_blank\" rel=\"noopener\">TrustPilot<\/a> <\/li>\n<li> \"<em>Neprofesion\u00e1ln\u00ed. St\u00e1le jsme uprost\u0159ed st\u011bhov\u00e1n\u00ed s U-Pack.\"<\/em> - Karen W prost\u0159ednictv\u00edm <a href=\"https:\/\/www.sitejabber.com\/reviews\/www.upack.com#5\" target=\"_blank\" rel=\"noopener\">SiteJabber<\/a> <\/li>\n<\/ul>\n<div itemprop=\"review\" itemscope itemtype=\"http:\/\/schema.org\/Review\">\n<span itemprop=\"author\" itemscope=\"\" itemtype=\"http:\/\/schema.org\/Organization\"><span itemprop=\"name\">MoverDB.com<\/span><\/span> Online recenze webov\u00fdch str\u00e1nek pro <span itemprop=\"itemreviewed\" itemscope=\"\" itemtype=\"http:\/\/schema.org\/Brand\"><span itemprop=\"name\">U-Pack st\u011bhov\u00e1n\u00ed<\/span><\/span>:<\/p>\n<ol>\n<li> Jasn\u00e9 kontaktn\u00ed \u00fadaje na webov\u00fdch str\u00e1nk\u00e1ch (v\u010detn\u011b telefonn\u00edho \u010d\u00edsla): <strong>Ano<\/strong><\/li>\n<li> Snadn\u00e9 z\u00edsk\u00e1n\u00ed <a href=\"https:\/\/moverdb.com\/cs\/citaty\/\">mezin\u00e1rodn\u00ed st\u011bhov\u00e1n\u00ed citace<\/a>? (Online formul\u00e1\u0159 \u017e\u00e1dosti o odhad): <strong>Ano<\/strong><\/li>\n<li> Jasn\u00e9 informace na webov\u00fdch str\u00e1nk\u00e1ch: <strong>Ano,<\/strong> Webov\u00e9 str\u00e1nky poskytuj\u00ed vynikaj\u00edc\u00ed p\u0159ehled o v\u0161em, co spole\u010dnost nab\u00edz\u00ed.<\/li>\n<li> \u010clenstv\u00ed v mezin\u00e1rodn\u00edch uzn\u00e1van\u00fdch organizac\u00edch pohybliv\u00fdch aktivit: <strong>Ano<\/strong>, viz v\u00fd\u0161e<\/li>\n<li> Seznam klient\u016f a\/nebo reference p\u0159edchoz\u00edch z\u00e1kazn\u00edk\u016f: <strong>Ano,<\/strong> Na webu je mnoho recenz\u00ed z\u00e1kazn\u00edk\u016f.<\/li>\n<\/ol>\n<div itemprop=\"reviewRating\" itemscope itemtype=\"http:\/\/schema.org\/Rating\"><meta itemprop=\"worstRating\" content = \"0\" \/><meta itemprop=\"bestRating\" content=\"5\" \/><meta itemprop=\"ratingValue\" content=\"5\"><\/div>\n<p><strong>Celkov\u00e9 hodnocen\u00ed: 5\/5<\/strong><br \/>\n<strong>Datum recenze:<\/strong> <span itemprop=\"datePublished\" content=\"2016-07-25\">25\/07\/2016<\/span>\n<\/div>\n<p>P\u0159e\u010dt\u011bte si v\u00edce o dal\u0161\u00edch <a href=\"https:\/\/moverdb.com\/cs\/stehovani-spolecnosti\/\">mezin\u00e1rodn\u00ed st\u011bhovac\u00ed spole\u010dnosti<\/a>, <a href=\"https:\/\/moverdb.com\/cs\/us-canada-movers\/\">USA st\u011bhov\u00e1n\u00ed spole\u010dnosti<\/a> a na\u0161e <a href=\"https:\/\/moverdb.com\/cs\/recenze\/\">vysv\u011btlen\u00ed procesu p\u0159ezkoum\u00e1n\u00ed<\/a>.<\/p>\n<p><strong>Webov\u00e9 str\u00e1nky:<\/strong> <a href=\"http:\/\/www.upack.com\" target=\"_blank\" rel=\"noopener\">http:\/\/www.upack.com<\/a><\/p>","protected":false},"excerpt":{"rendered":"<p>ABF U-Pack Moving offers its customers a variety of services for moving and self-packing and unpacking within the US, Canada and Puerto Rico. These services are listed below, together with a company profile and reviews. Types of Moves on Offer Cross-country moving Long distance moving &#8211; US, Canada, Puerto Rico Door to door moving Self-moving [&hellip;]<\/p>\n","protected":false},"author":1,"featured_media":0,"parent":0,"menu_order":0,"comment_status":"closed","ping_status":"closed","template":"","meta":{"_genesis_hide_title":false,"_genesis_hide_breadcrumbs":false,"_genesis_hide_singular_image":false,"_genesis_hide_footer_widgets":false,"_genesis_custom_body_class":"","_genesis_custom_post_class":"","_genesis_layout":"","footnotes":""},"class_list":{"0":"post-1061","1":"page","2":"type-page","3":"status-publish","5":"entry"},"_links":{"self":[{"href":"https:\/\/moverdb.com\/cs\/wp-json\/wp\/v2\/pages\/1061","targetHints":{"allow":["GET"]}}],"collection":[{"href":"https:\/\/moverdb.com\/cs\/wp-json\/wp\/v2\/pages"}],"about":[{"href":"https:\/\/moverdb.com\/cs\/wp-json\/wp\/v2\/types\/page"}],"author":[{"embeddable":true,"href":"https:\/\/moverdb.com\/cs\/wp-json\/wp\/v2\/users\/1"}],"replies":[{"embeddable":true,"href":"https:\/\/moverdb.com\/cs\/wp-json\/wp\/v2\/comments?post=1061"}],"version-history":[{"count":6,"href":"https:\/\/moverdb.com\/cs\/wp-json\/wp\/v2\/pages\/1061\/revisions"}],"predecessor-version":[{"id":6248,"href":"https:\/\/moverdb.com\/cs\/wp-json\/wp\/v2\/pages\/1061\/revisions\/6248"}],"wp:attachment":[{"href":"https:\/\/moverdb.com\/cs\/wp-json\/wp\/v2\/media?parent=1061"}],"curies":[{"name":"wp","href":"https:\/\/api.w.org\/{rel}","templated":true}]}}