{"id":1060,"date":"2016-08-21T20:38:32","date_gmt":"2016-08-21T20:38:32","guid":{"rendered":"http:\/\/moverdb.com\/?page_id=1060"},"modified":"2026-01-08T15:20:47","modified_gmt":"2026-01-08T15:20:47","slug":"suddath","status":"publish","type":"page","link":"https:\/\/moverdb.com\/cs\/suddath\/","title":{"rendered":"Suddath: Mezin\u00e1rodn\u00ed st\u011bhov\u00e1n\u00ed a relokace Recenze"},"content":{"rendered":"<p>Spole\u010dnost Suddath nab\u00edz\u00ed sv\u00fdm klient\u016fm kompletn\u00ed slu\u017eby v oblasti st\u011bhov\u00e1n\u00ed a skladov\u00e1n\u00ed na mezin\u00e1rodn\u00ed i m\u00edstn\u00ed \u00farovni. N\u00ed\u017ee jsou uvedeny tyto slu\u017eby spolu s profilem spole\u010dnosti a recenzemi.<\/p>\n<p><strong>Mezin\u00e1rodn\u00ed st\u011bhov\u00e1n\u00ed a skladov\u00e1n\u00ed<\/strong><\/p>\n<ul>\n<li> P\u0159eprava zbo\u017e\u00ed pro dom\u00e1cnost<\/li>\n<li> P\u0159id\u011blen\u00fd poradce pro st\u011bhov\u00e1n\u00ed<\/li>\n<li> Sada p\u0159ed st\u011bhov\u00e1n\u00edm<\/li>\n<li> Celn\u00ed informace a poradenstv\u00ed<\/li>\n<li> Informace o c\u00edli<\/li>\n<li> Skladovac\u00ed prostory<\/li>\n<li> Oce\u0148ov\u00e1n\u00ed nebo poji\u0161\u0165ovac\u00ed poradenstv\u00ed<\/li>\n<\/ul>\n<p><strong>\u0158\u00edzen\u00ed firemn\u00ed politiky a programu p\u0159em\u00eds\u0165ov\u00e1n\u00ed<\/strong><\/p>\n<ul>\n<li> Revize a\/nebo vypracov\u00e1n\u00ed politiky p\u0159em\u00eds\u0165ov\u00e1n\u00ed<\/li>\n<li> Spr\u00e1va politiky<\/li>\n<li> Specializovan\u00fd, zku\u0161en\u00fd t\u00fdm pro spr\u00e1vu \u00fa\u010dt\u016f<\/li>\n<li> Program zaji\u0161t\u011bn\u00ed kvality s m\u011b\u0159iteln\u00fdmi ukazateli<\/li>\n<li> Online p\u0159\u00edstup nebo hl\u00e1\u0161en\u00ed a sledov\u00e1n\u00ed z\u00e1silek<\/li>\n<\/ul>\n<p><strong>Dal\u0161\u00ed slu\u017eby glob\u00e1ln\u00ed mobility<\/strong><\/p>\n<ul>\n<li> Glob\u00e1ln\u00ed srovn\u00e1v\u00e1n\u00ed, p\u0159ezkum a rozvoj politiky<\/li>\n<li> Slu\u017eby spojen\u00e9 s odjezdem a prodejem dom\u016f<\/li>\n<li> Odhady n\u00e1klad\u016f<\/li>\n<li> Hodnocen\u00ed kandid\u00e1t\u016f<\/li>\n<li> Da\u0148ov\u00e9 a soci\u00e1ln\u00ed poradenstv\u00ed<\/li>\n<li> Pr\u016fb\u011b\u017en\u00e9 slu\u017eby p\u0159id\u011blov\u00e1n\u00ed<\/li>\n<li> V\u00fdlet p\u0159ed p\u0159id\u011blen\u00edm<\/li>\n<li> Mezikulturn\u00ed, obchodn\u00ed a jazykov\u00e9 vzd\u011bl\u00e1v\u00e1n\u00ed<\/li>\n<li> Leasing nebo financov\u00e1n\u00ed automobil\u016f<\/li>\n<li> Vyhled\u00e1v\u00e1n\u00ed ve \u0161kole<\/li>\n<li> Repatria\u010dn\u00ed program<\/li>\n<\/ul>\n<p><strong>Celosv\u011btov\u00e9 vl\u00e1dn\u00ed st\u011bhov\u00e1n\u00ed a skladov\u00e1n\u00ed<\/strong><\/p>\n<ul>\n<li> Kompletn\u00ed slu\u017eby pro st\u00e1tn\u00ed spr\u00e1vu a arm\u00e1du<\/li>\n<\/ul>\n<p><strong><a href=\"https:\/\/moverdb.com\/cs\/moving-to-the-united-states\/\" data-internallinksmanager029f6b8e52c=\"94\" title=\"St\u011bhujete se do Spojen\u00fdch st\u00e1t\u016f? 2022 \u017divotn\u00ed n\u00e1klady a tipy na st\u011bhov\u00e1n\u00ed\">US<\/a> St\u011bhov\u00e1n\u00ed a skladov\u00e1n\u00ed obytn\u00fdch prostor<\/strong><\/p>\n<p><strong>P\u0159em\u00edst\u011bn\u00ed spole\u010dnosti<\/strong><\/p>\n<ul>\n<li> Posouzen\u00ed a konzultace politiky p\u0159esunu<\/li>\n<li> \u0158\u00edzen\u00ed p\u0159esun\u016f<\/li>\n<li> P\u0159esuny skupiny<\/li>\n<li> Jednotn\u00e9 kontaktn\u00ed m\u00edsto<\/li>\n<li> P\u0159eprava zbo\u017e\u00ed pro dom\u00e1cnost<\/li>\n<li> Ostatn\u00ed slu\u017eby souvisej\u00edc\u00ed s p\u0159est\u011bhov\u00e1n\u00edm (v\u010detn\u011b slu\u017eeb souvisej\u00edc\u00edch s nemovitostmi, hypot\u00e9k, vyhled\u00e1v\u00e1n\u00ed bydli\u0161t\u011b, slu\u017eeb v c\u00edlov\u00e9 destinaci).<\/li>\n<\/ul>\n<p><strong>Reziden\u010dn\u00ed, soukrom\u00e9 st\u011bhov\u00e1n\u00ed<\/strong><\/p>\n<ul>\n<li> Odhad p\u0159ed st\u011bhov\u00e1n\u00edm<\/li>\n<li> Vyhrazen\u00fd koordin\u00e1tor st\u011bhov\u00e1n\u00ed<\/li>\n<li> Balic\u00ed slu\u017eby (v m\u00edst\u011b p\u016fvodu a v m\u00edst\u011b ur\u010den\u00ed)<\/li>\n<li> Balic\u00ed pot\u0159eby<\/li>\n<li> Sledov\u00e1n\u00ed z\u00e1silek<\/li>\n<li> Skladovac\u00ed slu\u017eby<\/li>\n<li> St\u011bhov\u00e1n\u00ed a slu\u017eby souvisej\u00edc\u00ed s nemovitostmi<\/li>\n<\/ul>\n<h2>Suddath Profil spole\u010dnosti<\/h2>\n<p>Spole\u010dnosti Suddath, Suddath Van Lines a Suddath Relocations Systems jsou rodinou firem, kter\u00e1 vznikla v roce 1919 v Jacksonville, <a href=\"https:\/\/moverdb.com\/cs\/moving-to-the-united-states\/moving-to-florida\/\" data-internallinksmanager029f6b8e52c=\"331\" title=\"St\u011bhov\u00e1n\u00ed na Floridu? 2026 N\u00e1klady na bydlen\u00ed a tipy na p\u0159est\u011bhov\u00e1n\u00ed\">Florida<\/a> Carlem Suddathem, kter\u00fd zalo\u017eil spole\u010dnost s jednou dod\u00e1vkou, dv\u011bma mulami a dv\u011bma cestovn\u00edmi vozy pro nov\u00fd filmov\u00fd pr\u016fmysl. Nyn\u00ed maj\u00ed pobo\u010dky v USA a <a href=\"https:\/\/moverdb.com\/cs\/moving-to-canada\/\" data-internallinksmanager029f6b8e52c=\"265\" title=\"St\u011bhov\u00e1n\u00ed do Kanady? 2026 N\u00e1klady na bydlen\u00ed a tipy na p\u0159est\u011bhov\u00e1n\u00ed\">Kanada<\/a> a rozs\u00e1hlou s\u00ed\u0165 agent\u016f po cel\u00e9m sv\u011bt\u011b.<\/p>\n<p>Spole\u010dnost Suddath ro\u010dn\u011b realizuje v\u00edce ne\u017e 75 000 mezin\u00e1rodn\u00edch i m\u00edstn\u00edch st\u011bhov\u00e1n\u00ed pro jednotlivce, firmy, st\u00e1tn\u00ed spr\u00e1vu a arm\u00e1du. <\/p>\n<p>Py\u0161n\u00ed se t\u00edm, \u017ee mezi jejich p\u0159edn\u00ed klienty pat\u0159\u00ed n\u011bkter\u00e9 spole\u010dnosti z \u017eeb\u0159\u00ed\u010dku Fortune 500 a tak\u00e9 vl\u00e1da USA. Suddath poskytuje kompletn\u00ed slu\u017eby od prvn\u00ed nab\u00eddky a\u017e po vybalen\u00ed a st\u011bhov\u00e1n\u00ed.<\/p>\n<p>Suddath m\u00e1 n\u00e1sleduj\u00edc\u00ed akreditace a afiliace:<\/p>\n<ul>\n<li> <a href=\"https:\/\/moverdb.com\/cs\/fidi-faim\/\">FIDI<\/a><\/li>\n<li> Overseas Moving Network International (OMNI)<\/li>\n<li> <a href=\"https:\/\/moverdb.com\/cs\/iam\/\">Mezin\u00e1rodn\u00ed asociace st\u011bhov\u00e1k\u016f<\/a> (<a href=\"https:\/\/moverdb.com\/cs\/iam\/\" data-internallinksmanager029f6b8e52c=\"23\" title=\"Vysv\u011btlen\u00ed Mezin\u00e1rodn\u00ed asociace st\u011bhov\u00e1k\u016f (IAM)\">IAM<\/a>)<\/li>\n<li> <a href=\"https:\/\/moverdb.com\/cs\/lacma\/\" target=\"_blank\" rel=\"noopener\">Asociace mezin\u00e1rodn\u00edch st\u011bhov\u00e1k\u016f Latinsk\u00e9 Ameriky a Karibiku<\/a> (<a href=\"https:\/\/moverdb.com\/cs\/lacma\/\" data-internallinksmanager029f6b8e52c=\"28\" title=\"Asociace mezin\u00e1rodn\u00edch st\u011bhov\u00e1k\u016f z Latinsk\u00e9 Ameriky a Karibiku (LACMA)\">LACMA<\/a>)<\/li>\n<li> Panamerick\u00e1 asociace mezin\u00e1rodn\u00edch st\u011bhov\u00e1k\u016f (PAIMA)<\/li>\n<li> <a href=\"https:\/\/moverdb.com\/cs\/britska-asociace-stehovaku\/\" target=\"_blank\" rel=\"noopener\">Britsk\u00e1 asociace st\u011bhov\u00e1k\u016f<\/a> (<a href=\"https:\/\/moverdb.com\/cs\/british-association-of-removers\/\" data-internallinksmanager029f6b8e52c=\"9\" title=\"Vysv\u011btlen\u00ed Britsk\u00e9 asociace st\u011bhov\u00e1k\u016f (BAR)\">BAR<\/a>)<\/li>\n<li> <a href=\"https:\/\/moverdb.com\/cs\/rada-pro-premisteni-zamestnancu\/\" target=\"_blank\" rel=\"noopener\">Celosv\u011btov\u00e1 ERC<\/a><\/li>\n<li> Spole\u010dnost pro \u0159\u00edzen\u00ed lidsk\u00fdch zdroj\u016f (SHRM)<\/li>\n<li> Obchodn\u00ed partnerstv\u00ed z\u00e1kazn\u00edk\u016f proti terorismu (C-TPAT)<\/li>\n<li> <a href=\"https:\/\/moverdb.com\/cs\/iata\/\" target=\"_blank\" rel=\"noopener\">IATA<\/a><\/li>\n<li> Better Business Bureau (BBB)<\/li>\n<li> ISO 9001-2008<\/li>\n<li> Glob\u00e1ln\u00ed reloka\u010dn\u00ed slu\u017eby spole\u010dnosti Brookfield<\/li>\n<li> <a href=\"https:\/\/moverdb.com\/cs\/fidi-faim\/\" data-internallinksmanager029f6b8e52c=\"16\" title=\"Vysv\u011btlen\u00ed FIDI a FAIM (FIDI Accredited International Mover)\">FAIM<\/a> Plus<\/li>\n<li> Certifikovan\u00fd kancel\u00e1\u0159sk\u00fd st\u011bhov\u00e1k - International Office Moving Institute<\/li>\n<li> <a href=\"https:\/\/moverdb.com\/cs\/rafkovy-obrubnik\/\" target=\"_blank\" rel=\"noopener\">ProMover<\/a><\/li>\n<li> General Services Administration (GSA)<\/li>\n<\/ul>\n<p><strong>Suddath Moving Recenze<\/strong><\/p>\n<p><strong>Pozitivn\u00ed:<\/strong><\/p>\n<ul>\n<li> <em>\"Pomohli mi v ka\u017ed\u00e9m kroku st\u011bhov\u00e1n\u00ed.\"<\/em> - Alan H prost\u0159ednictv\u00edm <a href=\"http:\/\/www.yelp.com\/biz\/suddath-relocation-systems-jacksonville-3?hrid=aZPhVuYjTxAl3ImKZTmp1A&#038;utm_campaign=www_review_share_popup&#038;utm_medium=copy_link&#038;utm_source=(direct)\" target=\"_blank\" rel=\"noopener\">Yelp<\/a><\/li>\n<li> <em>\"Spole\u010dnost Suddath odvedla vynikaj\u00edc\u00ed pr\u00e1ci od za\u010d\u00e1tku a\u017e do konce - od kontaktu p\u0159es pr\u016fzkum a\u017e po nakl\u00e1dku a vykl\u00e1dku, a to p\u0159esn\u011b podle pl\u00e1nu. Zvl\u00e1\u0161tn\u00ed pod\u011bkov\u00e1n\u00ed pat\u0159\u00ed 4 chlap\u016fm a \u0159idi\u010di, kte\u0159\u00ed zvedaj\u00ed t\u011b\u017ek\u00e9 n\u00e1klady.\"<\/em> - Wayne Ernest prost\u0159ednictv\u00edm <a href=\"http:\/\/reviews.birdeye.com\/suddath-relocation-systems-388913888\" target=\"_blank\" rel=\"noopener\">BirdEye<\/a> <\/li>\n<\/ul>\n<p><strong>Negativn\u00ed:<\/strong><\/p>\n<ul>\n<li> <em>\"Po n\u011bkolika e-mailech mi fajn lidi ze Suddath nab\u00eddli $2,350 za m\u00e9 chyb\u011bj\u00edc\u00ed polo\u017eky v hodnot\u011b $7,500.\" <\/em>Aaron C prost\u0159ednictv\u00edm <a href=\"http:\/\/www.yelp.com\/biz\/suddath-relocation-systems-jacksonville-3?hrid=NyswOKGKwwPmsuorvGtzew&#038;utm_campaign=www_review_share_popup&#038;utm_medium=copy_link&#038;utm_source=(direct)\" target=\"_blank\" rel=\"noopener\">Yelp<\/a> <\/li>\n<li> \"Za posledn\u00edch 15 let jsem se n\u011bkolikr\u00e1t st\u011bhoval a tohle bylo absolutn\u011b nejhor\u0161\u00ed. <a href=\"https:\/\/moverdb.com\/cs\/moving-companies\/\" data-internallinksmanager029f6b8e52c=\"79\" title=\"Top 25 Mezin\u00e1rodn\u00ed st\u011bhovac\u00ed spole\u010dnosti Online\">st\u011bhovac\u00ed spole\u010dnost<\/a> s jakou jsem kdy m\u011bl tu \u010dest.\" - Peter Burgess prost\u0159ednictv\u00edm <a href=\"http:\/\/www.mymovingreviews.com\/movers\/suddath-120#26803\" target=\"_blank\" rel=\"noopener\">MyMovingReviews.com<\/a><\/li>\n<\/ul>\n<div itemprop=\"review\" itemscope itemtype=\"http:\/\/schema.org\/Review\">\n<span itemprop=\"author\" itemscope=\"\" itemtype=\"http:\/\/schema.org\/Organization\"><span itemprop=\"name\">MoverDB.com<\/span><\/span> Online recenze webov\u00fdch str\u00e1nek pro <span itemprop=\"itemreviewed\" itemscope=\"\" itemtype=\"http:\/\/schema.org\/Brand\"><span itemprop=\"name\">Suddath<\/span><\/span>:<\/p>\n<ol>\n<li> Jasn\u00e9 kontaktn\u00ed \u00fadaje na webov\u00fdch str\u00e1nk\u00e1ch (v\u010detn\u011b telefonn\u00edho \u010d\u00edsla): <strong>Ano<\/strong><\/li>\n<li> Snadn\u00e9 z\u00edsk\u00e1n\u00ed <a href=\"https:\/\/moverdb.com\/cs\/citaty\/\">mezin\u00e1rodn\u00ed st\u011bhov\u00e1n\u00ed citace<\/a>? (Online formul\u00e1\u0159 \u017e\u00e1dosti o odhad): <strong>Ano<\/strong><\/li>\n<li> Jasn\u00e9 informace na webov\u00fdch str\u00e1nk\u00e1ch: <strong>\u010c\u00e1ste\u010dn\u011b<\/strong>, Webov\u00e9 str\u00e1nky obsahuj\u00ed mnoho str\u00e1nek, ale v\u011bt\u0161ina informac\u00ed je sp\u00ed\u0161e obecn\u00e1.<\/li>\n<li> \u010clenstv\u00ed v mezin\u00e1rodn\u00edch uzn\u00e1van\u00fdch organizac\u00edch pohybliv\u00fdch aktivit: <strong>Ano<\/strong>, mnoho, viz v\u00fd\u0161e<\/li>\n<li> Seznam klient\u016f a\/nebo reference p\u0159edchoz\u00edch z\u00e1kazn\u00edk\u016f: <strong>N\u011bkter\u00e9,<\/strong> obsahuje p\u0159\u00edpadov\u00e9 studie, ale ne podrobn\u00e9 recenze nebo posudky.<\/li>\n<\/ol>\n<div itemprop=\"reviewRating\" itemscope itemtype=\"http:\/\/schema.org\/Rating\"><meta itemprop=\"worstRating\" content = \"0\" \/><meta itemprop=\"bestRating\" content=\"5\" \/><meta itemprop=\"ratingValue\" content=\"4\"><\/div>\n<p><strong>Celkov\u00e9 hodnocen\u00ed: 4\/5<\/strong><br \/>\n<strong>Datum recenze:<\/strong> <span itemprop=\"datePublished\" content=\"2016-08-21\">21\/08\/2016<\/span>\n<\/div>\n<p>P\u0159e\u010dt\u011bte si v\u00edce o <a href=\"https:\/\/moverdb.com\/cs\/stehovani-spolecnosti\/\">mezin\u00e1rodn\u00ed st\u011bhov\u00e1n\u00ed<\/a>, <a href=\"https:\/\/moverdb.com\/cs\/us-canada-movers\/\">Severoameri\u010dt\u00ed st\u011bhov\u00e1ci<\/a> a na\u0161e <a href=\"https:\/\/moverdb.com\/cs\/recenze\/\">proces p\u0159ezkoum\u00e1n\u00ed<\/a>.<\/p>\n<p><strong>Webov\u00e9 str\u00e1nky:<\/strong> <a href=\"http:\/\/suddath.com\" target=\"_blank\" rel=\"noopener\">http:\/\/suddath.com<\/a><\/p>","protected":false},"excerpt":{"rendered":"<p>Suddath offers its clients full service moving and storage both internationally and locally. These are listed below, together with a company profile and reviews. International Moving and Storage Shipment of household goods Assigned move counsellor Pre-move kit Customs information and counselling Destination information Storage facilities Valuation or insurance counselling Corporate relocation policy and program management [&hellip;]<\/p>\n","protected":false},"author":1,"featured_media":0,"parent":0,"menu_order":0,"comment_status":"closed","ping_status":"closed","template":"","meta":{"_genesis_hide_title":false,"_genesis_hide_breadcrumbs":false,"_genesis_hide_singular_image":false,"_genesis_hide_footer_widgets":false,"_genesis_custom_body_class":"","_genesis_custom_post_class":"","_genesis_layout":"","footnotes":""},"class_list":{"0":"post-1060","1":"page","2":"type-page","3":"status-publish","5":"entry"},"_links":{"self":[{"href":"https:\/\/moverdb.com\/cs\/wp-json\/wp\/v2\/pages\/1060","targetHints":{"allow":["GET"]}}],"collection":[{"href":"https:\/\/moverdb.com\/cs\/wp-json\/wp\/v2\/pages"}],"about":[{"href":"https:\/\/moverdb.com\/cs\/wp-json\/wp\/v2\/types\/page"}],"author":[{"embeddable":true,"href":"https:\/\/moverdb.com\/cs\/wp-json\/wp\/v2\/users\/1"}],"replies":[{"embeddable":true,"href":"https:\/\/moverdb.com\/cs\/wp-json\/wp\/v2\/comments?post=1060"}],"version-history":[{"count":6,"href":"https:\/\/moverdb.com\/cs\/wp-json\/wp\/v2\/pages\/1060\/revisions"}],"predecessor-version":[{"id":6242,"href":"https:\/\/moverdb.com\/cs\/wp-json\/wp\/v2\/pages\/1060\/revisions\/6242"}],"wp:attachment":[{"href":"https:\/\/moverdb.com\/cs\/wp-json\/wp\/v2\/media?parent=1060"}],"curies":[{"name":"wp","href":"https:\/\/api.w.org\/{rel}","templated":true}]}}