{"id":1059,"date":"2016-08-21T14:56:28","date_gmt":"2016-08-21T14:56:28","guid":{"rendered":"http:\/\/moverdb.com\/?page_id=1059"},"modified":"2026-01-08T14:47:35","modified_gmt":"2026-01-08T14:47:35","slug":"arpin-van-lines","status":"publish","type":"page","link":"https:\/\/moverdb.com\/cs\/arpin-van-lines\/","title":{"rendered":"Arpin Van Lines: St\u011bhovac\u00ed slu\u017eby a recenze"},"content":{"rendered":"<p>Spole\u010dnost Arpin Van Lines s\u00eddl\u00ed ve West Warwicku ve st\u00e1t\u011b RI a nab\u00edz\u00ed sv\u00fdm z\u00e1kazn\u00edk\u016fm \u0161irokou \u0161k\u00e1lu slu\u017eeb na mezin\u00e1rodn\u00ed i m\u00edstn\u00ed \u00farovni. Tyto slu\u017eby jsou uvedeny n\u00ed\u017ee spolu s profilem spole\u010dnosti a recenzemi. Mezin\u00e1rodn\u00ed st\u011bhov\u00e1n\u00ed zaji\u0161\u0165uje tak\u00e9 spole\u010dnost <a href=\"https:\/\/moverdb.com\/cs\/arpin-international\/\">Arpin International<\/a>.<\/p>\n<p><strong>Mezin\u00e1rodn\u00ed p\u0159esuny<\/strong><\/p>\n<ul>\n<li> Multikulturn\u00ed a v\u00edcejazy\u010dn\u00fd person\u00e1l<\/li>\n<li> Specializovan\u00fd koordin\u00e1tor pro mezin\u00e1rodn\u00ed st\u011bhov\u00e1n\u00ed<\/li>\n<li> Od dve\u0159\u00ed ke dve\u0159\u00edm<\/li>\n<li> Balen\u00ed a vybalov\u00e1n\u00ed<\/li>\n<li> Demont\u00e1\u017e a op\u011btovn\u00e1 mont\u00e1\u017e n\u00e1bytku a\/nebo zbo\u017e\u00ed<\/li>\n<li> Pomoc s celn\u00edm \u0159\u00edzen\u00edm<\/li>\n<li> P\u0159eshrani\u010dn\u00ed p\u0159esuny - <a href=\"https:\/\/moverdb.com\/cs\/moving-to-canada\/\" data-internallinksmanager029f6b8e52c=\"265\" title=\"St\u011bhov\u00e1n\u00ed do Kanady? 2026 N\u00e1klady na bydlen\u00ed a tipy na p\u0159est\u011bhov\u00e1n\u00ed\">Kanada<\/a><\/li>\n<\/ul>\n<p><strong>St\u011bhov\u00e1n\u00ed GSA a arm\u00e1dy<\/strong><\/p>\n<ul>\n<li> Vojensk\u00e9 str\u00e1nky<\/li>\n<li> Vl\u00e1da\/GSA<\/li>\n<li> St\u011bhov\u00e1n\u00ed veter\u00e1n\u016f<\/li>\n<li> Vojensk\u00e9 \u00fapravy<\/li>\n<\/ul>\n<p><strong>St\u011bhov\u00e1n\u00ed dom\u00e1cnost\u00ed<\/strong><\/p>\n<ul>\n<li> M\u00edstn\u00ed p\u0159esuny<\/li>\n<li> St\u011bhov\u00e1n\u00ed na dlouh\u00e9 vzd\u00e1lenosti<\/li>\n<li> St\u011bhov\u00e1n\u00ed senior\u016f<\/li>\n<li> \u0158e\u0161en\u00ed pro mal\u00e9 p\u0159esuny<\/li>\n<\/ul>\n<p><strong>\u00dalo\u017ei\u0161t\u011b<\/strong><\/p>\n<ul>\n<li> Dlouhodob\u011b<\/li>\n<li> Kr\u00e1tkodob\u00e9<\/li>\n<li> N\u011bkter\u00e9 klimatizovan\u00e9 sklady<\/li>\n<li> Kontejnerov\u00e9 skladov\u00e1n\u00ed<\/li>\n<\/ul>\n<h2>Profil spole\u010dnosti Arpin Van Lines<\/h2>\n<p>Spole\u010dnost Arpin Van Lines byla zalo\u017eena v roce 1900, a proto st\u011bhuje lidi a firmy ji\u017e v\u00edce ne\u017e 100 let a st\u00e1le je rodinn\u00fdm podnikem. <\/p>\n<p>Spole\u010dnost se py\u0161n\u00ed t\u00edm, \u017ee prov\u00e1d\u00ed t\u00e9m\u011b\u0159 dokonal\u00e9 nebo dokonal\u00e9 m\u00edstn\u00ed, d\u00e1lkov\u00e9 a mezin\u00e1rodn\u00ed st\u011bhov\u00e1n\u00ed. M\u00e1 385 agentur v <a href=\"https:\/\/moverdb.com\/cs\/moving-to-the-united-states\/\" data-internallinksmanager029f6b8e52c=\"94\" title=\"St\u011bhujete se do Spojen\u00fdch st\u00e1t\u016f? 2022 \u017divotn\u00ed n\u00e1klady a tipy na st\u011bhov\u00e1n\u00ed\">Spojen\u00e9 st\u00e1ty americk\u00e9<\/a> a spolupracuje se \u0161pi\u010dkov\u00fdmi a spolehliv\u00fdmi agenturami po cel\u00e9m sv\u011bt\u011b, aby mohla poskytovat kvalitu, kterou slibuje.<\/p>\n<p>Spole\u010dnost se zam\u011b\u0159uje p\u0159edev\u0161\u00edm na st\u011bhov\u00e1n\u00ed. Spolupracuje se st\u011bhovac\u00edmi spole\u010dnostmi v USA i po cel\u00e9m sv\u011bt\u011b. Spole\u010dnost Arpin Van Lines ro\u010dn\u011b provede p\u0159ibli\u017en\u011b 14 000 st\u011bhov\u00e1n\u00ed v r\u00e1mci GSA a vojensk\u00fdch st\u011bhov\u00e1n\u00ed.<\/p>\n<p>Spole\u010dnost Arpin Van Lines podporuje organizace Save the Children, Habitat for Humanity a Audubon Society of <a href=\"https:\/\/moverdb.com\/cs\/moving-to-the-united-states\/moving-to-rhode-island\/\" data-internallinksmanager029f6b8e52c=\"450\" title=\"St\u011bhujete se na Rhode Island? 2024 N\u00e1klady na bydlen\u00ed a tipy na st\u011bhov\u00e1n\u00ed\">Rhode Island<\/a>. Spole\u010dnost uplat\u0148uje p\u0159\u00edsnou ekologickou politiku, za kterou z\u00edskala \u0159adu ocen\u011bn\u00ed, proto\u017ee sni\u017euje svou uhl\u00edkovou stopu.<\/p>\n<p>Spole\u010dnost Arpin Van Lines m\u00e1 n\u00e1sleduj\u00edc\u00ed akreditace a afiliace:<\/p>\n<ul>\n<li> The <a href=\"https:\/\/moverdb.com\/cs\/amsa\/\">Americk\u00e1 asociace pro st\u011bhov\u00e1n\u00ed a skladov\u00e1n\u00ed<\/a> (<a href=\"https:\/\/moverdb.com\/cs\/amsa\/\" data-internallinksmanager029f6b8e52c=\"5\" title=\"Vysv\u011btlen\u00ed Americk\u00e9 asociace pro st\u011bhov\u00e1n\u00ed a skladov\u00e1n\u00ed (AMSA)\">AMSA<\/a>)<\/li>\n<li> <a href=\"https:\/\/moverdb.com\/cs\/rada-pro-premisteni-zamestnancu\/\">Celosv\u011btov\u00e1 ERC<\/a><\/li>\n<li> N\u00e1rodn\u00ed asociace mana\u017eer\u016f pohybu senior\u016f (NASMM)<\/li>\n<li> Certifikovan\u00e9 str\u00e1nky <a href=\"https:\/\/moverdb.com\/cs\/rafkovy-obrubnik\/\">ProMover<\/a><\/li>\n<li> Better Business Bureau (BBB) A+<\/li>\n<li> SmartWay Transport Partner<\/li>\n<li> ISSP<\/li>\n<\/ul>\n<h2>Recenze spole\u010dnosti Arpin Van Lines<\/h2>\n<p><strong>Pozitivn\u00ed:<\/strong><\/p>\n<ul>\n<li> <em>\"Nejsem si \u00fapln\u011b jist\u00fd, pro\u010d je tolik \u0161patn\u00fdch recenz\u00ed, ale na druhou stranu jsem m\u011bl vynikaj\u00edc\u00ed zku\u0161enost! Mohlo to b\u00fdt m\u00edstn\u00ed pobo\u010dkou, kter\u00e1 se o st\u011bhov\u00e1n\u00ed starala, nebo pov\u011bst\u00ed spole\u010dnosti. Ka\u017edop\u00e1dn\u011b moje zku\u0161enost byla fantastick\u00e1 od za\u010d\u00e1tku do konce!\"<\/em> - Jay Cee prost\u0159ednictv\u00edm <a href=\"http:\/\/www.yelp.com\/biz\/arpin-van-lines-west-warwick-2?hrid=OS55XvTTjsx1-lntFW5mvw&#038;utm_campaign=www_review_share_popup&#038;utm_medium=copy_link&#038;utm_source=(direct)\" target=\"_blank\" rel=\"noopener\">Yelp<\/a><\/li>\n<li> \"Mus\u00edm \u0159\u00edct, \u017ee kluci z Arpin Van Lines pro n\u00e1s odvedli opravdu neuv\u011b\u0159itelnou pr\u00e1ci. P\u0159i\u0161li p\u0159esn\u011b na \u010das, kdy \u0159ekli, \u017ee p\u0159ijdou, a cel\u00e9 st\u011bhov\u00e1n\u00ed n\u00e1m velmi usnadnili.\"<\/em> - Emmanuel P. prost\u0159ednictv\u00edm <a href=\"https:\/\/www.customerlobby.com\/reviews\/28943\/arpin-van-lines-inc\/review\/877013\" target=\"_blank\" rel=\"noopener\">Z\u00e1kaznick\u00e1 hala<\/a> <\/li>\n<li> <em>\"Cht\u011bl jsem jen \u0159\u00edct, jak jsem byl se st\u011bhov\u00e1n\u00edm spokojen.  V kancel\u00e1\u0159i m\u011b kontrolovali a skute\u010dn\u011b se zaj\u00edmali o to, jak v\u0161e prob\u00edh\u00e1 pro m\u011b a mou rodinu.\"<\/em> - Yuriko Sprott prost\u0159ednictv\u00edm <a href=\"http:\/\/www.mymovingreviews.com\/movers\/arpin-van-lines-664#39723\" target=\"_blank\" rel=\"noopener\">MyMovingReviews.com<\/a> <\/li>\n<\/ul>\n<p><strong>Negativn\u00ed:<\/strong><\/p>\n<ul>\n<li> \"<em>P\u0159est\u011bhovali jsme se z <a href=\"https:\/\/moverdb.com\/cs\/moving-to-the-united-states\/moving-to-illinois\/\" data-internallinksmanager029f6b8e52c=\"401\" title=\"St\u011bhov\u00e1n\u00ed do Illinois? 2026 N\u00e1klady na bydlen\u00ed a tipy na p\u0159est\u011bhov\u00e1n\u00ed\">Illinois<\/a> do Sacramenta a zku\u0161enost byla p\u0159\u00ed\u0161ern\u00e1.\" <\/em>John W prost\u0159ednictv\u00edm <a href=\"http:\/\/www.yelp.com\/biz\/arpin-van-lines-west-warwick-2?hrid=_dchwV9PFPdLsH2-htD5dA&#038;utm_campaign=www_review_share_popup&#038;utm_medium=copy_link&#038;utm_source=(direct)\" target=\"_blank\" rel=\"noopener\">Yelp<\/a><\/li>\n<li> <em>\"Slovy nelze vyj\u00e1d\u0159it, jak douf\u00e1m, \u017ee tuto spole\u010dnost nevyu\u017eijete. Kv\u016fli man\u017eelov\u011b pr\u00e1ci jsme se u\u017e sedmkr\u00e1t st\u011bhovali mimo st\u00e1t a nikdy jsem nebyla sv\u011bdkem takov\u00e9 neschopnosti.\"<\/em> - Marci R. prost\u0159ednictv\u00edm <a href=\"https:\/\/www.customerlobby.com\/reviews\/28943\/arpin-van-lines-inc\/review\/854697\" target=\"_blank\" rel=\"noopener\">Z\u00e1kaznick\u00e1 hala<\/a><\/li>\n<li> <em>\"Kde m\u00e1m za\u010d\u00edt... Trvalo 2 t\u00fddny, ne\u017e dostali nab\u00eddku, v sou\u010dasn\u00e9 dob\u011b maj\u00ed 3 dny zpo\u017ed\u011bn\u00ed a moje t\u011bhotn\u00e1 \u017eena a j\u00e1 budeme muset sp\u00e1t na vyfouknut\u00e9 matraci s kufrem, dokud nedoraz\u00ed.\"<\/em> - Mmonahan prost\u0159ednictv\u00edm <a href=\"http:\/\/www.mymovingreviews.com\/movers\/arpin-van-lines-664#55388\" target=\"_blank\" rel=\"noopener\">MyMovingReviews.com<\/a> <\/li>\n<\/ul>\n<div itemprop=\"review\" itemscope itemtype=\"http:\/\/schema.org\/Review\">\n<span itemprop=\"author\" itemscope=\"\" itemtype=\"http:\/\/schema.org\/Organization\"><span itemprop=\"name\">MoverDB.com<\/span><\/span> Online recenze webov\u00fdch str\u00e1nek pro <span itemprop=\"itemreviewed\" itemscope=\"\" itemtype=\"http:\/\/schema.org\/Brand\"><span itemprop=\"name\">Arpin Van Lines<\/span><\/span>:<\/p>\n<ol>\n<li> Jasn\u00e9 kontaktn\u00ed \u00fadaje na webov\u00fdch str\u00e1nk\u00e1ch (v\u010detn\u011b telefonn\u00edho \u010d\u00edsla): <strong>Ano<\/strong><\/li>\n<li> Snadn\u00e9 z\u00edsk\u00e1n\u00ed <a href=\"https:\/\/moverdb.com\/cs\/citaty\/\">mezin\u00e1rodn\u00ed st\u011bhov\u00e1n\u00ed citace<\/a>? (Online formul\u00e1\u0159 \u017e\u00e1dosti o odhad): <strong>Ano<\/strong><\/li>\n<li> Jasn\u00e9 informace na webov\u00fdch str\u00e1nk\u00e1ch: <strong>Ano,<\/strong> na webov\u00fdch str\u00e1nk\u00e1ch jsou k dispozici pr\u016fvodci a videa.<\/li>\n<li> \u010clenstv\u00ed v mezin\u00e1rodn\u00edch uzn\u00e1van\u00fdch organizac\u00edch pohybliv\u00fdch aktivit: <strong>Ano<\/strong>, (viz v\u00fd\u0161e)<\/li>\n<li> Seznam klient\u016f a\/nebo reference p\u0159edchoz\u00edch z\u00e1kazn\u00edk\u016f. <strong>\u010c\u00e1ste\u010dn\u011b<\/strong> Uv\u00e1d\u011bj\u00ed reference z\u00e1kazn\u00edk\u016f prost\u0159ednictv\u00edm slu\u017eby Customer Lobby, viz v\u00fd\u0161e.<\/li>\n<\/ol>\n<div itemprop=\"reviewRating\" itemscope itemtype=\"http:\/\/schema.org\/Rating\"><meta itemprop=\"worstRating\" content = \"0\" \/><meta itemprop=\"bestRating\" content=\"5\" \/><meta itemprop=\"ratingValue\" content=\"4\"><\/div>\n<p><strong>Celkov\u00e9 hodnocen\u00ed: 4\/5<\/strong><br \/>\n<strong>Datum recenze:<\/strong> <span itemprop=\"datePublished\" content=\"2016-08-21\">21\/08\/2016<\/span>\n<\/div>\n<p>P\u0159e\u010dt\u011bte si v\u00edce o <a href=\"https:\/\/moverdb.com\/cs\/stehovani-spolecnosti\/\">mezin\u00e1rodn\u00ed st\u011bhov\u00e1n\u00ed<\/a>, <a href=\"https:\/\/moverdb.com\/cs\/us-canada-movers\/\">St\u011bhov\u00e1ci z USA<\/a> a na\u0161e <a href=\"https:\/\/moverdb.com\/cs\/recenze\/\">proces p\u0159ezkoum\u00e1n\u00ed<\/a>.<\/p>\n<p><strong>Webov\u00e9 str\u00e1nky:<\/strong> <a href=\"http:\/\/www.arpin.com\" target=\"_blank\" rel=\"noopener\">http:\/\/www.arpin.com<\/a><\/p>","protected":false},"excerpt":{"rendered":"<p>Arpin Van Lines is based in West Warwick, RI and offers its customers a wide range of services both internationally and locally. These services are listed below, together with a company profile and reviews. International moves are also handled by Arpin International. International Moves Multicultural and multilingual staff Dedicated international move coordinator Door to door [&hellip;]<\/p>\n","protected":false},"author":1,"featured_media":0,"parent":0,"menu_order":0,"comment_status":"closed","ping_status":"closed","template":"","meta":{"_genesis_hide_title":false,"_genesis_hide_breadcrumbs":false,"_genesis_hide_singular_image":false,"_genesis_hide_footer_widgets":false,"_genesis_custom_body_class":"","_genesis_custom_post_class":"","_genesis_layout":"","footnotes":""},"class_list":{"0":"post-1059","1":"page","2":"type-page","3":"status-publish","5":"entry"},"_links":{"self":[{"href":"https:\/\/moverdb.com\/cs\/wp-json\/wp\/v2\/pages\/1059","targetHints":{"allow":["GET"]}}],"collection":[{"href":"https:\/\/moverdb.com\/cs\/wp-json\/wp\/v2\/pages"}],"about":[{"href":"https:\/\/moverdb.com\/cs\/wp-json\/wp\/v2\/types\/page"}],"author":[{"embeddable":true,"href":"https:\/\/moverdb.com\/cs\/wp-json\/wp\/v2\/users\/1"}],"replies":[{"embeddable":true,"href":"https:\/\/moverdb.com\/cs\/wp-json\/wp\/v2\/comments?post=1059"}],"version-history":[{"count":7,"href":"https:\/\/moverdb.com\/cs\/wp-json\/wp\/v2\/pages\/1059\/revisions"}],"predecessor-version":[{"id":6176,"href":"https:\/\/moverdb.com\/cs\/wp-json\/wp\/v2\/pages\/1059\/revisions\/6176"}],"wp:attachment":[{"href":"https:\/\/moverdb.com\/cs\/wp-json\/wp\/v2\/media?parent=1059"}],"curies":[{"name":"wp","href":"https:\/\/api.w.org\/{rel}","templated":true}]}}