{"id":1058,"date":"2016-07-25T21:05:23","date_gmt":"2016-07-25T21:05:23","guid":{"rendered":"http:\/\/moverdb.com\/?page_id=1058"},"modified":"2026-01-08T14:40:09","modified_gmt":"2026-01-08T14:40:09","slug":"mayflower-transit","status":"publish","type":"page","link":"https:\/\/moverdb.com\/cs\/mayflower-transit\/","title":{"rendered":"Mayflower Transit: Mezin\u00e1rodn\u00ed st\u011bhovac\u00ed slu\u017eby a recenze"},"content":{"rendered":"<p>Spole\u010dnost Mayflower Transit nab\u00edz\u00ed sv\u00fdm z\u00e1kazn\u00edk\u016fm \u0159adu vnitrost\u00e1tn\u00edch a mezin\u00e1rodn\u00edch st\u011bhovac\u00edch slu\u017eeb, kter\u00e9 jsou uvedeny n\u00ed\u017ee. N\u00e1sleduje tak\u00e9 profil spole\u010dnosti a recenze.<\/p>\n<p><strong>Mezin\u00e1rodn\u00ed st\u011bhov\u00e1n\u00ed<\/strong><\/p>\n<p>Slu\u017eby p\u0159ed p\u0159id\u011blen\u00edm<\/p>\n<ul>\n<li> V\u00edzov\u00e9 a imigra\u010dn\u00ed slu\u017eby<\/li>\n<li> N\u00e1hled cesty a orientace v oblasti<\/li>\n<li> Informace o zemi a kultu\u0159e<\/li>\n<\/ul>\n<p>St\u011bhovac\u00ed slu\u017eby<\/p>\n<ul>\n<li> Pl\u00e1nov\u00e1n\u00ed p\u0159ed st\u011bhov\u00e1n\u00edm<\/li>\n<li> P\u0159eprava v\u011bc\u00ed<\/li>\n<li> \u0158\u00edzen\u00ed st\u011bhov\u00e1n\u00ed<\/li>\n<li> Sledov\u00e1n\u00ed z\u00e1silek<\/li>\n<\/ul>\n<p>Mezin\u00e1rodn\u00ed destina\u010dn\u00ed slu\u017eby<\/p>\n<ul>\n<li> Kulturn\u00ed a jazykov\u00e9 vzd\u011bl\u00e1v\u00e1n\u00ed<\/li>\n<li> Pomoc \u0161kol\u00e1m<\/li>\n<li> Podpora partnera\/man\u017eela<\/li>\n<li> Za\u0159azen\u00ed do slu\u017eby<\/li>\n<li> Asistence p\u0159i odjezdu<\/li>\n<\/ul>\n<p>Ochrann\u00e9 slu\u017eby<\/p>\n<ul>\n<li> Hmotnostn\u00ed n\u00e1sobitel<\/li>\n<li> Z\u00e1soby vysok\u00e9 hodnoty<\/li>\n<li> Polo\u017ekov\u011b ocen\u011bn\u00fd invent\u00e1\u0159<\/li>\n<\/ul>\n<p>Pomoc s bydlen\u00edm<\/p>\n<ul>\n<li> Slu\u017eby vyhled\u00e1v\u00e1n\u00ed dom\u016f<\/li>\n<li> Do\u010dasn\u00e9 ubytov\u00e1n\u00ed<\/li>\n<li> Spr\u00e1va nemovitost\u00ed a n\u00e1jm\u016f<\/li>\n<\/ul>\n<p><strong><a href=\"https:\/\/moverdb.com\/cs\/moving-to-canada\/\" data-internallinksmanager029f6b8e52c=\"265\" title=\"St\u011bhov\u00e1n\u00ed do Kanady? 2026 N\u00e1klady na bydlen\u00ed a tipy na p\u0159est\u011bhov\u00e1n\u00ed\">St\u011bhov\u00e1n\u00ed do Kanady<\/a><\/strong><\/p>\n<ul>\n<li> Po\u017eadovan\u00e1 dokumentace a p\u0159edpisy<\/li>\n<li> Informace o p\u0159eprav\u011b v\u011bc\u00ed<\/li>\n<li> Informace o <a href=\"https:\/\/moverdb.com\/cs\/preprava-aut-a-lodni-doprava\/\">p\u0159epravn\u00ed vozidla<\/a><\/li>\n<\/ul>\n<p><strong>Typy pohyb\u016f<\/strong><\/p>\n<ul>\n<li> St\u011bhov\u00e1n\u00ed dom\u00e1cnost\u00ed - kr\u00e1tk\u00e9 a dlouh\u00e9 vzd\u00e1lenosti<\/li>\n<li> M\u00edstn\u00ed st\u011bhov\u00e1ci<\/li>\n<li> St\u011bhov\u00e1n\u00ed firem<\/li>\n<li> Vojensk\u00e9 a vl\u00e1dn\u00ed organizace<\/li>\n<li> <a href=\"https:\/\/moverdb.com\/cs\/stehovani-spolecnosti\/\" target=\"_blank\" rel=\"noopener\">Mezin\u00e1rodn\u00ed st\u011bhov\u00e1n\u00ed<\/a><\/li>\n<\/ul>\n<p><strong>St\u011bhovac\u00ed slu\u017eby<\/strong><\/p>\n<ul>\n<li> Balen\u00ed a vybalov\u00e1n\u00ed<\/li>\n<li> Ochrana proti st\u011bhov\u00e1n\u00ed<\/li>\n<li> P\u0159eprava automobil\u016f<\/li>\n<li> \u00dalo\u017ei\u0161t\u011b<\/li>\n<li> \u00daklidov\u00e9 slu\u017eby<\/li>\n<li> Sb\u011br suti<\/li>\n<li> Instalace syst\u00e9mu dom\u00e1c\u00edho kina a\/nebo po\u010d\u00edta\u010d\u016f<\/li>\n<li> Zahradnick\u00e9 slu\u017eby<\/li>\n<li> Realitn\u00ed slu\u017eby<\/li>\n<\/ul>\n<h2>Profil spole\u010dnosti Mayflower Transit<\/h2>\n<p>Spole\u010dnost Mayflower Transit zalo\u017eili v roce 1927 Conrad M. Gentry a Don F. Kenworthy v Indianapolis. Zakladatel\u00e9 cht\u011bli lidem nab\u00eddnout alternativu k p\u0159eprav\u011b jejich v\u011bc\u00ed po \u017eeleznici. <\/p>\n<p>Do konce druh\u00e9 sv\u011btov\u00e9 v\u00e1lky se spole\u010dnost roz\u0161\u00ed\u0159ila a nyn\u00ed zahrnovala i slu\u017eby, jako je st\u011bhov\u00e1n\u00ed zam\u011bstnanc\u016f firem, st\u011bhov\u00e1n\u00ed a po\u0159\u00e1d\u00e1n\u00ed veletrh\u016f. <\/p>\n<p>V roce 1995 se spole\u010dnost Mayflower Transit p\u0159ipojila ke skupin\u011b UniGroup, kter\u00e1 je <strong>$1,7 miliardy<\/strong> spole\u010dnost, kter\u00e1 nab\u00edz\u00ed st\u011bhov\u00e1n\u00ed, p\u0159epravu a skladov\u00e1n\u00ed po cel\u00e9m sv\u011bt\u011b. Mayflower Transit nab\u00edz\u00ed \u0161irokou \u0161k\u00e1lu slu\u017eeb od st\u011bhov\u00e1n\u00ed a skladov\u00e1n\u00ed \"na m\u00edru\" a\u017e po kompletn\u00ed slu\u017eby na m\u00edru. <\/p>\n<p><strong>P\u0159\u00edslu\u0161nost a akreditace spole\u010dnosti Mayflower Transit:<\/strong><\/p>\n<ul>\n<li> N\u00e1rodn\u00ed zaji\u0161t\u011bn\u00ed kvality <a href=\"https:\/\/moverdb.com\/cs\/moving-to-the-united-states\/\" data-internallinksmanager029f6b8e52c=\"94\" title=\"St\u011bhujete se do Spojen\u00fdch st\u00e1t\u016f? 2022 \u017divotn\u00ed n\u00e1klady a tipy na st\u011bhov\u00e1n\u00ed\">USA<\/a> (NQA) ISO 9001:2008<\/li>\n<li> <a href=\"https:\/\/moverdb.com\/cs\/amsa\/\">Americk\u00e1 asociace pro st\u011bhov\u00e1n\u00ed a skladov\u00e1n\u00ed<\/a> (<a href=\"https:\/\/moverdb.com\/cs\/amsa\/\" data-internallinksmanager029f6b8e52c=\"5\" title=\"Vysv\u011btlen\u00ed Americk\u00e9 asociace pro st\u011bhov\u00e1n\u00ed a skladov\u00e1n\u00ed (AMSA)\">AMSA<\/a>) - <a href=\"https:\/\/moverdb.com\/cs\/rafkovy-obrubnik\/\">ProMover<\/a><\/li>\n<\/ul>\n<h2>Mayflower Transit Recenze<\/h2>\n<p><strong>Pozitivn\u00ed:<\/strong><\/p>\n<ul>\n<li> \"<em>P\u0159ijeli v\u010das, dorazili na na\u0161i novou adresu v\u010das a kone\u010dn\u00e1 cena, kterou jsme zaplatili, byla P\u0158ESN\u011a takov\u00e1, jakou n\u00e1m uvedli na za\u010d\u00e1tku!! \"<\/em> - Paul I prost\u0159ednictv\u00edm <a href=\"http:\/\/www.mymovingreviews.com\/movers\/mayflower-movers-181#38117\" target=\"_blank\" rel=\"noopener\">MyMovingReviews.com<\/a> <\/li>\n<li> \"<em>Odvedli pro n\u00e1s skv\u011blou pr\u00e1ci, rozestav\u011bli postele, smontovali n\u00e1bytek, kter\u00fd bylo nutn\u00e9 rozebrat kv\u016fli balen\u00ed. J\u00e1 i moje \u017eena jsme byli se zp\u016fsobem st\u011bhov\u00e1n\u00ed velmi spokojeni.\"<\/em> - Jon prost\u0159ednictv\u00edm <a href=\"https:\/\/www.consumeraffairs.com\/movers\/mayflower.html?page=3\" target=\"_blank\" rel=\"noopener\">Spot\u0159ebitelsk\u00e9 z\u00e1le\u017eitosti<\/a> <\/li>\n<\/ul>\n<p><strong>Negativn\u00ed:<\/strong><\/p>\n<ul>\n<li> \"<em>Kdybych mohl d\u00e1t 0 hv\u011bzdi\u010dek, rozhodn\u011b bych to ud\u011blal.\"<\/em> - Bill M. prost\u0159ednictv\u00edm <a href=\"http:\/\/www.mymovingreviews.com\/movers\/mayflower-movers-181#41675\" target=\"_blank\" rel=\"noopener\">MyMovingReviews.com<\/a><\/li>\n<li> \"<em>\u0160koda, \u017ee jsme si p\u0159ed st\u011bhov\u00e1n\u00edm nep\u0159e\u010detli recenze. Zku\u0161enost byla hrozn\u00e1 od za\u010d\u00e1tku do konce.\" <\/em> - Alison prost\u0159ednictv\u00edm <a href=\"https:\/\/www.consumeraffairs.com\/movers\/mayflower.html?page=3\" target=\"_blank\" rel=\"noopener\">Spot\u0159ebitelsk\u00e9 z\u00e1le\u017eitosti<\/a><\/li>\n<\/ul>\n<div itemprop=\"review\" itemscope itemtype=\"http:\/\/schema.org\/Review\">\n<span itemprop=\"author\" itemscope=\"\" itemtype=\"http:\/\/schema.org\/Organization\"><span itemprop=\"name\">MoverDB.com<\/span><\/span> Online recenze webov\u00fdch str\u00e1nek pro <span itemprop=\"itemreviewed\" itemscope=\"\" itemtype=\"http:\/\/schema.org\/Brand\"><span itemprop=\"name\">Mayflower Transit<\/span><\/span>:<\/p>\n<ol>\n<li> Jasn\u00e9 kontaktn\u00ed \u00fadaje na webov\u00fdch str\u00e1nk\u00e1ch (v\u010detn\u011b telefonn\u00edho \u010d\u00edsla): <strong>Ano<\/strong><\/li>\n<li> Snadn\u00e9 z\u00edsk\u00e1n\u00ed <a href=\"https:\/\/moverdb.com\/cs\/citaty\/\">mezin\u00e1rodn\u00ed st\u011bhov\u00e1n\u00ed citace<\/a>? (Online formul\u00e1\u0159 \u017e\u00e1dosti o odhad): <strong>Ano<\/strong><\/li>\n<li> Jasn\u00e9 informace na webov\u00fdch str\u00e1nk\u00e1ch: <strong>Ano.<\/strong> Webov\u00e9 str\u00e1nky obsahuj\u00ed mnoho informac\u00ed a dal\u0161\u00ed jsou k dispozici p\u0159i \u017e\u00e1dosti o cenovou nab\u00eddku.<\/li>\n<li> \u010clenstv\u00ed v mezin\u00e1rodn\u00edch uzn\u00e1van\u00fdch organizac\u00edch pohybliv\u00fdch aktivit: <strong>Ano<\/strong>, viz v\u00fd\u0161e.<\/li>\n<li> Seznam klient\u016f a\/nebo reference p\u0159edchoz\u00edch z\u00e1kazn\u00edk\u016f: <strong>Ano<\/strong>, na webu je mnoho pozitivn\u00edch hodnocen\u00ed z\u00e1kazn\u00edk\u016f.<\/li>\n<\/ol>\n<div itemprop=\"reviewRating\" itemscope itemtype=\"http:\/\/schema.org\/Rating\"><meta itemprop=\"worstRating\" content = \"0\" \/><meta itemprop=\"bestRating\" content=\"5\" \/><meta itemprop=\"ratingValue\" content=\"4.5\"><\/div>\n<p><strong>Celkov\u00e9 hodnocen\u00ed: 4,5\/5<\/strong><br \/>\n<strong>Datum recenze:<\/strong> <span itemprop=\"datePublished\" content=\"2016-07-25\">25\/07\/2016<\/span>\n<\/div>\n<p>P\u0159e\u010dt\u011bte si v\u00edce o <a href=\"https:\/\/moverdb.com\/cs\/stehovani-spolecnosti\/\">mezin\u00e1rodn\u00ed st\u011bhovac\u00ed spole\u010dnosti<\/a>, <a href=\"https:\/\/moverdb.com\/cs\/us-canada-movers\/\">Vnitrost\u00e1tn\u00ed st\u011bhov\u00e1n\u00ed v USA<\/a> a dozv\u011bd\u011bt se v\u00edce o na\u0161\u00ed <a href=\"https:\/\/moverdb.com\/cs\/recenze\/\">proces p\u0159ezkoum\u00e1n\u00ed<\/a>.<\/p>\n<p><strong>Webov\u00e9 str\u00e1nky:<\/strong> <a href=\"http:\/\/www.mayflower.com\/\" target=\"_blank\" rel=\"noopener\">http:\/\/www.mayflower.com<\/a><\/p>","protected":false},"excerpt":{"rendered":"<p>Mayflower Transit offers its customers a range of domestic and international moving services, which are listed below. There also follows a company profile and reviews. International Movers Pre-assignment Services Visa and immigration services Preview trip and area orientation Country and culture information Moving Services Pre-move planning Transportation of belongings Managing the move Shipment tracking International [&hellip;]<\/p>\n","protected":false},"author":1,"featured_media":0,"parent":0,"menu_order":0,"comment_status":"closed","ping_status":"closed","template":"","meta":{"_genesis_hide_title":false,"_genesis_hide_breadcrumbs":false,"_genesis_hide_singular_image":false,"_genesis_hide_footer_widgets":false,"_genesis_custom_body_class":"","_genesis_custom_post_class":"","_genesis_layout":"","footnotes":""},"class_list":{"0":"post-1058","1":"page","2":"type-page","3":"status-publish","5":"entry"},"_links":{"self":[{"href":"https:\/\/moverdb.com\/cs\/wp-json\/wp\/v2\/pages\/1058","targetHints":{"allow":["GET"]}}],"collection":[{"href":"https:\/\/moverdb.com\/cs\/wp-json\/wp\/v2\/pages"}],"about":[{"href":"https:\/\/moverdb.com\/cs\/wp-json\/wp\/v2\/types\/page"}],"author":[{"embeddable":true,"href":"https:\/\/moverdb.com\/cs\/wp-json\/wp\/v2\/users\/1"}],"replies":[{"embeddable":true,"href":"https:\/\/moverdb.com\/cs\/wp-json\/wp\/v2\/comments?post=1058"}],"version-history":[{"count":7,"href":"https:\/\/moverdb.com\/cs\/wp-json\/wp\/v2\/pages\/1058\/revisions"}],"predecessor-version":[{"id":13174,"href":"https:\/\/moverdb.com\/cs\/wp-json\/wp\/v2\/pages\/1058\/revisions\/13174"}],"wp:attachment":[{"href":"https:\/\/moverdb.com\/cs\/wp-json\/wp\/v2\/media?parent=1058"}],"curies":[{"name":"wp","href":"https:\/\/api.w.org\/{rel}","templated":true}]}}