{"id":1057,"date":"2016-08-21T14:07:37","date_gmt":"2016-08-21T14:07:37","guid":{"rendered":"http:\/\/moverdb.com\/?page_id=1057"},"modified":"2026-01-08T15:20:46","modified_gmt":"2026-01-08T15:20:46","slug":"stevens-worldwide-van-lines","status":"publish","type":"page","link":"https:\/\/moverdb.com\/cs\/stevens-worldwide-van-lines\/","title":{"rendered":"Stevens Worldwide Van Lines: Mezin\u00e1rodn\u00ed st\u011bhov\u00e1n\u00ed Recenze"},"content":{"rendered":"<p>Spole\u010dnost Stevens Worldwide Van Lines s\u00eddl\u00ed ve m\u011bst\u011b Saginaw MI. Spole\u010dnost nab\u00edz\u00ed sv\u00fdm z\u00e1kazn\u00edk\u016fm \u0161irokou \u0161k\u00e1lu slu\u017eeb, kter\u00e9 jsou uvedeny n\u00ed\u017ee. N\u00e1sleduje tak\u00e9 profil spole\u010dnosti a recenze.<\/p>\n<p><strong>Mezin\u00e1rodn\u00ed st\u011bhov\u00e1n\u00ed<\/strong><\/p>\n<ul>\n<li> Osobn\u00ed dom\u00e1cnost st\u011bhov\u00e1n\u00ed<\/li>\n<li> Mezin\u00e1rodn\u00ed st\u011bhov\u00e1n\u00ed DOD<\/li>\n<li> GSA mezin\u00e1rodn\u00ed st\u011bhov\u00e1n\u00ed<\/li>\n<li> St\u011bhov\u00e1n\u00ed firem<\/li>\n<li> <a href=\"https:\/\/moverdb.com\/cs\/spedice\/\">Zas\u00edlatelstv\u00ed<\/a><\/li>\n<li> Kompletn\u00ed servis od dve\u0159\u00ed ke dve\u0159\u00edm<\/li>\n<li> Stevens Specialist\u00e9 na mezin\u00e1rodn\u00ed st\u011bhov\u00e1n\u00ed pro ka\u017edou zemi.<\/li>\n<li> Pomozte ur\u010dit pot\u0159eby z\u00e1kazn\u00edka<\/li>\n<li> Vysv\u011btlen\u00ed v\u0161ech dostupn\u00fdch slu\u017eeb v oblasti mezin\u00e1rodn\u00edho st\u011bhov\u00e1n\u00ed a p\u0159em\u00edst\u011bn\u00ed, jako je balen\u00ed, st\u011bhov\u00e1n\u00ed, spedice, <a href=\"https:\/\/moverdb.com\/cs\/kontejnerova-preprava\/\">p\u0159eprava<\/a>, skladov\u00e1n\u00ed a poji\u0161t\u011bn\u00ed<\/li>\n<li> Nast\u00ednit povinnosti spole\u010dnosti Stevens International a povinnosti z\u00e1kazn\u00edka p\u0159ed st\u011bhov\u00e1n\u00edm, v jeho pr\u016fb\u011bhu a po n\u011bm.<\/li>\n<li> Poskytn\u011bte <a href=\"https:\/\/moverdb.com\/cs\/citaty\/\">p\u0159esn\u00fd odhad<\/a><\/li>\n<li> Napl\u00e1nujte ve\u0161kerou logistiku st\u011bhov\u00e1n\u00ed<\/li>\n<li> Vyjedn\u00e1v\u00e1n\u00ed <a href=\"https:\/\/moverdb.com\/cs\/naklady-na-stehovani\/\">nejlep\u0161\u00ed ceny<\/a><\/li>\n<li> dohl\u00ed\u017eet na dopravce a agenty a sledovat ka\u017edou f\u00e1zi st\u011bhov\u00e1n\u00ed.<\/li>\n<li> Zajist\u011bte, aby ve\u0161ker\u00e1 dokumentace byla vypln\u011bna a p\u0159edlo\u017eena p\u0159esn\u011b a v\u010das.<\/li>\n<li> Z\u016fst\u00e1v\u00e1 odpov\u011bdn\u00fd za servis z\u00e1silky podle pokyn\u016f p\u0159epravn\u00edho poradce nebo zahrani\u010dn\u00edho z\u00e1stupce.<\/li>\n<li> vysl\u00e1n\u00ed vhodn\u00e9ho materi\u00e1lu, pracovn\u00edk\u016f a vybaven\u00ed.<\/li>\n<\/ul>\n<p><strong>Stevens International Relocation Coordinators<\/strong><\/p>\n<ul>\n<li> M\u00e1te zku\u0161enosti v oblasti mezin\u00e1rodn\u00edho zas\u00edlatelstv\u00ed a st\u011bhov\u00e1n\u00ed.<\/li>\n<li> Maj\u00ed v\u00edcejazy\u010dn\u00e9 funkce<\/li>\n<li> jsou obezn\u00e1meni s celn\u00edmi p\u0159edpisy a dal\u0161\u00edmi d\u016fle\u017eit\u00fdmi informacemi a mohou pomoci s manipulac\u00ed a zpracov\u00e1n\u00edm dokument\u016f.<\/li>\n<li> Zajistit ovl\u00e1d\u00e1n\u00ed pomoc\u00ed jedin\u00e9 slu\u017eby<\/li>\n<li> Poskytov\u00e1n\u00ed poradenstv\u00ed p\u0159ed st\u011bhov\u00e1n\u00edm a pr\u016fb\u011b\u017en\u00e9ho poradenstv\u00ed.<\/li>\n<li> M\u016f\u017ee pomoci s informacemi o c\u00edlov\u00e9 zemi a celn\u00edch informac\u00edch<\/li>\n<li> Zajistit nep\u0159etr\u017eitou komunikaci a monitorov\u00e1n\u00ed slu\u017eeb<\/li>\n<li> Dodr\u017eujte jasn\u011b definovan\u00e9 postupy p\u0159\u00edpravy a manipulace<\/li>\n<li> Vyu\u017e\u00edvat komplexn\u00ed, rychl\u00e9 a spravedliv\u00e9 postupy vy\u0159izov\u00e1n\u00ed pojistn\u00fdch ud\u00e1lost\u00ed.<\/li>\n<\/ul>\n<p><strong>St\u011bhov\u00e1n\u00ed dom\u00e1cnost\u00ed<\/strong><\/p>\n<ul>\n<li> M\u00edstn\u00ed st\u011bhov\u00e1n\u00ed<\/li>\n<li> St\u011bhov\u00e1n\u00ed mimo st\u00e1t<\/li>\n<li> D\u00e1lkov\u00e9 st\u011bhov\u00e1n\u00ed<\/li>\n<li> Mezist\u00e1tn\u00ed st\u011bhov\u00e1n\u00ed<\/li>\n<li> Cross country st\u011bhov\u00e1n\u00ed<\/li>\n<li> Program mal\u00e9ho st\u011bhov\u00e1n\u00ed<\/li>\n<li> Balen\u00ed a vybalov\u00e1n\u00ed<\/li>\n<li> Dodan\u00e9 krabice a balic\u00ed materi\u00e1ly<\/li>\n<li> K dispozici je kr\u00e1tkodob\u00e9 i dlouhodob\u00e9 skladov\u00e1n\u00ed<\/li>\n<\/ul>\n<p><strong>St\u011bhov\u00e1n\u00ed firem<\/strong><\/p>\n<ul>\n<li> K dispozici je kompletn\u00ed servis<\/li>\n<li> Specializovan\u00fd poradce pro st\u011bhov\u00e1n\u00ed<\/li>\n<li> P\u0159esun po\u010d\u00edta\u010dov\u00fdch syst\u00e9m\u016f<\/li>\n<li> \u0158\u00edzen\u00ed projektu<\/li>\n<li> St\u011bhov\u00e1n\u00ed kancel\u00e1\u0159\u00ed a pr\u016fmyslov\u00fdch podnik\u016f<\/li>\n<li> Spr\u00e1va majetku\/skladov\u00e1n\u00ed<\/li>\n<li> Spr\u00e1va n\u00e1rodn\u00edch p\u0159esun\u016f<\/li>\n<li> Slu\u017eby MAC<\/li>\n<li> Spr\u00e1va z\u00e1znam\u016f<\/li>\n<li> P\u0159esuny za\u0159\u00edzen\u00ed<\/li>\n<li> P\u0159em\u00edst\u011bn\u00ed souboru<\/li>\n<li> St\u011bhov\u00e1n\u00ed laborato\u0159\u00ed<\/li>\n<\/ul>\n<p><strong>St\u011bhov\u00e1n\u00ed vl\u00e1dn\u00edch a vojensk\u00fdch instituc\u00ed<\/strong><\/p>\n<p><strong>St\u011bhov\u00e1n\u00ed duchovn\u00edch<\/strong><\/p>\n<h2>Stevens Worldwide Van Lines Profil spole\u010dnosti<\/h2>\n<p>Frederick H. Stevens Jr. zalo\u017eil spole\u010dnost Stevens Worldwide Van Lines v roce 1905. K p\u0159evozu zavazadel pou\u017e\u00edval jednoho kon\u011b a jeden v\u016fz. <a href=\"https:\/\/moverdb.com\/cs\/moving-to-the-united-states\/moving-to-michigan\/\" data-internallinksmanager029f6b8e52c=\"414\" title=\"St\u011bhov\u00e1n\u00ed do Michiganu? 2026 N\u00e1klady na bydlen\u00ed a tipy na p\u0159est\u011bhov\u00e1n\u00ed\">Michigan<\/a> Centr\u00e1ln\u00ed osobn\u00ed depo v Saginaw. Dnes m\u00e1 Stevens 125 agent\u016f rozm\u00edst\u011bn\u00fdch po cel\u00e9m <a href=\"https:\/\/moverdb.com\/cs\/moving-to-the-united-states\/\" data-internallinksmanager029f6b8e52c=\"94\" title=\"St\u011bhujete se do Spojen\u00fdch st\u00e1t\u016f? 2022 \u017divotn\u00ed n\u00e1klady a tipy na st\u011bhov\u00e1n\u00ed\">Spojen\u00e9 st\u00e1ty americk\u00e9<\/a> a komplexn\u00ed mezin\u00e1rodn\u00ed odd\u011blen\u00ed. Ve spole\u010dnosti p\u016fsob\u00ed \u010dtvrt\u00e1 a p\u00e1t\u00e1 generace Stevens\u016f na vedouc\u00edch pozic\u00edch.<\/p>\n<p>Spole\u010dnost Stevens Worldwide Van Lines st\u011bhuje dom\u00e1cnosti, podniky, vl\u00e1dn\u00ed a vojensk\u00fd person\u00e1l a duchovn\u00ed v r\u00e1mci Spojen\u00fdch st\u00e1t\u016f a po cel\u00e9m sv\u011bt\u011b. Spole\u010dnost zavedla mnoho ekologick\u00fdch iniciativ, aby sn\u00ed\u017eila svou uhl\u00edkovou stopu. Podporuje tak\u00e9 r\u016fzn\u00e9 charitativn\u00ed organizace na mezin\u00e1rodn\u00ed i m\u00edstn\u00ed \u00farovni.<\/p>\n<p>Spole\u010dnost Stevens Worldwide Van Lines m\u00e1 n\u00e1sleduj\u00edc\u00ed akreditace a afiliace:<\/p>\n<ul>\n<li> ISO 9001<\/li>\n<li> <a href=\"https:\/\/moverdb.com\/cs\/fidi-faim\/\">FIDI<\/a><\/li>\n<li> <a href=\"https:\/\/moverdb.com\/cs\/fidi-faim\/\" data-internallinksmanager029f6b8e52c=\"16\" title=\"Vysv\u011btlen\u00ed FIDI a FAIM (FIDI Accredited International Mover)\">FAIM<\/a><\/li>\n<li> <a href=\"https:\/\/moverdb.com\/cs\/iam\/\">Mezin\u00e1rodn\u00ed asociace st\u011bhov\u00e1k\u016f<\/a> (<a href=\"https:\/\/moverdb.com\/cs\/iam\/\" data-internallinksmanager029f6b8e52c=\"23\" title=\"Vysv\u011btlen\u00ed Mezin\u00e1rodn\u00ed asociace st\u011bhov\u00e1k\u016f (IAM)\">IAM<\/a>)<\/li>\n<li> <a href=\"https:\/\/moverdb.com\/cs\/lacma\/\">Asociace mezin\u00e1rodn\u00edch st\u011bhov\u00e1k\u016f Latinsk\u00e9 Ameriky a Karibiku<\/a> (<a href=\"https:\/\/moverdb.com\/cs\/lacma\/\" data-internallinksmanager029f6b8e52c=\"28\" title=\"Asociace mezin\u00e1rodn\u00edch st\u011bhov\u00e1k\u016f z Latinsk\u00e9 Ameriky a Karibiku (LACMA)\">LACMA<\/a>)<\/li>\n<li> <a href=\"https:\/\/moverdb.com\/cs\/amsa\/\">Americk\u00e1 asociace pro st\u011bhov\u00e1n\u00ed a skladov\u00e1n\u00ed<\/a> (<a href=\"https:\/\/moverdb.com\/cs\/amsa\/\" data-internallinksmanager029f6b8e52c=\"5\" title=\"Vysv\u011btlen\u00ed Americk\u00e9 asociace pro st\u011bhov\u00e1n\u00ed a skladov\u00e1n\u00ed (AMSA)\">AMSA<\/a>) - <a href=\"https:\/\/moverdb.com\/cs\/rafkovy-obrubnik\/\">ProMover<\/a><\/li>\n<li> BBB A+<\/li>\n<\/ul>\n<h2>Stevens Worldwide Van Lines Recenze<\/h2>\n<p><strong>Pozitivn\u00ed:<\/strong><\/p>\n<ul>\n<li> <em>\"Od za\u010d\u00e1tku do konce byla na\u0161e zku\u0161enost se st\u011bhov\u00e1n\u00edm se spole\u010dnost\u00ed Stevens vynikaj\u00edc\u00ed!\"<\/em> - Martin prost\u0159ednictv\u00edm <a href=\"http:\/\/stevensworldwide.com\/testimonials\" target=\"_blank\" rel=\"noopener\">Reference z\u00e1kazn\u00edk\u016f spole\u010dnosti Stevens<\/a><\/li>\n<li> \"<em>Na\u0161e zku\u0161enosti se spole\u010dnost\u00ed Stevens Worldwide byly od za\u010d\u00e1tku do konce na \u0161pi\u010dkov\u00e9 \u00farovni.\" <\/em> - Michael prost\u0159ednictv\u00edm <a href=\"http:\/\/www.yelp.com\/biz\/stevens-worldwide-van-lines-saginaw-4?hrid=IQoARxOFSez8PQ9c5gUSmQ&#038;utm_campaign=www_review_share_popup&#038;utm_medium=copy_link&#038;utm_source=(direct)\" target=\"_blank\" rel=\"noopener\">Yelp<\/a><\/li>\n<li> \"<em>Zku\u0161enosti p\u0159ed\u010dily o\u010dek\u00e1v\u00e1n\u00ed. Velmi d\u016fle\u017eit\u00e9 je, \u017ee prodejn\u00ed nab\u00eddka odpov\u00eddala skute\u010dn\u00e9 cen\u011b. Za druh\u00e9 jsme byli ohromeni balen\u00edm. St\u011bhov\u00e1ci n\u00e1s po\u017e\u00e1dali, abychom jim den p\u0159edem sd\u011blili na\u0161e pot\u0159eby, a poskytli pracovn\u00ed s\u00edlu, kter\u00e1 v\u0161e zvl\u00e1dla. \"<\/em> - Bill Counts prost\u0159ednictv\u00edm <a href=\"http:\/\/www.mymovingreviews.com\/movers\/stevens-van-lines-825#49902\" target=\"_blank\" rel=\"noopener\">MyMovingReviews.com<\/a><\/li>\n<li> \"<em>Velmi p\u0159\u00edjemn\u00fd person\u00e1l.\"<\/em> - U\u017eivatel Google prost\u0159ednictv\u00edm <a href=\"http:\/\/reviews.birdeye.com\/stevens-worldwide-van-lines-951509696\" target=\"_blank\" rel=\"noopener\">BirdEye<\/a> <\/li>\n<\/ul>\n<p><strong>Negativn\u00ed:<\/strong><\/p>\n<ul>\n<li> <em>\"Jedna hv\u011bzda je i pro n\u011b p\u0159\u00edli\u0161.\"<\/em> - Michael M prost\u0159ednictv\u00edm <a href=\"http:\/\/www.yelp.com\/biz\/stevens-worldwide-van-lines-saginaw-4?hrid=7erY_4bReACOHR_0idQdUQ&#038;utm_campaign=www_review_share_popup&#038;utm_medium=copy_link&#038;utm_source=(direct)\" target=\"_blank\" rel=\"noopener\">Yelp<\/a><\/li>\n<li> <em>\"Amat\u00e9rsk\u00fd \u0159idi\u010d se 3 zbyte\u010dn\u00fdmi pomocn\u00edky nakl\u00e1dal d\u016fm se 2 lo\u017enicemi a sklepem 14 hodin.\"<\/em> - Steve prost\u0159ednictv\u00edm <a href=\"http:\/\/www.mymovingreviews.com\/movers\/stevens-van-lines-825#55538\" target=\"_blank\" rel=\"noopener\">MyMovingReviews.com<\/a> <\/li>\n<li> \"<em>Nemohli jsme m\u00edt nep\u0159\u00edjemn\u011bj\u0161\u00ed zku\u0161enost.\"<\/em> - Brian Gibson prost\u0159ednictv\u00edm <a href=\"http:\/\/reviews.birdeye.com\/stevens-worldwide-van-lines-951509696\" target=\"_blank\" rel=\"noopener\">BirdEye<\/a> <\/li>\n<\/ul>\n<div itemprop=\"review\" itemscope itemtype=\"http:\/\/schema.org\/Review\">\n<span itemprop=\"author\" itemscope=\"\" itemtype=\"http:\/\/schema.org\/Organization\"><span itemprop=\"name\">MoverDB.com<\/span><\/span> Online recenze webov\u00fdch str\u00e1nek pro <span itemprop=\"itemreviewed\" itemscope=\"\" itemtype=\"http:\/\/schema.org\/Brand\"><span itemprop=\"name\">Stevens Worldwide Van Lines<\/span><\/span>:<\/p>\n<ol>\n<li> Jasn\u00e9 kontaktn\u00ed \u00fadaje na webov\u00fdch str\u00e1nk\u00e1ch (v\u010detn\u011b telefonn\u00edho \u010d\u00edsla): <strong>Ano<\/strong><\/li>\n<li> Snadn\u00e9 z\u00edsk\u00e1n\u00ed <a href=\"https:\/\/moverdb.com\/cs\/citaty\/\">mezin\u00e1rodn\u00ed st\u011bhov\u00e1n\u00ed citace<\/a>? (Online formul\u00e1\u0159 \u017e\u00e1dosti o odhad): <strong>Ano<\/strong><\/li>\n<li> Jasn\u00e9 informace na webov\u00fdch str\u00e1nk\u00e1ch: <strong>Ano,<\/strong> dostatek informac\u00ed o tom, co je t\u0159eba ud\u011blat p\u0159ed st\u011bhov\u00e1n\u00edm.<\/li>\n<li> \u010clenstv\u00ed v mezin\u00e1rodn\u00edch uzn\u00e1van\u00fdch organizac\u00edch pohybliv\u00fdch aktivit: <strong>Ano<\/strong>, mnoh\u00e9 viz v\u00fd\u0161e<\/li>\n<li> Seznam klient\u016f a\/nebo reference p\u0159edchoz\u00edch z\u00e1kazn\u00edk\u016f. <strong>Ano,<\/strong> Na webu je mnoho pozitivn\u00edch recenz\u00ed a posudk\u016f z\u00e1kazn\u00edk\u016f.<\/li>\n<\/ol>\n<div itemprop=\"reviewRating\" itemscope itemtype=\"http:\/\/schema.org\/Rating\"><meta itemprop=\"worstRating\" content = \"0\" \/><meta itemprop=\"bestRating\" content=\"5\" \/><meta itemprop=\"ratingValue\" content=\"4.5\"><\/div>\n<p><strong>Celkov\u00e9 hodnocen\u00ed: 4,5\/5<\/strong><br \/>\n<strong>Datum recenze:<\/strong> <span itemprop=\"datePublished\" content=\"2016-08-21\">21\/08\/2016<\/span>\n<\/div>\n<p>P\u0159e\u010dt\u011bte si v\u00edce o <a href=\"https:\/\/moverdb.com\/cs\/stehovani-spolecnosti\/\">mezin\u00e1rodn\u00ed st\u011bhovac\u00ed spole\u010dnosti<\/a>, <a href=\"https:\/\/moverdb.com\/cs\/us-canada-movers\/\">USA st\u011bhov\u00e1n\u00ed spole\u010dnosti<\/a> a na\u0161e <a href=\"https:\/\/moverdb.com\/cs\/recenze\/\">vysv\u011btlen\u00ed procesu p\u0159ezkoum\u00e1n\u00ed<\/a>.<\/p>\n<p><strong>Webov\u00e9 str\u00e1nky:<\/strong> <a href=\"http:\/\/stevensworldwide.com\/\" target=\"_blank\" rel=\"noopener\">http:\/\/stevensworldwide.com<\/a><\/p>","protected":false},"excerpt":{"rendered":"<p>Stevens Worldwide Van Lines is based in Saginaw MI. The company offers its customers a wide range of services which are listed below. There also follows a company profile and reviews. International Moving Personal household moving DOD international moving GSA international moving Corporate moving Freight forwarding Full door to door service Stevens International relocation specialists [&hellip;]<\/p>\n","protected":false},"author":1,"featured_media":0,"parent":0,"menu_order":0,"comment_status":"closed","ping_status":"closed","template":"","meta":{"_genesis_hide_title":false,"_genesis_hide_breadcrumbs":false,"_genesis_hide_singular_image":false,"_genesis_hide_footer_widgets":false,"_genesis_custom_body_class":"","_genesis_custom_post_class":"","_genesis_layout":"","footnotes":""},"class_list":{"0":"post-1057","1":"page","2":"type-page","3":"status-publish","5":"entry"},"_links":{"self":[{"href":"https:\/\/moverdb.com\/cs\/wp-json\/wp\/v2\/pages\/1057","targetHints":{"allow":["GET"]}}],"collection":[{"href":"https:\/\/moverdb.com\/cs\/wp-json\/wp\/v2\/pages"}],"about":[{"href":"https:\/\/moverdb.com\/cs\/wp-json\/wp\/v2\/types\/page"}],"author":[{"embeddable":true,"href":"https:\/\/moverdb.com\/cs\/wp-json\/wp\/v2\/users\/1"}],"replies":[{"embeddable":true,"href":"https:\/\/moverdb.com\/cs\/wp-json\/wp\/v2\/comments?post=1057"}],"version-history":[{"count":7,"href":"https:\/\/moverdb.com\/cs\/wp-json\/wp\/v2\/pages\/1057\/revisions"}],"predecessor-version":[{"id":6241,"href":"https:\/\/moverdb.com\/cs\/wp-json\/wp\/v2\/pages\/1057\/revisions\/6241"}],"wp:attachment":[{"href":"https:\/\/moverdb.com\/cs\/wp-json\/wp\/v2\/media?parent=1057"}],"curies":[{"name":"wp","href":"https:\/\/api.w.org\/{rel}","templated":true}]}}