{"id":1042,"date":"2016-10-24T05:23:18","date_gmt":"2016-10-24T05:23:18","guid":{"rendered":"http:\/\/moverdb.com\/?page_id=1042"},"modified":"2026-01-08T14:48:06","modified_gmt":"2026-01-08T14:48:06","slug":"covan-world-wide","status":"publish","type":"page","link":"https:\/\/moverdb.com\/cs\/covan-world-wide\/","title":{"rendered":"Covan Worldwide Moving: Mezin\u00e1rodn\u00ed st\u011bhov\u00e1n\u00ed Recenze"},"content":{"rendered":"<p>Spole\u010dnost Covan Worldwide Moving nab\u00edz\u00ed sv\u00fdm klient\u016fm \u0161irokou \u0161k\u00e1lu slu\u017eeb. N\u00ed\u017ee jsou uvedeny jejich seznam, profil spole\u010dnosti a recenze.<\/p>\n<p><strong>Mezin\u00e1rodn\u00ed st\u011bhov\u00e1n\u00ed<\/strong><\/p>\n<ul>\n<li> Bezplatn\u00fd odhad v dom\u00e1cnosti<\/li>\n<li> Kompletn\u00ed balic\u00ed slu\u017eby NEBO balen\u00ed pouze k\u0159ehk\u00fdch v\u00fdrobk\u016f<\/li>\n<li> Zak\u00e1zkov\u00e9 balen\u00ed<\/li>\n<li> <a href=\"https:\/\/moverdb.com\/cs\/preprava-aut-a-lodni-doprava\/\">P\u0159eprava vozidel<\/a> (v r\u00e1mci st\u011bhov\u00e1n\u00ed dom\u00e1cnosti a\/nebo nez\u00e1visle na n\u011bm)<\/li>\n<li> P\u0159eprava klav\u00edr\u016f (jako sou\u010d\u00e1st st\u011bhov\u00e1n\u00ed dom\u00e1cnosti a\/nebo nez\u00e1visle na n\u011bm)<\/li>\n<li> Bezplatn\u00e9 balen\u00ed n\u00e1bytku do stre\u010dov\u00fdch f\u00f3li\u00ed; ochrana dve\u0159\u00ed a podlahy<\/li>\n<li> Leteck\u00e1 n\u00e1kladn\u00ed doprava<\/li>\n<li> Celn\u00ed odbaven\u00ed<\/li>\n<li> C\u00edlov\u00e9 slu\u017eby (demont\u00e1\u017e\/mont\u00e1\u017e atd.)<\/li>\n<li> Sledov\u00e1n\u00ed z\u00e1silek online<\/li>\n<li> Mo\u017enosti poji\u0161t\u011bn\u00ed pro ocen\u011bn\u00ed<\/li>\n<li> Slu\u017eby dlouhodob\u00e9ho nebo kr\u00e1tkodob\u00e9ho skladov\u00e1n\u00ed<\/li>\n<\/ul>\n<p><strong>P\u0159em\u00edst\u011bn\u00ed spole\u010dnosti<\/strong><\/p>\n<ul>\n<li> Bezplatn\u00e9 odhady v dom\u00e1cnosti<\/li>\n<li> Pr\u016fzkum p\u0159ed st\u011bhov\u00e1n\u00edm<\/li>\n<li> Kontakt z jednoho zdroje<\/li>\n<li> Balen\u00ed s kompletn\u00edmi slu\u017ebami NEBO pouze \u010d\u00e1ste\u010dn\u00e9 balen\u00ed<\/li>\n<li> Zak\u00e1zkov\u00e9 balen\u00ed<\/li>\n<li> Vybalov\u00e1n\u00ed\/rozbalov\u00e1n\u00ed<\/li>\n<li> Demont\u00e1\u017en\u00ed a mont\u00e1\u017en\u00ed slu\u017eby pro spot\u0159ebi\u010de - d\u011bde\u010dkovy hodiny, fitness za\u0159\u00edzen\u00ed atd.<\/li>\n<li> St\u011bhov\u00e1n\u00ed klav\u00edr\u016f (pozn\u00e1mka: lze prov\u00e9st i nez\u00e1visle na st\u011bhov\u00e1n\u00ed dom\u00e1cnosti)<\/li>\n<li> St\u011bhov\u00e1n\u00ed vozidel (pozn\u00e1mka: lze prov\u00e9st i nez\u00e1visle na st\u011bhov\u00e1n\u00ed dom\u00e1cnosti)<\/li>\n<li> Mo\u017enosti dlouhodob\u00e9ho nebo kr\u00e1tkodob\u00e9ho skladov\u00e1n\u00ed<\/li>\n<li> Sledov\u00e1n\u00ed z\u00e1silek online<\/li>\n<li> Spr\u00e1va p\u0159esun\u016f<\/li>\n<li> Mo\u017enosti poji\u0161t\u011bn\u00ed pro ocen\u011bn\u00ed<\/li>\n<li> Pomoc s celn\u00edm odbaven\u00edm p\u0159i st\u011bhov\u00e1n\u00ed do zahrani\u010d\u00ed<\/li>\n<li> Destina\u010dn\u00ed slu\u017eby<\/li>\n<\/ul>\n<p><strong>Vl\u00e1da a arm\u00e1da<\/strong><\/p>\n<ul>\n<li> Bezplatn\u00fd odhad v dom\u00e1cnosti<\/li>\n<li> Kompletn\u00ed balic\u00ed slu\u017eby<\/li>\n<li> Prodej obalov\u00fdch materi\u00e1l\u016f<\/li>\n<li> <a href=\"https:\/\/moverdb.com\/cs\/car-transport-shipping\/\" data-internallinksmanager029f6b8e52c=\"2\" title=\"2026 Mezin\u00e1rodn\u00ed p\u0159eprava automobil\u016f &amp; P\u0159eprava vozidel Citace\">P\u0159eprava vozidel<\/a><\/li>\n<li> P\u0159eprava klav\u00edr\u016f<\/li>\n<li> Slu\u017eby dlouhodob\u00e9ho nebo kr\u00e1tkodob\u00e9ho skladov\u00e1n\u00ed<\/li>\n<li> Slu\u017eby t\u0159et\u00edch stran (prov\u00e1d\u00edme v\u0161echny typy mont\u00e1\u017e\u00ed\/demont\u00e1\u017e\u00ed - my\u010dky, ledni\u010dky, sv\u011btla, televizory, sterea, obrazy, postele, sk\u0159\u00edn\u011b atd.)<\/li>\n<li> Sledov\u00e1n\u00ed z\u00e1silek online pro st\u011bhov\u00e1n\u00ed na velk\u00e9 vzd\u00e1lenosti<\/li>\n<li> Mo\u017enosti poji\u0161t\u011bn\u00ed pro ocen\u011bn\u00ed<\/li>\n<\/ul>\n<p><strong>Komer\u010dn\u00ed st\u011bhov\u00e1ci<\/strong><\/p>\n<ul>\n<li> Pr\u016fmyslov\u00e9 st\u011bhov\u00e1n\u00ed<\/li>\n<li> St\u011bhov\u00e1n\u00ed kancel\u00e1\u0159\u00ed<\/li>\n<li> St\u011bhov\u00e1n\u00ed vl\u00e1dy<\/li>\n<li> Po\u010d\u00edta\u010dov\u00e9\/elektronick\u00e9 st\u011bhov\u00e1n\u00ed<\/li>\n<li> St\u011bhov\u00e1n\u00ed firem - kompletn\u00ed slu\u017eby<\/li>\n<\/ul>\n<p><strong>Dom\u00e1c\u00ed st\u011bhov\u00e1ci<\/strong><\/p>\n<ul>\n<li> Cenov\u00e1 nab\u00eddka a pl\u00e1n p\u0159ed st\u011bhov\u00e1n\u00edm<\/li>\n<li> Balen\u00ed - kompletn\u00ed slu\u017eby, k\u0159ehk\u00e9 p\u0159edm\u011bty nebo vlastn\u00ed balen\u00ed<\/li>\n<li> Vylo\u017een\u00ed, vybalen\u00ed a uspo\u0159\u00e1d\u00e1n\u00ed v\u011bc\u00ed<\/li>\n<li> St\u011bhov\u00e1n\u00ed jak\u00e9hokoli p\u0159edm\u011btu - klav\u00edru, auta, lodi a dal\u0161\u00edch v\u011bc\u00ed<\/li>\n<\/ul>\n<h2>Profil spole\u010dnosti Covan Worldwide Moving Company<\/h2>\n<p>Spole\u010dnost Covan Worldwide Moving zah\u00e1jila svou \u010dinnost v roce 1914 v Hutchinsonu ve st\u00e1t\u011b KS pod n\u00e1zvem Merchants Transfer and Storage. J. M. Coleman, zakladatel spole\u010dnosti, za\u010d\u00ednal se \u010dty\u0159mi n\u00e1kladn\u00edmi vozy a osmi ko\u0148mi. Dnes m\u00e1 50 pobo\u010dek a v\u00edce ne\u017e 400 agent\u016f po cel\u00e9m sv\u011bt\u011b. <\/p>\n<p>Spole\u010dnost Covan m\u00e1 v\u00edce ne\u017e 200 mezist\u00e1tn\u00edch a 600 m\u00edstn\u00edch p\u0159epravn\u00edch jednotek. Jej\u00edm posl\u00e1n\u00edm je b\u00fdt l\u00eddrem v oblasti mezin\u00e1rodn\u00edch p\u0159epravn\u00edch slu\u017eeb a dos\u00e1hnout spokojenosti z\u00e1kazn\u00edk\u016f 100%.<\/p>\n<p>Spole\u010dnost Covan World-Wide Moving m\u00e1 n\u00e1sleduj\u00edc\u00ed afiliace a akreditace:<\/p>\n<ul>\n<li> <a href=\"https:\/\/moverdb.com\/cs\/amsa\/\">Americk\u00e1 asociace pro st\u011bhov\u00e1n\u00ed a skladov\u00e1n\u00ed<\/a> (<a href=\"https:\/\/moverdb.com\/cs\/amsa\/\" data-internallinksmanager029f6b8e52c=\"5\" title=\"Vysv\u011btlen\u00ed Americk\u00e9 asociace pro st\u011bhov\u00e1n\u00ed a skladov\u00e1n\u00ed (AMSA)\">AMSA<\/a>)<\/li>\n<li> <a href=\"https:\/\/moverdb.com\/cs\/rafkovy-obrubnik\/\">ProMover<\/a><\/li>\n<li> <a href=\"https:\/\/moverdb.com\/cs\/iam\/\">Mezin\u00e1rodn\u00ed asociace st\u011bhov\u00e1k\u016f<\/a> (<a href=\"https:\/\/moverdb.com\/cs\/iam\/\" data-internallinksmanager029f6b8e52c=\"23\" title=\"Vysv\u011btlen\u00ed Mezin\u00e1rodn\u00ed asociace st\u011bhov\u00e1k\u016f (IAM)\">IAM<\/a>)<\/li>\n<li> <a href=\"https:\/\/moverdb.com\/cs\/rafkovy-obrubnik\/\">Registrovan\u00e9 mezin\u00e1rodn\u00ed st\u011bhov\u00e1n\u00ed<\/a> (<a href=\"https:\/\/moverdb.com\/cs\/rim-promover\/\" data-internallinksmanager029f6b8e52c=\"76\" title=\"Vysv\u011btlen\u00ed certifikace RIM International ProMover\">RIM<\/a>)<\/li>\n<li> Akreditace BBB<\/li>\n<\/ul>\n<p><strong>Covan Worldwide Moving Recenze<\/strong><\/p>\n<p><strong>Pozitivn\u00ed:<\/strong><\/p>\n<ul>\n<li> <em>\"Nechali jsme si od spole\u010dnosti Covan zabalit na\u0161e zbo\u017e\u00ed v Norfolku ve st\u00e1t\u011b VA, abychom ho mohli poslat p\u0159es cel\u00fd sv\u011bt na Guam. Sly\u0161ela jsem hororov\u00e9 p\u0159\u00edb\u011bhy o tom, jak st\u011bhov\u00e1ci balili v\u011bci a ty pak dorazily rozbit\u00e9 a\/nebo chyb\u011bly. V\u0161echny na\u0161e p\u0159edm\u011bty byly v po\u0159\u00e1dku a ve skv\u011bl\u00e9m stavu, NIC nebylo rozbit\u00e9 ani deformovan\u00e9!!!\"<\/em> - David S <a href=\"http:\/\/www.covan.com\/moving-reviews\/alabama-2519665061024629999\/\" target=\"_blank\" rel=\"noopener\">reference z\u00e1kazn\u00edk\u016f<\/a><\/li>\n<li> <em>\"Nemohu uv\u011b\u0159it, \u017ee se k tomu dost\u00e1v\u00e1m a\u017e te\u010f, ale cht\u011bl jsem se s v\u00e1mi pod\u011blit o n\u011bkolik pozitivn\u00edch post\u0159eh\u016f o tom. <a href=\"https:\/\/moverdb.com\/cs\/moving-companies\/\" data-internallinksmanager029f6b8e52c=\"79\" title=\"Top 25 Mezin\u00e1rodn\u00ed st\u011bhovac\u00ed spole\u010dnosti Online\">st\u011bhovac\u00ed spole\u010dnost<\/a> Covan Worldwide Moving. Byli velmi ohledupln\u00ed a zajistili hladk\u00fd pr\u016fb\u011bh balen\u00ed, a dokonce i z\u00e1bavu!\"<\/em> - Emily S prost\u0159ednictv\u00edm <a href=\"https:\/\/www.yelp.com\/biz\/covan-world-wide-moving-kapolei?hrid=ehsMVfnz3q1xKBP5KHJCxg&#038;utm_campaign=www_review_share_popup&#038;utm_medium=copy_link&#038;utm_source=(direct)\" target=\"_blank\" rel=\"noopener\">Yelp<\/a><\/li>\n<\/ul>\n<p><strong>Negativn\u00ed:<\/strong><\/p>\n<ul>\n<li> <em>\"Kdyby bylo mo\u017en\u00e9 nedat \u017e\u00e1dn\u00e9 hv\u011bzdi\u010dky, ud\u011blal bych to. Nikdy jsem nikomu nenechal \u0161patn\u00e9 hodnocen\u00ed, proto\u017ee nejsem st\u011b\u017eovatel, ale tohle je zdaleka nejhor\u0161\u00ed st\u011bhov\u00e1n\u00ed PCS, jak\u00e9 jsem kdy za\u017eil. Kde m\u00e1m v\u016fbec za\u010d\u00edt?\"<\/em> - Lillian H. prost\u0159ednictv\u00edm <a href=\"https:\/\/www.yelp.com\/biz\/covan-world-wide-moving-kapolei?hrid=rRlVAPr2uu0AYHtD7q-oBw&#038;utm_campaign=www_review_share_popup&#038;utm_medium=copy_link&#038;utm_source=(direct)\" target=\"_blank\" rel=\"noopener\">Yelp<\/a>.\n<\/ul>\n<div itemprop=\"review\" itemscope itemtype=\"http:\/\/schema.org\/Review\">\n<span itemprop=\"author\" itemscope=\"\" itemtype=\"http:\/\/schema.org\/Organization\"><span itemprop=\"name\">MoverDB.com<\/span><\/span> Online recenze webov\u00fdch str\u00e1nek pro <span itemprop=\"itemreviewed\" itemscope=\"\" itemtype=\"http:\/\/schema.org\/Brand\"><span itemprop=\"name\">Covan Worldwide Moving<\/span><\/span>:<\/p>\n<ol>\n<li> Jasn\u00e9 kontaktn\u00ed \u00fadaje na webov\u00fdch str\u00e1nk\u00e1ch (v\u010detn\u011b telefonn\u00edho \u010d\u00edsla): <strong>Ano<\/strong><\/li>\n<li> Snadn\u00e9 z\u00edsk\u00e1n\u00ed <a href=\"https:\/\/moverdb.com\/cs\/citaty\/\">mezin\u00e1rodn\u00ed st\u011bhov\u00e1n\u00ed citace<\/a>? (Online formul\u00e1\u0159 \u017e\u00e1dosti o odhad): <strong>Ano<\/strong><\/li>\n<li> Jasn\u00e9 informace na webov\u00fdch str\u00e1nk\u00e1ch: <strong>Ano<\/strong>, Webov\u00e9 str\u00e1nky poskytuj\u00ed z\u00e1kazn\u00edk\u016fm dobrou p\u0159edstavu o tom, co mohou od spole\u010dnosti o\u010dek\u00e1vat.<\/li>\n<li> \u010clenstv\u00ed v mezin\u00e1rodn\u00edch uzn\u00e1van\u00fdch organizac\u00edch pohybliv\u00fdch aktivit: <strong>Ano<\/strong>, viz v\u00fd\u0161e<\/li>\n<li> Seznam klient\u016f a\/nebo reference p\u0159edchoz\u00edch z\u00e1kazn\u00edk\u016f: <strong>Ano<\/strong>, Na webu je mnoho pozitivn\u00edch referenc\u00ed z\u00e1kazn\u00edk\u016f, ale recenze na zbytku webu se zdaj\u00ed b\u00fdt v\u011bt\u0161inou negativn\u00ed.<\/li>\n<\/ol>\n<div itemprop=\"reviewRating\" itemscope itemtype=\"http:\/\/schema.org\/Rating\"><meta itemprop=\"worstRating\" content = \"0\" \/><meta itemprop=\"bestRating\" content=\"5\" \/><meta itemprop=\"ratingValue\" content=\"4\"><\/div>\n<p><strong>Celkov\u00e9 hodnocen\u00ed: 4\/5<\/strong><br \/>\n<strong>Datum recenze:<\/strong> <span itemprop=\"datePublished\" content=\"2016-10-24\">24\/10\/2016<\/span>\n<\/div>\n<p>P\u0159e\u010dt\u011bte si v\u00edce o <a href=\"https:\/\/moverdb.com\/cs\/stehovani-spolecnosti\/\">mezin\u00e1rodn\u00ed st\u011bhovac\u00ed spole\u010dnosti<\/a>, <a href=\"https:\/\/moverdb.com\/cs\/us-canada-movers\/\">Ameri\u010dt\u00ed st\u011bhov\u00e1ci<\/a> a na\u0161e <a href=\"https:\/\/moverdb.com\/cs\/recenze\/\">proces p\u0159ezkoum\u00e1n\u00ed<\/a>.<\/p>\n<p><strong>Webov\u00e9 str\u00e1nky:<\/strong> <a href=\"http:\/\/www.covan.com\" target=\"_blank\" rel=\"noopener\">http:\/\/www.covan.com<\/a><\/p>","protected":false},"excerpt":{"rendered":"<p>Covan Worldwide Moving offers its clients a wide range of services. These are listed below, together with a company profile and reviews. International Movers Free In-Home Estimate Full-Service Packing OR Fragile-Only Packing Custom Crating Vehicle Shipping (as part of a household move and\/or independently of one) Piano Shipping (as part of a household move and\/or [&hellip;]<\/p>\n","protected":false},"author":1,"featured_media":0,"parent":0,"menu_order":0,"comment_status":"closed","ping_status":"closed","template":"","meta":{"_genesis_hide_title":false,"_genesis_hide_breadcrumbs":false,"_genesis_hide_singular_image":false,"_genesis_hide_footer_widgets":false,"_genesis_custom_body_class":"","_genesis_custom_post_class":"","_genesis_layout":"","footnotes":""},"class_list":{"0":"post-1042","1":"page","2":"type-page","3":"status-publish","5":"entry"},"_links":{"self":[{"href":"https:\/\/moverdb.com\/cs\/wp-json\/wp\/v2\/pages\/1042","targetHints":{"allow":["GET"]}}],"collection":[{"href":"https:\/\/moverdb.com\/cs\/wp-json\/wp\/v2\/pages"}],"about":[{"href":"https:\/\/moverdb.com\/cs\/wp-json\/wp\/v2\/types\/page"}],"author":[{"embeddable":true,"href":"https:\/\/moverdb.com\/cs\/wp-json\/wp\/v2\/users\/1"}],"replies":[{"embeddable":true,"href":"https:\/\/moverdb.com\/cs\/wp-json\/wp\/v2\/comments?post=1042"}],"version-history":[{"count":5,"href":"https:\/\/moverdb.com\/cs\/wp-json\/wp\/v2\/pages\/1042\/revisions"}],"predecessor-version":[{"id":6197,"href":"https:\/\/moverdb.com\/cs\/wp-json\/wp\/v2\/pages\/1042\/revisions\/6197"}],"wp:attachment":[{"href":"https:\/\/moverdb.com\/cs\/wp-json\/wp\/v2\/media?parent=1042"}],"curies":[{"name":"wp","href":"https:\/\/api.w.org\/{rel}","templated":true}]}}