{"id":1041,"date":"2016-10-25T05:39:31","date_gmt":"2016-10-25T05:39:31","guid":{"rendered":"http:\/\/moverdb.com\/?page_id=1041"},"modified":"2026-01-08T14:47:33","modified_gmt":"2026-01-08T14:47:33","slug":"armstrong-relocation","status":"publish","type":"page","link":"https:\/\/moverdb.com\/cs\/armstrong-relocation\/","title":{"rendered":"P\u0159em\u00edst\u011bn\u00ed spole\u010dnosti Armstrong: Mezin\u00e1rodn\u00ed st\u011bhov\u00e1n\u00ed Recenze"},"content":{"rendered":"<p>Spole\u010dnost Armstrong Relocation nab\u00edz\u00ed sv\u00fdm z\u00e1kazn\u00edk\u016fm nep\u0159ebern\u00e9 mno\u017estv\u00ed st\u011bhovac\u00edch slu\u017eeb. Ty jsou uvedeny n\u00ed\u017ee spolu s profilem spole\u010dnosti a recenzemi.<\/p>\n<p><strong>Mezin\u00e1rodn\u00ed st\u011bhovac\u00ed slu\u017eby<\/strong><\/p>\n<ul>\n<li> Pl\u00e1nov\u00e1n\u00ed p\u0159ed st\u011bhov\u00e1n\u00edm<\/li>\n<li> Osobn\u00ed \u0159\u00edzen\u00ed st\u011bhov\u00e1n\u00ed a pl\u00e1nov\u00e1n\u00ed st\u011bhov\u00e1n\u00ed na m\u00edru<\/li>\n<li> Bal\u00ed\u010dek pro p\u0159\u00edpravu na st\u011bhov\u00e1n\u00ed zdarma<\/li>\n<li> \u00dapln\u00e9 nebo \u010d\u00e1ste\u010dn\u00e9 zabalen\u00ed\/vybalen\u00ed<\/li>\n<li> Balen\u00ed do krabic a speci\u00e1ln\u00ed balen\u00ed<\/li>\n<li> Ochrana majetku<\/li>\n<li> Leteck\u00e1, n\u00e1mo\u0159n\u00ed a\/nebo pozemn\u00ed doprava<\/li>\n<li> V\u00fdvozn\u00ed nebo dovozn\u00ed dokumentace<\/li>\n<li> <a href=\"https:\/\/moverdb.com\/cs\/spedice\/\">Zas\u00edlatelstv\u00ed<\/a><\/li>\n<li> Celn\u00ed odbaven\u00ed<\/li>\n<li> Destina\u010dn\u00ed slu\u017eby<\/li>\n<li> Sledov\u00e1n\u00ed pohybu online<\/li>\n<li> Pokryt\u00ed ocen\u011bn\u00ed<\/li>\n<li> Spr\u00e1va pohled\u00e1vek<\/li>\n<li> Kr\u00e1tkodob\u00e9 a dlouhodob\u00e9 skladov\u00e1n\u00ed<\/li>\n<li> Odstra\u0148ov\u00e1n\u00ed trosek<\/li>\n<\/ul>\n<p><strong>Mezin\u00e1rodn\u00ed destina\u010dn\u00ed slu\u017eby<\/strong><\/p>\n<ul>\n<li> Orientace<\/li>\n<li> Konzultace p\u0159ed rozhodnut\u00edm<\/li>\n<li> Asistence v oblasti soci\u00e1ln\u00edho zabezpe\u010den\u00ed a \u0159idi\u010dsk\u00fdch pr\u016fkaz\u016f<\/li>\n<li> Asistence p\u0159i podpisu n\u00e1jemn\u00ed smlouvy<\/li>\n<li> Pomoc p\u0159i inspekci p\u0159i st\u011bhov\u00e1n\u00ed<\/li>\n<li> P\u0159edb\u011b\u017en\u00fd program\/pozn\u00e1vac\u00ed prohl\u00eddka<\/li>\n<li> Pomoc p\u0159i koupi domova<\/li>\n<li> Kompletn\u00ed slu\u017eby pro vyhled\u00e1v\u00e1n\u00ed dom\u016f<\/li>\n<li> Pron\u00e1jem s doprovodem<\/li>\n<li> Anal\u00fdza \u017eivotn\u00edch n\u00e1klad\u016f (COLA)<\/li>\n<li> Pomoc \u0161kol\u00e1m<\/li>\n<li> Pomoc p\u0159i usazov\u00e1n\u00ed<\/li>\n<li> Odletov\u00e9 slu\u017eby<\/li>\n<\/ul>\n<p><strong>St\u011bhov\u00e1n\u00ed firem<\/strong><\/p>\n<ul>\n<li> Poradenstv\u00ed a tvorba politik<\/li>\n<li> Spr\u00e1va st\u011bhov\u00e1n\u00ed zbo\u017e\u00ed pro dom\u00e1cnost<\/li>\n<li> St\u011bhov\u00e1n\u00ed skupiny<\/li>\n<li> Pau\u0161\u00e1ln\u00ed \u010d\u00e1stka<\/li>\n<li> Pohyb zbo\u017e\u00ed pro dom\u00e1cnost<\/li>\n<li> <a href=\"https:\/\/moverdb.com\/cs\/kontejnerova-preprava\/\">Kompletn\u00ed slu\u017eby v oblasti kontejnerov\u00e9 p\u0159epravy<\/a><\/li>\n<li> P\u0159izp\u016fsoben\u00e9 hl\u00e1\u0161en\u00ed<\/li>\n<li> Sledov\u00e1n\u00ed pohybu online<\/li>\n<li> Pokryt\u00ed ocen\u011bn\u00ed<\/li>\n<li> Spr\u00e1va pohled\u00e1vek<\/li>\n<li> Kr\u00e1tkodob\u00e9 a dlouhodob\u00e9 skladov\u00e1n\u00ed<\/li>\n<li> Balen\u00ed do krabic a speci\u00e1ln\u00ed balen\u00ed<\/li>\n<li> Slu\u017eby concierge na \u00farovni mana\u017eer\u016f<\/li>\n<li> Vykl\u00edzen\u00ed, ukl\u00e1d\u00e1n\u00ed a organizov\u00e1n\u00ed<\/li>\n<li> Slu\u017eby p\u0159ipojen\u00ed k in\u017een\u00fdrsk\u00fdm s\u00edt\u00edm<\/li>\n<li> V\u00fdb\u011br realitn\u00ed kancel\u00e1\u0159e a pl\u00e1n marketingu dom\u016f<\/li>\n<li> Vr\u00e1cen\u00ed pen\u011bz p\u0159i prodeji a koupi domova<\/li>\n<li> Bezplatn\u00fd informa\u010dn\u00ed bal\u00ed\u010dek o c\u00edlov\u00e9 destinaci<\/li>\n<li> Do\u010dasn\u00e9 bydlen\u00ed<\/li>\n<li> Pomoc s hypot\u00e9kou<\/li>\n<\/ul>\n<p><strong>St\u011bhov\u00e1n\u00ed do obytn\u00fdch prostor<\/strong><\/p>\n<ul>\n<li> Bezplatn\u00fd odhad<\/li>\n<li> \u0158\u00edzen\u00ed a pl\u00e1nov\u00e1n\u00ed st\u011bhov\u00e1n\u00ed<\/li>\n<li> Vyhrazen\u00fd koordin\u00e1tor st\u011bhov\u00e1n\u00ed<\/li>\n<li> \u00dapln\u00e9 nebo \u010d\u00e1ste\u010dn\u00e9 zabalen\u00ed\/vybalen\u00ed<\/li>\n<li> Ochrana majetku<\/li>\n<li> Balic\u00ed materi\u00e1ly<\/li>\n<li> Pohyb zbo\u017e\u00ed pro dom\u00e1cnost<\/li>\n<li> Poji\u0161t\u011bn\u00ed<\/li>\n<li> Kr\u00e1tkodob\u00e9\/dlouhodob\u00e9 skladov\u00e1n\u00ed<\/li>\n<li> Klecov\u00e9 slu\u017eby<\/li>\n<li> Kompletn\u00ed slu\u017eby st\u011bhov\u00e1n\u00ed mo\u017enost<\/li>\n<li> Slu\u017eba p\u0159ipojen\u00ed k in\u017een\u00fdrsk\u00fdm s\u00edt\u00edm<\/li>\n<li> Pl\u00e1ny prodeje\/koup\u011b nemovitost\u00ed s n\u00e1vratem pen\u011bz<\/li>\n<li> Inscenace a organizace<\/li>\n<\/ul>\n<p><strong>St\u011bhov\u00e1n\u00ed za\u0159\u00edzen\u00ed<\/strong><\/p>\n<ul>\n<li> Kancel\u00e1\u0159<\/li>\n<li> Pr\u016fmyslov\u00e9<\/li>\n<li> Zdravotn\u00ed p\u00e9\u010de<\/li>\n<li> Vl\u00e1da<\/li>\n<\/ul>\n<h2>Profil spole\u010dnosti Armstrong Relocation<\/h2>\n<p>Spole\u010dnost Armstrong Transfer and Storage byla zalo\u017eena v roce 1922 a v roce 1957 ji koupili \u0161vag\u0159i Clyde Springer a Jim Watson, kte\u0159\u00ed zah\u00e1jili \u010dinnost v Memphisu, <a href=\"https:\/\/moverdb.com\/cs\/moving-to-the-united-states\/moving-to-tennessee\/\" data-internallinksmanager029f6b8e52c=\"406\" title=\"St\u011bhov\u00e1n\u00ed do Tennessee? 2026 N\u00e1klady na bydlen\u00ed a tipy na p\u0159est\u011bhov\u00e1n\u00ed\">Tennessee<\/a> a nazval spole\u010dnost Armstrong Relocation. Dnes je st\u00e1le rodinn\u00fdm podnikem veden\u00fdm t\u0159et\u00ed generac\u00ed t\u011bchto dvou p\u00e1n\u016f. <\/p>\n<p>Spole\u010dnost Armstrong Relocation je dnes nejv\u011bt\u0161\u00edm zprost\u0159edkovatelem zbo\u017e\u00ed pro <a href=\"https:\/\/moverdb.com\/cs\/united-van-lines\/\">Spole\u010dnost United Van Lines<\/a> a m\u00e1 22 pobo\u010dek v <a href=\"https:\/\/moverdb.com\/cs\/moving-to-the-united-states\/\" data-internallinksmanager029f6b8e52c=\"94\" title=\"St\u011bhujete se do Spojen\u00fdch st\u00e1t\u016f? 2022 \u017divotn\u00ed n\u00e1klady a tipy na st\u011bhov\u00e1n\u00ed\">US<\/a>a s\u00ed\u0165 agent\u016f po cel\u00e9m sv\u011bt\u011b, kte\u0159\u00ed se staraj\u00ed o jej\u00ed mezin\u00e1rodn\u00ed klienty. Posl\u00e1n\u00ed spole\u010dnosti Armstrong Relocation zahrnuje poskytov\u00e1n\u00ed vynikaj\u00edc\u00ed kvality a dosahov\u00e1n\u00ed spokojenosti z\u00e1kazn\u00edk\u016f.<\/p>\n<p>Spole\u010dnost Armstrong Relocation m\u00e1 n\u00e1sleduj\u00edc\u00ed afilace a akreditace:<\/p>\n<ul>\n<li> <a href=\"https:\/\/moverdb.com\/cs\/britska-asociace-stehovaku\/\">Britsk\u00e1 asociace st\u011bhov\u00e1k\u016f<\/a> (<a href=\"https:\/\/moverdb.com\/cs\/british-association-of-removers\/\" data-internallinksmanager029f6b8e52c=\"9\" title=\"Vysv\u011btlen\u00ed Britsk\u00e9 asociace st\u011bhov\u00e1k\u016f (BAR)\">BAR<\/a>)<\/li>\n<li> <a href=\"https:\/\/moverdb.com\/cs\/fidi-faim\/\">Federace mezin\u00e1rodn\u00edch st\u011bhovac\u00edch spole\u010dnost\u00ed<\/a> (<a href=\"https:\/\/moverdb.com\/cs\/fidi-faim\/\" data-internallinksmanager029f6b8e52c=\"16\" title=\"Vysv\u011btlen\u00ed FIDI a FAIM (FIDI Accredited International Mover)\">FIDI<\/a>)<\/li>\n<li> F\u00f3rum pro \u0159\u00edzen\u00ed vyslan\u00fdch pracovn\u00edk\u016f<\/li>\n<li> Nep\u0159\u00edm\u00fd leteck\u00fd dopravce<\/li>\n<li> <a href=\"https:\/\/moverdb.com\/cs\/iata\/\">Mezin\u00e1rodn\u00ed sdru\u017een\u00ed pro leteckou dopravu<\/a> (<a href=\"https:\/\/moverdb.com\/cs\/iata\/\" data-internallinksmanager029f6b8e52c=\"22\" title=\"Vysv\u011btlen\u00ed Mezin\u00e1rodn\u00ed asociace leteck\u00fdch dopravc\u016f (IATA)\">IATA<\/a>)<\/li>\n<li> <a href=\"https:\/\/moverdb.com\/cs\/iam\/\">Mezin\u00e1rodn\u00ed asociace st\u011bhov\u00e1k\u016f<\/a> (<a href=\"https:\/\/moverdb.com\/cs\/iam\/\" data-internallinksmanager029f6b8e52c=\"23\" title=\"Vysv\u011btlen\u00ed Mezin\u00e1rodn\u00ed asociace st\u011bhov\u00e1k\u016f (IAM)\">IAM<\/a>)<\/li>\n<li> Mezin\u00e1rodn\u00ed asociace facility managementu<\/li>\n<li> Mezin\u00e1rodn\u00ed organizace pro normalizaci<\/li>\n<li> <a href=\"https:\/\/moverdb.com\/cs\/lacma\/\">Asociace mezin\u00e1rodn\u00edch st\u011bhov\u00e1k\u016f Latinsk\u00e9 Ameriky a Karibiku<\/a> (<a href=\"https:\/\/moverdb.com\/cs\/lacma\/\" data-internallinksmanager029f6b8e52c=\"28\" title=\"Asociace mezin\u00e1rodn\u00edch st\u011bhov\u00e1k\u016f z Latinsk\u00e9 Ameriky a Karibiku (LACMA)\">LACMA<\/a>)<\/li>\n<li> Overseas Moving Network International (OMNI)<\/li>\n<li> Asociace z\u00e1mo\u0159sk\u00fdch p\u0159epravc\u016f (OSA) - zakl\u00e1daj\u00edc\u00ed \u010dlen<\/li>\n<li> Spole\u010dnost pro \u0159\u00edzen\u00ed lidsk\u00fdch zdroj\u016f<\/li>\n<li> Celn\u00ed spr\u00e1va a ochrana hranic USA<\/li>\n<li> <a href=\"https:\/\/moverdb.com\/cs\/rada-pro-premisteni-zamestnancu\/\">Celosv\u011btov\u00e1 rada pro p\u0159emis\u0165ov\u00e1n\u00ed zam\u011bstnanc\u016f<\/a><\/li>\n<li> Smartway<\/li>\n<li> <a href=\"https:\/\/moverdb.com\/cs\/united-van-lines\/\">Spole\u010dnost United Van Lines<\/a><\/li>\n<\/ul>\n<h2>Armstrong Relocation Recenze<\/h2>\n<p><strong>Pozitivn\u00ed:<\/strong><\/p>\n<ul>\n<li> <em>\"D\u00edky pos\u00e1dce Armstrong bylo st\u011bhov\u00e1n\u00ed opravdu p\u0159\u00edjemn\u00fdm z\u00e1\u017eitkem!\"<\/em> Kay T prost\u0159ednictv\u00edm <a href=\"https:\/\/www.yelp.com\/biz\/armstrong-relocation-carrollton-4?hrid=LJyHKGw95UdYmBHHZwyr5Q&#038;utm_campaign=www_review_share_popup&#038;utm_medium=copy_link&#038;utm_source=(direct)\" target=\"_blank\" rel=\"noopener\">Yelp<\/a><\/li>\n<li> <em>\"Nemohu uv\u011b\u0159it, jak snadno mi st\u011bhov\u00e1n\u00ed prob\u011bhlo. Bylo to snadn\u00e9 a nestresoval jsem se. Erin se postarala o to, abych m\u011bl v\u017edy v\u0161echny pot\u0159ebn\u00e9 informace, a \u010dasto mi volala na kontrolu. Pokud budu n\u011bkdy v situaci, kdy se budu muset znovu st\u011bhovat, ur\u010dit\u011b vyu\u017eiji slu\u017eeb spole\u010dnosti Armstrong Relation!\"<\/em> - Bfunte p\u0159es <a href=\"http:\/\/www.mymovingreviews.com\/movers\/armstrong-relocation-2671#50688\" target=\"_blank\" rel=\"noopener\">MyMovingReviews.com<\/a> <\/li>\n<li> <em>\"N\u00e1\u0161 t\u00fdm Armstrong byl vynikaj\u00edc\u00ed! Poskytovali vynikaj\u00edc\u00ed z\u00e1kaznick\u00fd servis, byli p\u0159\u00e1tel\u0161t\u00ed, ochotn\u00ed, dob\u0159e organizovan\u00ed, efektivn\u00ed a profesion\u00e1ln\u00ed. Byl to nejlep\u0161\u00ed st\u011bhovac\u00ed t\u00fdm, jak\u00fd jsme kdy m\u011bli!\"<\/em> - Sv\u011bdectv\u00ed z\u00e1kazn\u00edka M.M z webov\u00fdch str\u00e1nek spole\u010dnosti Armstrong<\/li>\n<\/ul>\n<p><strong>Negativn\u00ed:<\/strong><\/p>\n<ul>\n<li> \"<em>K\u00e9\u017e bych jim mohl d\u00e1t nula hv\u011bzdi\u010dek. Byla to nejhor\u0161\u00ed zku\u0161enost m\u00e9ho \u017eivota.\"<\/em> Natalie M prost\u0159ednictv\u00edm <a href=\"https:\/\/www.yelp.com\/biz\/armstrong-relocation-carrollton-4?hrid=caooXxcr-ZmkltnMtL6R_g&#038;utm_campaign=www_review_share_popup&#038;utm_medium=copy_link&#038;utm_source=(direct)\" target=\"_blank\" rel=\"noopener\">Yelp<\/a><\/li>\n<li> <em>\"Mysl\u00edm, \u017ee pro m\u00edstn\u00ed st\u011bhov\u00e1n\u00ed by Armstrong mohl b\u00fdt rozumnou volbou. Pro del\u0161\u00ed st\u011bhov\u00e1n\u00ed v\u0161ak mus\u00ed l\u00e9pe odhadovat term\u00edn doru\u010den\u00ed a komunikovat se zprost\u0159edkovatelem na stran\u011b doru\u010den\u00ed.\"<\/em> - prost\u0159ednictv\u00edm <a href=\"http:\/\/www.bbb.org\/chicago\/business-reviews\/movers\/armstrong-relocation-co-in-glendale-hts-il-12008868\/customer-reviews\" target=\"_blank\" rel=\"noopener\">BBB<\/a><\/li>\n<li> <em>\"Jsem na n\u011b tak na\u0161tvan\u00e1. Vybalili v\u0161echny moje v\u011bci, kter\u00e9 jsem m\u011bla na p\u016fd\u011b. Co\u017e je v po\u0159\u00e1dku, proto\u017ee je nechci rozb\u00edt. Ale v\u0161echno bylo pom\u00edchan\u00e9.\"<\/em> - Mistie prost\u0159ednictv\u00edm <a href=\"https:\/\/www.facebook.com\/ArmstrongRelocationDallas\/reviews\/\" target=\"_blank\" rel=\"noopener\">Facebook<\/a><\/li>\n<\/ul>\n<div itemprop=\"review\" itemscope itemtype=\"http:\/\/schema.org\/Review\">\n<span itemprop=\"author\" itemscope=\"\" itemtype=\"http:\/\/schema.org\/Organization\"><span itemprop=\"name\">MoverDB.com<\/span><\/span> Online recenze webov\u00fdch str\u00e1nek pro <span itemprop=\"itemreviewed\" itemscope=\"\" itemtype=\"http:\/\/schema.org\/Brand\"><span itemprop=\"name\">St\u011bhov\u00e1n\u00ed Armstrong<\/span><\/span>:<\/p>\n<ol>\n<li> Jasn\u00e9 kontaktn\u00ed \u00fadaje na webov\u00fdch str\u00e1nk\u00e1ch (v\u010detn\u011b telefonn\u00edho \u010d\u00edsla): <strong>Ano<\/strong><\/li>\n<li> Snadn\u00e9 z\u00edsk\u00e1n\u00ed <a href=\"https:\/\/moverdb.com\/cs\/citaty\/\">mezin\u00e1rodn\u00ed st\u011bhov\u00e1n\u00ed citace<\/a>? (Online formul\u00e1\u0159 \u017e\u00e1dosti o odhad): <strong>Ano<\/strong><\/li>\n<li> Jasn\u00e9 informace na webov\u00fdch str\u00e1nk\u00e1ch: <strong>Ano<\/strong>, Webov\u00e9 str\u00e1nky poskytuj\u00ed z\u00e1kazn\u00edk\u016fm dobrou p\u0159edstavu o tom, co mohou od spole\u010dnosti o\u010dek\u00e1vat.<\/li>\n<li> \u010clenstv\u00ed v mezin\u00e1rodn\u00edch uzn\u00e1van\u00fdch organizac\u00edch pohybliv\u00fdch aktivit: <strong>Ano<\/strong>, mnoho, viz v\u00fd\u0161e<\/li>\n<li> Seznam klient\u016f a\/nebo reference p\u0159edchoz\u00edch z\u00e1kazn\u00edk\u016f: <strong>Ano<\/strong>, ale ty se nach\u00e1zej\u00ed roztrou\u0161en\u011b po cel\u00e9m webu, nikoli na speci\u00e1ln\u00ed vstupn\u00ed str\u00e1nce. Nav\u00edc jejich recenze z cel\u00e9ho webu jsou trochu sm\u00ed\u0161en\u00e9.<\/li>\n<\/ol>\n<div itemprop=\"reviewRating\" itemscope itemtype=\"http:\/\/schema.org\/Rating\"><meta itemprop=\"worstRating\" content = \"0\" \/><meta itemprop=\"bestRating\" content=\"5\" \/><meta itemprop=\"ratingValue\" content=\"4\"><\/div>\n<p><strong>Celkov\u00e9 hodnocen\u00ed: 4\/5<\/strong><br \/>\n<strong>Datum recenze:<\/strong> <span itemprop=\"datePublished\" content=\"2016-10-25\">25\/10\/2016<\/span>\n<\/div>\n<p>P\u0159e\u010dt\u011bte si v\u00edce o <a href=\"https:\/\/moverdb.com\/cs\/stehovani-spolecnosti\/\">mezin\u00e1rodn\u00ed st\u011bhovac\u00ed spole\u010dnosti<\/a>, <a href=\"https:\/\/moverdb.com\/cs\/us-canada-movers\/\">D\u00e1lkov\u00e9 a mezist\u00e1tn\u00ed st\u011bhov\u00e1n\u00ed<\/a> a na\u0161e <a href=\"https:\/\/moverdb.com\/cs\/recenze\/\">proces p\u0159ezkoum\u00e1n\u00ed<\/a>.<\/p>\n<p><strong>Webov\u00e9 str\u00e1nky:<\/strong> <a href=\"http:\/\/www.armstrongrelocation.com\" target=\"_blank\" rel=\"noopener\">http:\/\/www.armstrongrelocation.com<\/a><\/p>","protected":false},"excerpt":{"rendered":"<p>Armstrong Relocation has an abundance of moving services which it offers its customers. These are listed below together with a company profile and reviews. International Moving Services Pre-move planning Personal move management and custom-designed move planning Free move preparation packet Full or partial packing\/unpacking Crating and specialty packing Property protection Air, ocean and\/or land transportation [&hellip;]<\/p>\n","protected":false},"author":1,"featured_media":0,"parent":0,"menu_order":0,"comment_status":"closed","ping_status":"closed","template":"","meta":{"_genesis_hide_title":false,"_genesis_hide_breadcrumbs":false,"_genesis_hide_singular_image":false,"_genesis_hide_footer_widgets":false,"_genesis_custom_body_class":"","_genesis_custom_post_class":"","_genesis_layout":"","footnotes":""},"class_list":{"0":"post-1041","1":"page","2":"type-page","3":"status-publish","5":"entry"},"_links":{"self":[{"href":"https:\/\/moverdb.com\/cs\/wp-json\/wp\/v2\/pages\/1041","targetHints":{"allow":["GET"]}}],"collection":[{"href":"https:\/\/moverdb.com\/cs\/wp-json\/wp\/v2\/pages"}],"about":[{"href":"https:\/\/moverdb.com\/cs\/wp-json\/wp\/v2\/types\/page"}],"author":[{"embeddable":true,"href":"https:\/\/moverdb.com\/cs\/wp-json\/wp\/v2\/users\/1"}],"replies":[{"embeddable":true,"href":"https:\/\/moverdb.com\/cs\/wp-json\/wp\/v2\/comments?post=1041"}],"version-history":[{"count":3,"href":"https:\/\/moverdb.com\/cs\/wp-json\/wp\/v2\/pages\/1041\/revisions"}],"predecessor-version":[{"id":6174,"href":"https:\/\/moverdb.com\/cs\/wp-json\/wp\/v2\/pages\/1041\/revisions\/6174"}],"wp:attachment":[{"href":"https:\/\/moverdb.com\/cs\/wp-json\/wp\/v2\/media?parent=1041"}],"curies":[{"name":"wp","href":"https:\/\/api.w.org\/{rel}","templated":true}]}}