{"id":1040,"date":"2016-11-21T22:14:01","date_gmt":"2016-11-21T22:14:01","guid":{"rendered":"http:\/\/moverdb.com\/?page_id=1040"},"modified":"2026-01-08T14:40:11","modified_gmt":"2026-01-08T14:40:11","slug":"mccollisters-stehovani","status":"publish","type":"page","link":"https:\/\/moverdb.com\/cs\/mccollisters-moving\/","title":{"rendered":"McCollister's Transportation Group: Mezin\u00e1rodn\u00ed st\u011bhov\u00e1n\u00ed Recenze"},"content":{"rendered":"<p>Spole\u010dnost McCollister's Transportation Group je z\u00e1stupcem skupiny UniGroup. Spole\u010dnost nab\u00edz\u00ed sv\u00fdm klient\u016fm mnoho st\u011bhovac\u00edch slu\u017eeb, kter\u00e9 jsou uvedeny n\u00ed\u017ee spolu s profilem spole\u010dnosti a recenzemi.<\/p>\n<p><strong>Mezin\u00e1rodn\u00ed p\u0159esuny<\/strong><\/p>\n<ul>\n<li> Vyhrazen\u00fd koordin\u00e1tor logistiky<\/li>\n<li> Slu\u017eba od dve\u0159\u00ed ke dve\u0159\u00edm<\/li>\n<li> Kompletn\u00ed servis<\/li>\n<li> Slu\u017eba Air ride van<\/li>\n<li> Leteck\u00e1 a n\u00e1mo\u0159n\u00ed p\u0159eprava<\/li>\n<li> Kr\u00e1tkodob\u00e9 a dlouhodob\u00e9 skladov\u00e1n\u00ed<\/li>\n<\/ul>\n<p><strong>Komer\u010dn\u00ed st\u011bhov\u00e1n\u00ed<\/strong><\/p>\n<ul>\n<li> P\u0159em\u00edst\u011bn\u00ed kancel\u00e1\u0159e\/za\u0159\u00edzen\u00ed<\/li>\n<li> P\u0159em\u00edst\u011bn\u00ed datov\u00e9ho centra a slu\u017eby IT<\/li>\n<li> Provoz v interi\u00e9ru<\/li>\n<li> Syst\u00e9mov\u00fd n\u00e1bytek<\/li>\n<li> Komer\u010dn\u00ed skladov\u00e1n\u00ed<\/li>\n<li> Kr\u00e1tkodob\u00e9 a dlouhodob\u00e9 skladov\u00e1n\u00ed<\/li>\n<\/ul>\n<p><strong>St\u011bhov\u00e1n\u00ed dom\u00e1cnost\u00ed<\/strong><\/p>\n<ul>\n<li> St\u011bhov\u00e1n\u00ed do obytn\u00fdch prostor<\/li>\n<li> Vojensk\u00e9 p\u0159esuny<\/li>\n<li> Pohyby DIY<\/li>\n<li> UPASS pro studenty<\/li>\n<li> St\u011bhov\u00e1n\u00ed firem<\/li>\n<li> Kompletn\u00ed servis<\/li>\n<li> Door-to-door<\/li>\n<li> Kr\u00e1tkodob\u00e9 a dlouhodob\u00e9 skladov\u00e1n\u00ed<\/li>\n<\/ul>\n<p><strong>Specializovan\u00e1 doprava<\/strong><\/p>\n<ul>\n<li> P\u0159em\u00edst\u011bn\u00ed zdravotnick\u00e9ho vybaven\u00ed<\/li>\n<li> Zmrazen\u00e1\/kryogenn\u00ed p\u0159eprava<\/li>\n<li> Um\u011bn\u00ed a staro\u017eitnosti<\/li>\n<li> Veletrhy<\/li>\n<li> Sol\u00e1rn\u00ed pr\u016fmysl<\/li>\n<li> B\u00edl\u00e1 rukavice\/\u010daloun\u011bn\u00e1 dod\u00e1vka<\/li>\n<li> \u0158\u00edzen\u00e9 klima<\/li>\n<li> Vojensk\u00e1 doprava<\/li>\n<li> P\u0159eprava automobil\u016f<\/li>\n<li> Z\u00e1bava<\/li>\n<\/ul>\n<h2>Profil spole\u010dnosti McCollister's Transportation Group<\/h2>\n<p>Spole\u010dnost McCollister's Transportation Group zalo\u017eil v roce 1945 H. Daniel McCollister. McCollister's je soukrom\u00e1 spole\u010dnost a je z\u00e1stupcem spole\u010dnosti UniGroup Inc., do kter\u00e9 pat\u0159\u00ed <a href=\"https:\/\/moverdb.com\/cs\/united-van-lines\/\">Spole\u010dnost United Van Lines<\/a> a <a href=\"https:\/\/moverdb.com\/cs\/mayflower-transit\/\">Mayflower Transit<\/a>. <\/p>\n<p>Spole\u010dnost s\u00eddl\u00ed v Burlingtonu, <a href=\"https:\/\/moverdb.com\/cs\/moving-to-the-united-states\/moving-to-new-jersey\/\" data-internallinksmanager029f6b8e52c=\"417\" title=\"St\u011bhujete se do New Jersey? 2026 N\u00e1klady na bydlen\u00ed a tipy na st\u011bhov\u00e1n\u00ed\">New Jersey<\/a>, spole\u010dnost m\u00e1 v\u00edce ne\u017e 1 000 zam\u011bstnanc\u016f na pln\u00fd \u00favazek a provozuje v\u00edce ne\u017e 1 000 vozidel a st\u011bhovac\u00edch za\u0159\u00edzen\u00ed.<\/p>\n<p>Spole\u010dnost McCollister's m\u00e1 t\u0159i hlavn\u00ed divize - st\u011bhov\u00e1n\u00ed zam\u011bstnanc\u016f, obchodn\u00ed slu\u017eby a logistiku vysoce hodnotn\u00fdch v\u00fdrobk\u016f. Spole\u010dnost uv\u00e1d\u00ed, \u017ee za sv\u016fj \u00fasp\u011bch vd\u011b\u010d\u00ed <em>\"flexibiln\u00ed \u0159e\u0161en\u00ed, kvalitn\u00ed slu\u017eby, bezpe\u010dnost, efektivita a rychlost.\"<\/em> <\/p>\n<p>Spole\u010dnost McCollister's Transportation Group m\u00e1 n\u00e1sleduj\u00edc\u00ed akreditace a afilace:<\/p>\n<ul>\n<li> <a href=\"https:\/\/moverdb.com\/cs\/iam\/\">Mezin\u00e1rodn\u00ed asociace st\u011bhov\u00e1k\u016f<\/a> (<a href=\"https:\/\/moverdb.com\/cs\/iam\/\" data-internallinksmanager029f6b8e52c=\"23\" title=\"Vysv\u011btlen\u00ed Mezin\u00e1rodn\u00ed asociace st\u011bhov\u00e1k\u016f (IAM)\">IAM<\/a>)<\/li>\n<li> <a href=\"https:\/\/moverdb.com\/cs\/amsa\/\">AMSA<\/a><\/li>\n<li> Certifikovan\u00fd dopravce C-TPAT<\/li>\n<li> <a href=\"https:\/\/moverdb.com\/cs\/rafkovy-obrubnik\/\">Certifikovan\u00fd ProMover<\/a><\/li>\n<li> <a href=\"https:\/\/moverdb.com\/cs\/rada-pro-premisteni-zamestnancu\/\">Rada pro p\u0159emis\u0165ov\u00e1n\u00ed zam\u011bstnanc\u016f<\/a><\/li>\n<li> <a href=\"https:\/\/moverdb.com\/cs\/moving-to-the-united-states\/\" data-internallinksmanager029f6b8e52c=\"94\" title=\"St\u011bhujete se do Spojen\u00fdch st\u00e1t\u016f? 2022 \u017divotn\u00ed n\u00e1klady a tipy na st\u011bhov\u00e1n\u00ed\">US<\/a> Agentura pro ochranu \u017eivotn\u00edho prost\u0159ed\u00ed - SmartWay<\/li>\n<li> Asociace skladn\u00edk\u016f a st\u011bhov\u00e1k\u016f v New Jersey<\/li>\n<li> Better Business Bureau (BBB)<\/li>\n<\/ul>\n<h2>Recenze spole\u010dnosti McCollister's Transportation Group<\/h2>\n<p><strong>Pozitivn\u00ed:<\/strong><\/p>\n<ul>\n<li> <em>\"Celkov\u011b jsem byl s touto zku\u0161enost\u00ed velmi spokojen, dokonce i s drobn\u00fdmi z\u00e1drhely, zp\u016fsob, jak\u00fdm byly probl\u00e9my vy\u0159e\u0161eny, ukazuje, \u017ee jsou opravdu profesion\u00e1ln\u00ed spole\u010dnost\u00ed.\"<\/em> - Sherif prost\u0159ednictv\u00edm <a href=\"https:\/\/www.yelp.com\/biz\/mccollisters-transportation-group-burlington?hrid=DrSyWKiICkF8QIFDonWtLQ&#038;utm_campaign=www_review_share_popup&#038;utm_medium=copy_link&#038;utm_source=(direct)\" target=\"_blank\" rel=\"noopener\">Yelp<\/a>.<\/li>\n<li> <em>\"Skv\u011bl\u00e1 zku\u0161enost od prvn\u00edho telefon\u00e1tu a\u017e po posledn\u00ed krabici z kamionu. V\u0159ele doporu\u010duji!\"<\/em> - Sharon prost\u0159ednictv\u00edm <a href=\"https:\/\/www.facebook.com\/pg\/McCollisters\/reviews\/\" target=\"_blank\" rel=\"noopener\">Facebook<\/a><\/li>\n<\/ul>\n<p><strong>Negativn\u00ed:<\/strong><\/p>\n<ul>\n<li> <em>\"Tato recenze by byla 5 hv\u011bzdi\u010dek, ale za to, \u017ee n\u011bkdo z jejich pos\u00e1dky okradl m\u011b a mou rodinu.\"<\/em> - Mike prost\u0159ednictv\u00edm <a href=\"https:\/\/www.bbb.org\/new-jersey\/business-reviews\/movers\/mccollister-s-transportation-in-burlington-nj-80001208\/reviews-and-complaints\" target=\"_blank\" rel=\"noopener\">BBB<\/a><\/li>\n<li> <em>\"Obvykle na tomto webu nep\u00ed\u0161u, ale m\u011bl jsem s touto spole\u010dnost\u00ed hroznou zku\u0161enost.\"<\/em> - BK prost\u0159ednictv\u00edm <a href=\"http:\/\/www.mymovingreviews.com\/movers\/mccollister-s-5188#48089\" target=\"_blank\" rel=\"noopener\">MyMovingReviews<\/a><\/li>\n<\/ul>\n<div itemprop=\"review\" itemscope itemtype=\"http:\/\/schema.org\/Review\">\n<span itemprop=\"author\" itemscope=\"\" itemtype=\"http:\/\/schema.org\/Organization\"><span itemprop=\"name\">MoverDB.com<\/span><\/span> Online recenze webov\u00fdch str\u00e1nek pro <span itemprop=\"itemreviewed\" itemscope=\"\" itemtype=\"http:\/\/schema.org\/Brand\"><span itemprop=\"name\">Skupina McCollister's Transportation Group<\/span><\/span>:<\/p>\n<ol>\n<li> Jasn\u00e9 kontaktn\u00ed \u00fadaje na webov\u00fdch str\u00e1nk\u00e1ch (v\u010detn\u011b telefonn\u00edho \u010d\u00edsla): <strong>Ano<\/strong><\/li>\n<li> Snadn\u00e9 z\u00edsk\u00e1n\u00ed <a href=\"https:\/\/moverdb.com\/cs\/citaty\/\">mezin\u00e1rodn\u00ed st\u011bhov\u00e1n\u00ed citace<\/a>? (Online formul\u00e1\u0159 \u017e\u00e1dosti o odhad): <strong>Ano<\/strong><\/li>\n<li> Jasn\u00e9 informace na webov\u00fdch str\u00e1nk\u00e1ch: <strong>N\u011bkter\u00e9 str\u00e1nky<\/strong> Webov\u00e9 str\u00e1nky neobsahuj\u00ed mnoho podrobn\u00fdch informac\u00ed.<\/li>\n<li> \u010clenstv\u00ed v mezin\u00e1rodn\u00edch uzn\u00e1van\u00fdch organizac\u00edch pohybliv\u00fdch aktivit: <strong>Ano<\/strong>, viz v\u00fd\u0161e.<\/li>\n<li> Seznam klient\u016f a\/nebo reference p\u0159edchoz\u00edch z\u00e1kazn\u00edk\u016f: <strong>Ne<\/strong>, a\u010dkoli maj\u00ed str\u00e1nku na Facebooku s n\u011bkter\u00fdmi recenzemi. Recenze ze zbytku webu jsou pon\u011bkud sm\u00ed\u0161en\u00e9, ale sp\u00ed\u0161e pozitivn\u00ed ne\u017e negativn\u00ed.<\/li>\n<\/ol>\n<div itemprop=\"reviewRating\" itemscope itemtype=\"http:\/\/schema.org\/Rating\"><meta itemprop=\"worstRating\" content = \"0\" \/><meta itemprop=\"bestRating\" content=\"5\" \/><meta itemprop=\"ratingValue\" content=\"3.5\"><\/div>\n<p><strong>Celkov\u00e9 hodnocen\u00ed: 3,5\/5<\/strong><br \/>\n<strong>Datum recenze:<\/strong> <span itemprop=\"datePublished\" content=\"2016-11-21\">21\/11\/2016<\/span>\n<\/div>\n<p>P\u0159e\u010dt\u011bte si v\u00edce o <a href=\"https:\/\/moverdb.com\/cs\/stehovani-spolecnosti\/\">top mezin\u00e1rodn\u00ed st\u011bhov\u00e1n\u00ed spole\u010dnosti<\/a>, <a href=\"https:\/\/moverdb.com\/cs\/us-canada-movers\/\">St\u011bhov\u00e1ci z USA<\/a> a na\u0161e <a href=\"https:\/\/moverdb.com\/cs\/recenze\/\">proces p\u0159ezkoum\u00e1n\u00ed<\/a>.<\/p>\n<p><strong>Webov\u00e9 str\u00e1nky:<\/strong> <a href=\"https:\/\/www.mccollisters.com\/\" target=\"_blank\" rel=\"noopener\">https:\/\/www.mccollisters.com\/<\/a><\/p>","protected":false},"excerpt":{"rendered":"<p>McCollister&#8217;s Transportation Group is an agent of the UniGroup. The company offers its clients many moving services which are listed below, together with a company profile and reviews. International Moves Dedicated logistics coordinator Door-to-door service Full service Air ride van service Air and sea freight Short and long term storage Commercial Moves Office\/facility relocation Data [&hellip;]<\/p>\n","protected":false},"author":1,"featured_media":0,"parent":0,"menu_order":0,"comment_status":"closed","ping_status":"closed","template":"","meta":{"_genesis_hide_title":false,"_genesis_hide_breadcrumbs":false,"_genesis_hide_singular_image":false,"_genesis_hide_footer_widgets":false,"_genesis_custom_body_class":"","_genesis_custom_post_class":"","_genesis_layout":"","footnotes":""},"class_list":{"0":"post-1040","1":"page","2":"type-page","3":"status-publish","5":"entry"},"_links":{"self":[{"href":"https:\/\/moverdb.com\/cs\/wp-json\/wp\/v2\/pages\/1040","targetHints":{"allow":["GET"]}}],"collection":[{"href":"https:\/\/moverdb.com\/cs\/wp-json\/wp\/v2\/pages"}],"about":[{"href":"https:\/\/moverdb.com\/cs\/wp-json\/wp\/v2\/types\/page"}],"author":[{"embeddable":true,"href":"https:\/\/moverdb.com\/cs\/wp-json\/wp\/v2\/users\/1"}],"replies":[{"embeddable":true,"href":"https:\/\/moverdb.com\/cs\/wp-json\/wp\/v2\/comments?post=1040"}],"version-history":[{"count":7,"href":"https:\/\/moverdb.com\/cs\/wp-json\/wp\/v2\/pages\/1040\/revisions"}],"predecessor-version":[{"id":13175,"href":"https:\/\/moverdb.com\/cs\/wp-json\/wp\/v2\/pages\/1040\/revisions\/13175"}],"wp:attachment":[{"href":"https:\/\/moverdb.com\/cs\/wp-json\/wp\/v2\/media?parent=1040"}],"curies":[{"name":"wp","href":"https:\/\/api.w.org\/{rel}","templated":true}]}}