{"id":1039,"date":"2016-10-26T05:36:32","date_gmt":"2016-10-26T05:36:32","guid":{"rendered":"http:\/\/moverdb.com\/?page_id=1039"},"modified":"2026-01-08T15:30:40","modified_gmt":"2026-01-08T15:30:40","slug":"williams-moving-storage","status":"publish","type":"page","link":"https:\/\/moverdb.com\/cs\/williams-moving-storage\/","title":{"rendered":"Williams Moving &amp; Storage: Mezin\u00e1rodn\u00ed st\u011bhov\u00e1n\u00ed Recenze"},"content":{"rendered":"<p>Spole\u010dnost Williams Moving &amp; Storage Ltd se nach\u00e1z\u00ed v Lethbridge, <a href=\"https:\/\/moverdb.com\/cs\/moving-to-canada\/\" data-internallinksmanager029f6b8e52c=\"265\" title=\"St\u011bhov\u00e1n\u00ed do Kanady? 2026 N\u00e1klady na bydlen\u00ed a tipy na p\u0159est\u011bhov\u00e1n\u00ed\">Kanada<\/a>. Spole\u010dnost nab\u00edz\u00ed sv\u00fdm z\u00e1kazn\u00edk\u016fm \u0159adu st\u011bhovac\u00edch slu\u017eeb, kter\u00e9 jsou uvedeny n\u00ed\u017ee, spolu s profilem spole\u010dnosti a recenzemi.<\/p>\n<p><strong>Mezin\u00e1rodn\u00ed p\u0159esuny<\/strong><\/p>\n<ul>\n<li> P\u0159esun po \u017eeleznici, lod\u00ed nebo letecky<\/li>\n<li> P\u0159id\u011blen\u00fd mana\u017eer p\u0159esunu<\/li>\n<li> Slu\u017eby od dve\u0159\u00ed ke dve\u0159\u00edm po cel\u00e9m sv\u011bt\u011b<\/li>\n<li> Balen\u00ed - kompletn\u00ed slu\u017eby, k\u0159ehk\u00e9 p\u0159edm\u011bty nebo vlastn\u00ed balen\u00ed<\/li>\n<li> Balic\u00ed pot\u0159eby<\/li>\n<li> Celn\u00ed odbaven\u00ed<\/li>\n<li> Vybalov\u00e1n\u00ed - kompletn\u00ed servis, k\u0159ehk\u00e9 p\u0159edm\u011bty nebo vlastn\u00ed vybalen\u00ed<\/li>\n<li> Dlouhodob\u00e9 a kr\u00e1tkodob\u00e9 skladov\u00e1n\u00ed<\/li>\n<\/ul>\n<p><strong>St\u011bhov\u00e1n\u00ed firem a obchodn\u00edch spole\u010dnost\u00ed<\/strong><\/p>\n<ul>\n<li> Door-to-door<\/li>\n<li> P\u0159id\u011blen\u00fd mana\u017eer p\u0159esunu<\/li>\n<li> Ur\u010den\u00e1 pos\u00e1dka pro citliv\u00e9 materi\u00e1ly<\/li>\n<li> Ur\u010den\u00e1 instala\u010dn\u00ed pos\u00e1dka<\/li>\n<\/ul>\n<p><strong>St\u011bhov\u00e1n\u00ed do obytn\u00fdch prostor<\/strong><\/p>\n<ul>\n<li> K dispozici je kompletn\u00ed servis<\/li>\n<li> P\u0159id\u011blen\u00fd mana\u017eer p\u0159esunu<\/li>\n<li> Dod\u00e1van\u00e9 obalov\u00e9 materi\u00e1ly<\/li>\n<li> Balen\u00ed - kompletn\u00ed slu\u017eby, k\u0159ehk\u00e9 p\u0159edm\u011bty nebo si je m\u016f\u017eete zabalit sami<\/li>\n<li> Vybalov\u00e1n\u00ed - kompletn\u00ed servis, k\u0159ehk\u00e9 p\u0159edm\u011bty nebo vybalov\u00e1n\u00ed sv\u00e9pomoc\u00ed<\/li>\n<\/ul>\n<p><strong>St\u011bhov\u00e1n\u00ed typu \"ud\u011blej si s\u00e1m<\/strong><\/p>\n<ul>\n<li> Dodan\u00fd n\u00e1kladn\u00ed automobil a balic\u00ed materi\u00e1l<\/li>\n<li> 8 hodin na balen\u00ed a nakl\u00e1d\u00e1n\u00ed<\/li>\n<li> P\u0159esun do depa<\/li>\n<li> Na m\u00edst\u011b ur\u010den\u00ed - 8 hodin na vylo\u017een\u00ed<\/li>\n<\/ul>\n<h2>Williams Moving &amp; Storage Profil spole\u010dnosti<\/h2>\n<p><em><strong>Vezm\u011bte pros\u00edm na v\u011bdom\u00ed<\/strong> \u017ee spole\u010dnost Williams Moving &amp; Storage <a href=\"http:\/\/globalnews.ca\/news\/1787201\/after-86-years-williams-moving-and-storage-files-for-bankruptcy\/\" target=\"_blank\" rel=\"noopener\">v roce 2015 vyhl\u00e1sil \u00fapadek<\/a>. Spole\u010dnost Williams Moving &amp; Storage (Cranbrook) Ltd. v\u0161ak st\u00e1le podnik\u00e1 a je vyprofilov\u00e1na n\u00ed\u017ee.<\/em><\/p>\n<p>Spole\u010dnost Williams Moving and Storage byla zalo\u017eena v roce 1929. St\u011bhuje jednotlivce i firmy na m\u00edstn\u00ed i mezin\u00e1rodn\u00ed \u00farovni. Spole\u010dnost se specializuje na firemn\u00ed a komer\u010dn\u00ed, reziden\u010dn\u00ed a <a href=\"https:\/\/moverdb.com\/cs\/kontejnerova-preprava\/\">mezin\u00e1rodn\u00ed st\u011bhov\u00e1n\u00ed<\/a>. <\/p>\n<p>Jednou z jej\u00edch inovativn\u00edch slu\u017eeb je st\u011bhov\u00e1n\u00ed \"ud\u011blej si s\u00e1m\", kter\u00e9 je ide\u00e1ln\u00ed pro z\u00e1kazn\u00edky s omezen\u00fdm rozpo\u010dtem. <\/p>\n<p>Spole\u010dnost Williams Moving &amp; Storage disponuje vysoce specializovan\u00fdm st\u011bhovac\u00edm za\u0159\u00edzen\u00edm, kter\u00e9 zaru\u010duje snadn\u00e9 a rychl\u00e9 st\u011bhov\u00e1n\u00ed va\u0161ich v\u011bc\u00ed bez jejich po\u0161kozen\u00ed.<\/p>\n<p>Spole\u010dnost Williams Moving &amp; Storage m\u00e1 n\u00e1sleduj\u00edc\u00ed akreditace a afiliace:<\/p>\n<ul>\n<li> <a href=\"https:\/\/moverdb.com\/cs\/fidi-faim\/\">Federace mezin\u00e1rodn\u00edch st\u011bhov\u00e1k\u016f<\/a> (<a href=\"https:\/\/moverdb.com\/cs\/fidi-faim\/\" data-internallinksmanager029f6b8e52c=\"16\" title=\"Vysv\u011btlen\u00ed FIDI a FAIM (FIDI Accredited International Mover)\">FIDI<\/a>)<\/li>\n<li> <a href=\"https:\/\/moverdb.com\/cs\/fidi-faim\/\">Akreditovan\u00e9 mezin\u00e1rodn\u00ed st\u011bhov\u00e1n\u00ed FIDI<\/a> (FAIM)<\/li>\n<li> <a href=\"https:\/\/moverdb.com\/cs\/iam\/\">Mezin\u00e1rodn\u00ed asociace st\u011bhov\u00e1k\u016f<\/a> (<a href=\"https:\/\/moverdb.com\/cs\/iam\/\" data-internallinksmanager029f6b8e52c=\"23\" title=\"Vysv\u011btlen\u00ed Mezin\u00e1rodn\u00ed asociace st\u011bhov\u00e1k\u016f (IAM)\">IAM<\/a>)<\/li>\n<li> Overseas Moving Network International (OMNI)<\/li>\n<li> S\u00ed\u0165 pohostinstv\u00ed (NEWH)<\/li>\n<li> S\u00ed\u0165 pro komer\u010dn\u00ed p\u0159emis\u0165ov\u00e1n\u00ed (CRN)<\/li>\n<li> <a href=\"https:\/\/moverdb.com\/cs\/united-van-lines\/\">Spole\u010dnost United Van Lines<\/a> (Kanada)<\/li>\n<\/ul>\n<h2>Williams Moving &amp; Storage Recenze<\/h2>\n<p><strong>Pozitivn\u00ed:<\/strong><\/p>\n<ul>\n<li> \"<em>Byla to skv\u011bl\u00e1 spole\u010dnost od za\u010d\u00e1tku a\u017e do konce. Odhadce byl velmi profesion\u00e1ln\u00ed a trp\u011bliv\u011b odpov\u00eddal na v\u0161echny m\u00e9 ot\u00e1zky. V den st\u011bhov\u00e1n\u00ed prob\u011bhlo v\u0161e velmi hladce. St\u011bhov\u00e1ci byli efektivn\u00ed a velmi opatrn\u00ed s m\u00fdmi v\u011bcmi.\"<\/em> - Shairoz prost\u0159ednictv\u00edm <a href=\"https:\/\/homestars.com\/companies\/229930-williams-moving-and-storage\/reviews\/61856\" target=\"_blank\" rel=\"noopener\">HomeStars<\/a> <\/li>\n<\/ul>\n<p><strong>Negativn\u00ed:<\/strong><\/p>\n<ul>\n<li> <em>\"Spole\u010dnost Williams Moving and Storage by se m\u011bla styd\u011bt. P\u0159ijedou s n\u00e1hodn\u00fdmi d\u011bln\u00edky, kter\u00fdm je v\u00e1\u0161 klid ukraden\u00fd a pracovat se jim nechce.\"<\/em> - Julie B. prost\u0159ednictv\u00edm <a href=\"http:\/\/www.bbb.org\/calgary\/business-reviews\/movers\/williams-moving-and-storage-lethbridge-in-lethbridge-ab-36707\/customer-reviews\" target=\"_blank\" rel=\"noopener\">BBB<\/a><\/li>\n<\/ul>\n<div itemprop=\"review\" itemscope itemtype=\"http:\/\/schema.org\/Review\">\n<span itemprop=\"author\" itemscope=\"\" itemtype=\"http:\/\/schema.org\/Organization\"><span itemprop=\"name\">MoverDB.com<\/span><\/span> Online recenze webov\u00fdch str\u00e1nek pro <span itemprop=\"itemreviewed\" itemscope=\"\" itemtype=\"http:\/\/schema.org\/Brand\"><span itemprop=\"name\">Williams Moving &amp; Storage<\/span><\/span>:<\/p>\n<ol>\n<li> Jasn\u00e9 kontaktn\u00ed \u00fadaje na webov\u00fdch str\u00e1nk\u00e1ch (v\u010detn\u011b telefonn\u00edho \u010d\u00edsla): <strong>Ano<\/strong><\/li>\n<li> Snadn\u00e9 z\u00edsk\u00e1n\u00ed <a href=\"https:\/\/moverdb.com\/cs\/citaty\/\">mezin\u00e1rodn\u00ed st\u011bhov\u00e1n\u00ed citace<\/a>? (Online formul\u00e1\u0159 \u017e\u00e1dosti o odhad): <strong>Ano<\/strong><\/li>\n<li> Jasn\u00e9 informace na webov\u00fdch str\u00e1nk\u00e1ch: <strong>Ne<\/strong>, Webov\u00e9 str\u00e1nky v\u00e1m o spole\u010dnosti a nab\u00edzen\u00fdch slu\u017eb\u00e1ch \u0159eknou jen velmi m\u00e1lo.<\/li>\n<li> \u010clenstv\u00ed v mezin\u00e1rodn\u00edch uzn\u00e1van\u00fdch organizac\u00edch pohybliv\u00fdch aktivit: <strong>Ano<\/strong>, mnoho, viz v\u00fd\u0161e<\/li>\n<li> Seznam klient\u016f a\/nebo reference p\u0159edchoz\u00edch z\u00e1kazn\u00edk\u016f: <strong>Ne,<\/strong> a recenze na webu jsou pom\u011brn\u011b sm\u00ed\u0161en\u00e9.<\/li>\n<\/ol>\n<div itemprop=\"reviewRating\" itemscope itemtype=\"http:\/\/schema.org\/Rating\"><meta itemprop=\"worstRating\" content = \"0\" \/><meta itemprop=\"bestRating\" content=\"5\" \/><meta itemprop=\"ratingValue\" content=\"3\"><\/div>\n<p><strong>Celkov\u00e9 hodnocen\u00ed: 3\/5<\/strong><br \/>\n<strong>Datum recenze:<\/strong> <span itemprop=\"datePublished\" content=\"2016-10-26\">21\/08\/2016<\/span>\n<\/div>\n<p>P\u0159e\u010dt\u011bte si v\u00edce o <a href=\"https:\/\/moverdb.com\/cs\/stehovani-spolecnosti\/\">Nejlep\u0161\u00ed st\u011bhovac\u00ed spole\u010dnosti<\/a>, <a href=\"https:\/\/moverdb.com\/cs\/us-canada-movers\/\">Kanadsk\u00e9 st\u011bhovac\u00ed spole\u010dnosti<\/a> a na\u0161e <a href=\"https:\/\/moverdb.com\/cs\/recenze\/\">proces p\u0159ezkoum\u00e1n\u00ed<\/a>.<\/p>\n<p><strong>Webov\u00e9 str\u00e1nky:<\/strong> <a href=\"http:\/\/williamsmovingltd.com\/\" target=\"_blank\" rel=\"noopener\">http:\/\/williamsmovingltd.com\/<\/a><\/p>","protected":false},"excerpt":{"rendered":"<p>Williams Moving &#038; Storage Ltd is located in Lethbridge, Canada. The company offers its customers a range of moving services which are listed below, together with a company profile and reviews. International Moves Move by rail, ship or air Assigned move manager Door-to-door service worldwide Packing &#8211; full service, fragile items or self-pack Packing supplies [&hellip;]<\/p>\n","protected":false},"author":1,"featured_media":0,"parent":0,"menu_order":0,"comment_status":"closed","ping_status":"closed","template":"","meta":{"_genesis_hide_title":false,"_genesis_hide_breadcrumbs":false,"_genesis_hide_singular_image":false,"_genesis_hide_footer_widgets":false,"_genesis_custom_body_class":"","_genesis_custom_post_class":"","_genesis_layout":"","footnotes":""},"class_list":{"0":"post-1039","1":"page","2":"type-page","3":"status-publish","5":"entry"},"_links":{"self":[{"href":"https:\/\/moverdb.com\/cs\/wp-json\/wp\/v2\/pages\/1039","targetHints":{"allow":["GET"]}}],"collection":[{"href":"https:\/\/moverdb.com\/cs\/wp-json\/wp\/v2\/pages"}],"about":[{"href":"https:\/\/moverdb.com\/cs\/wp-json\/wp\/v2\/types\/page"}],"author":[{"embeddable":true,"href":"https:\/\/moverdb.com\/cs\/wp-json\/wp\/v2\/users\/1"}],"replies":[{"embeddable":true,"href":"https:\/\/moverdb.com\/cs\/wp-json\/wp\/v2\/comments?post=1039"}],"version-history":[{"count":4,"href":"https:\/\/moverdb.com\/cs\/wp-json\/wp\/v2\/pages\/1039\/revisions"}],"predecessor-version":[{"id":6252,"href":"https:\/\/moverdb.com\/cs\/wp-json\/wp\/v2\/pages\/1039\/revisions\/6252"}],"wp:attachment":[{"href":"https:\/\/moverdb.com\/cs\/wp-json\/wp\/v2\/media?parent=1039"}],"curies":[{"name":"wp","href":"https:\/\/api.w.org\/{rel}","templated":true}]}}