{"id":1038,"date":"2016-11-05T17:02:13","date_gmt":"2016-11-05T17:02:13","guid":{"rendered":"http:\/\/moverdb.com\/?page_id=1038"},"modified":"2026-01-08T15:20:27","modified_gmt":"2026-01-08T15:20:27","slug":"national-van-lines","status":"publish","type":"page","link":"https:\/\/moverdb.com\/cs\/national-van-lines\/","title":{"rendered":"Spole\u010dnost National Van Lines: Mezin\u00e1rodn\u00ed st\u011bhov\u00e1n\u00ed Recenze"},"content":{"rendered":"<p>Spole\u010dnost National Van Lines nab\u00edz\u00ed sv\u00fdm z\u00e1kazn\u00edk\u016fm \u0161irokou \u0161k\u00e1lu st\u011bhovac\u00edch slu\u017eeb. Ty jsou uvedeny n\u00ed\u017ee spolu s profilem spole\u010dnosti a recenzemi.<\/p>\n<p><strong>Mezin\u00e1rodn\u00ed p\u0159esuny<\/strong><\/p>\n<ul>\n<li> Individu\u00e1ln\u00ed a firemn\u00ed<\/li>\n<li> Vyhrazen\u00fd koordin\u00e1tor st\u011bhov\u00e1n\u00ed<\/li>\n<li> Poradenstv\u00ed ve v\u0161ech aspektech procesu st\u011bhov\u00e1n\u00ed<\/li>\n<li> Pokyny k po\u017eadavk\u016fm na dokumentaci<\/li>\n<li> <a href=\"https:\/\/moverdb.com\/cs\/citaty\/\">Odhady n\u00e1klad\u016f od dve\u0159\u00ed ke dve\u0159\u00edm<\/a> pro <a href=\"https:\/\/moverdb.com\/cs\/kontejnerova-preprava\/\">n\u00e1mo\u0159n\u00ed nebo leteck\u00e1 p\u0159eprava<\/a><\/li>\n<li> Sledov\u00e1n\u00ed, kter\u00e9 zajist\u00ed, \u017ee z\u00e1silka doraz\u00ed v po\u0159\u00e1dku.<\/li>\n<li> Koordinace jednotliv\u00fdch krok\u016f st\u011bhov\u00e1n\u00ed<\/li>\n<li> Pomoc v nepravd\u011bpodobn\u00e9m p\u0159\u00edpad\u011b pojistn\u00e9 ud\u00e1losti<\/li>\n<\/ul>\n<p><strong>Speci\u00e1ln\u00ed pohyby<\/strong><\/p>\n<ul>\n<li> Za\u0159\u00edzen\u00ed obchodu<\/li>\n<li> Elektronika<\/li>\n<li> Veletrhy<\/li>\n<li> Hern\u00ed za\u0159\u00edzen\u00ed<\/li>\n<li> V\u00fdhern\u00ed automaty<\/li>\n<li> P\u0159eprava automobil\u016f<\/li>\n<li> St\u011bhov\u00e1n\u00ed klav\u00edr\u016f<\/li>\n<li> Um\u011bn\u00ed v pohybu<\/li>\n<li> St\u011bhov\u00e1n\u00ed d\u011bde\u010dkov\u00fdch hodin a staro\u017eitnost\u00ed<\/li>\n<li> St\u011bhov\u00e1n\u00ed kule\u010dn\u00edkov\u00fdch stol\u016f<\/li>\n<\/ul>\n<p><strong>P\u0159em\u00edst\u011bn\u00ed spole\u010dnosti<\/strong><\/p>\n<ul>\n<li> Mezin\u00e1rodn\u00ed a m\u00edstn\u00ed<\/li>\n<li> Jeden zam\u011bstnanec nebo cel\u00e1 kancel\u00e1\u0159<\/li>\n<li> St\u011bhov\u00e1n\u00ed po\u010d\u00edta\u010d\u016f a elektroniky<\/li>\n<li> St\u011bhov\u00e1n\u00ed laboratorn\u00edho a zdravotnick\u00e9ho vybaven\u00ed<\/li>\n<\/ul>\n<p><strong>St\u011bhov\u00e1n\u00ed dom\u00e1cnost\u00ed<\/strong><\/p>\n<ul>\n<li> M\u00edstn\u00ed p\u0159esuny<\/li>\n<li> St\u011bhov\u00e1n\u00ed na dlouh\u00e9 vzd\u00e1lenosti<\/li>\n<li> Cross country<\/li>\n<li> Mezist\u00e1tn\u00ed<\/li>\n<li> Vnitrost\u00e1tn\u00ed<\/li>\n<li> N\u00e1rodn\u00ed<\/li>\n<li> Door-to-door<\/li>\n<li> Kompletn\u00ed nab\u00eddka slu\u017eeb<\/li>\n<\/ul>\n<p><strong>\u00dalo\u017ei\u0161t\u011b<\/strong><\/p>\n<ul>\n<li> Dlouhodob\u00e9 a kr\u00e1tkodob\u00e9<\/li>\n<li> \u0158\u00edzen\u00e9 klima<\/li>\n<li> nep\u0159etr\u017eit\u00e1 ostraha<\/li>\n<\/ul>\n<h2>Profil spole\u010dnosti National Van Lines<\/h2>\n<p>Sou\u010dasn\u00e1 gener\u00e1ln\u00ed \u0159editelka spole\u010dnosti National Van Lines Maureen Bealov\u00e1 je vnu\u010dkou jej\u00edho zakladatele F. J. McKeeho. McKee zalo\u017eil firmu v roce <a href=\"https:\/\/moverdb.com\/cs\/stehovani-do-chicaga\/\">Chicago<\/a> v roce 1901 s jedn\u00edm vozem a jedn\u00edm pon\u00edkem na rozvoz ledu a uhl\u00ed. <\/p>\n<p>Od t\u00e9 doby se spole\u010dnosti da\u0159\u00ed a nyn\u00ed p\u0159epravuje lidi, firmy a vojensk\u00fd person\u00e1l na m\u00edstn\u00ed i celosv\u011btov\u00e9 \u00farovni. M\u00e1 v\u00edce ne\u017e 400 agent\u016f, kte\u0159\u00ed j\u00ed s t\u00edmto procesem pom\u00e1haj\u00ed.<\/p>\n<p>Mottem spole\u010dnosti je \"St\u011bhov\u00e1n\u00ed va\u0161ich vzpom\u00ednek\", kter\u00e9 zam\u011bstnanc\u016fm i z\u00e1kazn\u00edk\u016fm p\u0159ipom\u00edn\u00e1, \u017ee osobn\u00ed v\u011bci jsou cenn\u00e9 a \u017ee s nimi bude v\u017edy zach\u00e1zeno opatrn\u011b.<\/p>\n<p>Spole\u010dnost National Van Lines m\u00e1 n\u00e1sleduj\u00edc\u00ed akreditace a afilace:<\/p>\n<ul>\n<li> <a href=\"https:\/\/moverdb.com\/cs\/rafkovy-obrubnik\/\">Certifikovan\u00fd ProMover<\/a><\/li>\n<li> Akreditace Better Business Bureau (BBB)<\/li>\n<li> Movers.Com Ov\u011b\u0159en\u00fd st\u011bhov\u00e1k<\/li>\n<li> <a href=\"https:\/\/moverdb.com\/cs\/fidi-faim\/\">FIDI<\/a><\/li>\n<\/ul>\n<h2>Recenze spole\u010dnosti National Van Lines<\/h2>\n<p><strong>Pozitivn\u00ed:<\/strong><\/p>\n<ul>\n<li> <em>\"S vyzvednut\u00edm a dod\u00e1n\u00edm n\u00e1bytku jsem byl velmi spokojen. Dave byl tak\u00e9 velmi profesion\u00e1ln\u00ed a poskytl mi spravedliv\u00fd odhad.\"<\/em> - Bari prost\u0159ednictv\u00edm str\u00e1nky s referencemi spole\u010dnosti<\/li>\n<li> <em>\"Spole\u010dnost National Van Lines p\u0159ijela v\u010das, doru\u010dila v\u010das a nic se neztratilo ani nerozbilo.\"<\/em> - Gail prost\u0159ednictv\u00edm <a href=\"https:\/\/www.yelp.co.uk\/biz\/national-van-lines-broadview?hrid=xrO9qdjtpdZ-DKkGynhkBw&#038;utm_campaign=www_review_share_popup&#038;utm_medium=copy_link&#038;utm_source=(direct)\" target=\"_blank\" rel=\"noopener\">Yelp<\/a><\/li>\n<li> <em>\"Chci \u0159\u00edct jen jedno slovo. \u00da\u017dASN\u00c9!\"<\/em> - Lori prost\u0159ednictv\u00edm <a href=\"http:\/\/www.mymovingreviews.com\/movers\/national-van-lines-256#59528\" target=\"_blank\" rel=\"noopener\">MyMovingReviews.com<\/a><\/li>\n<\/ul>\n<p><strong>Negativn\u00ed:<\/strong><\/p>\n<ul>\n<li> <em>\"Za posledn\u00edch 8 let jsem se st\u011bhoval 5-6kr\u00e1t a nikdy jsem nem\u011bl takovou zku\u0161enost.\"<\/em> - Cindy prost\u0159ednictv\u00edm <a href=\"https:\/\/www.consumeraffairs.com\/movers\/national.htm\" target=\"_blank\" rel=\"noopener\">Spot\u0159ebitelsk\u00e9 z\u00e1le\u017eitosti<\/a><\/li>\n<li> <em>\"Spole\u010dnost National Van Lines mi nedoru\u010dila zbo\u017e\u00ed do dom\u00e1cnosti v den, kter\u00fd mi \u0159idi\u010d sd\u011blil. \u0158ekli mi, \u017ee na faktu\u0159e je uvedeno datum, ale probl\u00e9m byl v tom, \u017ee jsem fakturu nikdy neobdr\u017eel. P\u0159i doru\u010den\u00ed chyb\u011bla v\u00edce ne\u017e polovina m\u00fdch v\u011bc\u00ed.\"<\/em> - Franchon prost\u0159ednictv\u00edm <a href=\"http:\/\/www.bbb.org\/chicago\/business-reviews\/movers\/national-van-lines-inc-in-broadview-il-5114\/customer-reviews\" target=\"_blank\" rel=\"noopener\">BBB<\/a><\/li>\n<li> <em>\"Na\u0161e zku\u0161enost se spole\u010dnost\u00ed National Van Lines byla no\u010dn\u00ed m\u016frou. Z\u00e1stupce, kter\u00fd podepsal <a href=\"https:\/\/moverdb.com\/cs\/moving-to-the-united-states\/\" data-internallinksmanager029f6b8e52c=\"94\" title=\"St\u011bhujete se do Spojen\u00fdch st\u00e1t\u016f? 2022 \u017divotn\u00ed n\u00e1klady a tipy na st\u011bhov\u00e1n\u00ed\">n\u00e1s<\/a> up se zd\u00e1la b\u00fdt tak profesion\u00e1ln\u00ed a efektivn\u00ed, kdy\u017e jsme se s n\u00ed setkali. Ani ve snu by n\u00e1s nenapadlo, \u017ee se dost\u00e1v\u00e1me do hrozn\u00e9ho pr\u016f\u0161vihu.\"<\/em> - prost\u0159ednictv\u00edm <a href=\"http:\/\/moving-companies.credio.com\/l\/21\/National-Van-Lines\" target=\"_blank\" rel=\"noopener\">Credio<\/a><\/li>\n<\/ul>\n<div itemprop=\"review\" itemscope itemtype=\"http:\/\/schema.org\/Review\">\n<span itemprop=\"author\" itemscope=\"\" itemtype=\"http:\/\/schema.org\/Organization\"><span itemprop=\"name\">MoverDB.com<\/span><\/span> Online recenze webov\u00fdch str\u00e1nek pro <span itemprop=\"itemreviewed\" itemscope=\"\" itemtype=\"http:\/\/schema.org\/Brand\"><span itemprop=\"name\">Spole\u010dnost National Van Lines<\/span><\/span>:<\/p>\n<ol>\n<li> Jasn\u00e9 kontaktn\u00ed \u00fadaje na webov\u00fdch str\u00e1nk\u00e1ch (v\u010detn\u011b telefonn\u00edho \u010d\u00edsla): <strong>Ano<\/strong><\/li>\n<li> Snadn\u00e9 z\u00edsk\u00e1n\u00ed <a href=\"https:\/\/moverdb.com\/cs\/citaty\/\">mezin\u00e1rodn\u00ed st\u011bhov\u00e1n\u00ed citace<\/a>? (Online formul\u00e1\u0159 \u017e\u00e1dosti o odhad): <strong>Ano<\/strong><\/li>\n<li> Jasn\u00e9 informace na webov\u00fdch str\u00e1nk\u00e1ch: <strong>Ano<\/strong> na webov\u00fdch str\u00e1nk\u00e1ch jsou pops\u00e1ny jejich slu\u017eby a jsou zde tak\u00e9 u\u017eite\u010dn\u00e9 p\u0159\u00edru\u010dky.<\/li>\n<li> \u010clenstv\u00ed v mezin\u00e1rodn\u00edch uzn\u00e1van\u00fdch organizac\u00edch pohybliv\u00fdch aktivit: <strong>Ano<\/strong><\/li>\n<li> Seznam klient\u016f a\/nebo reference p\u0159edchoz\u00edch z\u00e1kazn\u00edk\u016f: <strong>Ano<\/strong> Na webu jsou pozitivn\u00ed reference z\u00e1kazn\u00edk\u016f, ale na zbytku internetu je n\u011bkolik negativn\u00edch.<\/li>\n<\/ol>\n<div itemprop=\"reviewRating\" itemscope itemtype=\"http:\/\/schema.org\/Rating\"><meta itemprop=\"worstRating\" content = \"0\" \/><meta itemprop=\"bestRating\" content=\"5\" \/><meta itemprop=\"ratingValue\" content=\"4.5\"><\/div>\n<p><strong>Celkov\u00e9 hodnocen\u00ed: 4,5\/5<\/strong><br \/>\n<strong>Datum recenze:<\/strong> <span itemprop=\"datePublished\" content=\"2016-11-05\">05\/11\/2016<\/span>\n<\/div>\n<p>P\u0159e\u010dt\u011bte si v\u00edce o <a href=\"https:\/\/moverdb.com\/cs\/stehovani-spolecnosti\/\">top mezin\u00e1rodn\u00ed st\u011bhov\u00e1n\u00ed spole\u010dnosti<\/a>, <a href=\"https:\/\/moverdb.com\/cs\/us-canada-movers\/\">St\u011bhov\u00e1ci z USA<\/a> a na\u0161e <a href=\"https:\/\/moverdb.com\/cs\/recenze\/\">proces p\u0159ezkoum\u00e1n\u00ed<\/a>.<\/p>\n<p><strong>Webov\u00e9 str\u00e1nky:<\/strong> <a href=\"http:\/\/www.nationalvanlines.com\/\" target=\"_blank\" rel=\"noopener\">http:\/\/www.nationalvanlines.com\/<\/a><\/p>","protected":false},"excerpt":{"rendered":"<p>National Van Lines offers its customers a wide range of moving services. These are listed below together with a company profile and reviews. International Moves Individual and corporate Dedicated move coordinator Counselling on all aspects of the moving process Guidance on documentation requirements Door-to-door cost estimates for shipping by ocean or air Tracking to ensure [&hellip;]<\/p>\n","protected":false},"author":1,"featured_media":0,"parent":0,"menu_order":0,"comment_status":"closed","ping_status":"closed","template":"","meta":{"_genesis_hide_title":false,"_genesis_hide_breadcrumbs":false,"_genesis_hide_singular_image":false,"_genesis_hide_footer_widgets":false,"_genesis_custom_body_class":"","_genesis_custom_post_class":"","_genesis_layout":"","footnotes":""},"class_list":{"0":"post-1038","1":"page","2":"type-page","3":"status-publish","5":"entry"},"_links":{"self":[{"href":"https:\/\/moverdb.com\/cs\/wp-json\/wp\/v2\/pages\/1038","targetHints":{"allow":["GET"]}}],"collection":[{"href":"https:\/\/moverdb.com\/cs\/wp-json\/wp\/v2\/pages"}],"about":[{"href":"https:\/\/moverdb.com\/cs\/wp-json\/wp\/v2\/types\/page"}],"author":[{"embeddable":true,"href":"https:\/\/moverdb.com\/cs\/wp-json\/wp\/v2\/users\/1"}],"replies":[{"embeddable":true,"href":"https:\/\/moverdb.com\/cs\/wp-json\/wp\/v2\/comments?post=1038"}],"version-history":[{"count":6,"href":"https:\/\/moverdb.com\/cs\/wp-json\/wp\/v2\/pages\/1038\/revisions"}],"predecessor-version":[{"id":6225,"href":"https:\/\/moverdb.com\/cs\/wp-json\/wp\/v2\/pages\/1038\/revisions\/6225"}],"wp:attachment":[{"href":"https:\/\/moverdb.com\/cs\/wp-json\/wp\/v2\/media?parent=1038"}],"curies":[{"name":"wp","href":"https:\/\/api.w.org\/{rel}","templated":true}]}}