{"id":1037,"date":"2016-11-21T06:45:07","date_gmt":"2016-11-21T06:45:07","guid":{"rendered":"http:\/\/moverdb.com\/?page_id=1037"},"modified":"2026-01-08T14:47:47","modified_gmt":"2026-01-08T14:47:47","slug":"berger-allied","status":"publish","type":"page","link":"https:\/\/moverdb.com\/cs\/berger-allied\/","title":{"rendered":"Berger Allied (Transfer &amp; Storage): Mezin\u00e1rodn\u00ed st\u011bhov\u00e1n\u00ed Recenze"},"content":{"rendered":"<p>Spole\u010dnost Berger Allied (ofici\u00e1ln\u011b Berger Transfer &amp; Storage) s\u00eddl\u00ed ve m\u011bst\u011b St.Paul ve st\u00e1t\u011b MN. Sv\u00fdm z\u00e1kazn\u00edk\u016fm nab\u00edz\u00ed \u0159adu st\u011bhovac\u00edch slu\u017eeb, kter\u00e9 jsou uvedeny n\u00ed\u017ee, spolu s profilem spole\u010dnosti a recenzemi.<\/p>\n<p><strong>Mezin\u00e1rodn\u00ed st\u011bhov\u00e1n\u00ed<\/strong><\/p>\n<ul>\n<li> P\u0159\u00edprava na st\u011bhov\u00e1n\u00ed<\/li>\n<li> Konzultace a pr\u016fzkum<\/li>\n<li> Dokumentace<\/li>\n<li> Bezpe\u010dnostn\u00ed aspekty<\/li>\n<li> Balen\u00ed a nakl\u00e1d\u00e1n\u00ed<\/li>\n<li> \u017div\u011b nalo\u017e\u00ed va\u0161e zbo\u017e\u00ed p\u0159\u00edmo do p\u0159epravn\u00edho kontejneru<\/li>\n<li> Celn\u00ed odbaven\u00ed<\/li>\n<li> Dod\u00e1n\u00ed a vybalen\u00ed<\/li>\n<\/ul>\n<p><strong>St\u011bhov\u00e1n\u00ed obytn\u00fdch budov<\/strong><\/p>\n<ul>\n<li> Pl\u00e1nov\u00e1n\u00ed st\u011bhov\u00e1n\u00ed<\/li>\n<li> St\u011bhov\u00e1n\u00ed na dlouh\u00e9 vzd\u00e1lenosti<\/li>\n<li> Kompletn\u00ed balic\u00ed slu\u017eby<\/li>\n<li> Vlastn\u00ed balen\u00ed<\/li>\n<li> <a href=\"https:\/\/moverdb.com\/cs\/preprava-aut-a-lodni-doprava\/\">Vozidlo<\/a>, p\u0159eprava lod\u00ed a motocykl\u016f<\/li>\n<li> Mont\u00e1\u017e\/demont\u00e1\u017e<\/li>\n<li> Op\u011btovn\u00e9 p\u0159ipojen\u00ed\/odpojen\u00ed spot\u0159ebi\u010d\u016f<\/li>\n<li> Vybalov\u00e1n\u00ed a odstra\u0148ov\u00e1n\u00ed suti<\/li>\n<li> Sledov\u00e1n\u00ed z\u00e1silek online<\/li>\n<li> St\u011bhovac\u00ed slu\u017eby pro seniory<\/li>\n<\/ul>\n<p><strong>Podnikov\u00e9 st\u011bhovac\u00ed slu\u017eby<\/strong><\/p>\n<ul>\n<li> Poradci pro st\u011bhov\u00e1n\u00ed<\/li>\n<li> Program relokace, kter\u00fd odpov\u00edd\u00e1 jedine\u010dn\u00e9 kultu\u0159e, z\u00e1sad\u00e1m a rozpo\u010dtov\u00fdm c\u00edl\u016fm va\u0161\u00ed spole\u010dnosti.<\/li>\n<li> Specializovan\u00ed koordin\u00e1to\u0159i st\u011bhov\u00e1n\u00ed <\/li>\n<\/ul>\n<p><strong>Komer\u010dn\u00ed st\u011bhovac\u00ed slu\u017eby<\/strong><\/p>\n<ul>\n<li> St\u011bhov\u00e1n\u00ed kancel\u00e1\u0159\u00ed<\/li>\n<li> Ukl\u00e1d\u00e1n\u00ed z\u00e1znam\u016f<\/li>\n<li> Skladov\u00e1n\u00ed<\/li>\n<li> Specializovan\u00e1 doprava<\/li>\n<li> Spr\u00e1va majetku<\/li>\n<li> Pl\u00e1nov\u00e1n\u00ed prostoru CAD<\/li>\n<li> \u0158\u00edzen\u00ed projektu na m\u00edst\u011b<\/li>\n<\/ul>\n<h2>Profil spole\u010dnosti Berger Allied<\/h2>\n<p>Spole\u010dnost Berger Transfer and Storage p\u016fsob\u00ed na trhu ji\u017e od roku 1910. Spolupracuje s jednotlivci, firmami a vl\u00e1dn\u00edmi agenturami. V\u011b\u0159\u00ed, \u017ee jejich nejv\u011bt\u0161\u00ed p\u0159ednost\u00ed je zam\u011b\u0159en\u00ed na kvalitn\u00ed slu\u017eby z\u00e1kazn\u00edk\u016fm.<\/p>\n<p>Disponuj\u00ed vozov\u00fdm parkem \u010d\u00edtaj\u00edc\u00edm v\u00edce ne\u017e 600 dod\u00e1vek a n\u00e1kladn\u00edch automobil\u016f a ro\u010dn\u011b koordinuj\u00ed p\u0159ibli\u017en\u011b 24 000 rodinn\u00fdch st\u011bhov\u00e1n\u00ed. Pom\u00e1haj\u00ed tak\u00e9 z\u00edsk\u00e1vat finan\u010dn\u00ed prost\u0159edky pro organizace United Way, Junior Achievements, Boy Scouts a Girl Scouts of America, March of Dimes, Special Olympics a Move For Hunger.<\/p>\n<p>Spole\u010dnost Berger Transfer and Storage m\u00e1 n\u00e1sleduj\u00edc\u00ed akreditace a p\u0159\u00edslu\u0161nost:<\/p>\n<ul>\n<li> <a href=\"https:\/\/moverdb.com\/cs\/amsa\/\">AMSA<\/a><\/li>\n<li> AHFA<\/li>\n<li> <a href=\"https:\/\/moverdb.com\/cs\/iam\/\">IAM<\/a><\/li>\n<li> ATA<\/li>\n<li> <a href=\"https:\/\/moverdb.com\/cs\/rafkovy-obrubnik\/\">Promover<\/a><\/li>\n<li> <a href=\"https:\/\/moverdb.com\/cs\/rada-pro-premisteni-zamestnancu\/\">Celosv\u011btov\u00e1 ERC<\/a><\/li>\n<li> PSA<\/li>\n<li> Pohyb pro hlad<\/li>\n<li> Akreditovan\u00e1 firma BBB<\/li>\n<\/ul>\n<h2>Berger Allied (Transfer and Storage) Recenze<\/h2>\n<p><strong>Pozitivn\u00ed:<\/strong><\/p>\n<ul>\n<li> <em>\"Na\u0161e zku\u0161enost s p\u0159eshrani\u010dn\u00edm st\u011bhov\u00e1n\u00edm se spole\u010dnost\u00ed Berger Allied byla tak dobr\u00e1, jak jen m\u016f\u017ee b\u00fdt!\"<\/em> - Paul M prost\u0159ednictv\u00edm <a href=\"https:\/\/www.yelp.com\/biz\/berger-allied-van-lines-austin?hrid=r3MbhX4j_6c1VOPPSbKe_g&#038;utm_campaign=www_review_share_popup&#038;utm_medium=copy_link&#038;utm_source=(direct)\" target=\"_blank\" rel=\"noopener\">Yelp<\/a> <\/li>\n<li> <em>\"T\u00fdm Berger v Las Vegas je prost\u011b \u00fa\u017easn\u00fd. Nejen\u017ee jsou kompetentn\u00ed a p\u0159\u00edjemn\u00ed, ale jejich z\u00e1kaznick\u00fd servis je dost mo\u017en\u00e1 nejlep\u0161\u00ed, s jak\u00fdm jsem se kdy setkal.\"<\/em> - Viki prost\u0159ednictv\u00edm <a href=\"https:\/\/www.facebook.com\/pg\/bergermoving\/reviews\/\" target=\"_blank\" rel=\"noopener\">Facebook<\/a><\/li>\n<li> <em>\"P\u0159i\u0161li v\u010das. Zabalili ve\u0161ker\u00fd n\u00e1bytek do podlo\u017eek a v\u011bnovali v\u00edce \u010dasu, aby se ujistili, \u017ee v\u0161e bylo provedeno spr\u00e1vn\u011b. Dali si z\u00e1le\u017eet na tom, aby nebyly po\u0161kozeny \u017e\u00e1dn\u00e9 st\u011bny.\"<\/em> - Daniel prost\u0159ednictv\u00edm <a href=\"http:\/\/www.movingcompanyreviews.com\/MN\/St-Paul\/berger-transfer-storage-60973\" target=\"_blank\" rel=\"noopener\">MovingCompanyReviews.com<\/a><\/li>\n<\/ul>\n<p><strong>Negativn\u00ed:<\/strong><\/p>\n<ul>\n<li> <em>\"Na doporu\u010den\u00ed jsem si najal spole\u010dnost Berger pro st\u011bhov\u00e1n\u00ed z <a href=\"https:\/\/moverdb.com\/cs\/moving-to-the-united-states\/moving-to-minnesota\/\" data-internallinksmanager029f6b8e52c=\"443\" title=\"St\u011bhov\u00e1n\u00ed do Minnesoty? 2026 N\u00e1klady na bydlen\u00ed a tipy na p\u0159est\u011bhov\u00e1n\u00ed\">Minnesota<\/a> na <a href=\"https:\/\/moverdb.com\/cs\/moving-to-the-united-states\/moving-to-california\/\" data-internallinksmanager029f6b8e52c=\"330\" title=\"St\u011bhov\u00e1n\u00ed do Kalifornie? 2026 N\u00e1klady na bydlen\u00ed a tipy na p\u0159est\u011bhov\u00e1n\u00ed\">Kalifornie<\/a>. Hledal jsem jin\u00e9 firmy a odhady, bohu\u017eel jsem si vybral Berger na z\u00e1klad\u011b osoby, kter\u00e1 odhad provedla.\"<\/em> - Prost\u0159ednictv\u00edm <a href=\"https:\/\/www.bbb.org\/minnesota\/business-reviews\/movers\/berger-transfer-storage-inc-in-saint-paul-mn-103\/reviews-and-complaints\" target=\"_blank\" rel=\"noopener\">BBB wesbite<\/a><\/li>\n<li> <em>\"Nejhor\u0161\u00ed z\u00e1kaznick\u00fd servis v\u016fbec. Po \u0161esti m\u011bs\u00edc\u00edch nespr\u00e1vn\u00e9ho \u00fa\u010dtov\u00e1n\u00ed a nes\u010detn\u00fdch e-mailech a telefon\u00e1tech, kter\u00e9 jsem se sna\u017eila vy\u0159e\u0161it, mi bylo \u0159e\u010deno, \u017ee moje zbo\u017e\u00ed je d\u00e1no do aukce.\"<\/em> - Kyle vi <a href=\"https:\/\/www.facebook.com\/pg\/bergermoving\/reviews\/\" target=\"_blank\" rel=\"noopener\">Facebook<\/a><\/li>\n<\/li>\n<li> <em>\"Berger Allied Van Lines ud\u011blal nejhor\u0161\u00ed balen\u00ed, st\u011bhov\u00e1n\u00ed a skladov\u00e1n\u00ed pr\u00e1ce pro <a href=\"https:\/\/moverdb.com\/cs\/moving-to-the-united-states\/\" data-internallinksmanager029f6b8e52c=\"94\" title=\"St\u011bhujete se do Spojen\u00fdch st\u00e1t\u016f? 2022 \u017divotn\u00ed n\u00e1klady a tipy na st\u011bhov\u00e1n\u00ed\">n\u00e1s<\/a>.\"<\/em> - Letty prost\u0159ednictv\u00edm <a href=\"https:\/\/www.yelp.com\/biz\/berger-allied-van-lines-austin?hrid=AMtotqlDmWIUelyZT7YKAw&#038;utm_campaign=www_review_share_popup&#038;utm_medium=copy_link&#038;utm_source=(direct)\" target=\"_blank\" rel=\"noopener\">Yelp<\/a><\/li>\n<\/ul>\n<div itemprop=\"review\" itemscope itemtype=\"http:\/\/schema.org\/Review\">\n<span itemprop=\"author\" itemscope=\"\" itemtype=\"http:\/\/schema.org\/Organization\"><span itemprop=\"name\">MoverDB.com<\/span><\/span> Online recenze webov\u00fdch str\u00e1nek pro <span itemprop=\"itemreviewed\" itemscope=\"\" itemtype=\"http:\/\/schema.org\/Brand\"><span itemprop=\"name\">Berger Allied<\/span><\/span>:<\/p>\n<ol>\n<li> Jasn\u00e9 kontaktn\u00ed \u00fadaje na webov\u00fdch str\u00e1nk\u00e1ch (v\u010detn\u011b telefonn\u00edho \u010d\u00edsla): <strong>Ano<\/strong><\/li>\n<li> Snadn\u00e9 z\u00edsk\u00e1n\u00ed <a href=\"https:\/\/moverdb.com\/cs\/citaty\/\">mezin\u00e1rodn\u00ed st\u011bhov\u00e1n\u00ed citace<\/a>? (Online formul\u00e1\u0159 \u017e\u00e1dosti o odhad): <strong>Ano<\/strong><\/li>\n<li> Jasn\u00e9 informace na webov\u00fdch str\u00e1nk\u00e1ch: <strong>\u010c\u00e1ste\u010dn\u011b<\/strong>, je zde velk\u00e9 mno\u017estv\u00ed obecn\u00fdch informac\u00ed o pohybu, ale nic p\u0159\u00edli\u0161 konkr\u00e9tn\u00edho.<\/li>\n<li> \u010clenstv\u00ed v mezin\u00e1rodn\u00edch uzn\u00e1van\u00fdch organizac\u00edch pohybliv\u00fdch aktivit: <strong>Ano<\/strong>, mnoho, viz v\u00fd\u0161e<\/li>\n<li> Seznam klient\u016f a\/nebo reference p\u0159edchoz\u00edch z\u00e1kazn\u00edk\u016f: <strong>Ne<\/strong>, na webov\u00fdch str\u00e1nk\u00e1ch nejsou \u017e\u00e1dn\u00e9 reference, kter\u00e9 bychom mohli naj\u00edt, a recenze z cel\u00e9ho webu jsou trochu sm\u00ed\u0161en\u00e9. <\/li>\n<\/ol>\n<div itemprop=\"reviewRating\" itemscope itemtype=\"http:\/\/schema.org\/Rating\"><meta itemprop=\"worstRating\" content = \"0\" \/><meta itemprop=\"bestRating\" content=\"5\" \/><meta itemprop=\"ratingValue\" content=\"3.5\"><\/div>\n<p><strong>Celkov\u00e9 hodnocen\u00ed: 3,5\/5<\/strong><br \/>\n<strong>Datum recenze:<\/strong> <span itemprop=\"datePublished\" content=\"2016-11-21\">21\/11\/2016<\/span>\n<\/div>\n<p>P\u0159e\u010dt\u011bte si v\u00edce o <a href=\"https:\/\/moverdb.com\/cs\/stehovani-spolecnosti\/\">mezin\u00e1rodn\u00ed st\u011bhovac\u00ed spole\u010dnosti<\/a>, <a href=\"https:\/\/moverdb.com\/cs\/us-canada-movers\/\">St\u011bhov\u00e1ci z USA<\/a> a na\u0161e <a href=\"https:\/\/moverdb.com\/cs\/recenze\/\">proces p\u0159ezkoum\u00e1n\u00ed<\/a>.<\/p>\n<p><strong>Webov\u00e9 str\u00e1nky:<\/strong> <a href=\"https:\/\/www.bergerallied.com\" target=\"_blank\" rel=\"noopener\">https:\/\/www.bergerallied.com<\/a><\/p>","protected":false},"excerpt":{"rendered":"<p>Berger Allied (officially Berger Transfer &#038; Storage) is based in St. Paul, MN. It offers its customers a range of moving services which are listed below, together with a company profile and reviews. International Moving Move Preparation Consultation and Survey Documentation Safety Considerations Packing and Loading Live loads your items directly into a shipping container [&hellip;]<\/p>\n","protected":false},"author":1,"featured_media":0,"parent":0,"menu_order":0,"comment_status":"closed","ping_status":"closed","template":"","meta":{"_genesis_hide_title":false,"_genesis_hide_breadcrumbs":false,"_genesis_hide_singular_image":false,"_genesis_hide_footer_widgets":false,"_genesis_custom_body_class":"","_genesis_custom_post_class":"","_genesis_layout":"","footnotes":""},"class_list":{"0":"post-1037","1":"page","2":"type-page","3":"status-publish","5":"entry"},"_links":{"self":[{"href":"https:\/\/moverdb.com\/cs\/wp-json\/wp\/v2\/pages\/1037","targetHints":{"allow":["GET"]}}],"collection":[{"href":"https:\/\/moverdb.com\/cs\/wp-json\/wp\/v2\/pages"}],"about":[{"href":"https:\/\/moverdb.com\/cs\/wp-json\/wp\/v2\/types\/page"}],"author":[{"embeddable":true,"href":"https:\/\/moverdb.com\/cs\/wp-json\/wp\/v2\/users\/1"}],"replies":[{"embeddable":true,"href":"https:\/\/moverdb.com\/cs\/wp-json\/wp\/v2\/comments?post=1037"}],"version-history":[{"count":6,"href":"https:\/\/moverdb.com\/cs\/wp-json\/wp\/v2\/pages\/1037\/revisions"}],"predecessor-version":[{"id":6183,"href":"https:\/\/moverdb.com\/cs\/wp-json\/wp\/v2\/pages\/1037\/revisions\/6183"}],"wp:attachment":[{"href":"https:\/\/moverdb.com\/cs\/wp-json\/wp\/v2\/media?parent=1037"}],"curies":[{"name":"wp","href":"https:\/\/api.w.org\/{rel}","templated":true}]}}