{"id":1036,"date":"2016-11-05T16:39:46","date_gmt":"2016-11-05T16:39:46","guid":{"rendered":"http:\/\/moverdb.com\/?page_id=1036"},"modified":"2026-01-08T14:47:46","modified_gmt":"2026-01-08T14:47:46","slug":"beltmann-relocation","status":"publish","type":"page","link":"https:\/\/moverdb.com\/cs\/beltmann-relocation\/","title":{"rendered":"Beltmann Relocation Group: Recenze mezin\u00e1rodn\u00edho st\u011bhov\u00e1n\u00ed"},"content":{"rendered":"<p>Spole\u010dnost Beltmann Relocation Group nab\u00edz\u00ed sv\u00fdm z\u00e1kazn\u00edk\u016fm r\u016fzn\u00e9 mezin\u00e1rodn\u00ed i m\u00edstn\u00ed st\u011bhovac\u00ed slu\u017eby. Tyto slu\u017eby jsou uvedeny n\u00ed\u017ee spolu s profilem spole\u010dnosti a recenzemi.<\/p>\n<p><strong>Mezin\u00e1rodn\u00ed p\u0159esuny<\/strong><\/p>\n<ul>\n<li> Mezin\u00e1rodn\u00ed st\u011bhov\u00e1n\u00ed firem<\/li>\n<li> Jednotliv\u00e9 pohyby<\/li>\n<li> Organizace spojen\u00fdch n\u00e1rod\u016f<\/li>\n<li> Pomoc a poradenstv\u00ed p\u0159i celn\u00edch a imigra\u010dn\u00edch z\u00e1le\u017eitostech<\/li>\n<li> Pomoc s p\u0159em\u00edst\u011bn\u00edm dom\u00e1c\u00edho mazl\u00ed\u010dka<\/li>\n<li> Door-to-door<\/li>\n<li> P\u0159id\u011blen\u00fd mana\u017eer p\u0159esunu<\/li>\n<li> K dispozici je kompletn\u00ed servis<\/li>\n<li> Sjednan\u00e9 poji\u0161t\u011bn\u00ed<\/li>\n<\/ul>\n<p><strong>St\u011bhov\u00e1n\u00ed kancel\u00e1\u0159\u00ed a pr\u016fmyslov\u00fdch podnik\u016f<\/strong><\/p>\n<ul>\n<li> M\u00edstn\u00ed a d\u00e1lkov\u00e9 st\u011bhov\u00e1n\u00ed kancel\u00e1\u0159\u00ed<\/li>\n<li> St\u011bhov\u00e1n\u00ed mezi odd\u011blen\u00edmi<\/li>\n<li> St\u011bhov\u00e1n\u00ed po\u010d\u00edta\u010d\u016f a elektroniky<\/li>\n<li> Pl\u00e1nov\u00e1n\u00ed a navrhov\u00e1n\u00ed prostor<\/li>\n<li> Sch\u016fzky p\u0159ed pl\u00e1nov\u00e1n\u00edm st\u011bhov\u00e1n\u00ed<\/li>\n<li> Dozor na m\u00edst\u011b<\/li>\n<li> Slu\u017eby po st\u011bhov\u00e1n\u00ed<\/li>\n<li> Pr\u016fmyslov\u00e1 pomoc p\u0159i st\u011bhov\u00e1n\u00ed<\/li>\n<li> Vysok\u00e9 zabezpe\u010den\u00ed p\u0159i st\u011bhov\u00e1n\u00ed<\/li>\n<li> P\u0159esun citliv\u00fdch informac\u00ed<\/li>\n<li> Sjednan\u00e9 poji\u0161t\u011bn\u00ed<\/li>\n<\/ul>\n<p><strong>P\u0159em\u00edst\u011bn\u00ed spole\u010dnosti<\/strong><\/p>\n<ul>\n<li> St\u011bhovac\u00ed slu\u017eby pro vedouc\u00ed pracovn\u00edky nejvy\u0161\u0161\u00ed \u00farovn\u011b<\/li>\n<li> Mana\u017eer p\u0159esunu <\/li>\n<li> Door-to-door<\/li>\n<li> Balen\u00ed a vybalov\u00e1n\u00ed<\/li>\n<li> Sledov\u00e1n\u00ed z\u00e1silek<\/li>\n<li> Sjednan\u00e9 poji\u0161t\u011bn\u00ed<\/li>\n<\/ul>\n<p><strong>St\u011bhov\u00e1n\u00ed dom\u00e1cnost\u00ed<\/strong><\/p>\n<ul>\n<li> M\u00edstn\u00ed p\u0159esuny<\/li>\n<li> St\u011bhov\u00e1n\u00ed na dlouh\u00e9 vzd\u00e1lenosti<\/li>\n<li> Door-to-door<\/li>\n<li> Balen\u00ed a vybalov\u00e1n\u00ed<\/li>\n<li> Sjednan\u00e9 poji\u0161t\u011bn\u00ed<\/li>\n<\/ul>\n<p><strong>\u00dalo\u017ei\u0161t\u011b<\/strong><\/p>\n<ul>\n<li> Dlouhodob\u00e9 nebo kr\u00e1tkodob\u00e9<\/li>\n<li> Vyh\u0159\u00edvan\u00fd sklad <\/li>\n<li> Ulo\u017eeno v zape\u010det\u011bn\u00e9m trezoru<\/li>\n<li> CCTV<\/li>\n<li> Ochrana proti po\u017e\u00e1ru a \u0161k\u016fdc\u016fm<\/li>\n<\/ul>\n<h2>Profil spole\u010dnosti Beltmann Relocation<\/h2>\n<p>Spole\u010dnost Beltmann Group byla zalo\u017eena rodinou Battina v roce 1955 a je st\u00e1le rodinn\u00fdm podnikem. Je jedn\u00edm z nejv\u011bt\u0161\u00edch a nejstar\u0161\u00edch z\u00e1stupc\u016f pro <a href=\"https:\/\/moverdb.com\/cs\/north-american-van-lines\/\">Spole\u010dnost North American Van Lines<\/a> a jej\u00ed s\u00eddlo se nach\u00e1z\u00ed v <a href=\"https:\/\/moverdb.com\/cs\/stehovani-do-neapolisu\/\">Minneapolis<\/a>. <\/p>\n<p>Skupina Beltmann je hrd\u00fdm vlastn\u00edkem vozov\u00e9ho parku \u010d\u00edtaj\u00edc\u00edho v\u00edce ne\u017e 700 st\u011bhovac\u00edch vozidel r\u016fzn\u00fdch typ\u016f a m\u00e1 14 pobo\u010dek.<\/p>\n<p>Beltmann\u016fv slib zn\u00ed \"Bu\u010f z\u00e1kazn\u00edkem\". Ka\u017ed\u00fd zam\u011bstnanec se m\u00e1 v\u017e\u00edt do situace z\u00e1kazn\u00edka a jednat s n\u00edm tak, jak by si p\u0159\u00e1l, aby se s n\u00edm jednalo. Spole\u010dnost je hrd\u00fdm podporovatelem organizace Habitat for Humanity.<\/p>\n<p>Spole\u010dnost Beltmann Relocation m\u00e1 n\u00e1sleduj\u00edc\u00ed afiliace a akreditace:<\/p>\n<ul>\n<li> <a href=\"https:\/\/moverdb.com\/cs\/rafkovy-obrubnik\/\">Registrovan\u00e9 mezin\u00e1rodn\u00ed st\u011bhov\u00e1n\u00ed<\/a> (<a href=\"https:\/\/moverdb.com\/cs\/rim-promover\/\" data-internallinksmanager029f6b8e52c=\"76\" title=\"Vysv\u011btlen\u00ed certifikace RIM International ProMover\">RIM<\/a>)<\/li>\n<li> <a href=\"https:\/\/moverdb.com\/cs\/rafkovy-obrubnik\/\">ProMover<\/a><\/li>\n<li> <a href=\"https:\/\/moverdb.com\/cs\/amsa\/\">Americk\u00e1 asociace pro st\u011bhov\u00e1n\u00ed a skladov\u00e1n\u00ed<\/a> (<a href=\"https:\/\/moverdb.com\/cs\/amsa\/\" data-internallinksmanager029f6b8e52c=\"5\" title=\"Vysv\u011btlen\u00ed Americk\u00e9 asociace pro st\u011bhov\u00e1n\u00ed a skladov\u00e1n\u00ed (AMSA)\">AMSA<\/a>)<\/li>\n<li> V\u00edt\u011bz Severoamerick\u00e9 ceny kvality<\/li>\n<li> Akreditace Better Business Bureau (BBB)<\/li>\n<\/ul>\n<p><strong>Beltmann Relocation Recenze<\/strong><\/p>\n<p><strong>Pozitivn\u00ed:<\/strong><\/p>\n<ul>\n<li> <em>\"P\u0159i na\u0161em st\u011bhov\u00e1n\u00ed prob\u011bhlo v\u0161e skv\u011ble. \u0158idi\u010d i pos\u00e1dka na obou stran\u00e1ch pracovali dob\u0159e.\"<\/em> - Craig prost\u0159ednictv\u00edm str\u00e1nky s referencemi spole\u010dnosti Beltmann<\/li>\n<li> <em>\"V pr\u016fb\u011bhu let jsme se n\u011bkolikr\u00e1t st\u011bhovali a mus\u00edm \u0159\u00edct, \u017ee Beltman byl zdaleka nejlep\u0161\u00ed. P\u00e9\u010de, kterou v\u011bnovali balen\u00ed a nakl\u00e1d\u00e1n\u00ed na\u0161ich v\u011bc\u00ed a\u017e po doru\u010den\u00ed, byla pozoruhodn\u00e1.\"<\/em> - Abby prost\u0159ednictv\u00edm <a href=\"https:\/\/www.facebook.com\/pg\/BeltmannRelocation\/reviews\/\" target=\"_blank\" rel=\"noopener\">Facebook<\/a><\/li>\n<\/ul>\n<p><strong>Negativn\u00ed:<\/strong><\/p>\n<ul>\n<li> <em>\"Nejsme je\u0161t\u011b ani v t\u0159etin\u011b vybalov\u00e1n\u00ed a u\u017e m\u00e1me seznam nejm\u00e9n\u011b 15 po\u0161kozen\u00fdch nebo rozbit\u00fdch v\u011bc\u00ed. V n\u011bkter\u00fdch krabic\u00edch jsou v\u011bci jen tak nah\u00e1zen\u00e9, nezabalen\u00e9 a nezaji\u0161t\u011bn\u00e9.\"<\/em> Amy prost\u0159ednictv\u00edm <a href=\"https:\/\/www.facebook.com\/pg\/BeltmannRelocation\/reviews\/\" target=\"_blank\" rel=\"noopener\">Facebook<\/a><\/li>\n<li> <em>\"Ud\u011blejte si laskavost. Nepou\u017e\u00edvejte tuto spole\u010dnost. Vyma\u017ete jejich \u010d\u00edslo, zablokujte si jejich vol\u00e1n\u00ed. \u010c\u00e1st nab\u00eddky (v\u00edte, kde se sna\u017e\u00ed z\u00edskat v\u00e1\u0161 obchod) byla skv\u011bl\u00e1. Vyzvednut\u00ed zbo\u017e\u00ed - palec nahoru. doru\u010den\u00ed v\u011bc\u00ed - velk\u00fd palec dol\u016f.\"<\/em> - Kim prost\u0159ednictv\u00edm <a href=\"https:\/\/www.yelp.com\/biz\/beltmann-relocation-group-glendale-heights?hrid=tJAoAv--s6WetooAeYOQew&#038;utm_campaign=www_review_share_popup&#038;utm_medium=copy_link&#038;utm_source=(direct)\" target=\"_blank\" rel=\"noopener\">Yelp<\/a><\/li>\n<\/ul>\n<div itemprop=\"review\" itemscope itemtype=\"http:\/\/schema.org\/Review\">\n<span itemprop=\"author\" itemscope=\"\" itemtype=\"http:\/\/schema.org\/Organization\"><span itemprop=\"name\">MoverDB.com<\/span><\/span> Online recenze webov\u00fdch str\u00e1nek pro <span itemprop=\"itemreviewed\" itemscope=\"\" itemtype=\"http:\/\/schema.org\/Brand\"><span itemprop=\"name\">Beltmann Relocation Group<\/span><\/span>:<\/p>\n<ol>\n<li> Jasn\u00e9 kontaktn\u00ed \u00fadaje na webov\u00fdch str\u00e1nk\u00e1ch (v\u010detn\u011b telefonn\u00edho \u010d\u00edsla): <strong>Ano<\/strong><\/li>\n<li> Snadn\u00e9 z\u00edsk\u00e1n\u00ed <a href=\"https:\/\/moverdb.com\/cs\/citaty\/\">mezin\u00e1rodn\u00ed st\u011bhov\u00e1n\u00ed citace<\/a>? (Online formul\u00e1\u0159 \u017e\u00e1dosti o odhad): <strong>Ano<\/strong><\/li>\n<li> Jasn\u00e9 informace na webov\u00fdch str\u00e1nk\u00e1ch: <strong>Ano<\/strong>, Webov\u00e9 str\u00e1nky obsahuj\u00ed u\u017eite\u010dn\u00e9 zdroje pro st\u011bhov\u00e1n\u00ed v\u010detn\u011b \u010dasto kladen\u00fdch ot\u00e1zek a tip\u016f.<\/li>\n<li> \u010clenstv\u00ed v mezin\u00e1rodn\u00edch uzn\u00e1van\u00fdch organizac\u00edch pohybliv\u00fdch aktivit: <strong>Ano<\/strong>, mnoho, viz v\u00fd\u0161e<\/li>\n<li> Seznam klient\u016f a\/nebo reference p\u0159edchoz\u00edch z\u00e1kazn\u00edk\u016f: <strong>Ano,<\/strong> na webov\u00fdch str\u00e1nk\u00e1ch jsou pozitivn\u00ed reference, ale recenze z cel\u00e9ho webu jsou trochu sm\u00ed\u0161en\u00e9.<\/li>\n<\/ol>\n<div itemprop=\"reviewRating\" itemscope itemtype=\"http:\/\/schema.org\/Rating\"><meta itemprop=\"worstRating\" content = \"0\" \/><meta itemprop=\"bestRating\" content=\"5\" \/><meta itemprop=\"ratingValue\" content=\"4.5\"><\/div>\n<p><strong>Celkov\u00e9 hodnocen\u00ed: 4,5\/5<\/strong><br \/>\n<strong>Datum recenze:<\/strong> <span itemprop=\"datePublished\" content=\"2016-11-05\">05\/11\/2016<\/span>\n<\/div>\n<p>P\u0159e\u010dt\u011bte si v\u00edce o <a href=\"https:\/\/moverdb.com\/cs\/stehovani-spolecnosti\/\">mezin\u00e1rodn\u00ed st\u011bhov\u00e1n\u00ed<\/a>, <a href=\"https:\/\/moverdb.com\/cs\/us-canada-movers\/\">Vnitrost\u00e1tn\u00ed st\u011bhov\u00e1n\u00ed v USA<\/a> a na\u0161e <a href=\"https:\/\/moverdb.com\/cs\/recenze\/\">proces p\u0159ezkoum\u00e1n\u00ed<\/a>.<\/p>\n<p><strong>Webov\u00e9 str\u00e1nky:<\/strong> <a href=\"http:\/\/www.beltmann.com\/\" target=\"_blank\" rel=\"noopener\">http:\/\/www.beltmann.com\/<\/a><\/p>","protected":false},"excerpt":{"rendered":"<p>The Beltmann Relocation Group offers its customers a variety of moving services internationally and locally. These services are listed below together with a company profile and reviews. International Moves International corporate moves Individual moves United Nations Assistance and guidance with customs and immigration Assistance with pet relocation Door-to-door Move manager allocated Full service available Insurance [&hellip;]<\/p>\n","protected":false},"author":1,"featured_media":0,"parent":0,"menu_order":0,"comment_status":"closed","ping_status":"closed","template":"","meta":{"_genesis_hide_title":false,"_genesis_hide_breadcrumbs":false,"_genesis_hide_singular_image":false,"_genesis_hide_footer_widgets":false,"_genesis_custom_body_class":"","_genesis_custom_post_class":"","_genesis_layout":"","footnotes":""},"class_list":{"0":"post-1036","1":"page","2":"type-page","3":"status-publish","5":"entry"},"_links":{"self":[{"href":"https:\/\/moverdb.com\/cs\/wp-json\/wp\/v2\/pages\/1036","targetHints":{"allow":["GET"]}}],"collection":[{"href":"https:\/\/moverdb.com\/cs\/wp-json\/wp\/v2\/pages"}],"about":[{"href":"https:\/\/moverdb.com\/cs\/wp-json\/wp\/v2\/types\/page"}],"author":[{"embeddable":true,"href":"https:\/\/moverdb.com\/cs\/wp-json\/wp\/v2\/users\/1"}],"replies":[{"embeddable":true,"href":"https:\/\/moverdb.com\/cs\/wp-json\/wp\/v2\/comments?post=1036"}],"version-history":[{"count":6,"href":"https:\/\/moverdb.com\/cs\/wp-json\/wp\/v2\/pages\/1036\/revisions"}],"predecessor-version":[{"id":6182,"href":"https:\/\/moverdb.com\/cs\/wp-json\/wp\/v2\/pages\/1036\/revisions\/6182"}],"wp:attachment":[{"href":"https:\/\/moverdb.com\/cs\/wp-json\/wp\/v2\/media?parent=1036"}],"curies":[{"name":"wp","href":"https:\/\/api.w.org\/{rel}","templated":true}]}}