{"id":10263,"date":"2023-06-22T15:31:17","date_gmt":"2023-06-22T15:31:17","guid":{"rendered":"https:\/\/moverdb.com\/?page_id=10263"},"modified":"2026-01-08T15:24:56","modified_gmt":"2026-01-08T15:24:56","slug":"moving-companies-zimbabwe","status":"publish","type":"page","link":"https:\/\/moverdb.com\/cs\/moving-companies\/moving-companies-zimbabwe\/","title":{"rendered":"4 Nejlep\u0161\u00ed mezin\u00e1rodn\u00ed st\u011bhovac\u00ed spole\u010dnosti v Zimbabwe"},"content":{"rendered":"<p>P\u0159i pl\u00e1nov\u00e1n\u00ed st\u011bhov\u00e1n\u00ed, zejm\u00e9na mezi zem\u011bmi, m\u016f\u017ee b\u00fdt spousta pr\u00e1ce ohromuj\u00edc\u00ed. Zam\u011bstn\u00e1n\u00ed <a href=\"https:\/\/moverdb.com\/cs\/moving-companies\/\" data-internallinksmanager029f6b8e52c=\"79\" title=\"Top 25 Mezin\u00e1rodn\u00ed st\u011bhovac\u00ed spole\u010dnosti Online\">st\u011bhovac\u00ed spole\u010dnost<\/a> v\u00e1m m\u016f\u017ee tuto z\u00e1t\u011b\u017e uleh\u010dit a usnadnit st\u011bhov\u00e1n\u00ed. N\u00ed\u017ee jsme pro v\u00e1s p\u0159ipravili seznam firem, kter\u00e9 se nach\u00e1zej\u00ed v Zimbabwe. <a href=\"https:\/\/moverdb.com\/cs\/international-removals\/\" data-internallinksmanager029f6b8e52c=\"27\" title=\"36 nejlep\u0161\u00edch mezin\u00e1rodn\u00edch st\u011bhovac\u00edch spole\u010dnost\u00ed ve Velk\u00e9 Brit\u00e1nii\">st\u011bhovac\u00ed firmy<\/a> kter\u00e9 jsou \u010dleny <a href=\"https:\/\/moverdb.com\/cs\/iam\/\" data-internallinksmanager029f6b8e52c=\"23\" title=\"Vysv\u011btlen\u00ed Mezin\u00e1rodn\u00ed asociace st\u011bhov\u00e1k\u016f (IAM)\">Mezin\u00e1rodn\u00ed asociace st\u011bhov\u00e1k\u016f<\/a> (IAM) a\/nebo <a href=\"https:\/\/moverdb.com\/cs\/fidi-faim\/\" data-internallinksmanager029f6b8e52c=\"16\" title=\"Vysv\u011btlen\u00ed FIDI a FAIM (FIDI Accredited International Mover)\">FIDI<\/a> Akreditovan\u00e9 mezin\u00e1rodn\u00ed st\u011bhov\u00e1n\u00ed (FAIM), kter\u00e9 by v\u00e1m mohlo pomoci se st\u011bhov\u00e1n\u00edm.<\/p>\n<h2><strong>1. Biddulphs International<\/strong><img loading=\"lazy\" decoding=\"async\" class=\"alignnone size-full wp-image-10090\" style=\"font-size: 16px;\" src=\"https:\/\/moverdb.com\/wp-content\/uploads\/Biddulphs-International-Zimbabwe-moving-company.png\" alt=\"Biddulphs Mezin\u00e1rodn\u00ed Zimbabwe st\u011bhov\u00e1n\u00ed spole\u010dnost\" width=\"1440\" height=\"670\" data-wp-pid=\"10090\" srcset=\"https:\/\/moverdb.com\/wp-content\/uploads\/Biddulphs-International-Zimbabwe-moving-company.png 1440w, https:\/\/moverdb.com\/wp-content\/uploads\/Biddulphs-International-Zimbabwe-moving-company-300x140.png 300w, https:\/\/moverdb.com\/wp-content\/uploads\/Biddulphs-International-Zimbabwe-moving-company-1024x476.png 1024w, https:\/\/moverdb.com\/wp-content\/uploads\/Biddulphs-International-Zimbabwe-moving-company-18x8.png 18w, https:\/\/moverdb.com\/wp-content\/uploads\/Biddulphs-International-Zimbabwe-moving-company-600x279.png 600w\" sizes=\"auto, (max-width: 1440px) 100vw, 1440px\" \/><\/h2>\n<ul>\n<li>M\u00edstn\u00ed p\u0159esuny<\/li>\n<li>Mezin\u00e1rodn\u00ed p\u0159esuny<\/li>\n<li>St\u011bhov\u00e1n\u00ed dom\u00e1cnost\u00ed<\/li>\n<li>P\u0159em\u00edst\u011bn\u00ed podnik\u016f<\/li>\n<li>Balic\u00ed slu\u017eba<\/li>\n<li>Pozemn\u00ed, leteck\u00e1 a n\u00e1mo\u0159n\u00ed doprava<\/li>\n<li>Mo\u017enosti kontejner\u016f<\/li>\n<li>Celn\u00ed odbaven\u00ed<\/li>\n<li>Poji\u0161t\u011bn\u00ed tranzitu<\/li>\n<li>Skladovac\u00ed prostory<\/li>\n<\/ul>\n<p>Biddulphs International je mezin\u00e1rodn\u00ed st\u011bhovac\u00ed spole\u010dnost zalo\u017een\u00e1 v roce 1928 se s\u00eddlem v Harare. M\u00e1 celosv\u011btovou s\u00ed\u0165 st\u011bhovac\u00edch partner\u016f, kte\u0159\u00ed dodr\u017euj\u00ed mezin\u00e1rodn\u00ed standardy kvality a pom\u00e1haj\u00ed jim s mezin\u00e1rodn\u00edm st\u011bhov\u00e1n\u00edm. Je \u010dlenem IAM s 87 lety zku\u0161enost\u00ed.<\/p>\n<p>St\u011bhovac\u00ed poradci spole\u010dnosti Biddulphs International v\u00e1m porad\u00ed, kter\u00e9 mo\u017enosti st\u011bhov\u00e1n\u00ed jsou pro v\u00e1s nejekonomi\u010dt\u011bj\u0161\u00ed. Poskytuj\u00ed profesion\u00e1ln\u00ed balic\u00ed slu\u017eby, kter\u00e9 ochr\u00e1n\u00ed va\u0161e v\u011bci p\u0159i p\u0159eprav\u011b. Zajist\u00ed p\u0159epravu, dohl\u00e9dnou na celn\u00ed odbaven\u00ed a poskytnou tranzitn\u00ed poji\u0161t\u011bn\u00ed. Nab\u00edzej\u00ed mo\u017enost nakl\u00e1dky cel\u00e9ho kontejneru, nakl\u00e1dky \u010d\u00e1sti kontejneru a sb\u011brn\u00e9 p\u0159epravy.<\/p>\n<p>Webov\u00e9 str\u00e1nky: <a href=\"https:\/\/www.biddulphs.co.zw\/\" target=\"_blank\" rel=\"noopener\">https:\/\/www.biddulphs.co.zw\/<\/a><\/p>\n<h2><span class=\"ez-toc-section\" id=\"2_Chavilon_International_Movers_Logistics\"><\/span><strong>2. Chavilon International Movers &amp; Logistics<\/strong><span class=\"ez-toc-section-end\"><\/span><\/h2>\n<p><img loading=\"lazy\" decoding=\"async\" class=\"alignnone size-full wp-image-10093\" src=\"https:\/\/moverdb.com\/wp-content\/uploads\/Chavilon-International-moving-company.png\" alt=\"Chavilon Mezin\u00e1rodn\u00ed st\u011bhov\u00e1n\u00ed spole\u010dnost\" width=\"1440\" height=\"679\" data-wp-pid=\"10093\" srcset=\"https:\/\/moverdb.com\/wp-content\/uploads\/Chavilon-International-moving-company.png 1440w, https:\/\/moverdb.com\/wp-content\/uploads\/Chavilon-International-moving-company-300x141.png 300w, https:\/\/moverdb.com\/wp-content\/uploads\/Chavilon-International-moving-company-1024x483.png 1024w, https:\/\/moverdb.com\/wp-content\/uploads\/Chavilon-International-moving-company-18x8.png 18w, https:\/\/moverdb.com\/wp-content\/uploads\/Chavilon-International-moving-company-600x283.png 600w\" sizes=\"auto, (max-width: 1440px) 100vw, 1440px\" \/><\/p>\n<ul>\n<li>St\u011bhov\u00e1n\u00ed na n\u00e1rodn\u00ed \u00farovni<\/li>\n<li>Mezin\u00e1rodn\u00ed p\u0159esuny<\/li>\n<li>St\u011bhov\u00e1n\u00ed dom\u00e1cnost\u00ed<\/li>\n<li>St\u011bhov\u00e1n\u00ed firem a kancel\u00e1\u0159\u00ed<\/li>\n<li>Balic\u00ed slu\u017eba<\/li>\n<li>Silni\u010dn\u00ed, \u017eelezni\u010dn\u00ed, leteck\u00e1 a n\u00e1mo\u0159n\u00ed n\u00e1kladn\u00ed doprava<\/li>\n<li>Celn\u00ed odbaven\u00ed<\/li>\n<li>St\u011bhov\u00e1n\u00ed v\u00fdtvarn\u00e9ho um\u011bn\u00ed a staro\u017eitnost\u00ed<\/li>\n<li>P\u0159em\u00edst\u011bn\u00ed automobilu<\/li>\n<li>Skladovac\u00ed prostory<\/li>\n<\/ul>\n<p>Chavilon International Movers &amp; Logistics je st\u011bhovac\u00ed a logistick\u00e1 spole\u010dnost se s\u00eddlem v Harare, kter\u00e1 m\u00e1 mate\u0159sk\u00e9 a sestersk\u00e9 spole\u010dnosti v. <a href=\"https:\/\/moverdb.com\/cs\/moving-companies\/moving-companies-mozambique\/\" data-internallinksmanager029f6b8e52c=\"286\" title=\"4 Nejlep\u0161\u00ed mezin\u00e1rodn\u00ed st\u011bhovac\u00ed spole\u010dnosti v Mosambiku\">Mosambik<\/a>, Angola, <a href=\"https:\/\/moverdb.com\/cs\/moving-companies\/botswana-moving-companies\/\" data-internallinksmanager029f6b8e52c=\"167\" title=\"Nejlep\u0161\u00ed mezin\u00e1rodn\u00ed st\u011bhovac\u00ed spole\u010dnosti v Botswan\u011b\">Botswana<\/a>, <a href=\"https:\/\/moverdb.com\/cs\/moving-companies\/moving-companies-malawi\/\" data-internallinksmanager029f6b8e52c=\"295\" title=\"Nejlep\u0161\u00ed mezin\u00e1rodn\u00ed st\u011bhovac\u00ed spole\u010dnosti v Malawi\">Malawi<\/a> a Zambie. Maj\u00ed tak\u00e9 p\u0159\u00edstup k mezin\u00e1rodn\u00ed s\u00edti st\u011bhovac\u00edch spole\u010dnost\u00ed, kter\u00e9 poskytuj\u00ed slu\u017eby po cel\u00e9m sv\u011bt\u011b. Jsou \u010dlenem IAM se sedmiletou zku\u0161enost\u00ed.<\/p>\n<p>Chavilon International Movers &amp; Logistics nab\u00edz\u00ed individu\u00e1ln\u00ed slu\u017eby st\u011bhov\u00e1n\u00ed od dve\u0159\u00ed ke dve\u0159\u00edm v r\u00e1mci Zimbabwe, do Zimbabwe a ze Zimbabwe. Nab\u00edz\u00ed tak\u00e9 dopravu od dve\u0159\u00ed ke dve\u0159\u00edm.<a href=\"https:\/\/moverdb.com\/cs\/top-49-container-ports\/\" data-internallinksmanager029f6b8e52c=\"80\" title=\"49 nejv\u011bt\u0161\u00edch a nejru\u0161n\u011bj\u0161\u00edch kontejnerov\u00fdch p\u0159\u00edstav\u016f v roce 2025\">p\u0159\u00edstav<\/a> a slu\u017eby \"z p\u0159\u00edstavu do p\u0159\u00edstavu\", kter\u00e9 v\u00e1m umo\u017e\u0148uj\u00ed prov\u00e9st v\u011bt\u0161\u00ed \u010d\u00e1st st\u011bhov\u00e1n\u00ed, jako je balen\u00ed a vybalov\u00e1n\u00ed, vlastn\u00edmi silami. Jejich balic\u00ed slu\u017eby pou\u017e\u00edvaj\u00ed mezin\u00e1rodn\u011b uzn\u00e1van\u00e9 materi\u00e1ly, kter\u00e9 chr\u00e1n\u00ed va\u0161e v\u011bci p\u0159i p\u0159eprav\u011b.<\/p>\n<p>Webov\u00e9 str\u00e1nky: <a href=\"http:\/\/www.chavilonmovers.com\/\" target=\"_blank\" rel=\"noopener\">http:\/\/www.chavilonmovers.com\/<\/a><\/p>\n<h2><span class=\"ez-toc-section\" id=\"3_Glens_Removal_Storage\"><\/span><strong>3. Glens Removal &amp; Storage<\/strong><span class=\"ez-toc-section-end\"><\/span><\/h2>\n<p><img loading=\"lazy\" decoding=\"async\" class=\"alignnone size-full wp-image-10128\" src=\"https:\/\/moverdb.com\/wp-content\/uploads\/Glens-Removals-Storage-international-moving-company.png\" alt=\"Glens Removals &amp; Storage mezin\u00e1rodn\u00ed st\u011bhov\u00e1n\u00ed spole\u010dnost\" width=\"1440\" height=\"680\" data-wp-pid=\"10128\" srcset=\"https:\/\/moverdb.com\/wp-content\/uploads\/Glens-Removals-Storage-international-moving-company.png 1440w, https:\/\/moverdb.com\/wp-content\/uploads\/Glens-Removals-Storage-international-moving-company-300x142.png 300w, https:\/\/moverdb.com\/wp-content\/uploads\/Glens-Removals-Storage-international-moving-company-1024x484.png 1024w, https:\/\/moverdb.com\/wp-content\/uploads\/Glens-Removals-Storage-international-moving-company-18x9.png 18w, https:\/\/moverdb.com\/wp-content\/uploads\/Glens-Removals-Storage-international-moving-company-600x283.png 600w\" sizes=\"auto, (max-width: 1440px) 100vw, 1440px\" \/><\/p>\n<ul>\n<li>M\u00edstn\u00ed a vnitrost\u00e1tn\u00ed p\u0159esuny<\/li>\n<li>Mezin\u00e1rodn\u00ed p\u0159esuny<\/li>\n<li>St\u011bhov\u00e1n\u00ed dom\u00e1cnost\u00ed<\/li>\n<li>St\u011bhov\u00e1n\u00ed kancel\u00e1\u0159\u00ed<\/li>\n<li>St\u011bhov\u00e1n\u00ed od dve\u0159\u00ed ke dve\u0159\u00edm<\/li>\n<li>Balic\u00ed slu\u017eba<\/li>\n<li>Z\u00e1silka<\/li>\n<li>Celn\u00ed odbaven\u00ed<\/li>\n<li>Poji\u0161t\u011bn\u00ed<\/li>\n<li>Kr\u00e1tkodob\u00e9 a dlouhodob\u00e9 skladov\u00e1n\u00ed<\/li>\n<\/ul>\n<p>Glens Removal &amp; Storage je st\u011bhovac\u00ed spole\u010dnost, kter\u00e1 p\u016fsob\u00ed ji\u017e od roku 1952 a m\u00e1 kancel\u00e1\u0159e a sklady po cel\u00e9m Zimbabwe a pobo\u010dky v... <a href=\"https:\/\/moverdb.com\/cs\/moving-to-south-africa\/\" data-internallinksmanager029f6b8e52c=\"347\" title=\"St\u011bhov\u00e1n\u00ed do Jihoafrick\u00e9 republiky? 2026 N\u00e1klady na bydlen\u00ed a tipy na st\u011bhov\u00e1n\u00ed\">Jihoafrick\u00e1 republika<\/a>, Zambie, Malawi a Mosambiku. Spolupracuj\u00ed s mezin\u00e1rodn\u00edmi zprost\u0159edkovateli a p\u0159epravn\u00edmi spole\u010dnostmi, kter\u00e9 poskytuj\u00ed slu\u017eby po cel\u00e9m sv\u011bt\u011b. Jsou \u010dlenem IAM se 71 lety zku\u0161enost\u00ed a jsou akreditov\u00e1ni FIDI.<\/p>\n<p>Spole\u010dnost Glens Removal &amp; Storage nab\u00edz\u00ed slu\u017eby od dve\u0159\u00ed ke dve\u0159\u00edm, kter\u00e9 spl\u0148uj\u00ed mezin\u00e1rodn\u00ed standardy st\u011bhov\u00e1n\u00ed. Poskytuj\u00ed profesion\u00e1ln\u00ed balic\u00ed slu\u017eby v\u010detn\u011b p\u0159epravn\u00edch beden, kter\u00e9 bezpe\u010dn\u011b doprav\u00ed va\u0161e v\u011bci na m\u00edsto ur\u010den\u00ed. Zajist\u00ed p\u0159epravu v\u011bc\u00ed a nab\u00edzej\u00ed v\u00fdb\u011br z n\u00e1sleduj\u00edc\u00edch mo\u017enost\u00ed <a href=\"https:\/\/moverdb.com\/cs\/shipping-container-sizes-and-dimensions\/\" data-internallinksmanager029f6b8e52c=\"247\" title=\"Kone\u010dn\u00fd pr\u016fvodce velikostmi a rozm\u011bry p\u0159epravn\u00edch kontejner\u016f\">velikosti kontejner\u016f<\/a> a konsolida\u010dn\u00ed slu\u017eby pro va\u0161e st\u011bhov\u00e1n\u00ed.<\/p>\n<p>Webov\u00e9 str\u00e1nky: <a href=\"http:\/\/www.glensremovals.com\" target=\"_blank\" rel=\"noopener\">http:\/\/www.glensremovals.com<\/a><\/p>\n<h2><span class=\"ez-toc-section\" id=\"4_Stuttafords\"><\/span><strong>4. Stuttafords<\/strong><span class=\"ez-toc-section-end\"><\/span><\/h2>\n<p><img loading=\"lazy\" decoding=\"async\" class=\"alignnone size-full wp-image-10188\" src=\"https:\/\/moverdb.com\/wp-content\/uploads\/Stuttafords-Zimbabwe-international-moving-company.png\" alt=\"Stuttafords Zimbabwe mezin\u00e1rodn\u00ed st\u011bhov\u00e1n\u00ed spole\u010dnost\" width=\"1440\" height=\"681\" data-wp-pid=\"10188\" srcset=\"https:\/\/moverdb.com\/wp-content\/uploads\/Stuttafords-Zimbabwe-international-moving-company.png 1440w, https:\/\/moverdb.com\/wp-content\/uploads\/Stuttafords-Zimbabwe-international-moving-company-300x142.png 300w, https:\/\/moverdb.com\/wp-content\/uploads\/Stuttafords-Zimbabwe-international-moving-company-1024x484.png 1024w, https:\/\/moverdb.com\/wp-content\/uploads\/Stuttafords-Zimbabwe-international-moving-company-18x9.png 18w, https:\/\/moverdb.com\/wp-content\/uploads\/Stuttafords-Zimbabwe-international-moving-company-600x284.png 600w\" sizes=\"auto, (max-width: 1440px) 100vw, 1440px\" \/><\/p>\n<ul>\n<li>M\u00edstn\u00ed a vnitrost\u00e1tn\u00ed st\u011bhov\u00e1n\u00ed<\/li>\n<li>Mezin\u00e1rodn\u00ed st\u011bhov\u00e1n\u00ed<\/li>\n<li>St\u011bhov\u00e1n\u00ed do obytn\u00fdch prostor<\/li>\n<li>St\u011bhov\u00e1n\u00ed firem<\/li>\n<li>St\u011bhov\u00e1n\u00ed od dve\u0159\u00ed ke dve\u0159\u00edm<\/li>\n<li>Balic\u00ed slu\u017eba<\/li>\n<li>Silni\u010dn\u00ed, leteck\u00e1 a n\u00e1mo\u0159n\u00ed n\u00e1kladn\u00ed doprava<\/li>\n<li>V\u00fdb\u011br velikosti kontejner\u016f<\/li>\n<li>Celn\u00ed odbaven\u00ed<\/li>\n<li>Skladovac\u00ed prostory<\/li>\n<\/ul>\n<p>Stuttafords je logistick\u00e1 a n\u00e1kladn\u00ed spole\u010dnost, kter\u00e1 m\u00e1 pobo\u010dky v Zimbabwe, Malawi a Zambii. Jej\u00ed pobo\u010dky v Zimbabwe se nach\u00e1zej\u00ed v Harare a Bulawayo. Je \u010dlenem IAM s 66 lety zku\u0161enost\u00ed a je akreditov\u00e1na u FIDI, co\u017e znamen\u00e1, \u017ee poskytuje sv\u00e9 slu\u017eby podle mezin\u00e1rodn\u00edch standard\u016f a m\u00e1 k dispozici s\u00ed\u0165 st\u011bhovac\u00edch spole\u010dnost\u00ed, kter\u00e9 nab\u00edzej\u00ed stejn\u00e9 standardy.<\/p>\n<p>Spole\u010dnost Stuttafords nab\u00edz\u00ed st\u011bhovac\u00ed slu\u017eby od dve\u0159\u00ed ke dve\u0159\u00edm pro dom\u00e1cnosti a firmy v r\u00e1mci Zimbabwe, do Zimbabwe a ze Zimbabwe. Poskytuje profesion\u00e1ln\u00ed balic\u00ed slu\u017eby, kter\u00e9 zajist\u00ed, aby se va\u0161e zbo\u017e\u00ed p\u0159i p\u0159eprav\u011b nepo\u0161kodilo. Zajist\u00ed p\u0159epravu s celn\u00edm odbaven\u00edm.<\/p>\n<p>Webov\u00e9 str\u00e1nky: <a href=\"http:\/\/www.stuttafordszim.com\" target=\"_blank\" rel=\"noopener\">http:\/\/www.stuttafordszim.com<\/a><\/p>","protected":false},"excerpt":{"rendered":"<p>When you are planning a move, especially between countries it can be overwhelming with so much to do. Employing a moving company can ease this burden and make your move smoother. Below we have compiled a list of Zimbabwe based removal companies that are members of the International Association of Movers (IAM) and\/or FIDI Accredited [&hellip;]<\/p>\n","protected":false},"author":4,"featured_media":10090,"parent":190,"menu_order":0,"comment_status":"closed","ping_status":"closed","template":"","meta":{"_genesis_hide_title":false,"_genesis_hide_breadcrumbs":false,"_genesis_hide_singular_image":false,"_genesis_hide_footer_widgets":false,"_genesis_custom_body_class":"","_genesis_custom_post_class":"","_genesis_layout":"","footnotes":""},"class_list":{"0":"post-10263","1":"page","2":"type-page","3":"status-publish","4":"has-post-thumbnail","6":"entry"},"_links":{"self":[{"href":"https:\/\/moverdb.com\/cs\/wp-json\/wp\/v2\/pages\/10263","targetHints":{"allow":["GET"]}}],"collection":[{"href":"https:\/\/moverdb.com\/cs\/wp-json\/wp\/v2\/pages"}],"about":[{"href":"https:\/\/moverdb.com\/cs\/wp-json\/wp\/v2\/types\/page"}],"author":[{"embeddable":true,"href":"https:\/\/moverdb.com\/cs\/wp-json\/wp\/v2\/users\/4"}],"replies":[{"embeddable":true,"href":"https:\/\/moverdb.com\/cs\/wp-json\/wp\/v2\/comments?post=10263"}],"version-history":[{"count":2,"href":"https:\/\/moverdb.com\/cs\/wp-json\/wp\/v2\/pages\/10263\/revisions"}],"predecessor-version":[{"id":10265,"href":"https:\/\/moverdb.com\/cs\/wp-json\/wp\/v2\/pages\/10263\/revisions\/10265"}],"up":[{"embeddable":true,"href":"https:\/\/moverdb.com\/cs\/wp-json\/wp\/v2\/pages\/190"}],"wp:featuredmedia":[{"embeddable":true,"href":"https:\/\/moverdb.com\/cs\/wp-json\/wp\/v2\/media\/10090"}],"wp:attachment":[{"href":"https:\/\/moverdb.com\/cs\/wp-json\/wp\/v2\/media?parent=10263"}],"curies":[{"name":"wp","href":"https:\/\/api.w.org\/{rel}","templated":true}]}}