{"id":10257,"date":"2023-06-22T15:34:17","date_gmt":"2023-06-22T15:34:17","guid":{"rendered":"https:\/\/moverdb.com\/?page_id=10257"},"modified":"2026-01-08T15:29:05","modified_gmt":"2026-01-08T15:29:05","slug":"moving-companies-vietnam","status":"publish","type":"page","link":"https:\/\/moverdb.com\/cs\/moving-companies\/moving-companies-vietnam\/","title":{"rendered":"5 Nejlep\u0161\u00ed mezin\u00e1rodn\u00ed st\u011bhovac\u00ed spole\u010dnosti ve Vietnamu"},"content":{"rendered":"<p>P\u0159em\u00fd\u0161l\u00edte o st\u011bhov\u00e1n\u00ed do, z nebo v r\u00e1mci zem\u011b? <a href=\"https:\/\/moverdb.com\/cs\/moving-to-vietnam\/\" data-internallinksmanager029f6b8e52c=\"390\" title=\"St\u011bhov\u00e1n\u00ed do Vietnamu? 2023 \u017divotn\u00ed n\u00e1klady a tipy na st\u011bhov\u00e1n\u00ed\">Vietnam<\/a>? Z\u00edsk\u00e1n\u00ed <a href=\"https:\/\/moverdb.com\/cs\/moving-companies\/\" data-internallinksmanager029f6b8e52c=\"79\" title=\"Top 25 Mezin\u00e1rodn\u00ed st\u011bhovac\u00ed spole\u010dnosti Online\">st\u011bhovac\u00ed spole\u010dnost<\/a> kter\u00fd v\u00e1m pom\u016f\u017ee usnadnit proces, proto\u017ee m\u016f\u017ee zabalit va\u0161e v\u011bci, zajistit p\u0159epravu a vy\u0159\u00eddit celn\u00ed \u0159\u00edzen\u00ed. N\u00ed\u017ee jsme sestavili seznam firem se s\u00eddlem ve Vietnamu. <a href=\"https:\/\/moverdb.com\/cs\/international-removals\/\" data-internallinksmanager029f6b8e52c=\"27\" title=\"36 nejlep\u0161\u00edch mezin\u00e1rodn\u00edch st\u011bhovac\u00edch spole\u010dnost\u00ed ve Velk\u00e9 Brit\u00e1nii\">st\u011bhovac\u00ed firmy<\/a> kter\u00e9 jsou \u010dleny <a href=\"https:\/\/moverdb.com\/cs\/iam\/\" data-internallinksmanager029f6b8e52c=\"23\" title=\"Vysv\u011btlen\u00ed Mezin\u00e1rodn\u00ed asociace st\u011bhov\u00e1k\u016f (IAM)\">Mezin\u00e1rodn\u00ed asociace st\u011bhov\u00e1k\u016f<\/a> (IAM) a\/nebo <a href=\"https:\/\/moverdb.com\/cs\/fidi-faim\/\" data-internallinksmanager029f6b8e52c=\"16\" title=\"Vysv\u011btlen\u00ed FIDI a FAIM (FIDI Accredited International Mover)\">FIDI<\/a> Akreditovan\u00e9 mezin\u00e1rodn\u00ed st\u011bhov\u00e1n\u00ed (FAIM), kter\u00e9 by v\u00e1m mohlo pomoci se st\u011bhov\u00e1n\u00edm.<\/p>\n<div id=\"ez-toc-container\" class=\"ez-toc-v2_0_82_2 ez-toc-wrap-left counter-hierarchy ez-toc-counter ez-toc-transparent ez-toc-container-direction\">\n<div class=\"ez-toc-title-container\">\n<p class=\"ez-toc-title\" style=\"cursor:inherit\">Sekce<\/p>\n<span class=\"ez-toc-title-toggle\"><a href=\"#\" class=\"ez-toc-pull-right ez-toc-btn ez-toc-btn-xs ez-toc-btn-default ez-toc-toggle\" aria-label=\"P\u0159epnut\u00ed tabulky obsahu\"><span class=\"ez-toc-js-icon-con\"><span class=\"\"><span class=\"eztoc-hide\" style=\"display:none;\">P\u0159ep\u00edna\u010d<\/span><span class=\"ez-toc-icon-toggle-span\"><svg style=\"fill: #999;color:#999\" xmlns=\"http:\/\/www.w3.org\/2000\/svg\" class=\"list-377408\" width=\"20px\" height=\"20px\" viewbox=\"0 0 24 24\" fill=\"none\"><path d=\"M6 6H4v2h2V6zm14 0H8v2h12V6zM4 11h2v2H4v-2zm16 0H8v2h12v-2zM4 16h2v2H4v-2zm16 0H8v2h12v-2z\" fill=\"currentColor\"><\/path><\/svg><svg style=\"fill: #999;color:#999\" class=\"arrow-unsorted-368013\" xmlns=\"http:\/\/www.w3.org\/2000\/svg\" width=\"10px\" height=\"10px\" viewbox=\"0 0 24 24\" version=\"1.2\" baseprofile=\"tiny\"><path d=\"M18.2 9.3l-6.2-6.3-6.2 6.3c-.2.2-.3.4-.3.7s.1.5.3.7c.2.2.4.3.7.3h11c.3 0 .5-.1.7-.3.2-.2.3-.5.3-.7s-.1-.5-.3-.7zM5.8 14.7l6.2 6.3 6.2-6.3c.2-.2.3-.5.3-.7s-.1-.5-.3-.7c-.2-.2-.4-.3-.7-.3h-11c-.3 0-.5.1-.7.3-.2.2-.3.5-.3.7s.1.5.3.7z\"\/><\/svg><\/span><\/span><\/span><\/a><\/span><\/div>\n<nav><ul class='ez-toc-list ez-toc-list-level-1 eztoc-toggle-hide-by-default' ><li class='ez-toc-page-1 ez-toc-heading-level-2'><a class=\"ez-toc-link ez-toc-heading-1\" href=\"https:\/\/moverdb.com\/cs\/moving-companies\/moving-companies-vietnam\/#1_EVo_Moves\" >1. EVo Moves<\/a><\/li><li class='ez-toc-page-1 ez-toc-heading-level-2'><a class=\"ez-toc-link ez-toc-heading-2\" href=\"https:\/\/moverdb.com\/cs\/moving-companies\/moving-companies-vietnam\/#2_Prime_Relocations_Asia\" >2. Prime Relocations Asia<\/a><\/li><li class='ez-toc-page-1 ez-toc-heading-level-2'><a class=\"ez-toc-link ez-toc-heading-3\" href=\"https:\/\/moverdb.com\/cs\/moving-companies\/moving-companies-vietnam\/#3_Logical_Moves\" >3. Logick\u00e9 pohyby<\/a><\/li><li class='ez-toc-page-1 ez-toc-heading-level-2'><a class=\"ez-toc-link ez-toc-heading-4\" href=\"https:\/\/moverdb.com\/cs\/moving-companies\/moving-companies-vietnam\/#4_Santa_Fe_Relocation\" >4. P\u0159em\u00edst\u011bn\u00ed Santa Fe<\/a><\/li><li class='ez-toc-page-1 ez-toc-heading-level-2'><a class=\"ez-toc-link ez-toc-heading-5\" href=\"https:\/\/moverdb.com\/cs\/moving-companies\/moving-companies-vietnam\/#5_Saigon_Van\" >5. Saigon Van<\/a><\/li><li class='ez-toc-page-1 ez-toc-heading-level-2'><a class=\"ez-toc-link ez-toc-heading-6\" href=\"https:\/\/moverdb.com\/cs\/moving-companies\/moving-companies-vietnam\/#Other_Useful_Guides_to_Vietnam\" >Dal\u0161\u00ed u\u017eite\u010dn\u00ed pr\u016fvodci po Vietnamu<\/a><\/li><\/ul><\/nav><\/div>\n<h2><span class=\"ez-toc-section\" id=\"1_EVo_Moves\"><\/span><strong>1. EVo Moves<\/strong><span class=\"ez-toc-section-end\"><\/span><\/h2>\n<p><img loading=\"lazy\" decoding=\"async\" class=\"alignnone size-full wp-image-10115\" src=\"https:\/\/moverdb.com\/wp-content\/uploads\/EVo-Moves-international-moving-company.png\" alt=\"EVo Moves mezin\u00e1rodn\u00ed st\u011bhov\u00e1n\u00ed spole\u010dnost\" width=\"1440\" height=\"683\" data-wp-pid=\"10115\" srcset=\"https:\/\/moverdb.com\/wp-content\/uploads\/EVo-Moves-international-moving-company.png 1440w, https:\/\/moverdb.com\/wp-content\/uploads\/EVo-Moves-international-moving-company-300x142.png 300w, https:\/\/moverdb.com\/wp-content\/uploads\/EVo-Moves-international-moving-company-1024x486.png 1024w, https:\/\/moverdb.com\/wp-content\/uploads\/EVo-Moves-international-moving-company-18x9.png 18w, https:\/\/moverdb.com\/wp-content\/uploads\/EVo-Moves-international-moving-company-600x285.png 600w\" sizes=\"auto, (max-width: 1440px) 100vw, 1440px\" \/><\/p>\n<ul>\n<li>St\u011bhov\u00e1n\u00ed na n\u00e1rodn\u00ed \u00farovni<\/li>\n<li>Mezin\u00e1rodn\u00ed p\u0159esuny<\/li>\n<li>St\u011bhov\u00e1n\u00ed dom\u00e1cnost\u00ed<\/li>\n<li>St\u011bhov\u00e1n\u00ed kancel\u00e1\u0159\u00ed<\/li>\n<li>Slu\u017eba od dve\u0159\u00ed ke dve\u0159\u00edm<\/li>\n<li>Exportn\u00ed balen\u00ed<\/li>\n<li>Celn\u00ed odbaven\u00ed<\/li>\n<li>P\u0159eprava dom\u00e1c\u00edch zv\u00ed\u0159at<\/li>\n<li>Poji\u0161t\u011bn\u00ed<\/li>\n<li>Kr\u00e1tkodob\u00e9 a dlouhodob\u00e9 skladov\u00e1n\u00ed<\/li>\n<\/ul>\n<p>EVo Moves je mezin\u00e1rodn\u00ed st\u011bhovac\u00ed spole\u010dnost se s\u00eddlem v Ho \u010ci Minov\u011b M\u011bst\u011b. Je \u010dlenem IAM se \u010dty\u0159letou zku\u0161enost\u00ed, co\u017e znamen\u00e1, \u017ee m\u00e1 p\u0159\u00edstup k mezin\u00e1rodn\u00ed s\u00edti st\u011bhovac\u00edch spole\u010dnost\u00ed, kter\u00e9 jim mohou pomoci.<\/p>\n<p>Spole\u010dnost EVo Moves nab\u00edz\u00ed z\u00e1jemc\u016fm ve Vietnamu bezplatn\u00fd p\u0159edst\u011bhovac\u00ed pr\u016fzkum, aby posoudila jejich pot\u0159eby a poskytla cenovou nab\u00eddku od dve\u0159\u00ed ke dve\u0159\u00edm. Poskytuj\u00ed balic\u00ed slu\u017eby, kter\u00e9 spl\u0148uj\u00ed mezin\u00e1rodn\u00ed standardy a kvalitu, aby ochr\u00e1nily va\u0161e v\u011bci p\u0159i p\u0159eprav\u011b. Zajist\u00ed mezin\u00e1rodn\u00ed p\u0159epravu po mo\u0159i nebo letecky, v\u010detn\u011b n\u00e1mo\u0159n\u00edho poji\u0161t\u011bn\u00ed proti v\u0161em rizik\u016fm a celn\u00edho odbaven\u00ed. Dal\u0161\u00ed slu\u017eby zahrnuj\u00ed p\u0159epravu dom\u00e1c\u00edch zv\u00ed\u0159at, deratizaci a skladov\u00e1n\u00ed.<\/p>\n<p>Webov\u00e9 str\u00e1nky: <a href=\"http:\/\/www.evomoves.com\" target=\"_blank\" rel=\"noopener\">http:\/\/www.evomoves.com<\/a><\/p>\n<h2><span class=\"ez-toc-section\" id=\"2_Prime_Relocations_Asia\"><\/span><strong>2. Prime Relocations Asia<\/strong><span class=\"ez-toc-section-end\"><\/span><\/h2>\n<p><img loading=\"lazy\" decoding=\"async\" class=\"alignnone size-full wp-image-10170\" src=\"https:\/\/moverdb.com\/wp-content\/uploads\/Prime-Relocations-Asia-international-moving-company.png\" alt=\"Prime Relocations Asie mezin\u00e1rodn\u00ed st\u011bhov\u00e1n\u00ed spole\u010dnost\" width=\"1440\" height=\"680\" data-wp-pid=\"10170\" srcset=\"https:\/\/moverdb.com\/wp-content\/uploads\/Prime-Relocations-Asia-international-moving-company.png 1440w, https:\/\/moverdb.com\/wp-content\/uploads\/Prime-Relocations-Asia-international-moving-company-300x142.png 300w, https:\/\/moverdb.com\/wp-content\/uploads\/Prime-Relocations-Asia-international-moving-company-1024x484.png 1024w, https:\/\/moverdb.com\/wp-content\/uploads\/Prime-Relocations-Asia-international-moving-company-18x9.png 18w, https:\/\/moverdb.com\/wp-content\/uploads\/Prime-Relocations-Asia-international-moving-company-600x283.png 600w\" sizes=\"auto, (max-width: 1440px) 100vw, 1440px\" \/><\/p>\n<ul>\n<li>M\u00edstn\u00ed a vnitrost\u00e1tn\u00ed st\u011bhov\u00e1n\u00ed<\/li>\n<li>Mezin\u00e1rodn\u00ed st\u011bhov\u00e1n\u00ed<\/li>\n<li>St\u011bhov\u00e1n\u00ed dom\u00e1cnost\u00ed<\/li>\n<li>St\u011bhov\u00e1n\u00ed firem<\/li>\n<li>Slu\u017eba od dve\u0159\u00ed ke dve\u0159\u00edm<\/li>\n<li>Kompletn\u00ed st\u011bhovac\u00ed bal\u00ed\u010dek<\/li>\n<li>P\u0159em\u00edst\u011bn\u00ed zv\u00ed\u0159at a vozidel<\/li>\n<li>\u0158emeslnick\u00e9 slu\u017eby<\/li>\n<li>Poji\u0161t\u011bn\u00ed<\/li>\n<li>Kr\u00e1tkodob\u00e9 a dlouhodob\u00e9 skladovac\u00ed prostory<\/li>\n<\/ul>\n<p>Prime Relocations Asia je mezin\u00e1rodn\u00ed st\u011bhovac\u00ed spole\u010dnost s pobo\u010dkami ve Vietnamu v Hanoji a Ho \u010ci Minov\u011b M\u011bst\u011b a tak\u00e9 s pobo\u010dkami v Laosu a na Slovensku. <a href=\"https:\/\/moverdb.com\/cs\/moving-to-cambodia\/\" data-internallinksmanager029f6b8e52c=\"340\" title=\"St\u011bhov\u00e1n\u00ed do Kambod\u017ee? 2026 N\u00e1klady na bydlen\u00ed a tipy na p\u0159est\u011bhov\u00e1n\u00ed\">Kambod\u017ea<\/a>. Maj\u00ed s\u00ed\u0165 preferovan\u00fdch partner\u016f a pobo\u010dek, kter\u00e9 zaji\u0161\u0165uj\u00ed st\u011bhov\u00e1n\u00ed do zahrani\u010d\u00ed a spr\u00e1vu celn\u00edch p\u0159edpis\u016f. Jsou \u010dlenem IAM s 15 lety zku\u0161enost\u00ed.<\/p>\n<p>Spole\u010dnost Prime Relocations Asia nab\u00edz\u00ed st\u011bhov\u00e1n\u00ed, kter\u00e9 m\u016f\u017ee zahrnovat st\u011bhov\u00e1n\u00ed va\u0161eho domu nebo firmy, dom\u00e1c\u00edch mazl\u00ed\u010dk\u016f a vozidel s komplexn\u00edm poji\u0161t\u011bn\u00edm p\u0159epravy, na jednom kontaktn\u00edm m\u00edst\u011b. Poskytuj\u00ed dal\u0161\u00ed slu\u017eby, kter\u00e9 zahrnuj\u00ed slu\u017eby \u00fadr\u017eb\u00e1\u0159e, komorn\u00edka, pokojskou, vyhled\u00e1n\u00ed ubytov\u00e1n\u00ed, orientaci, podporu p\u0159i odjezdu a p\u0159\u00edjezdu.<\/p>\n<p>Webov\u00e9 str\u00e1nky: <a href=\"http:\/\/www.primerelo.asia\" target=\"_blank\" rel=\"noopener\">http:\/\/www.primerelo.asia<\/a><\/p>\n<h2><span class=\"ez-toc-section\" id=\"3_Logical_Moves\"><\/span><strong>3. Logick\u00e9 pohyby<\/strong><span class=\"ez-toc-section-end\"><\/span><\/h2>\n<p><img loading=\"lazy\" decoding=\"async\" class=\"alignnone size-full wp-image-10149\" src=\"https:\/\/moverdb.com\/wp-content\/uploads\/Logical-Moves-international-moving-company.png\" alt=\"Logick\u00e9 pohyby mezin\u00e1rodn\u00ed st\u011bhov\u00e1n\u00ed spole\u010dnost\" width=\"1440\" height=\"670\" data-wp-pid=\"10149\" srcset=\"https:\/\/moverdb.com\/wp-content\/uploads\/Logical-Moves-international-moving-company.png 1440w, https:\/\/moverdb.com\/wp-content\/uploads\/Logical-Moves-international-moving-company-300x140.png 300w, https:\/\/moverdb.com\/wp-content\/uploads\/Logical-Moves-international-moving-company-1024x476.png 1024w, https:\/\/moverdb.com\/wp-content\/uploads\/Logical-Moves-international-moving-company-18x8.png 18w, https:\/\/moverdb.com\/wp-content\/uploads\/Logical-Moves-international-moving-company-600x279.png 600w\" sizes=\"auto, (max-width: 1440px) 100vw, 1440px\" \/><\/p>\n<ul>\n<li>M\u00edstn\u00ed p\u0159esuny<\/li>\n<li>Mezin\u00e1rodn\u00ed p\u0159esuny<\/li>\n<li>St\u011bhov\u00e1n\u00ed dom\u00e1cnost\u00ed<\/li>\n<li>St\u011bhov\u00e1n\u00ed firem<\/li>\n<li>St\u011bhovac\u00ed slu\u017eby<\/li>\n<li>Balic\u00ed slu\u017eba<\/li>\n<li>Celn\u00ed odbaven\u00ed<\/li>\n<li>Odjezdov\u00e9 a ubytovac\u00ed slu\u017eby<\/li>\n<li>St\u011bhov\u00e1n\u00ed dom\u00e1c\u00edch mazl\u00ed\u010dk\u016f<\/li>\n<li>Zabezpe\u010den\u00e9 skladov\u00e1n\u00ed<\/li>\n<\/ul>\n<p>Logical Moves je nez\u00e1visl\u00e1 mezin\u00e1rodn\u00ed st\u011bhovac\u00ed spole\u010dnost zalo\u017een\u00e1 v roce 2005 se s\u00eddlem v Ho \u010ci Minov\u011b M\u011bst\u011b. Disponuje glob\u00e1ln\u00ed s\u00edt\u00ed a m\u00edstn\u00edmi zdroji, kter\u00e9 j\u00ed umo\u017e\u0148uj\u00ed poskytovat vysoce kvalitn\u00ed slu\u017eby v oblasti m\u00edstn\u00edho i mezin\u00e1rodn\u00edho st\u011bhov\u00e1n\u00ed. Je \u010dlenem IAM s 18 lety zku\u0161enost\u00ed.<\/p>\n<p>Spole\u010dnost Logical Moves nab\u00edz\u00ed konzultaci p\u0159ed st\u011bhov\u00e1n\u00edm a prohl\u00eddku domu, aby zjistila va\u0161e po\u017eadavky na st\u011bhov\u00e1n\u00ed. Nab\u00edz\u00ed balic\u00ed slu\u017eby, kter\u00e9 zajist\u00ed bezpe\u010dn\u00e9 doru\u010den\u00ed va\u0161ich v\u011bc\u00ed, zajist\u00ed ochranu z\u00e1silky a celn\u00ed odbaven\u00ed a po p\u0159\u00edjezdu na m\u00edsto je vybal\u00ed. Nab\u00edzej\u00ed dal\u0161\u00ed slu\u017eby v\u010detn\u011b v\u00edzov\u00e9 a imigra\u010dn\u00ed podpory, vyhled\u00e1v\u00e1n\u00ed bydli\u0161t\u011b a \u0161koly, podpory p\u0159i odjezdu, slu\u017eeb \u00fadr\u017eb\u00e1\u0159\u016f a slu\u017eeb p\u0159i zabydlov\u00e1n\u00ed.<\/p>\n<p>Webov\u00e9 str\u00e1nky: <a href=\"http:\/\/www.logicalmoves.net\" target=\"_blank\" rel=\"noopener\">http:\/\/www.logicalmoves.net<\/a><\/p>\n<h2><span class=\"ez-toc-section\" id=\"4_Santa_Fe_Relocation\"><\/span><strong>4. P\u0159em\u00edst\u011bn\u00ed Santa Fe<\/strong><span class=\"ez-toc-section-end\"><\/span><\/h2>\n<p><img loading=\"lazy\" decoding=\"async\" class=\"alignnone size-full wp-image-10181\" src=\"https:\/\/moverdb.com\/wp-content\/uploads\/Santa-Fe-Relocations-Vietnam-international-moving-company.png\" alt=\"Santa Fe P\u0159em\u00edst\u011bn\u00ed Vietnam mezin\u00e1rodn\u00ed st\u011bhov\u00e1n\u00ed spole\u010dnost\" width=\"1440\" height=\"681\" data-wp-pid=\"10181\" srcset=\"https:\/\/moverdb.com\/wp-content\/uploads\/Santa-Fe-Relocations-Vietnam-international-moving-company.png 1440w, https:\/\/moverdb.com\/wp-content\/uploads\/Santa-Fe-Relocations-Vietnam-international-moving-company-300x142.png 300w, https:\/\/moverdb.com\/wp-content\/uploads\/Santa-Fe-Relocations-Vietnam-international-moving-company-1024x484.png 1024w, https:\/\/moverdb.com\/wp-content\/uploads\/Santa-Fe-Relocations-Vietnam-international-moving-company-18x9.png 18w, https:\/\/moverdb.com\/wp-content\/uploads\/Santa-Fe-Relocations-Vietnam-international-moving-company-600x284.png 600w\" sizes=\"auto, (max-width: 1440px) 100vw, 1440px\" \/><\/p>\n<ul>\n<li>M\u00edstn\u00ed a vnitrost\u00e1tn\u00ed st\u011bhov\u00e1n\u00ed<\/li>\n<li>Mezin\u00e1rodn\u00ed st\u011bhov\u00e1n\u00ed<\/li>\n<li>St\u011bhov\u00e1n\u00ed dom\u00e1cnost\u00ed<\/li>\n<li>St\u011bhov\u00e1n\u00ed firem<\/li>\n<li>Slu\u017eba od dve\u0159\u00ed ke dve\u0159\u00edm<\/li>\n<li>Specializovan\u00e9 balen\u00ed<\/li>\n<li>Celn\u00ed odbaven\u00ed<\/li>\n<li>V\u00edza a p\u0159ist\u011bhovalectv\u00ed<\/li>\n<li>Destina\u010dn\u00ed slu\u017eby<\/li>\n<li>Zabezpe\u010den\u00e9 skladov\u00e1n\u00ed<\/li>\n<\/ul>\n<p>Santa Fe Relocation je mezin\u00e1rodn\u00ed st\u011bhovac\u00ed a reloka\u010dn\u00ed spole\u010dnost s v\u00edce ne\u017e 130 lety zku\u0161enost\u00ed, kter\u00e1 m\u00e1 64 pobo\u010dek ve 38 zem\u00edch v\u010detn\u011b Hanoje a Ho \u010ci Minova M\u011bsta ve Vietnamu. Je \u010dlenem IAM se 17 lety zku\u0161enost\u00ed a je akreditov\u00e1na FIDI.<\/p>\n<p>Santa Fe Relocation nab\u00edz\u00ed st\u011bhovac\u00ed slu\u017eby od dve\u0159\u00ed ke dve\u0159\u00edm s profesion\u00e1ln\u00edm t\u00fdmem, kter\u00fd v\u00e1s podpo\u0159\u00ed b\u011bhem cel\u00e9ho st\u011bhov\u00e1n\u00ed. Poskytuj\u00ed specializovan\u00e9 balic\u00ed slu\u017eby na ochranu va\u0161ich v\u011bc\u00ed b\u011bhem st\u011bhov\u00e1n\u00ed, ale nab\u00edzej\u00ed tak\u00e9 komplexn\u00ed pl\u00e1ny ochrany z\u00e1silek. Nab\u00edzej\u00ed dal\u0161\u00ed slu\u017eby, kter\u00e9 zahrnuj\u00ed v\u00edzov\u00e9 a imigra\u010dn\u00ed slu\u017eby, vyhled\u00e1v\u00e1n\u00ed bydli\u0161t\u011b a dal\u0161\u00ed slu\u017eby v c\u00edlov\u00e9 destinaci.<\/p>\n<p>Webov\u00e9 str\u00e1nky: <a href=\"https:\/\/www.santaferelo.com\/en\/contact\/our-offices\/vietnam-ho-chi-minh\/\" target=\"_blank\" rel=\"noopener\">https:\/\/www.santaferelo.com\/en\/contact\/our-offices\/vietnam-ho-chi-minh\/<\/a><\/p>\n<h2><span class=\"ez-toc-section\" id=\"5_Saigon_Van\"><\/span><strong>5. Saigon Van<\/strong><span class=\"ez-toc-section-end\"><\/span><\/h2>\n<p><img loading=\"lazy\" decoding=\"async\" class=\"alignnone size-full wp-image-10258\" src=\"https:\/\/moverdb.com\/wp-content\/uploads\/Saigon-Van-international-moving-company.png\" alt=\"Saigon Van mezin\u00e1rodn\u00ed st\u011bhov\u00e1n\u00ed spole\u010dnost\" width=\"1440\" height=\"700\" data-wp-pid=\"10258\" srcset=\"https:\/\/moverdb.com\/wp-content\/uploads\/Saigon-Van-international-moving-company.png 1440w, https:\/\/moverdb.com\/wp-content\/uploads\/Saigon-Van-international-moving-company-300x146.png 300w, https:\/\/moverdb.com\/wp-content\/uploads\/Saigon-Van-international-moving-company-1024x498.png 1024w, https:\/\/moverdb.com\/wp-content\/uploads\/Saigon-Van-international-moving-company-18x9.png 18w, https:\/\/moverdb.com\/wp-content\/uploads\/Saigon-Van-international-moving-company-600x292.png 600w\" sizes=\"auto, (max-width: 1440px) 100vw, 1440px\" \/><\/p>\n<ul>\n<li>M\u00edstn\u00ed a vnitrost\u00e1tn\u00ed p\u0159esuny<\/li>\n<li>Mezin\u00e1rodn\u00ed p\u0159esuny<\/li>\n<li>St\u011bhov\u00e1n\u00ed dom\u00e1cnost\u00ed<\/li>\n<li>St\u011bhov\u00e1n\u00ed kancel\u00e1\u0159\u00ed<\/li>\n<li>Balic\u00ed slu\u017eba<\/li>\n<li>Celn\u00ed odbaven\u00ed<\/li>\n<li>P\u0159em\u00edst\u011bn\u00ed dom\u00e1c\u00edch zv\u00ed\u0159at<\/li>\n<li>\u0158emeslnick\u00e9 slu\u017eby<\/li>\n<li>Poji\u0161t\u011bn\u00ed<\/li>\n<li>\u00dalo\u017ei\u0161t\u011b<\/li>\n<\/ul>\n<p>Saigon Van je mezin\u00e1rodn\u00ed st\u011bhovac\u00ed spole\u010dnost zalo\u017een\u00e1 v roce 1990 se s\u00eddlem v Ho \u010ci Minov\u011b M\u011bst\u011b a pobo\u010dkou v Ha Noi. Spolupracuje s mezin\u00e1rodn\u00edmi kolegy, kte\u0159\u00ed jim pom\u00e1haj\u00ed poskytovat slu\u017eby mimo Vietnam. Jsou \u010dlenem IAM s 33 lety zku\u0161enost\u00ed a jsou akreditov\u00e1ni FIDI.<\/p>\n<p>Spole\u010dnost Saigon Van nab\u00edz\u00ed m\u00edstn\u00ed, vnitrost\u00e1tn\u00ed a mezin\u00e1rodn\u00ed st\u011bhov\u00e1n\u00ed a st\u011bhovac\u00ed slu\u017eby, kter\u00e9 za\u010d\u00ednaj\u00ed p\u0159edst\u011bhovac\u00ed prohl\u00eddkou. Poskytuj\u00ed zku\u0161en\u00fd balic\u00ed t\u00fdm, kter\u00fd zabal\u00ed a ochr\u00e1n\u00ed va\u0161e v\u011bci. Zajist\u00ed p\u0159epravu s celn\u00edm odbaven\u00edm a poji\u0161t\u011bn\u00edm. Jejich st\u011bhovac\u00ed slu\u017eby zahrnuj\u00ed v\u00edza, z\u00e1pisy do \u0161kol, \u00fadr\u017eb\u00e1\u0159sk\u00e9 slu\u017eby, \u00faklidov\u00e9 slu\u017eby a skladov\u00e1n\u00ed.<\/p>\n<p>Webov\u00e9 str\u00e1nky: <a href=\"http:\/\/www.saigonvan.com\/\" target=\"_blank\" rel=\"noopener\">http:\/\/www.saigonvan.com\/<\/a><\/p>\n<h2><span class=\"ez-toc-section\" id=\"Other_Useful_Guides_to_Vietnam\"><\/span>Dal\u0161\u00ed u\u017eite\u010dn\u00ed pr\u016fvodci po Vietnamu<span class=\"ez-toc-section-end\"><\/span><\/h2>\n<ul>\n<li> <a href=\"https:\/\/moverdb.com\/cs\/kontejnerova-preprava\/vietnam\/\">2024 Sazby n\u00e1mo\u0159n\u00ed kontejnerov\u00e9 dopravy do a z Vietnamu<\/a><\/li>\n<li> <a href=\"https:\/\/moverdb.com\/cs\/moving-to-vietnam\/\">St\u011bhov\u00e1n\u00ed do Vietnamu? 2023 \u017divotn\u00ed n\u00e1klady a tipy na st\u011bhov\u00e1n\u00ed<\/a><\/li>\n<li> <a href=\"https:\/\/moverdb.com\/cs\/moving-to-vietnam\/best-places-to-live-vietnam\/\">12 nejlep\u0161\u00edch m\u00edst k \u017eivotu ve Vietnamu<\/a><\/li>\n<\/ul>","protected":false},"excerpt":{"rendered":"<p>Are you thinking of moving to, from or within Vietnam? Getting a moving company to assist you can help ease the process as they can pack your effects, arrange transportation and manage customs procedures. Below we have compiled a list of Vietnam based removal companies that are members of the International Association of Movers (IAM) [&hellip;]<\/p>\n","protected":false},"author":4,"featured_media":10115,"parent":190,"menu_order":0,"comment_status":"closed","ping_status":"closed","template":"","meta":{"_genesis_hide_title":false,"_genesis_hide_breadcrumbs":false,"_genesis_hide_singular_image":false,"_genesis_hide_footer_widgets":false,"_genesis_custom_body_class":"","_genesis_custom_post_class":"","_genesis_layout":"","footnotes":""},"class_list":{"0":"post-10257","1":"page","2":"type-page","3":"status-publish","4":"has-post-thumbnail","6":"entry"},"_links":{"self":[{"href":"https:\/\/moverdb.com\/cs\/wp-json\/wp\/v2\/pages\/10257","targetHints":{"allow":["GET"]}}],"collection":[{"href":"https:\/\/moverdb.com\/cs\/wp-json\/wp\/v2\/pages"}],"about":[{"href":"https:\/\/moverdb.com\/cs\/wp-json\/wp\/v2\/types\/page"}],"author":[{"embeddable":true,"href":"https:\/\/moverdb.com\/cs\/wp-json\/wp\/v2\/users\/4"}],"replies":[{"embeddable":true,"href":"https:\/\/moverdb.com\/cs\/wp-json\/wp\/v2\/comments?post=10257"}],"version-history":[{"count":3,"href":"https:\/\/moverdb.com\/cs\/wp-json\/wp\/v2\/pages\/10257\/revisions"}],"predecessor-version":[{"id":16500,"href":"https:\/\/moverdb.com\/cs\/wp-json\/wp\/v2\/pages\/10257\/revisions\/16500"}],"up":[{"embeddable":true,"href":"https:\/\/moverdb.com\/cs\/wp-json\/wp\/v2\/pages\/190"}],"wp:featuredmedia":[{"embeddable":true,"href":"https:\/\/moverdb.com\/cs\/wp-json\/wp\/v2\/media\/10115"}],"wp:attachment":[{"href":"https:\/\/moverdb.com\/cs\/wp-json\/wp\/v2\/media?parent=10257"}],"curies":[{"name":"wp","href":"https:\/\/api.w.org\/{rel}","templated":true}]}}