{"id":10255,"date":"2023-11-22T15:17:48","date_gmt":"2023-11-22T15:17:48","guid":{"rendered":"https:\/\/moverdb.com\/?page_id=10255"},"modified":"2026-01-08T15:29:27","modified_gmt":"2026-01-08T15:29:27","slug":"moving-companies-venezuela","status":"publish","type":"page","link":"https:\/\/moverdb.com\/cs\/moving-companies\/moving-companies-venezuela\/","title":{"rendered":"6 Nejlep\u0161\u00ed mezin\u00e1rodn\u00ed st\u011bhovac\u00ed spole\u010dnosti ve Venezuele"},"content":{"rendered":"<p>St\u011bhov\u00e1n\u00ed m\u016f\u017ee b\u00fdt slo\u017eit\u00e9, zejm\u00e9na pokud se st\u011bhujete do zahrani\u010d\u00ed. Pokud tedy pl\u00e1nujete st\u011bhov\u00e1n\u00ed v r\u00e1mci Venezuely, do Venezuely nebo z Venezuely, mo\u017en\u00e1 budete cht\u00edt vyu\u017e\u00edt slu\u017eeb advok\u00e1tn\u00ed kancel\u00e1\u0159e. <a href=\"https:\/\/moverdb.com\/cs\/moving-companies\/\" data-internallinksmanager029f6b8e52c=\"79\" title=\"Top 25 Mezin\u00e1rodn\u00ed st\u011bhovac\u00ed spole\u010dnosti Online\">st\u011bhovac\u00ed spole\u010dnost<\/a> aby v\u00e1m pomohl se st\u011bhov\u00e1n\u00edm. N\u00ed\u017ee jsme pro v\u00e1s p\u0159ipravili seznam firem z Venezuely. <a href=\"https:\/\/moverdb.com\/cs\/international-removals\/\" data-internallinksmanager029f6b8e52c=\"27\" title=\"36 nejlep\u0161\u00edch mezin\u00e1rodn\u00edch st\u011bhovac\u00edch spole\u010dnost\u00ed ve Velk\u00e9 Brit\u00e1nii\">st\u011bhovac\u00ed firmy<\/a> kter\u00e9 jsou \u010dleny <a href=\"https:\/\/moverdb.com\/cs\/iam\/\" data-internallinksmanager029f6b8e52c=\"23\" title=\"Vysv\u011btlen\u00ed Mezin\u00e1rodn\u00ed asociace st\u011bhov\u00e1k\u016f (IAM)\">Mezin\u00e1rodn\u00ed asociace st\u011bhov\u00e1k\u016f<\/a> (IAM) a\/nebo <a href=\"https:\/\/moverdb.com\/cs\/fidi-faim\/\" data-internallinksmanager029f6b8e52c=\"16\" title=\"Vysv\u011btlen\u00ed FIDI a FAIM (FIDI Accredited International Mover)\">FIDI<\/a> Akreditovan\u00e9 mezin\u00e1rodn\u00ed st\u011bhov\u00e1n\u00ed (FAIM), kter\u00e9 by v\u00e1m mohlo pomoci se st\u011bhov\u00e1n\u00edm.<\/p>\n<div id=\"ez-toc-container\" class=\"ez-toc-v2_0_82_2 ez-toc-wrap-left counter-hierarchy ez-toc-counter ez-toc-transparent ez-toc-container-direction\">\n<div class=\"ez-toc-title-container\">\n<p class=\"ez-toc-title\" style=\"cursor:inherit\">Sekce<\/p>\n<span class=\"ez-toc-title-toggle\"><a href=\"#\" class=\"ez-toc-pull-right ez-toc-btn ez-toc-btn-xs ez-toc-btn-default ez-toc-toggle\" aria-label=\"P\u0159epnut\u00ed tabulky obsahu\"><span class=\"ez-toc-js-icon-con\"><span class=\"\"><span class=\"eztoc-hide\" style=\"display:none;\">P\u0159ep\u00edna\u010d<\/span><span class=\"ez-toc-icon-toggle-span\"><svg style=\"fill: #999;color:#999\" xmlns=\"http:\/\/www.w3.org\/2000\/svg\" class=\"list-377408\" width=\"20px\" height=\"20px\" viewbox=\"0 0 24 24\" fill=\"none\"><path d=\"M6 6H4v2h2V6zm14 0H8v2h12V6zM4 11h2v2H4v-2zm16 0H8v2h12v-2zM4 16h2v2H4v-2zm16 0H8v2h12v-2z\" fill=\"currentColor\"><\/path><\/svg><svg style=\"fill: #999;color:#999\" class=\"arrow-unsorted-368013\" xmlns=\"http:\/\/www.w3.org\/2000\/svg\" width=\"10px\" height=\"10px\" viewbox=\"0 0 24 24\" version=\"1.2\" baseprofile=\"tiny\"><path d=\"M18.2 9.3l-6.2-6.3-6.2 6.3c-.2.2-.3.4-.3.7s.1.5.3.7c.2.2.4.3.7.3h11c.3 0 .5-.1.7-.3.2-.2.3-.5.3-.7s-.1-.5-.3-.7zM5.8 14.7l6.2 6.3 6.2-6.3c.2-.2.3-.5.3-.7s-.1-.5-.3-.7c-.2-.2-.4-.3-.7-.3h-11c-.3 0-.5.1-.7.3-.2.2-.3.5-.3.7s.1.5.3.7z\"\/><\/svg><\/span><\/span><\/span><\/a><\/span><\/div>\n<nav><ul class='ez-toc-list ez-toc-list-level-1 eztoc-toggle-hide-by-default' ><li class='ez-toc-page-1 ez-toc-heading-level-2'><a class=\"ez-toc-link ez-toc-heading-1\" href=\"https:\/\/moverdb.com\/cs\/moving-companies\/moving-companies-venezuela\/#1_AMP_Movers_International\" >1. AMP Movers International<\/a><\/li><li class='ez-toc-page-1 ez-toc-heading-level-2'><a class=\"ez-toc-link ez-toc-heading-2\" href=\"https:\/\/moverdb.com\/cs\/moving-companies\/moving-companies-venezuela\/#2_Clover_International\" >2. Clover International<\/a><\/li><li class='ez-toc-page-1 ez-toc-heading-level-2'><a class=\"ez-toc-link ez-toc-heading-3\" href=\"https:\/\/moverdb.com\/cs\/moving-companies\/moving-companies-venezuela\/#3_Equixpress\" >3. Equixpress<\/a><\/li><li class='ez-toc-page-1 ez-toc-heading-level-2'><a class=\"ez-toc-link ez-toc-heading-4\" href=\"https:\/\/moverdb.com\/cs\/moving-companies\/moving-companies-venezuela\/#4_JJ_Mari_International_Movers\" >4. JJ Mari International Movers<\/a><\/li><li class='ez-toc-page-1 ez-toc-heading-level-2'><a class=\"ez-toc-link ez-toc-heading-5\" href=\"https:\/\/moverdb.com\/cs\/moving-companies\/moving-companies-venezuela\/#5_Moving_Life\" >5. Pohybliv\u00fd \u017eivot<\/a><\/li><li class='ez-toc-page-1 ez-toc-heading-level-2'><a class=\"ez-toc-link ez-toc-heading-6\" href=\"https:\/\/moverdb.com\/cs\/moving-companies\/moving-companies-venezuela\/#6_Mudanzas_Internacionales_Global\" >6. Mudanzas Internacionales Global<\/a><\/li><\/ul><\/nav><\/div>\n<h2><span class=\"ez-toc-section\" id=\"1_AMP_Movers_International\"><\/span><strong>1. AMP Movers International<\/strong><span class=\"ez-toc-section-end\"><\/span><\/h2>\n<p><img loading=\"lazy\" decoding=\"async\" class=\"alignnone size-full wp-image-10077\" src=\"https:\/\/moverdb.com\/wp-content\/uploads\/AMP-Movers-International-moving-company.png\" alt=\"AMP Movers mezin\u00e1rodn\u00ed st\u011bhov\u00e1n\u00ed spole\u010dnost\" width=\"1440\" height=\"680\" data-wp-pid=\"10077\" srcset=\"https:\/\/moverdb.com\/wp-content\/uploads\/AMP-Movers-International-moving-company.png 1440w, https:\/\/moverdb.com\/wp-content\/uploads\/AMP-Movers-International-moving-company-300x142.png 300w, https:\/\/moverdb.com\/wp-content\/uploads\/AMP-Movers-International-moving-company-1024x484.png 1024w, https:\/\/moverdb.com\/wp-content\/uploads\/AMP-Movers-International-moving-company-18x9.png 18w, https:\/\/moverdb.com\/wp-content\/uploads\/AMP-Movers-International-moving-company-600x283.png 600w\" sizes=\"auto, (max-width: 1440px) 100vw, 1440px\" \/><\/p>\n<ul>\n<li>St\u011bhov\u00e1n\u00ed na n\u00e1rodn\u00ed \u00farovni<\/li>\n<li>Mezin\u00e1rodn\u00ed p\u0159esuny<\/li>\n<li>St\u011bhov\u00e1n\u00ed dom\u00e1cnost\u00ed<\/li>\n<li>Balic\u00ed slu\u017eba<\/li>\n<li>Zaji\u0161t\u011bn\u00ed dopravy<\/li>\n<li>Celn\u00ed \u0159\u00edzen\u00ed<\/li>\n<li>Manipulace s um\u011bleck\u00fdmi d\u00edly<\/li>\n<li>P\u0159eprava vozidel<\/li>\n<li>Poji\u0161t\u011bn\u00ed<\/li>\n<li>Skladovac\u00ed prostory<\/li>\n<\/ul>\n<p>AMP Movers International je n\u00e1rodn\u00ed a mezin\u00e1rodn\u00ed st\u011bhovac\u00ed spole\u010dnost, kter\u00e1 m\u00e1 v\u00edce ne\u017e 10 let zku\u0161enost\u00ed a s\u00eddl\u00ed v Caracasu. M\u00e1 s\u00ed\u0165 st\u011bhovac\u00edch agent\u016f po cel\u00e9m sv\u011bt\u011b, kte\u0159\u00ed ji podporuj\u00ed p\u0159i poskytov\u00e1n\u00ed jejich slu\u017eeb v mezin\u00e1rodn\u00edm m\u011b\u0159\u00edtku. Je \u010dlenem IAM.<\/p>\n<p>Spole\u010dnost AMP Movers International nab\u00edz\u00ed individu\u00e1ln\u00ed podporu p\u0159i st\u011bhov\u00e1n\u00ed, kter\u00e1 za\u010d\u00edn\u00e1 p\u0159edst\u011bhovac\u00ed prohl\u00eddkou a cenovou nab\u00eddkou. Poskytuj\u00ed profesion\u00e1ln\u00ed balic\u00ed slu\u017eby, p\u0159i nich\u017e pou\u017e\u00edvaj\u00ed speci\u00e1ln\u00ed obalov\u00e9 materi\u00e1ly ur\u010den\u00e9 pro obsah v\u010detn\u011b dodate\u010dn\u00e9 ochrany k\u0159ehk\u00fdch p\u0159edm\u011bt\u016f. Po p\u0159\u00edjezdu pomohou s vybalen\u00edm, um\u00edst\u011bn\u00edm n\u00e1bytku a st\u011bhov\u00e1n\u00edm. Nab\u00edzej\u00ed tak\u00e9 slu\u017eby pro manipulaci s um\u011bleck\u00fdmi d\u00edly a staro\u017eitnostmi, p\u0159evoz vozidel a skladov\u00e1n\u00ed.<\/p>\n<p>Webov\u00e9 str\u00e1nky: <a href=\"http:\/\/www.ampmovers.com\" target=\"_blank\" rel=\"noopener\">http:\/\/www.ampmovers.com<\/a><\/p>\n<h2><span class=\"ez-toc-section\" id=\"2_Clover_International\"><\/span><strong>2. Clover International<\/strong><span class=\"ez-toc-section-end\"><\/span><\/h2>\n<p><img loading=\"lazy\" decoding=\"async\" class=\"alignnone size-full wp-image-10094\" src=\"https:\/\/moverdb.com\/wp-content\/uploads\/Clover-International-moving-company.png\" alt=\"Clover International st\u011bhov\u00e1n\u00ed spole\u010dnost\" width=\"1440\" height=\"684\" data-wp-pid=\"10094\" srcset=\"https:\/\/moverdb.com\/wp-content\/uploads\/Clover-International-moving-company.png 1440w, https:\/\/moverdb.com\/wp-content\/uploads\/Clover-International-moving-company-300x143.png 300w, https:\/\/moverdb.com\/wp-content\/uploads\/Clover-International-moving-company-1024x486.png 1024w, https:\/\/moverdb.com\/wp-content\/uploads\/Clover-International-moving-company-18x9.png 18w, https:\/\/moverdb.com\/wp-content\/uploads\/Clover-International-moving-company-600x285.png 600w\" sizes=\"auto, (max-width: 1440px) 100vw, 1440px\" \/><\/p>\n<ul>\n<li>St\u011bhov\u00e1n\u00ed na n\u00e1rodn\u00ed \u00farovni<\/li>\n<li>Mezin\u00e1rodn\u00ed p\u0159esuny<\/li>\n<li>St\u011bhov\u00e1n\u00ed do obytn\u00fdch prostor<\/li>\n<li>St\u011bhov\u00e1n\u00ed firem a kancel\u00e1\u0159\u00ed<\/li>\n<li>Balic\u00ed slu\u017eba<\/li>\n<li>Celn\u00ed spr\u00e1va<\/li>\n<li>P\u0159eprava dom\u00e1c\u00edch zv\u00ed\u0159at a vozidel<\/li>\n<li>\u00daklidov\u00e9 slu\u017eby<\/li>\n<li>Poji\u0161t\u011bn\u00ed<\/li>\n<li>Skladovac\u00ed prostory<\/li>\n<\/ul>\n<p>Clover International je logistick\u00e1 a st\u011bhovac\u00ed spole\u010dnost se s\u00eddlem v Caracasu, kter\u00e1 m\u00e1 t\u00e9m\u011b\u0159 60 let zku\u0161enost\u00ed. Je \u010dlenem IAM s 59 lety zku\u0161enost\u00ed a je akreditov\u00e1na FIDI, co\u017e znamen\u00e1, \u017ee pracuje podle vysok\u00fdch standard\u016f a m\u00e1 k dispozici s\u00ed\u0165 st\u011bhovac\u00edch agent\u016f, kte\u0159\u00ed pracuj\u00ed na t\u00e9to \u00farovni.<\/p>\n<p>Spole\u010dnost Clover International nab\u00edz\u00ed specializovan\u00e9 st\u011bhovac\u00ed slu\u017eby pro dom\u00e1cnosti, firmy, dom\u00e1c\u00ed zv\u00ed\u0159ata a vozidla v r\u00e1mci Venezuely, do Venezuely a z Venezuely. Zajist\u00ed p\u0159epravu a celn\u00ed \u0159\u00edzen\u00ed va\u0161ich v\u011bc\u00ed do c\u00edlov\u00e9 destinace v\u010detn\u011b poji\u0161t\u011bn\u00ed. K ochran\u011b va\u0161ich v\u011bc\u00ed pou\u017e\u00edvaj\u00ed vysoce kvalitn\u00ed materi\u00e1ly a bezpe\u010dnostn\u00ed standardy.<\/p>\n<p>Webov\u00e9 str\u00e1nky: <a href=\"https:\/\/www.cloverve.com\/\" target=\"_blank\" rel=\"noopener\">https:\/\/www.cloverve.com\/<\/a><\/p>\n<h2><span class=\"ez-toc-section\" id=\"3_Equixpress\"><\/span><strong>3. Equixpress<\/strong><span class=\"ez-toc-section-end\"><\/span><\/h2>\n<p><img loading=\"lazy\" decoding=\"async\" class=\"alignnone size-full wp-image-10112\" src=\"https:\/\/moverdb.com\/wp-content\/uploads\/Equixpress-international-moving-company.png\" alt=\"Equixpress mezin\u00e1rodn\u00ed st\u011bhov\u00e1n\u00ed spole\u010dnost\" width=\"1440\" height=\"680\" data-wp-pid=\"10112\" srcset=\"https:\/\/moverdb.com\/wp-content\/uploads\/Equixpress-international-moving-company.png 1440w, https:\/\/moverdb.com\/wp-content\/uploads\/Equixpress-international-moving-company-300x142.png 300w, https:\/\/moverdb.com\/wp-content\/uploads\/Equixpress-international-moving-company-1024x484.png 1024w, https:\/\/moverdb.com\/wp-content\/uploads\/Equixpress-international-moving-company-18x9.png 18w, https:\/\/moverdb.com\/wp-content\/uploads\/Equixpress-international-moving-company-600x283.png 600w\" sizes=\"auto, (max-width: 1440px) 100vw, 1440px\" \/><\/p>\n<ul>\n<li>St\u011bhov\u00e1n\u00ed na n\u00e1rodn\u00ed \u00farovni<\/li>\n<li>Mezin\u00e1rodn\u00ed p\u0159esuny<\/li>\n<li>St\u011bhov\u00e1n\u00ed dom\u00e1cnost\u00ed<\/li>\n<li>Obchodn\u00ed logistika<\/li>\n<li>Balic\u00ed slu\u017eba<\/li>\n<li>Leteck\u00e1, n\u00e1mo\u0159n\u00ed a pozemn\u00ed doprava<\/li>\n<li>Celn\u00ed zprost\u0159edkov\u00e1n\u00ed<\/li>\n<li><a href=\"https:\/\/moverdb.com\/cs\/car-transport-shipping\/\" data-internallinksmanager029f6b8e52c=\"2\" title=\"2026 Mezin\u00e1rodn\u00ed p\u0159eprava automobil\u016f &amp; P\u0159eprava vozidel Citace\">P\u0159eprava vozidel<\/a><\/li>\n<li>Poji\u0161t\u011bn\u00ed v\u0161ech rizik<\/li>\n<li>Skladovac\u00ed prostory<\/li>\n<\/ul>\n<p>Equixpress je mezin\u00e1rodn\u00ed st\u011bhovac\u00ed spole\u010dnost zalo\u017een\u00e1 v roce 1963 se s\u00eddlem v Caracasu. Je \u010dlenem IAM s 60 lety zku\u0161enost\u00ed, co\u017e j\u00ed umo\u017e\u0148uje p\u0159\u00edstup k mezin\u00e1rodn\u00ed s\u00edti st\u011bhovac\u00edch agent\u016f, kte\u0159\u00ed poskytuj\u00ed slu\u017eby kdekoli na sv\u011bt\u011b.<\/p>\n<p>Spole\u010dnost Equixpress poskytuje individu\u00e1ln\u00ed st\u011bhovac\u00ed slu\u017eby, kter\u00e9 \u0159e\u0161\u00ed v\u0161echny aspekty procesu st\u011bhov\u00e1n\u00ed. Bezpe\u010dn\u011b zabal\u00ed va\u0161e v\u011bci a zajist\u00ed leteckou, n\u00e1mo\u0159n\u00ed nebo silni\u010dn\u00ed p\u0159epravu do m\u00edsta ur\u010den\u00ed, v\u010detn\u011b celn\u00edho zprost\u0159edkov\u00e1n\u00ed a poji\u0161t\u011bn\u00ed v\u0161ech rizik. Pou\u017e\u00edvaj\u00ed nejkvalitn\u011bj\u0161\u00ed balic\u00ed materi\u00e1ly a krabice a v\u011bnuj\u00ed zvl\u00e1\u0161tn\u00ed p\u00e9\u010di k\u0159ehk\u00fdm p\u0159edm\u011bt\u016fm, v\u010detn\u011b v\u00fdroby d\u0159ev\u011bn\u00fdch beden na m\u00edru.<\/p>\n<p>Webov\u00e9 str\u00e1nky: <a href=\"http:\/\/www.equixpress.com\" target=\"_blank\" rel=\"noopener\">http:\/\/www.equixpress.com<\/a><\/p>\n<h2><span class=\"ez-toc-section\" id=\"4_JJ_Mari_International_Movers\"><\/span><strong>4. JJ Mari International Movers<\/strong><span class=\"ez-toc-section-end\"><\/span><\/h2>\n<p><img loading=\"lazy\" decoding=\"async\" class=\"alignnone size-full wp-image-10142\" src=\"https:\/\/moverdb.com\/wp-content\/uploads\/JJ-Mari-International-Movers-moving-company.png\" alt=\"JJ Mari Mezin\u00e1rodn\u00ed Movers st\u011bhov\u00e1n\u00ed spole\u010dnost\" width=\"1440\" height=\"680\" data-wp-pid=\"10142\" srcset=\"https:\/\/moverdb.com\/wp-content\/uploads\/JJ-Mari-International-Movers-moving-company.png 1440w, https:\/\/moverdb.com\/wp-content\/uploads\/JJ-Mari-International-Movers-moving-company-300x142.png 300w, https:\/\/moverdb.com\/wp-content\/uploads\/JJ-Mari-International-Movers-moving-company-1024x484.png 1024w, https:\/\/moverdb.com\/wp-content\/uploads\/JJ-Mari-International-Movers-moving-company-18x9.png 18w, https:\/\/moverdb.com\/wp-content\/uploads\/JJ-Mari-International-Movers-moving-company-600x283.png 600w\" sizes=\"auto, (max-width: 1440px) 100vw, 1440px\" \/><\/p>\n<ul>\n<li>M\u00edstn\u00ed st\u011bhov\u00e1n\u00ed<\/li>\n<li>Mezin\u00e1rodn\u00ed p\u0159esuny<\/li>\n<li>St\u011bhov\u00e1n\u00ed dom\u00e1cnost\u00ed<\/li>\n<li>St\u011bhov\u00e1n\u00ed firem<\/li>\n<li>Balic\u00ed slu\u017eba<\/li>\n<li>Leteck\u00fd a n\u00e1mo\u0159n\u00ed n\u00e1klad<\/li>\n<li>Celn\u00ed zprost\u0159edkov\u00e1n\u00ed<\/li>\n<li>Manipulace s um\u011bleck\u00fdmi d\u00edly<\/li>\n<li>P\u0159evody vozidel<\/li>\n<li>Skladovac\u00ed prostory<\/li>\n<\/ul>\n<p>JJ Mari International Movers je mezin\u00e1rodn\u00ed logistick\u00e1 a dopravn\u00ed spole\u010dnost s v\u00edce ne\u017e 35 lety zku\u0161enost\u00ed se s\u00eddlem v Caracasu. Je \u010dlenem IAM s 23 lety zku\u0161enost\u00ed a je akreditov\u00e1na u FIDI, co\u017e j\u00ed umo\u017e\u0148uje p\u0159\u00edstup k mezin\u00e1rodn\u00edm s\u00edt\u00edm st\u011bhovac\u00edch agentur, kter\u00e9 pracuj\u00ed podle vysok\u00fdch standard\u016f.<\/p>\n<p>JJ Mari International Movers nab\u00edz\u00ed st\u011bhovac\u00ed slu\u017eby od dve\u0159\u00ed ke dve\u0159\u00edm pro dom\u00e1cnosti, firmy a diplomaty. Poskytuje vysoce kvalifikovan\u00fd person\u00e1l, kter\u00fd zabal\u00ed a vybal\u00ed va\u0161e v\u011bci a v\u011bnuje zv\u00fd\u0161enou p\u00e9\u010di k\u0159ehk\u00fdm p\u0159edm\u011bt\u016fm v\u010detn\u011b um\u011bleck\u00fdch p\u0159edm\u011bt\u016f a staro\u017eitnost\u00ed. Zajist\u00ed mezin\u00e1rodn\u00ed leteckou nebo n\u00e1mo\u0159n\u00ed p\u0159epravu s celn\u00edm zprost\u0159edkov\u00e1n\u00edm, kter\u00e1 m\u016f\u017ee zahrnovat i p\u0159evoz vozidel.<\/p>\n<p>Webov\u00e9 str\u00e1nky: <a href=\"http:\/\/www.jjmarimovers.net\" target=\"_blank\" rel=\"noopener\">http:\/\/www.jjmarimovers.net<\/a><\/p>\n<h2><span class=\"ez-toc-section\" id=\"5_Moving_Life\"><\/span><strong>5. Pohybliv\u00fd \u017eivot<\/strong><span class=\"ez-toc-section-end\"><\/span><\/h2>\n<p><img loading=\"lazy\" decoding=\"async\" class=\"alignnone size-full wp-image-10160\" src=\"https:\/\/moverdb.com\/wp-content\/uploads\/Moving-Life-international-moving-company.png\" alt=\"St\u011bhov\u00e1n\u00ed Life mezin\u00e1rodn\u00ed pohybuj\u00edc\u00ed se spole\u010dnost\" width=\"1440\" height=\"679\" data-wp-pid=\"10160\" srcset=\"https:\/\/moverdb.com\/wp-content\/uploads\/Moving-Life-international-moving-company.png 1440w, https:\/\/moverdb.com\/wp-content\/uploads\/Moving-Life-international-moving-company-300x141.png 300w, https:\/\/moverdb.com\/wp-content\/uploads\/Moving-Life-international-moving-company-1024x483.png 1024w, https:\/\/moverdb.com\/wp-content\/uploads\/Moving-Life-international-moving-company-18x8.png 18w, https:\/\/moverdb.com\/wp-content\/uploads\/Moving-Life-international-moving-company-600x283.png 600w\" sizes=\"auto, (max-width: 1440px) 100vw, 1440px\" \/><\/p>\n<ul>\n<li>M\u00edstn\u00ed a vnitrost\u00e1tn\u00ed p\u0159esuny<\/li>\n<li>Mezin\u00e1rodn\u00ed p\u0159esuny<\/li>\n<li>St\u011bhov\u00e1n\u00ed dom\u00e1cnost\u00ed<\/li>\n<li>St\u011bhov\u00e1n\u00ed kancel\u00e1\u0159\u00ed<\/li>\n<li>Slu\u017eba od dve\u0159\u00ed ke dve\u0159\u00edm<\/li>\n<li>Balic\u00ed slu\u017eba<\/li>\n<li>Leteck\u00e1 a n\u00e1mo\u0159n\u00ed doprava<\/li>\n<li>Celn\u00ed \u0159\u00edzen\u00ed<\/li>\n<li>Manipulace s um\u011bn\u00edm<\/li>\n<li>P\u0159evody vozidel<\/li>\n<\/ul>\n<p>Moving Life je mezin\u00e1rodn\u00ed st\u011bhovac\u00ed spole\u010dnost s v\u00edce ne\u017e 19 lety zku\u0161enost\u00ed se s\u00eddlem v Caracasu. Jej\u00ed slu\u017eby po cel\u00e9m sv\u011bt\u011b zaji\u0161\u0165uje s\u00ed\u0165 v\u00edce ne\u017e 2 000 \u010dlen\u016f pokr\u00fdvaj\u00edc\u00ed 170 zem\u00ed. Jsou \u010dlenem IAM s osmiletou zku\u0161enost\u00ed.<\/p>\n<p>Spole\u010dnost Moving Life nab\u00edz\u00ed st\u011bhovac\u00ed slu\u017eby od dve\u0159\u00ed ke dve\u0159\u00edm, kter\u00e9 za\u010d\u00ednaj\u00ed n\u00e1v\u0161t\u011bvou p\u0159ed st\u011bhov\u00e1n\u00edm, p\u0159i n\u00ed\u017e se zjist\u00ed va\u0161e pot\u0159eby. Zabal\u00ed va\u0161e v\u011bci pomoc\u00ed profesion\u00e1ln\u00edch technik uzn\u00e1van\u00fdch mezin\u00e1rodn\u00edmi standardy a vytvo\u0159\u00ed jejich soupis. Zabalen\u00e9 v\u011bci nalo\u017e\u00ed do d\u0159ev\u011bn\u00fdch dod\u00e1vek vyroben\u00fdch na m\u00edru pro leteckou p\u0159epravu nebo kovov\u00fdch kontejner\u016f pro n\u00e1mo\u0159n\u00ed p\u0159epravu a provede celn\u00ed \u0159\u00edzen\u00ed.<\/p>\n<p>Webov\u00e9 str\u00e1nky: <a href=\"http:\/\/www.movinglife.com.ve\" target=\"_blank\" rel=\"noopener\">http:\/\/www.movinglife.com.ve<\/a><\/p>\n<h2><span class=\"ez-toc-section\" id=\"6_Mudanzas_Internacionales_Global\"><\/span><strong>6. Mudanzas Internacionales Global<\/strong><span class=\"ez-toc-section-end\"><\/span><\/h2>\n<p><img loading=\"lazy\" decoding=\"async\" class=\"alignnone size-full wp-image-10162\" src=\"https:\/\/moverdb.com\/wp-content\/uploads\/Mudanzas-Internacionales-Global-moving-company.png\" alt=\"Mudanzas Internacionales Glob\u00e1ln\u00ed st\u011bhov\u00e1n\u00ed spole\u010dnost\" width=\"1440\" height=\"682\" data-wp-pid=\"10162\" srcset=\"https:\/\/moverdb.com\/wp-content\/uploads\/Mudanzas-Internacionales-Global-moving-company.png 1440w, https:\/\/moverdb.com\/wp-content\/uploads\/Mudanzas-Internacionales-Global-moving-company-300x142.png 300w, https:\/\/moverdb.com\/wp-content\/uploads\/Mudanzas-Internacionales-Global-moving-company-1024x485.png 1024w, https:\/\/moverdb.com\/wp-content\/uploads\/Mudanzas-Internacionales-Global-moving-company-18x9.png 18w, https:\/\/moverdb.com\/wp-content\/uploads\/Mudanzas-Internacionales-Global-moving-company-600x284.png 600w\" sizes=\"auto, (max-width: 1440px) 100vw, 1440px\" \/><\/p>\n<ul>\n<li>M\u00edstn\u00ed a vnitrost\u00e1tn\u00ed p\u0159esuny<\/li>\n<li>Mezin\u00e1rodn\u00ed p\u0159esuny<\/li>\n<li>St\u011bhov\u00e1n\u00ed do obytn\u00fdch prostor<\/li>\n<li>Pr\u016fzkum p\u0159ed st\u011bhov\u00e1n\u00edm<\/li>\n<li>Balic\u00ed slu\u017eba<\/li>\n<li>Dopravn\u00ed opat\u0159en\u00ed<\/li>\n<li>Celn\u00ed podpora<\/li>\n<li>Sledov\u00e1n\u00ed pohybu<\/li>\n<li>Spl\u0148uj\u00ed mezin\u00e1rodn\u00ed normy<\/li>\n<li>Do\u010dasn\u00e9 skladov\u00e1n\u00ed<\/li>\n<\/ul>\n<p>Mudanzas Internacionales Global je st\u011bhovac\u00ed spole\u010dnost zalo\u017een\u00e1 v roce 1988 se s\u00eddlem v Caracasu. Je \u010dlenem IAM s 35 lety zku\u0161enost\u00ed a je akreditov\u00e1na FIDI. Tato \u010dlenstv\u00ed jim umo\u017e\u0148uj\u00ed spolupracovat se s\u00edt\u00ed mezin\u00e1rodn\u00edch st\u011bhovac\u00edch spole\u010dnost\u00ed a podporovat je p\u0159i st\u011bhov\u00e1n\u00ed po cel\u00e9m sv\u011bt\u011b.<\/p>\n<p>Mudanzas Internacionales Global nab\u00edz\u00ed individu\u00e1ln\u00ed st\u011bhovac\u00ed slu\u017eby, kter\u00e9 jsou poskytov\u00e1ny podle mezin\u00e1rodn\u00edch standard\u016f. Nab\u00edz\u00ed p\u0159edb\u011b\u017en\u00fd pr\u016fzkum, kter\u00fd posoud\u00ed va\u0161e po\u017eadavky na st\u011bhov\u00e1n\u00ed a doporu\u010d\u00ed nejlep\u0161\u00ed mo\u017enosti st\u011bhov\u00e1n\u00ed. Jejich zku\u0161en\u00ed bali\u010di pou\u017eij\u00ed k ochran\u011b va\u0161ich v\u011bc\u00ed nejkvalitn\u011bj\u0161\u00ed obalov\u00e9 materi\u00e1ly, kter\u00e9 spl\u0148uj\u00ed mezin\u00e1rodn\u00ed p\u0159edpisy.<\/p>\n<p>Webov\u00e9 str\u00e1nky: <a href=\"http:\/\/www.miglobal.com\" target=\"_blank\" rel=\"noopener\">http:\/\/www.miglobal.com<\/a><\/p>","protected":false},"excerpt":{"rendered":"<p>Moving can be complex especially if you are moving country. So, if you are planning on moving within, to or from Venezuela, then you may want to engage a moving company to assist you with your move. Below we have compiled a list of Venezuela based removal companies that are members of the International Association [&hellip;]<\/p>\n","protected":false},"author":4,"featured_media":10077,"parent":190,"menu_order":0,"comment_status":"closed","ping_status":"closed","template":"","meta":{"_genesis_hide_title":false,"_genesis_hide_breadcrumbs":false,"_genesis_hide_singular_image":false,"_genesis_hide_footer_widgets":false,"_genesis_custom_body_class":"","_genesis_custom_post_class":"","_genesis_layout":"","footnotes":""},"class_list":{"0":"post-10255","1":"page","2":"type-page","3":"status-publish","4":"has-post-thumbnail","6":"entry"},"_links":{"self":[{"href":"https:\/\/moverdb.com\/cs\/wp-json\/wp\/v2\/pages\/10255","targetHints":{"allow":["GET"]}}],"collection":[{"href":"https:\/\/moverdb.com\/cs\/wp-json\/wp\/v2\/pages"}],"about":[{"href":"https:\/\/moverdb.com\/cs\/wp-json\/wp\/v2\/types\/page"}],"author":[{"embeddable":true,"href":"https:\/\/moverdb.com\/cs\/wp-json\/wp\/v2\/users\/4"}],"replies":[{"embeddable":true,"href":"https:\/\/moverdb.com\/cs\/wp-json\/wp\/v2\/comments?post=10255"}],"version-history":[{"count":1,"href":"https:\/\/moverdb.com\/cs\/wp-json\/wp\/v2\/pages\/10255\/revisions"}],"predecessor-version":[{"id":10256,"href":"https:\/\/moverdb.com\/cs\/wp-json\/wp\/v2\/pages\/10255\/revisions\/10256"}],"up":[{"embeddable":true,"href":"https:\/\/moverdb.com\/cs\/wp-json\/wp\/v2\/pages\/190"}],"wp:featuredmedia":[{"embeddable":true,"href":"https:\/\/moverdb.com\/cs\/wp-json\/wp\/v2\/media\/10077"}],"wp:attachment":[{"href":"https:\/\/moverdb.com\/cs\/wp-json\/wp\/v2\/media?parent=10255"}],"curies":[{"name":"wp","href":"https:\/\/api.w.org\/{rel}","templated":true}]}}