{"id":10253,"date":"2023-06-22T15:36:35","date_gmt":"2023-06-22T15:36:35","guid":{"rendered":"https:\/\/moverdb.com\/?page_id=10253"},"modified":"2026-01-08T15:23:53","modified_gmt":"2026-01-08T15:23:53","slug":"moving-companies-uzbekistan","status":"publish","type":"page","link":"https:\/\/moverdb.com\/cs\/moving-companies\/moving-companies-uzbekistan\/","title":{"rendered":"2 Nejlep\u0161\u00ed mezin\u00e1rodn\u00ed st\u011bhovac\u00ed spole\u010dnosti v Uzbekist\u00e1nu"},"content":{"rendered":"<p>Pl\u00e1nujete se st\u011bhovat v r\u00e1mci Uzbekist\u00e1nu, do Uzbekist\u00e1nu nebo z Uzbekist\u00e1nu? Pak si najm\u011bte <a href=\"https:\/\/moverdb.com\/cs\/moving-companies\/\" data-internallinksmanager029f6b8e52c=\"79\" title=\"Top 25 Mezin\u00e1rodn\u00ed st\u011bhovac\u00ed spole\u010dnosti Online\">st\u011bhovac\u00ed spole\u010dnost<\/a> kter\u00fd v\u00e1m pom\u016f\u017ee s balen\u00edm, zaji\u0161t\u011bn\u00edm p\u0159epravy a vy\u0159\u00edzen\u00edm celn\u00edch z\u00e1le\u017eitost\u00ed p\u0159i mezin\u00e1rodn\u00edm st\u011bhov\u00e1n\u00ed, v\u00e1m m\u016f\u017ee st\u011bhov\u00e1n\u00ed skute\u010dn\u011b usnadnit. N\u00ed\u017ee jsme sestavili seznam firem se s\u00eddlem v Uzbekist\u00e1nu. <a href=\"https:\/\/moverdb.com\/cs\/international-removals\/\" data-internallinksmanager029f6b8e52c=\"27\" title=\"36 nejlep\u0161\u00edch mezin\u00e1rodn\u00edch st\u011bhovac\u00edch spole\u010dnost\u00ed ve Velk\u00e9 Brit\u00e1nii\">st\u011bhovac\u00ed firmy<\/a> kter\u00e9 jsou \u010dleny <a href=\"https:\/\/moverdb.com\/cs\/iam\/\" data-internallinksmanager029f6b8e52c=\"23\" title=\"Vysv\u011btlen\u00ed Mezin\u00e1rodn\u00ed asociace st\u011bhov\u00e1k\u016f (IAM)\">Mezin\u00e1rodn\u00ed asociace st\u011bhov\u00e1k\u016f<\/a> (IAM) a\/nebo <a href=\"https:\/\/moverdb.com\/cs\/fidi-faim\/\" data-internallinksmanager029f6b8e52c=\"16\" title=\"Vysv\u011btlen\u00ed FIDI a FAIM (FIDI Accredited International Mover)\">FIDI<\/a> Akreditovan\u00e9 mezin\u00e1rodn\u00ed st\u011bhov\u00e1n\u00ed (FAIM), kter\u00e9 by v\u00e1m mohlo pomoci se st\u011bhov\u00e1n\u00edm.<\/p>\n<h2><strong>1. P\u0159esun 1<\/strong><\/h2>\n<p><img loading=\"lazy\" decoding=\"async\" class=\"alignnone size-full wp-image-10159\" src=\"https:\/\/moverdb.com\/wp-content\/uploads\/Move-One-international-moving-company-1.png\" alt=\"Move One mezin\u00e1rodn\u00ed pohybuj\u00edc\u00ed se spole\u010dnost\" width=\"1440\" height=\"676\" data-wp-pid=\"10159\" srcset=\"https:\/\/moverdb.com\/wp-content\/uploads\/Move-One-international-moving-company-1.png 1440w, https:\/\/moverdb.com\/wp-content\/uploads\/Move-One-international-moving-company-1-300x141.png 300w, https:\/\/moverdb.com\/wp-content\/uploads\/Move-One-international-moving-company-1-1024x481.png 1024w, https:\/\/moverdb.com\/wp-content\/uploads\/Move-One-international-moving-company-1-18x8.png 18w, https:\/\/moverdb.com\/wp-content\/uploads\/Move-One-international-moving-company-1-600x282.png 600w\" sizes=\"auto, (max-width: 1440px) 100vw, 1440px\" \/><\/p>\n<ul>\n<li>St\u011bhov\u00e1n\u00ed na n\u00e1rodn\u00ed \u00farovni<\/li>\n<li>Mezin\u00e1rodn\u00ed p\u0159esuny<\/li>\n<li>St\u011bhov\u00e1n\u00ed dom\u00e1cnost\u00ed<\/li>\n<li>Obchodn\u00ed logistika<\/li>\n<li>St\u011bhovac\u00ed slu\u017eby<\/li>\n<li>Balic\u00ed slu\u017eba<\/li>\n<li>Dopravn\u00ed opat\u0159en\u00ed<\/li>\n<li>Celn\u00ed podpora<\/li>\n<li>P\u0159eprava dom\u00e1c\u00edch zv\u00ed\u0159at a vozidel<\/li>\n<li>Skladovac\u00ed prostory<\/li>\n<\/ul>\n<p>Move One je spole\u010dnost zalo\u017een\u00e1 v roce 1992, kter\u00e1 se zab\u00fdv\u00e1 logistikou, st\u011bhov\u00e1n\u00edm a glob\u00e1ln\u00edmi \u0159e\u0161en\u00edmi mobility a m\u00e1 v\u00edce ne\u017e 80 pobo\u010dek ve v\u00fdchodn\u00ed Evrop\u011b, Africe, na St\u0159edn\u00edm v\u00fdchod\u011b, na Balk\u00e1n\u011b a ve Spole\u010denstv\u00ed nez\u00e1visl\u00fdch st\u00e1t\u016f. Jej\u00ed pobo\u010dka v Uzbekist\u00e1nu se nach\u00e1z\u00ed v Ta\u0161kentu. Pro poskytov\u00e1n\u00ed mezin\u00e1rodn\u00edch slu\u017eeb maj\u00ed s\u00ed\u0165 kancel\u00e1\u0159\u00ed a agent\u016f. Jsou \u010dlenem IAM se sedmiletou p\u016fsobnost\u00ed.<\/p>\n<p>Spole\u010dnost Move One bude koordinovat va\u0161e st\u011bhov\u00e1n\u00ed a zajist\u00ed jeho hladk\u00fd pr\u016fb\u011bh.Poskytne v\u00e1m balic\u00ed slu\u017eby, zajist\u00ed p\u0159epravu a celn\u00ed podporu. Nab\u00edz\u00ed i dal\u0161\u00ed slu\u017eby v\u010detn\u011b povolen\u00ed a v\u00edz, p\u0159epravy zv\u00ed\u0159at, p\u0159epravy aut, p\u0159epravy nadm\u011brn\u00fdch zavazadel a skladov\u00e1n\u00ed. St\u011bhovac\u00ed slu\u017eby zahrnuj\u00ed vyhled\u00e1n\u00ed bydli\u0161t\u011b a \u0161koly, do\u010dasn\u00e9 ubytov\u00e1n\u00ed, orientaci a podporu p\u0159i zabydlov\u00e1n\u00ed.<\/p>\n<p>Webov\u00e9 str\u00e1nky: <a href=\"https:\/\/www.moveoneinc.com\" target=\"_blank\" rel=\"noopener\">https:\/\/www.moveoneinc.com<\/a><\/p>\n<h2><strong>2. Gosselin<\/strong><\/h2>\n<p><img loading=\"lazy\" decoding=\"async\" class=\"alignnone size-full wp-image-10132\" src=\"https:\/\/moverdb.com\/wp-content\/uploads\/Gosselin-Uzbekistan-international-moving-company.png\" alt=\"Gosselin Uzbekist\u00e1n mezin\u00e1rodn\u00ed pohybuj\u00edc\u00ed se spole\u010dnost\" width=\"1440\" height=\"680\" data-wp-pid=\"10132\" srcset=\"https:\/\/moverdb.com\/wp-content\/uploads\/Gosselin-Uzbekistan-international-moving-company.png 1440w, https:\/\/moverdb.com\/wp-content\/uploads\/Gosselin-Uzbekistan-international-moving-company-300x142.png 300w, https:\/\/moverdb.com\/wp-content\/uploads\/Gosselin-Uzbekistan-international-moving-company-1024x484.png 1024w, https:\/\/moverdb.com\/wp-content\/uploads\/Gosselin-Uzbekistan-international-moving-company-18x9.png 18w, https:\/\/moverdb.com\/wp-content\/uploads\/Gosselin-Uzbekistan-international-moving-company-600x283.png 600w\" sizes=\"auto, (max-width: 1440px) 100vw, 1440px\" \/><\/p>\n<ul>\n<li>St\u011bhov\u00e1n\u00ed na n\u00e1rodn\u00ed \u00farovni<\/li>\n<li>Mezin\u00e1rodn\u00ed p\u0159esuny<\/li>\n<li>St\u011bhov\u00e1n\u00ed dom\u00e1cnost\u00ed<\/li>\n<li>St\u011bhov\u00e1n\u00ed kancel\u00e1\u0159\u00ed<\/li>\n<li>Slu\u017eba od dve\u0159\u00ed ke dve\u0159\u00edm<\/li>\n<li>Balic\u00ed slu\u017eba<\/li>\n<li>Dopravn\u00ed opat\u0159en\u00ed<\/li>\n<li>V\u00fdtvarn\u00e9 pohyby<\/li>\n<li>St\u011bhov\u00e1n\u00ed aut a dom\u00e1c\u00edch mazl\u00ed\u010dk\u016f<\/li>\n<li>\u0158e\u0161en\u00ed pro ukl\u00e1d\u00e1n\u00ed dat<\/li>\n<\/ul>\n<p>Gosselin je mezin\u00e1rodn\u00ed st\u011bhovac\u00ed spole\u010dnost zalo\u017een\u00e1 v roce 1930 s pobo\u010dkami ve 34 zem\u00edch Evropy, na Kavkaze a ve st\u0159edn\u00ed Asii v\u010detn\u011b Ta\u0161kentu v Uzbekist\u00e1nu. K poskytov\u00e1n\u00ed mezin\u00e1rodn\u00edch slu\u017eeb vyu\u017e\u00edv\u00e1 vlastn\u00ed kancel\u00e1\u0159e a s\u00ed\u0165 st\u011bhovac\u00edch partner\u016f po cel\u00e9m sv\u011bt\u011b. Je \u010dlenem IAM.<\/p>\n<p>Spole\u010dnost Gosselin nab\u00edz\u00ed st\u011bhovac\u00ed slu\u017eby od dve\u0159\u00ed ke dve\u0159\u00edm s profesion\u00e1ln\u00edmi st\u011bhov\u00e1ky, kte\u0159\u00ed v\u00e1m pomohou p\u0159est\u011bhovat se kamkoli na sv\u011bt\u011b. Bezpe\u010dn\u011b zabal\u00ed va\u0161e v\u011bci, demontuj\u00ed a smontuj\u00ed n\u00e1bytek a po p\u0159\u00edjezdu vybal\u00ed. Pou\u017e\u00edvaj\u00ed ekologick\u00e9 balic\u00ed materi\u00e1ly a zahrnuj\u00ed poji\u0161t\u011bn\u00ed p\u0159epravy. Nab\u00edzej\u00ed dal\u0161\u00ed slu\u017eby v\u010detn\u011b manipulace s um\u011bleck\u00fdmi d\u00edly, <a href=\"https:\/\/moverdb.com\/cs\/car-transport-shipping\/\" data-internallinksmanager029f6b8e52c=\"2\" title=\"2026 Mezin\u00e1rodn\u00ed p\u0159eprava automobil\u016f &amp; P\u0159eprava vozidel Citace\">p\u0159eprava automobil\u016f<\/a>, \u0159e\u0161en\u00ed pro st\u011bhov\u00e1n\u00ed a skladov\u00e1n\u00ed dom\u00e1c\u00edch zv\u00ed\u0159at.<\/p>\n<p>Webov\u00e9 str\u00e1nky: <a href=\"https:\/\/gosselin-moving.com\/uzbekistan\" target=\"_blank\" rel=\"noopener\">https:\/\/gosselin-moving.com\/uzbekistan<\/a><\/p>","protected":false},"excerpt":{"rendered":"<p>Are you planning on moving within, to or from Uzbekistan? Then engaging a moving company who can assist you with packing, arranging transport and handling customs for international moves can really ease your move. Below we have compiled a list of Uzbekistan based removal companies that are members of the International Association of Movers (IAM) [&hellip;]<\/p>\n","protected":false},"author":4,"featured_media":10159,"parent":190,"menu_order":0,"comment_status":"closed","ping_status":"closed","template":"","meta":{"_genesis_hide_title":false,"_genesis_hide_breadcrumbs":false,"_genesis_hide_singular_image":false,"_genesis_hide_footer_widgets":false,"_genesis_custom_body_class":"","_genesis_custom_post_class":"","_genesis_layout":"","footnotes":""},"class_list":{"0":"post-10253","1":"page","2":"type-page","3":"status-publish","4":"has-post-thumbnail","6":"entry"},"_links":{"self":[{"href":"https:\/\/moverdb.com\/cs\/wp-json\/wp\/v2\/pages\/10253","targetHints":{"allow":["GET"]}}],"collection":[{"href":"https:\/\/moverdb.com\/cs\/wp-json\/wp\/v2\/pages"}],"about":[{"href":"https:\/\/moverdb.com\/cs\/wp-json\/wp\/v2\/types\/page"}],"author":[{"embeddable":true,"href":"https:\/\/moverdb.com\/cs\/wp-json\/wp\/v2\/users\/4"}],"replies":[{"embeddable":true,"href":"https:\/\/moverdb.com\/cs\/wp-json\/wp\/v2\/comments?post=10253"}],"version-history":[{"count":1,"href":"https:\/\/moverdb.com\/cs\/wp-json\/wp\/v2\/pages\/10253\/revisions"}],"predecessor-version":[{"id":10254,"href":"https:\/\/moverdb.com\/cs\/wp-json\/wp\/v2\/pages\/10253\/revisions\/10254"}],"up":[{"embeddable":true,"href":"https:\/\/moverdb.com\/cs\/wp-json\/wp\/v2\/pages\/190"}],"wp:featuredmedia":[{"embeddable":true,"href":"https:\/\/moverdb.com\/cs\/wp-json\/wp\/v2\/media\/10159"}],"wp:attachment":[{"href":"https:\/\/moverdb.com\/cs\/wp-json\/wp\/v2\/media?parent=10253"}],"curies":[{"name":"wp","href":"https:\/\/api.w.org\/{rel}","templated":true}]}}