{"id":10249,"date":"2023-06-22T15:38:39","date_gmt":"2023-06-22T15:38:39","guid":{"rendered":"https:\/\/moverdb.com\/?page_id=10249"},"modified":"2026-01-08T15:24:29","modified_gmt":"2026-01-08T15:24:29","slug":"moving-companies-uruguay","status":"publish","type":"page","link":"https:\/\/moverdb.com\/cs\/moving-companies\/moving-companies-uruguay\/","title":{"rendered":"3 nejlep\u0161\u00ed mezin\u00e1rodn\u00ed st\u011bhovac\u00ed spole\u010dnosti v Uruguayi"},"content":{"rendered":"<p>St\u011bhov\u00e1n\u00ed dom\u016f nebo firmy m\u016f\u017ee b\u00fdt hektick\u00e9 a stresuj\u00edc\u00ed obdob\u00ed, kdy je t\u0159eba za\u0159\u00eddit spoustu v\u011bc\u00ed. V tomto p\u0159\u00edpad\u011b je t\u0159eba <a href=\"https:\/\/moverdb.com\/cs\/moving-companies\/\" data-internallinksmanager029f6b8e52c=\"79\" title=\"Top 25 Mezin\u00e1rodn\u00ed st\u011bhovac\u00ed spole\u010dnosti Online\">st\u011bhovac\u00ed spole\u010dnost<\/a> v\u00e1m m\u016f\u017ee pomoci t\u00edm, \u017ee p\u0159evezme mnoho \u00fakol\u016f, jako je balen\u00ed, zaji\u0161t\u011bn\u00ed p\u0159epravy a vy\u0159\u00edzen\u00ed celn\u00edch formalit p\u0159i st\u011bhov\u00e1n\u00ed mezi zem\u011bmi. N\u00ed\u017ee jsme sestavili seznam firem se s\u00eddlem v Uruguayi. <a href=\"https:\/\/moverdb.com\/cs\/international-removals\/\" data-internallinksmanager029f6b8e52c=\"27\" title=\"36 nejlep\u0161\u00edch mezin\u00e1rodn\u00edch st\u011bhovac\u00edch spole\u010dnost\u00ed ve Velk\u00e9 Brit\u00e1nii\">st\u011bhovac\u00ed firmy<\/a> kter\u00e9 jsou \u010dleny <a href=\"https:\/\/moverdb.com\/cs\/iam\/\" data-internallinksmanager029f6b8e52c=\"23\" title=\"Vysv\u011btlen\u00ed Mezin\u00e1rodn\u00ed asociace st\u011bhov\u00e1k\u016f (IAM)\">Mezin\u00e1rodn\u00ed asociace st\u011bhov\u00e1k\u016f<\/a> (IAM) a\/nebo <a href=\"https:\/\/moverdb.com\/cs\/fidi-faim\/\" data-internallinksmanager029f6b8e52c=\"16\" title=\"Vysv\u011btlen\u00ed FIDI a FAIM (FIDI Accredited International Mover)\">FIDI<\/a> Akreditovan\u00e9 mezin\u00e1rodn\u00ed st\u011bhov\u00e1n\u00ed (FAIM), kter\u00e9 by v\u00e1m mohlo pomoci se st\u011bhov\u00e1n\u00edm.<\/p>\n<h2><strong>1. AB Moving<\/strong><\/h2>\n<p><img loading=\"lazy\" decoding=\"async\" class=\"alignnone size-full wp-image-10064\" src=\"https:\/\/moverdb.com\/wp-content\/uploads\/AB-Moving-international-moving-company.png\" alt=\"AB Moving mezin\u00e1rodn\u00ed st\u011bhov\u00e1n\u00ed spole\u010dnost\" width=\"1440\" height=\"679\" data-wp-pid=\"10064\" srcset=\"https:\/\/moverdb.com\/wp-content\/uploads\/AB-Moving-international-moving-company.png 1440w, https:\/\/moverdb.com\/wp-content\/uploads\/AB-Moving-international-moving-company-300x141.png 300w, https:\/\/moverdb.com\/wp-content\/uploads\/AB-Moving-international-moving-company-1024x483.png 1024w, https:\/\/moverdb.com\/wp-content\/uploads\/AB-Moving-international-moving-company-18x8.png 18w, https:\/\/moverdb.com\/wp-content\/uploads\/AB-Moving-international-moving-company-600x283.png 600w\" sizes=\"auto, (max-width: 1440px) 100vw, 1440px\" \/><\/p>\n<ul>\n<li>St\u011bhov\u00e1n\u00ed na n\u00e1rodn\u00ed \u00farovni<\/li>\n<li>Mezin\u00e1rodn\u00ed p\u0159esuny<\/li>\n<li>St\u011bhov\u00e1n\u00ed dom\u00e1cnost\u00ed<\/li>\n<li>Obchodn\u00ed kroky<\/li>\n<li>St\u011bhovac\u00ed slu\u017eby<\/li>\n<li>Profesion\u00e1ln\u00ed balen\u00ed<\/li>\n<li>Leteck\u00e1, n\u00e1mo\u0159n\u00ed a pozemn\u00ed doprava<\/li>\n<li>Manipulace s um\u011bn\u00edm<\/li>\n<li>P\u0159em\u00edst\u011bn\u00ed dom\u00e1c\u00edch zv\u00ed\u0159at<\/li>\n<li>Zabezpe\u010den\u00e9 skladov\u00e1n\u00ed<\/li>\n<\/ul>\n<p>AB Moving je mezin\u00e1rodn\u00ed st\u011bhovac\u00ed a reloka\u010dn\u00ed spole\u010dnost s v\u00edce ne\u017e 25 lety zku\u0161enost\u00ed se s\u00eddlem v Montevideu. Disponuje s\u00edt\u00ed agent\u016f po cel\u00e9m sv\u011bt\u011b, kter\u00e1 j\u00ed umo\u017e\u0148uje realizovat st\u011bhov\u00e1n\u00ed kdekoli na sv\u011bt\u011b. Je \u010dlenem IAM s patn\u00e1ctiletou tradic\u00ed.<\/p>\n<p>Spole\u010dnost AB Moving poskytuje individu\u00e1ln\u00ed slu\u017eby, kter\u00e9 jsou p\u0159izp\u016fsobeny va\u0161im pot\u0159eb\u00e1m, a nab\u00edz\u00ed slu\u017eby od dve\u0159\u00ed ke dve\u0159\u00edm. Poskytuj\u00ed profesion\u00e1ln\u00ed balic\u00ed slu\u017eby, p\u0159i kter\u00fdch pou\u017e\u00edvaj\u00ed vysoce kvalitn\u00ed materi\u00e1ly a d\u0159ev\u011bn\u00e9 kostry vyroben\u00e9 na zak\u00e1zku, kter\u00e9 chr\u00e1n\u00ed va\u0161e v\u011bci. Zajist\u00ed v\u00e1m leteckou, n\u00e1mo\u0159n\u00ed nebo silni\u010dn\u00ed p\u0159epravu se v\u0161emi pot\u0159ebn\u00fdmi dokumenty.<\/p>\n<p>Webov\u00e9 str\u00e1nky: <a href=\"http:\/\/www.ab.com.uy\" target=\"_blank\" rel=\"noopener\">http:\/\/www.ab.com.uy<\/a><\/p>\n<h2><strong>2. Autogiro<\/strong><\/h2>\n<p><img loading=\"lazy\" decoding=\"async\" class=\"alignnone size-full wp-image-10085\" src=\"https:\/\/moverdb.com\/wp-content\/uploads\/Autogiro-international-moving-company.png\" alt=\"Autogiro mezin\u00e1rodn\u00ed st\u011bhov\u00e1n\u00ed spole\u010dnost\" width=\"1440\" height=\"682\" data-wp-pid=\"10085\" srcset=\"https:\/\/moverdb.com\/wp-content\/uploads\/Autogiro-international-moving-company.png 1440w, https:\/\/moverdb.com\/wp-content\/uploads\/Autogiro-international-moving-company-300x142.png 300w, https:\/\/moverdb.com\/wp-content\/uploads\/Autogiro-international-moving-company-1024x485.png 1024w, https:\/\/moverdb.com\/wp-content\/uploads\/Autogiro-international-moving-company-18x9.png 18w, https:\/\/moverdb.com\/wp-content\/uploads\/Autogiro-international-moving-company-600x284.png 600w\" sizes=\"auto, (max-width: 1440px) 100vw, 1440px\" \/><\/p>\n<ul>\n<li>St\u011bhov\u00e1n\u00ed na n\u00e1rodn\u00ed \u00farovni<\/li>\n<li>Mezin\u00e1rodn\u00ed p\u0159esuny<\/li>\n<li>St\u011bhov\u00e1n\u00ed do obytn\u00fdch prostor<\/li>\n<li>St\u011bhov\u00e1n\u00ed firem<\/li>\n<li>St\u011bhovac\u00ed slu\u017eby<\/li>\n<li>Balic\u00ed slu\u017eba<\/li>\n<li>Dopravn\u00ed opat\u0159en\u00ed<\/li>\n<li>Manipulace s um\u011bleck\u00fdmi d\u00edly<\/li>\n<li>P\u0159eprava dom\u00e1c\u00edch zv\u00ed\u0159at<\/li>\n<li>Zabezpe\u010den\u00e9 skladov\u00e1n\u00ed<\/li>\n<\/ul>\n<p>Autogiro je st\u011bhovac\u00ed a p\u0159epravn\u00ed spole\u010dnost zalo\u017een\u00e1 v roce 1925 se s\u00eddlem v Montevideu. Vytvo\u0159ila si vazby s agenty po cel\u00e9m sv\u011bt\u011b, kte\u0159\u00ed dod\u00e1vaj\u00ed zbo\u017e\u00ed podle vysok\u00fdch standard\u016f a pom\u00e1haj\u00ed j\u00ed p\u0159i poskytov\u00e1n\u00ed mezin\u00e1rodn\u00edch slu\u017eeb. Jsou \u010dlenem IAM s 98letou tradic\u00ed a jsou akreditov\u00e1ni FIDI.<\/p>\n<p>Spole\u010dnost Autogiro nejprve odhadne objem va\u0161eho st\u011bhov\u00e1n\u00ed a poskytne cenovou nab\u00eddku na st\u011bhov\u00e1n\u00ed od dve\u0159\u00ed ke dve\u0159\u00edm s celn\u00edm poradenstv\u00edm. Zabal\u00ed va\u0161e v\u011bci a ochr\u00e1n\u00ed je v z\u00e1suvk\u00e1ch MDF a spln\u00ed mezin\u00e1rodn\u00ed normy pro k\u0159ehk\u00e9 p\u0159edm\u011bty. Nalo\u017e\u00ed je bu\u010f do kontejneru, nebo do d\u0159ev\u011bn\u00fdch beden a p\u0159eprav\u00ed je na m\u00edsto ur\u010den\u00ed, p\u0159i\u010dem\u017e v\u00e1m poskytne jejich soupis.<\/p>\n<p>Webov\u00e9 str\u00e1nky: <a href=\"http:\/\/www.autogiro.com.uy\" target=\"_blank\" rel=\"noopener\">http:\/\/www.autogiro.com.uy<\/a><\/p>\n<h2><strong>3. Uruvan<\/strong><\/h2>\n<p><img loading=\"lazy\" decoding=\"async\" class=\"alignnone size-full wp-image-10251\" src=\"https:\/\/moverdb.com\/wp-content\/uploads\/Uruvan-international-moving-company-1.png\" alt=\"Uruvan mezin\u00e1rodn\u00ed st\u011bhov\u00e1n\u00ed spole\u010dnost\" width=\"1440\" height=\"709\" data-wp-pid=\"10251\" srcset=\"https:\/\/moverdb.com\/wp-content\/uploads\/Uruvan-international-moving-company-1.png 1440w, https:\/\/moverdb.com\/wp-content\/uploads\/Uruvan-international-moving-company-1-300x148.png 300w, https:\/\/moverdb.com\/wp-content\/uploads\/Uruvan-international-moving-company-1-1024x504.png 1024w, https:\/\/moverdb.com\/wp-content\/uploads\/Uruvan-international-moving-company-1-18x9.png 18w, https:\/\/moverdb.com\/wp-content\/uploads\/Uruvan-international-moving-company-1-600x295.png 600w\" sizes=\"auto, (max-width: 1440px) 100vw, 1440px\" \/><\/p>\n<ul>\n<li>Vnitrost\u00e1tn\u00ed st\u011bhov\u00e1n\u00ed<\/li>\n<li>Mezin\u00e1rodn\u00ed st\u011bhov\u00e1n\u00ed<\/li>\n<li>St\u011bhov\u00e1n\u00ed dom\u00e1cnost\u00ed<\/li>\n<li>St\u011bhov\u00e1n\u00ed firem<\/li>\n<li>St\u011bhovac\u00ed slu\u017eby<\/li>\n<li>Balic\u00ed slu\u017eba<\/li>\n<li>Celn\u00ed odbaven\u00ed<\/li>\n<li>Um\u011bleck\u00e1 doprava<\/li>\n<li>P\u0159eprava dom\u00e1c\u00edch zv\u00ed\u0159at<\/li>\n<li>Skladovac\u00ed prostory<\/li>\n<\/ul>\n<p>Uruvan je vnitrost\u00e1tn\u00ed a mezin\u00e1rodn\u00ed st\u011bhovac\u00ed spole\u010dnost nab\u00edzej\u00edc\u00ed spedi\u010dn\u00ed a skladovac\u00ed slu\u017eby, kter\u00e1 vznikla v roce 1982 a s\u00eddl\u00ed v Montevideu s pobo\u010dkou v Punta del Etse. Spolupracuje s agenturami po cel\u00e9m sv\u011bt\u011b a poskytuje slu\u017eby v Uruguayi i na mezin\u00e1rodn\u00ed \u00farovni. Je \u010dlenem IAM s 41letou tradic\u00ed a je akreditov\u00e1na u FIDI.<\/p>\n<p>Spole\u010dnost Uruvan nab\u00edz\u00ed st\u011bhovac\u00ed slu\u017eby od dve\u0159\u00ed ke dve\u0159\u00edm, kter\u00e9 za\u010d\u00ednaj\u00ed prohl\u00eddkou domu, p\u0159i n\u00ed\u017e posoud\u00ed va\u0161e pot\u0159eby a vypracuje cenovou nab\u00eddku. Zkoordinuje va\u0161e st\u011bhov\u00e1n\u00ed a zajist\u00ed p\u0159epravu, balen\u00ed a celn\u00ed odbaven\u00ed. Jejich profesion\u00e1ln\u00ed st\u011bhovac\u00ed t\u00fdm zabal\u00ed va\u0161e v\u011bci do vhodn\u00fdch obalov\u00fdch materi\u00e1l\u016f, aby byly chr\u00e1n\u011bny p\u0159i p\u0159eprav\u011b do va\u0161eho nov\u00e9ho domova.<\/p>\n<p>Webov\u00e9 str\u00e1nky: <a href=\"http:\/\/www.uruvan.com.uy\" target=\"_blank\" rel=\"noopener\">http:\/\/www.uruvan.com.uy<\/a><\/p>","protected":false},"excerpt":{"rendered":"<p>Moving home or your business can be a hectic and stressful time with a lot to do and arrange. This is where a moving company can help you by taking on many of the tasks such as packing, arranging transportation and handling customs arrangements for inter-country moves. Below we have compiled a list of Uruguay [&hellip;]<\/p>\n","protected":false},"author":4,"featured_media":10064,"parent":190,"menu_order":0,"comment_status":"closed","ping_status":"closed","template":"","meta":{"_genesis_hide_title":false,"_genesis_hide_breadcrumbs":false,"_genesis_hide_singular_image":false,"_genesis_hide_footer_widgets":false,"_genesis_custom_body_class":"","_genesis_custom_post_class":"","_genesis_layout":"","footnotes":""},"class_list":{"0":"post-10249","1":"page","2":"type-page","3":"status-publish","4":"has-post-thumbnail","6":"entry"},"_links":{"self":[{"href":"https:\/\/moverdb.com\/cs\/wp-json\/wp\/v2\/pages\/10249","targetHints":{"allow":["GET"]}}],"collection":[{"href":"https:\/\/moverdb.com\/cs\/wp-json\/wp\/v2\/pages"}],"about":[{"href":"https:\/\/moverdb.com\/cs\/wp-json\/wp\/v2\/types\/page"}],"author":[{"embeddable":true,"href":"https:\/\/moverdb.com\/cs\/wp-json\/wp\/v2\/users\/4"}],"replies":[{"embeddable":true,"href":"https:\/\/moverdb.com\/cs\/wp-json\/wp\/v2\/comments?post=10249"}],"version-history":[{"count":1,"href":"https:\/\/moverdb.com\/cs\/wp-json\/wp\/v2\/pages\/10249\/revisions"}],"predecessor-version":[{"id":10252,"href":"https:\/\/moverdb.com\/cs\/wp-json\/wp\/v2\/pages\/10249\/revisions\/10252"}],"up":[{"embeddable":true,"href":"https:\/\/moverdb.com\/cs\/wp-json\/wp\/v2\/pages\/190"}],"wp:featuredmedia":[{"embeddable":true,"href":"https:\/\/moverdb.com\/cs\/wp-json\/wp\/v2\/media\/10064"}],"wp:attachment":[{"href":"https:\/\/moverdb.com\/cs\/wp-json\/wp\/v2\/media?parent=10249"}],"curies":[{"name":"wp","href":"https:\/\/api.w.org\/{rel}","templated":true}]}}