{"id":10244,"date":"2023-06-22T15:42:03","date_gmt":"2023-06-22T15:42:03","guid":{"rendered":"https:\/\/moverdb.com\/?page_id=10244"},"modified":"2026-01-08T15:24:55","modified_gmt":"2026-01-08T15:24:55","slug":"moving-companies-ukraine","status":"publish","type":"page","link":"https:\/\/moverdb.com\/cs\/moving-companies\/moving-companies-ukraine\/","title":{"rendered":"4 Nejlep\u0161\u00ed mezin\u00e1rodn\u00ed st\u011bhovac\u00ed spole\u010dnosti na Ukrajin\u011b"},"content":{"rendered":"<p>St\u011bhov\u00e1n\u00ed je slo\u017eit\u00e9 v ka\u017ed\u00e9 dob\u011b, tak\u017ee pokud pl\u00e1nujete st\u011bhov\u00e1n\u00ed z Ukrajiny, na Ukrajinu nebo v r\u00e1mci Ukrajiny, mo\u017en\u00e1 byste m\u011bli zv\u00e1\u017eit, zda si nepo\u0159\u00eddit. <a href=\"https:\/\/moverdb.com\/cs\/moving-companies\/\" data-internallinksmanager029f6b8e52c=\"79\" title=\"Top 25 Mezin\u00e1rodn\u00ed st\u011bhovac\u00ed spole\u010dnosti Online\">st\u011bhovac\u00ed spole\u010dnost<\/a>. Mohou v\u00e1m pomoci s pl\u00e1nov\u00e1n\u00edm, balen\u00edm a logistikou. N\u00ed\u017ee jsme sestavili seznam ukrajinsk\u00fdch <a href=\"https:\/\/moverdb.com\/cs\/international-removals\/\" data-internallinksmanager029f6b8e52c=\"27\" title=\"36 nejlep\u0161\u00edch mezin\u00e1rodn\u00edch st\u011bhovac\u00edch spole\u010dnost\u00ed ve Velk\u00e9 Brit\u00e1nii\">st\u011bhovac\u00ed firmy<\/a> kter\u00e9 jsou \u010dleny <a href=\"https:\/\/moverdb.com\/cs\/iam\/\" data-internallinksmanager029f6b8e52c=\"23\" title=\"Vysv\u011btlen\u00ed Mezin\u00e1rodn\u00ed asociace st\u011bhov\u00e1k\u016f (IAM)\">Mezin\u00e1rodn\u00ed asociace st\u011bhov\u00e1k\u016f<\/a> (IAM) a\/nebo <a href=\"https:\/\/moverdb.com\/cs\/fidi-faim\/\" data-internallinksmanager029f6b8e52c=\"16\" title=\"Vysv\u011btlen\u00ed FIDI a FAIM (FIDI Accredited International Mover)\">FIDI<\/a> Akreditovan\u00e9 mezin\u00e1rodn\u00ed st\u011bhov\u00e1n\u00ed (FAIM), kter\u00e9 by v\u00e1m mohlo pomoci se st\u011bhov\u00e1n\u00edm.<\/p>\n<div id=\"ez-toc-container\" class=\"ez-toc-v2_0_83 ez-toc-wrap-left counter-hierarchy ez-toc-counter ez-toc-transparent ez-toc-container-direction\">\n<div class=\"ez-toc-title-container\">\n<p class=\"ez-toc-title\" style=\"cursor:inherit\">Sekce<\/p>\n<span class=\"ez-toc-title-toggle\"><a href=\"#\" class=\"ez-toc-pull-right ez-toc-btn ez-toc-btn-xs ez-toc-btn-default ez-toc-toggle\" aria-label=\"P\u0159epnut\u00ed tabulky obsahu\"><span class=\"ez-toc-js-icon-con\"><span class=\"\"><span class=\"eztoc-hide\" style=\"display:none;\">P\u0159ep\u00edna\u010d<\/span><span class=\"ez-toc-icon-toggle-span\"><svg style=\"fill: #999;color:#999\" xmlns=\"http:\/\/www.w3.org\/2000\/svg\" class=\"list-377408\" width=\"20px\" height=\"20px\" viewbox=\"0 0 24 24\" fill=\"none\"><path d=\"M6 6H4v2h2V6zm14 0H8v2h12V6zM4 11h2v2H4v-2zm16 0H8v2h12v-2zM4 16h2v2H4v-2zm16 0H8v2h12v-2z\" fill=\"currentColor\"><\/path><\/svg><svg style=\"fill: #999;color:#999\" class=\"arrow-unsorted-368013\" xmlns=\"http:\/\/www.w3.org\/2000\/svg\" width=\"10px\" height=\"10px\" viewbox=\"0 0 24 24\" version=\"1.2\" baseprofile=\"tiny\"><path d=\"M18.2 9.3l-6.2-6.3-6.2 6.3c-.2.2-.3.4-.3.7s.1.5.3.7c.2.2.4.3.7.3h11c.3 0 .5-.1.7-.3.2-.2.3-.5.3-.7s-.1-.5-.3-.7zM5.8 14.7l6.2 6.3 6.2-6.3c.2-.2.3-.5.3-.7s-.1-.5-.3-.7c-.2-.2-.4-.3-.7-.3h-11c-.3 0-.5.1-.7.3-.2.2-.3.5-.3.7s.1.5.3.7z\"\/><\/svg><\/span><\/span><\/span><\/a><\/span><\/div>\n<nav><ul class='ez-toc-list ez-toc-list-level-1 eztoc-toggle-hide-by-default' ><li class='ez-toc-page-1 ez-toc-heading-level-2'><a class=\"ez-toc-link ez-toc-heading-1\" href=\"https:\/\/moverdb.com\/cs\/moving-companies\/moving-companies-ukraine\/#1_Eurodean_International_Movers\" >1. Eurodean International Movers<\/a><\/li><li class='ez-toc-page-1 ez-toc-heading-level-2'><a class=\"ez-toc-link ez-toc-heading-2\" href=\"https:\/\/moverdb.com\/cs\/moving-companies\/moving-companies-ukraine\/#2_Gosselin\" >2. Gosselin<\/a><\/li><li class='ez-toc-page-1 ez-toc-heading-level-2'><a class=\"ez-toc-link ez-toc-heading-3\" href=\"https:\/\/moverdb.com\/cs\/moving-companies\/moving-companies-ukraine\/#3_KLS\" >3. KLS<\/a><\/li><li class='ez-toc-page-1 ez-toc-heading-level-2'><a class=\"ez-toc-link ez-toc-heading-4\" href=\"https:\/\/moverdb.com\/cs\/moving-companies\/moving-companies-ukraine\/#4_Santa_Fe_Relocation\" >4. P\u0159em\u00edst\u011bn\u00ed Santa Fe<\/a><\/li><\/ul><\/nav><\/div>\n<h2><span class=\"ez-toc-section\" id=\"1_Eurodean_International_Movers\"><\/span><strong>1. Eurodean International Movers<\/strong><span class=\"ez-toc-section-end\"><\/span><\/h2>\n<p><img loading=\"lazy\" decoding=\"async\" class=\"alignnone size-full wp-image-10114\" src=\"https:\/\/moverdb.com\/wp-content\/uploads\/Eurodean-International-Movers-moving-company.png\" alt=\"Eurodean Mezin\u00e1rodn\u00ed Movers st\u011bhov\u00e1n\u00ed spole\u010dnost\" width=\"1440\" height=\"680\" data-wp-pid=\"10114\" srcset=\"https:\/\/moverdb.com\/wp-content\/uploads\/Eurodean-International-Movers-moving-company.png 1440w, https:\/\/moverdb.com\/wp-content\/uploads\/Eurodean-International-Movers-moving-company-300x142.png 300w, https:\/\/moverdb.com\/wp-content\/uploads\/Eurodean-International-Movers-moving-company-1024x484.png 1024w, https:\/\/moverdb.com\/wp-content\/uploads\/Eurodean-International-Movers-moving-company-18x9.png 18w, https:\/\/moverdb.com\/wp-content\/uploads\/Eurodean-International-Movers-moving-company-600x283.png 600w\" sizes=\"auto, (max-width: 1440px) 100vw, 1440px\" \/><\/p>\n<ul>\n<li>Mezin\u00e1rodn\u00ed p\u0159esuny<\/li>\n<li>St\u011bhov\u00e1n\u00ed dom\u00e1cnost\u00ed<\/li>\n<li>St\u011bhov\u00e1n\u00ed kancel\u00e1\u0159\u00ed<\/li>\n<li>Balic\u00ed slu\u017eba<\/li>\n<li>Pozemn\u00ed, n\u00e1mo\u0159n\u00ed a leteck\u00e1 n\u00e1kladn\u00ed doprava<\/li>\n<li>Celn\u00ed slu\u017eba<\/li>\n<li>Manipulace s um\u011bleck\u00fdmi d\u00edly<\/li>\n<li>P\u0159em\u00edst\u011bn\u00ed dom\u00e1c\u00edho mazl\u00ed\u010dka<\/li>\n<li>Poji\u0161t\u011bn\u00ed<\/li>\n<li>Skladovac\u00ed prostory<\/li>\n<\/ul>\n<p>Eurodean International Movers je mezin\u00e1rodn\u00ed st\u011bhovac\u00ed spole\u010dnost, kter\u00e1 p\u016fsob\u00ed na Ukrajin\u011b od roku 2000. Je \u010dlenem IAM s 16letou tradic\u00ed, co\u017e znamen\u00e1, \u017ee m\u00e1 p\u0159\u00edstup k mezin\u00e1rodn\u00ed s\u00edti st\u011bhovac\u00edch spole\u010dnost\u00ed, kter\u00e9 podporuj\u00ed st\u011bhov\u00e1n\u00ed po cel\u00e9m sv\u011bt\u011b.<\/p>\n<p>Spole\u010dnost Eurodean International Movers nab\u00edz\u00ed st\u011bhovac\u00ed slu\u017eby od dve\u0159\u00ed ke dve\u0159\u00edm, v\u010detn\u011b poskytov\u00e1n\u00ed vysoce kvalifikovan\u00fdch balic\u00edch pracovn\u00edk\u016f, kte\u0159\u00ed pou\u017e\u00edvaj\u00ed speci\u00e1ln\u011b navr\u017een\u00e9 obaly na zbo\u017e\u00ed. Vyr\u00e1b\u00ed tak\u00e9 d\u0159ev\u011bn\u00e9 bedny na m\u00edru pro k\u0159ehk\u00e9 p\u0159edm\u011bty. Zajist\u00ed p\u0159epravu va\u0161ich v\u011bc\u00ed po zemi, po mo\u0159i nebo letecky s celn\u00edm odbaven\u00edm a vy\u0159\u00edzen\u00edm povolen\u00ed. Nab\u00edzej\u00ed dal\u0161\u00ed slu\u017eby v\u010detn\u011b st\u011bhov\u00e1n\u00ed dom\u00e1c\u00edch zv\u00ed\u0159at a manipulace s um\u011bleck\u00fdmi d\u00edly.<\/p>\n<p>Webov\u00e9 str\u00e1nky: <a href=\"https:\/\/eurodean.ua\/\" target=\"_blank\" rel=\"noopener\">https:\/\/eurodean.ua\/<\/a><\/p>\n<h2><span class=\"ez-toc-section\" id=\"2_Gosselin\"><\/span><strong>2. Gosselin<\/strong><span class=\"ez-toc-section-end\"><\/span><\/h2>\n<p><img loading=\"lazy\" decoding=\"async\" class=\"alignnone size-full wp-image-10131\" src=\"https:\/\/moverdb.com\/wp-content\/uploads\/Gosselin-Ukraine-international-moving-company.png\" alt=\"Gosselin Ukrajina mezin\u00e1rodn\u00ed pohybuj\u00edc\u00ed se spole\u010dnost\" width=\"1440\" height=\"681\" data-wp-pid=\"10131\" srcset=\"https:\/\/moverdb.com\/wp-content\/uploads\/Gosselin-Ukraine-international-moving-company.png 1440w, https:\/\/moverdb.com\/wp-content\/uploads\/Gosselin-Ukraine-international-moving-company-300x142.png 300w, https:\/\/moverdb.com\/wp-content\/uploads\/Gosselin-Ukraine-international-moving-company-1024x484.png 1024w, https:\/\/moverdb.com\/wp-content\/uploads\/Gosselin-Ukraine-international-moving-company-18x9.png 18w, https:\/\/moverdb.com\/wp-content\/uploads\/Gosselin-Ukraine-international-moving-company-600x284.png 600w\" sizes=\"auto, (max-width: 1440px) 100vw, 1440px\" \/><\/p>\n<ul>\n<li>Mezin\u00e1rodn\u00ed p\u0159esuny<\/li>\n<li>St\u011bhov\u00e1n\u00ed do obytn\u00fdch prostor<\/li>\n<li>St\u011bhov\u00e1n\u00ed firem<\/li>\n<li>Slu\u017eba od dve\u0159\u00ed ke dve\u0159\u00edm<\/li>\n<li>Balic\u00ed slu\u017eba<\/li>\n<li>Zaji\u0161t\u011bn\u00ed dopravy<\/li>\n<li>Celn\u00ed odbaven\u00ed<\/li>\n<li>Dom\u00e1c\u00ed zv\u00ed\u0159ata a <a href=\"https:\/\/moverdb.com\/cs\/car-transport-shipping\/\" data-internallinksmanager029f6b8e52c=\"2\" title=\"2026 Mezin\u00e1rodn\u00ed p\u0159eprava automobil\u016f &amp; P\u0159eprava vozidel Citace\">p\u0159eprava automobil\u016f<\/a><\/li>\n<li>Poji\u0161t\u011bn\u00ed dopravy<\/li>\n<li>Slu\u017eba ukl\u00e1d\u00e1n\u00ed<\/li>\n<\/ul>\n<p>Gosselin je mezin\u00e1rodn\u00ed st\u011bhovac\u00ed spole\u010dnost, kter\u00e1 m\u00e1 pobo\u010dky ve 34 zem\u00edch Evropy, na Kavkaze a ve st\u0159edn\u00ed Asii a jej\u00ed pobo\u010dka na Ukrajin\u011b se nach\u00e1z\u00ed v Kyjev\u011b. Disponuje tak\u00e9 s\u00edt\u00ed kvalitn\u00edch st\u011bhovac\u00edch partner\u016f, kte\u0159\u00ed dopl\u0148uj\u00ed jejich vlastn\u00ed s\u00ed\u0165 a zaji\u0161\u0165uj\u00ed st\u011bhov\u00e1n\u00ed t\u00e9m\u011b\u0159 kamkoli. Je \u010dlenem IAM.<\/p>\n<p>Spole\u010dnost Gosselin poskytuje st\u011bhovac\u00ed slu\u017eby od dve\u0159\u00ed ke dve\u0159\u00edm na Ukrajinu a z Ukrajiny s profesion\u00e1ln\u00edmi st\u011bhov\u00e1ky. Jejich balic\u00ed slu\u017eby zahrnuj\u00ed bezpe\u010dn\u00e9 zabalen\u00ed va\u0161ich v\u011bc\u00ed pro p\u0159epravu, demont\u00e1\u017e a op\u011btovnou mont\u00e1\u017e n\u00e1bytku a vybalen\u00ed po p\u0159\u00edjezdu. Pou\u017e\u00edvaj\u00ed ekologick\u00e9 balic\u00ed materi\u00e1ly a poskytuj\u00ed poji\u0161t\u011bn\u00ed p\u0159epravy a podporu p\u0159i celn\u00edch procesech.<\/p>\n<p>Webov\u00e9 str\u00e1nky: <a href=\"https:\/\/gosselin-moving.com\/en\/moving-to-ukraine\" target=\"_blank\" rel=\"noopener\">https:\/\/gosselin-moving.com\/en\/moving-to-ukraine<\/a><\/p>\n<h2><span class=\"ez-toc-section\" id=\"3_KLS\"><\/span><strong>3. KLS<\/strong><span class=\"ez-toc-section-end\"><\/span><\/h2>\n<p><img loading=\"lazy\" decoding=\"async\" class=\"alignnone size-full wp-image-10147\" src=\"https:\/\/moverdb.com\/wp-content\/uploads\/KLS-Ukraine-international-moving-company.png\" alt=\"KLS Ukrajina mezin\u00e1rodn\u00ed st\u011bhov\u00e1n\u00ed spole\u010dnost\" width=\"1440\" height=\"683\" data-wp-pid=\"10147\" srcset=\"https:\/\/moverdb.com\/wp-content\/uploads\/KLS-Ukraine-international-moving-company.png 1440w, https:\/\/moverdb.com\/wp-content\/uploads\/KLS-Ukraine-international-moving-company-300x142.png 300w, https:\/\/moverdb.com\/wp-content\/uploads\/KLS-Ukraine-international-moving-company-1024x486.png 1024w, https:\/\/moverdb.com\/wp-content\/uploads\/KLS-Ukraine-international-moving-company-18x9.png 18w, https:\/\/moverdb.com\/wp-content\/uploads\/KLS-Ukraine-international-moving-company-600x285.png 600w\" sizes=\"auto, (max-width: 1440px) 100vw, 1440px\" \/><\/p>\n<ul>\n<li>M\u00edstn\u00ed a vnitrost\u00e1tn\u00ed p\u0159esuny<\/li>\n<li>Mezin\u00e1rodn\u00ed st\u011bhov\u00e1n\u00ed<\/li>\n<li>Reziden\u010dn\u00ed doprava<\/li>\n<li>Kancel\u00e1\u0159sk\u00e1 doprava<\/li>\n<li>P\u0159eprava od dve\u0159\u00ed ke dve\u0159\u00edm<\/li>\n<li>Balic\u00ed slu\u017eby<\/li>\n<li>Silni\u010dn\u00ed, n\u00e1mo\u0159n\u00ed a leteck\u00e1 doprava<\/li>\n<li>Celn\u00ed zprost\u0159edkov\u00e1n\u00ed<\/li>\n<li>\u00daklidov\u00e9 slu\u017eby<\/li>\n<li>Skladovac\u00ed prostory<\/li>\n<\/ul>\n<p>Spole\u010dnost KLS je specialistou na st\u011bhov\u00e1n\u00ed se s\u00eddlem v Kyjev\u011b a se zastoupen\u00edmi v dal\u0161\u00edch regionech Ukrajiny a hlavn\u00edch m\u011bstech po cel\u00e9m sv\u011bt\u011b. P\u0159i poskytov\u00e1n\u00ed sv\u00fdch slu\u017eeb m\u00e1 strategick\u00e9 partnery po cel\u00e9m sv\u011bt\u011b. Jsou \u010dlenem IAM s 22letou tradic\u00ed.<\/p>\n<p>Spole\u010dnost KLS posoud\u00ed a napl\u00e1nuje va\u0161e st\u011bhov\u00e1n\u00ed s jedn\u00edm ze sv\u00fdch specialist\u016f na odjezdy a nab\u00edz\u00ed slu\u017eby od dve\u0159\u00ed ke dve\u0159\u00edm s podporou osobn\u00edho mana\u017eera. Nab\u00edz\u00ed balic\u00ed slu\u017ebu, kter\u00e1 zahrnuje bezpe\u010dn\u00e9 zabalen\u00ed va\u0161ich v\u011bc\u00ed, demont\u00e1\u017e n\u00e1bytku a po p\u0159\u00edjezdu na m\u00edsto sestav\u00ed n\u00e1bytek a vybal\u00ed jej. Zajist\u00ed p\u0159epravu po silnici, po mo\u0159i nebo letecky s celn\u00edm zprost\u0159edkov\u00e1n\u00edm.<\/p>\n<p>Webov\u00e9 str\u00e1nky: <a href=\"http:\/\/www.kls.ua\/\" target=\"_blank\" rel=\"noopener\">http:\/\/www.kls.ua\/<\/a><\/p>\n<h2><span class=\"ez-toc-section\" id=\"4_Santa_Fe_Relocation\"><\/span><strong>4. P\u0159em\u00edst\u011bn\u00ed Santa Fe<\/strong><span class=\"ez-toc-section-end\"><\/span><\/h2>\n<p><img loading=\"lazy\" decoding=\"async\" class=\"alignnone size-full wp-image-10179\" src=\"https:\/\/moverdb.com\/wp-content\/uploads\/Santa-Fe-Relocation-Ukraine-international-moving-company.png\" alt=\"Santa Fe P\u0159em\u00edst\u011bn\u00ed Ukrajina mezin\u00e1rodn\u00ed st\u011bhov\u00e1n\u00ed spole\u010dnost\" width=\"1440\" height=\"681\" data-wp-pid=\"10179\" srcset=\"https:\/\/moverdb.com\/wp-content\/uploads\/Santa-Fe-Relocation-Ukraine-international-moving-company.png 1440w, https:\/\/moverdb.com\/wp-content\/uploads\/Santa-Fe-Relocation-Ukraine-international-moving-company-300x142.png 300w, https:\/\/moverdb.com\/wp-content\/uploads\/Santa-Fe-Relocation-Ukraine-international-moving-company-1024x484.png 1024w, https:\/\/moverdb.com\/wp-content\/uploads\/Santa-Fe-Relocation-Ukraine-international-moving-company-18x9.png 18w, https:\/\/moverdb.com\/wp-content\/uploads\/Santa-Fe-Relocation-Ukraine-international-moving-company-600x284.png 600w\" sizes=\"auto, (max-width: 1440px) 100vw, 1440px\" \/><\/p>\n<ul>\n<li>M\u00edstn\u00ed a vnitrost\u00e1tn\u00ed p\u0159esuny<\/li>\n<li>Mezin\u00e1rodn\u00ed st\u011bhov\u00e1n\u00ed<\/li>\n<li>St\u011bhov\u00e1n\u00ed dom\u00e1cnost\u00ed<\/li>\n<li>St\u011bhov\u00e1n\u00ed firem<\/li>\n<li>Slu\u017eba od dve\u0159\u00ed ke dve\u0159\u00edm<\/li>\n<li>Balic\u00ed slu\u017eba<\/li>\n<li>Dopravn\u00ed opat\u0159en\u00ed<\/li>\n<li>Celn\u00ed odbaven\u00ed<\/li>\n<li>V\u00edza a imigra\u010dn\u00ed slu\u017eby<\/li>\n<li>Skladovac\u00ed prostory<\/li>\n<\/ul>\n<p>Santa Fe Relocation je mezin\u00e1rodn\u00ed spole\u010dnost zab\u00fdvaj\u00edc\u00ed se st\u011bhov\u00e1n\u00edm, kter\u00e1 m\u00e1 64 pobo\u010dek ve 38 zem\u00edch v\u010detn\u011b pobo\u010dky v Kyjev\u011b, kter\u00e1 byla otev\u0159ena v roce 2002, ale na Ukrajin\u011b poskytuje slu\u017eby ji\u017e od roku 1992. Jejich s\u00ed\u0165 zahrnuje mnoho zem\u00ed a maj\u00ed partnery, kte\u0159\u00ed je podporuj\u00ed p\u0159i poskytov\u00e1n\u00ed slu\u017eeb v dal\u0161\u00edch zem\u00edch. Jsou akreditov\u00e1ni organizac\u00ed FIDI.<\/p>\n<p>Spole\u010dnost Santa Fe Relocation poskytuje st\u011bhovac\u00ed slu\u017eby od dve\u0159\u00ed ke dve\u0159\u00edm a st\u011bhov\u00e1n\u00ed v r\u00e1mci Ukrajiny, na Ukrajinu a z Ukrajiny. Poskytuje balic\u00ed slu\u017eby pro ochranu va\u0161ich v\u011bc\u00ed p\u0159i p\u0159eprav\u011b a zaji\u0161\u0165uje p\u0159epravu va\u0161ich v\u011bc\u00ed s celn\u00edm odbaven\u00edm. Pomohou tak\u00e9 s vy\u0159\u00edzen\u00edm v\u00edz, pracovn\u00edch povolen\u00ed a dal\u0161\u00edch dokument\u016f.<\/p>\n<p>Webov\u00e9 str\u00e1nky: <a href=\"https:\/\/www.santaferelo.com\/en\/contact\/our-offices\/ukraine-kyiv\/\" target=\"_blank\" rel=\"noopener\">https:\/\/www.santaferelo.com\/en\/contact\/our-offices\/ukraine-kyiv\/<\/a><\/p>","protected":false},"excerpt":{"rendered":"<p>Moving is complex at any time so if you are planning a move from, to or within the Ukraine, you may want to consider getting a moving company. They can assist with planning, packing and logistics. Below we have compiled a list of Ukrainian removal companies that are members of the International Association of Movers [&hellip;]<\/p>\n","protected":false},"author":4,"featured_media":10114,"parent":190,"menu_order":0,"comment_status":"closed","ping_status":"closed","template":"","meta":{"_genesis_hide_title":false,"_genesis_hide_breadcrumbs":false,"_genesis_hide_singular_image":false,"_genesis_hide_footer_widgets":false,"_genesis_custom_body_class":"","_genesis_custom_post_class":"","_genesis_layout":"","footnotes":""},"class_list":{"0":"post-10244","1":"page","2":"type-page","3":"status-publish","4":"has-post-thumbnail","6":"entry"},"_links":{"self":[{"href":"https:\/\/moverdb.com\/cs\/wp-json\/wp\/v2\/pages\/10244","targetHints":{"allow":["GET"]}}],"collection":[{"href":"https:\/\/moverdb.com\/cs\/wp-json\/wp\/v2\/pages"}],"about":[{"href":"https:\/\/moverdb.com\/cs\/wp-json\/wp\/v2\/types\/page"}],"author":[{"embeddable":true,"href":"https:\/\/moverdb.com\/cs\/wp-json\/wp\/v2\/users\/4"}],"replies":[{"embeddable":true,"href":"https:\/\/moverdb.com\/cs\/wp-json\/wp\/v2\/comments?post=10244"}],"version-history":[{"count":1,"href":"https:\/\/moverdb.com\/cs\/wp-json\/wp\/v2\/pages\/10244\/revisions"}],"predecessor-version":[{"id":10245,"href":"https:\/\/moverdb.com\/cs\/wp-json\/wp\/v2\/pages\/10244\/revisions\/10245"}],"up":[{"embeddable":true,"href":"https:\/\/moverdb.com\/cs\/wp-json\/wp\/v2\/pages\/190"}],"wp:featuredmedia":[{"embeddable":true,"href":"https:\/\/moverdb.com\/cs\/wp-json\/wp\/v2\/media\/10114"}],"wp:attachment":[{"href":"https:\/\/moverdb.com\/cs\/wp-json\/wp\/v2\/media?parent=10244"}],"curies":[{"name":"wp","href":"https:\/\/api.w.org\/{rel}","templated":true}]}}