{"id":10242,"date":"2023-06-22T15:43:24","date_gmt":"2023-06-22T15:43:24","guid":{"rendered":"https:\/\/moverdb.com\/?page_id=10242"},"modified":"2026-01-08T15:24:54","modified_gmt":"2026-01-08T15:24:54","slug":"moving-companies-uganda","status":"publish","type":"page","link":"https:\/\/moverdb.com\/cs\/moving-companies\/moving-companies-uganda\/","title":{"rendered":"4 Nejlep\u0161\u00ed mezin\u00e1rodn\u00ed st\u011bhovac\u00ed spole\u010dnosti v Ugand\u011b"},"content":{"rendered":"<p>St\u011bhov\u00e1n\u00ed va\u0161eho domova nebo firmy v r\u00e1mci Ugandy, do Ugandy a z Ugandy m\u016f\u017ee b\u00fdt komplikovan\u00e9, a proto je t\u0159eba vyu\u017e\u00edt pomoci asisten\u010dn\u00ed slu\u017eby. <a href=\"https:\/\/moverdb.com\/cs\/moving-companies\/\" data-internallinksmanager029f6b8e52c=\"79\" title=\"Top 25 Mezin\u00e1rodn\u00ed st\u011bhovac\u00ed spole\u010dnosti Online\">st\u011bhovac\u00ed spole\u010dnost<\/a> m\u016f\u017ee m\u00edt velk\u00fd v\u00fdznam. Mohou v\u00e1m pomoci s balen\u00edm, p\u0159\u00edpravou p\u0159epravy a manipulac\u00ed p\u0159i dovozu\/v\u00fdvozu. N\u00ed\u017ee jsme sestavili seznam firem se s\u00eddlem v Ugand\u011b. <a href=\"https:\/\/moverdb.com\/cs\/international-removals\/\" data-internallinksmanager029f6b8e52c=\"27\" title=\"36 nejlep\u0161\u00edch mezin\u00e1rodn\u00edch st\u011bhovac\u00edch spole\u010dnost\u00ed ve Velk\u00e9 Brit\u00e1nii\">st\u011bhovac\u00ed firmy<\/a> kter\u00e9 jsou \u010dleny <a href=\"https:\/\/moverdb.com\/cs\/iam\/\" data-internallinksmanager029f6b8e52c=\"23\" title=\"Vysv\u011btlen\u00ed Mezin\u00e1rodn\u00ed asociace st\u011bhov\u00e1k\u016f (IAM)\">Mezin\u00e1rodn\u00ed asociace st\u011bhov\u00e1k\u016f<\/a> (IAM) a\/nebo <a href=\"https:\/\/moverdb.com\/cs\/fidi-faim\/\" data-internallinksmanager029f6b8e52c=\"16\" title=\"Vysv\u011btlen\u00ed FIDI a FAIM (FIDI Accredited International Mover)\">FIDI<\/a> Akreditovan\u00e9 mezin\u00e1rodn\u00ed st\u011bhov\u00e1n\u00ed (FAIM), kter\u00e9 by v\u00e1m mohlo pomoci se st\u011bhov\u00e1n\u00edm.<\/p>\n<div id=\"ez-toc-container\" class=\"ez-toc-v2_0_82_2 ez-toc-wrap-left counter-hierarchy ez-toc-counter ez-toc-transparent ez-toc-container-direction\">\n<div class=\"ez-toc-title-container\">\n<p class=\"ez-toc-title\" style=\"cursor:inherit\">Sekce<\/p>\n<span class=\"ez-toc-title-toggle\"><a href=\"#\" class=\"ez-toc-pull-right ez-toc-btn ez-toc-btn-xs ez-toc-btn-default ez-toc-toggle\" aria-label=\"P\u0159epnut\u00ed tabulky obsahu\"><span class=\"ez-toc-js-icon-con\"><span class=\"\"><span class=\"eztoc-hide\" style=\"display:none;\">P\u0159ep\u00edna\u010d<\/span><span class=\"ez-toc-icon-toggle-span\"><svg style=\"fill: #999;color:#999\" xmlns=\"http:\/\/www.w3.org\/2000\/svg\" class=\"list-377408\" width=\"20px\" height=\"20px\" viewbox=\"0 0 24 24\" fill=\"none\"><path d=\"M6 6H4v2h2V6zm14 0H8v2h12V6zM4 11h2v2H4v-2zm16 0H8v2h12v-2zM4 16h2v2H4v-2zm16 0H8v2h12v-2z\" fill=\"currentColor\"><\/path><\/svg><svg style=\"fill: #999;color:#999\" class=\"arrow-unsorted-368013\" xmlns=\"http:\/\/www.w3.org\/2000\/svg\" width=\"10px\" height=\"10px\" viewbox=\"0 0 24 24\" version=\"1.2\" baseprofile=\"tiny\"><path d=\"M18.2 9.3l-6.2-6.3-6.2 6.3c-.2.2-.3.4-.3.7s.1.5.3.7c.2.2.4.3.7.3h11c.3 0 .5-.1.7-.3.2-.2.3-.5.3-.7s-.1-.5-.3-.7zM5.8 14.7l6.2 6.3 6.2-6.3c.2-.2.3-.5.3-.7s-.1-.5-.3-.7c-.2-.2-.4-.3-.7-.3h-11c-.3 0-.5.1-.7.3-.2.2-.3.5-.3.7s.1.5.3.7z\"\/><\/svg><\/span><\/span><\/span><\/a><\/span><\/div>\n<nav><ul class='ez-toc-list ez-toc-list-level-1 eztoc-toggle-hide-by-default' ><li class='ez-toc-page-1 ez-toc-heading-level-2'><a class=\"ez-toc-link ez-toc-heading-1\" href=\"https:\/\/moverdb.com\/cs\/moving-companies\/moving-companies-uganda\/#1_JVK\" >1. JVK<\/a><\/li><li class='ez-toc-page-1 ez-toc-heading-level-2'><a class=\"ez-toc-link ez-toc-heading-2\" href=\"https:\/\/moverdb.com\/cs\/moving-companies\/moving-companies-uganda\/#2_Nellions\" >2. Nellions<\/a><\/li><li class='ez-toc-page-1 ez-toc-heading-level-2'><a class=\"ez-toc-link ez-toc-heading-3\" href=\"https:\/\/moverdb.com\/cs\/moving-companies\/moving-companies-uganda\/#3_Uni_Movers\" >3. Uni Movers<\/a><\/li><li class='ez-toc-page-1 ez-toc-heading-level-2'><a class=\"ez-toc-link ez-toc-heading-4\" href=\"https:\/\/moverdb.com\/cs\/moving-companies\/moving-companies-uganda\/#4_Worldwide_Movers_Africa\" >4. Celosv\u011btov\u00e9 st\u011bhov\u00e1n\u00ed Afrika<\/a><\/li><\/ul><\/nav><\/div>\n<h2><span class=\"ez-toc-section\" id=\"1_JVK\"><\/span><strong>1. JVK<\/strong><span class=\"ez-toc-section-end\"><\/span><\/h2>\n<p><img loading=\"lazy\" decoding=\"async\" class=\"alignnone size-full wp-image-10144\" src=\"https:\/\/moverdb.com\/wp-content\/uploads\/JVK-Uganda-international-moving-company.png\" alt=\"JVK Uganda mezin\u00e1rodn\u00ed st\u011bhov\u00e1n\u00ed spole\u010dnost\" width=\"1440\" height=\"680\" data-wp-pid=\"10144\" srcset=\"https:\/\/moverdb.com\/wp-content\/uploads\/JVK-Uganda-international-moving-company.png 1440w, https:\/\/moverdb.com\/wp-content\/uploads\/JVK-Uganda-international-moving-company-300x142.png 300w, https:\/\/moverdb.com\/wp-content\/uploads\/JVK-Uganda-international-moving-company-1024x484.png 1024w, https:\/\/moverdb.com\/wp-content\/uploads\/JVK-Uganda-international-moving-company-18x9.png 18w, https:\/\/moverdb.com\/wp-content\/uploads\/JVK-Uganda-international-moving-company-600x283.png 600w\" sizes=\"auto, (max-width: 1440px) 100vw, 1440px\" \/><\/p>\n<ul>\n<li>St\u011bhov\u00e1n\u00ed na n\u00e1rodn\u00ed \u00farovni<\/li>\n<li>Mezin\u00e1rodn\u00ed p\u0159esuny<\/li>\n<li>St\u011bhov\u00e1n\u00ed dom\u00e1cnost\u00ed<\/li>\n<li>St\u011bhov\u00e1n\u00ed kancel\u00e1\u0159\u00ed<\/li>\n<li>Balic\u00ed slu\u017eba<\/li>\n<li>Silni\u010dn\u00ed, n\u00e1mo\u0159n\u00ed a leteck\u00e1 p\u0159eprava<\/li>\n<li>Podpora dokumentace<\/li>\n<li><a href=\"https:\/\/moverdb.com\/cs\/car-transport-shipping\/\" data-internallinksmanager029f6b8e52c=\"2\" title=\"2026 Mezin\u00e1rodn\u00ed p\u0159eprava automobil\u016f &amp; P\u0159eprava vozidel Citace\">P\u0159eprava vozidel<\/a><\/li>\n<li>Poji\u0161t\u011bn\u00ed v\u0161ech rizik<\/li>\n<li>Zabezpe\u010den\u00e9 skladov\u00e1n\u00ed<\/li>\n<\/ul>\n<p>JVK je mezin\u00e1rodn\u00ed st\u011bhovac\u00ed spole\u010dnost zalo\u017een\u00e1 v roce 1979 v Bangkoku s v\u00edce ne\u017e 50 pobo\u010dkami v Africe, Asii a Tichomo\u0159\u00ed v\u010detn\u011b ugandsk\u00e9 Kampaly. V oblastech, kde nep\u016fsob\u00ed, m\u00e1 sty\u010dn\u00e9 kancel\u00e1\u0159e a preferovan\u00e9 st\u011bhovac\u00ed partnery. Je \u010dlenem IAM.<\/p>\n<p>Spole\u010dnost JVK nab\u00edz\u00ed p\u0159edst\u011bhovac\u00ed pr\u016fzkum, kter\u00fd zhodnot\u00ed va\u0161e po\u017eadavky na balen\u00ed a vytvo\u0159\u00ed n\u00e1vrh st\u011bhov\u00e1n\u00ed od dve\u0159\u00ed ke dve\u0159\u00edm. Zabal\u00ed a zabal\u00ed va\u0161e v\u011bci pro bezpe\u010dnou p\u0159epravu s pou\u017eit\u00edm vysoce kvalitn\u00edch balic\u00edch materi\u00e1l\u016f a speci\u00e1ln\u00edch beden pro k\u0159ehk\u00e9 p\u0159edm\u011bty. Zajist\u00ed p\u0159epravu po zemi, po mo\u0159i nebo letecky na m\u00edsto ur\u010den\u00ed, p\u0159i\u010dem\u017e budou poji\u0161t\u011bny proti v\u0161em rizik\u016fm a bude v\u00e1m poskytnuta celn\u00ed podpora.<\/p>\n<p>Webov\u00e9 str\u00e1nky: <a href=\"https:\/\/jvkafrica.com\/country\/uganda\/\" target=\"_blank\" rel=\"noopener\">https:\/\/jvkafrica.com\/country\/uganda\/<\/a><\/p>\n<h2><span class=\"ez-toc-section\" id=\"2_Nellions\"><\/span><strong>2. Nellions<\/strong><span class=\"ez-toc-section-end\"><\/span><\/h2>\n<p><img loading=\"lazy\" decoding=\"async\" class=\"alignnone size-full wp-image-10164\" src=\"https:\/\/moverdb.com\/wp-content\/uploads\/Nellions-Uganda-international-moving-company.png\" alt=\"Nellions Uganda mezin\u00e1rodn\u00ed st\u011bhov\u00e1n\u00ed spole\u010dnost\" width=\"1440\" height=\"681\" data-wp-pid=\"10164\" srcset=\"https:\/\/moverdb.com\/wp-content\/uploads\/Nellions-Uganda-international-moving-company.png 1440w, https:\/\/moverdb.com\/wp-content\/uploads\/Nellions-Uganda-international-moving-company-300x142.png 300w, https:\/\/moverdb.com\/wp-content\/uploads\/Nellions-Uganda-international-moving-company-1024x484.png 1024w, https:\/\/moverdb.com\/wp-content\/uploads\/Nellions-Uganda-international-moving-company-18x9.png 18w, https:\/\/moverdb.com\/wp-content\/uploads\/Nellions-Uganda-international-moving-company-600x284.png 600w\" sizes=\"auto, (max-width: 1440px) 100vw, 1440px\" \/><\/p>\n<ul>\n<li>M\u00edstn\u00ed a vnitrost\u00e1tn\u00ed p\u0159esuny<\/li>\n<li>Mezin\u00e1rodn\u00ed st\u011bhov\u00e1n\u00ed<\/li>\n<li>St\u011bhov\u00e1n\u00ed dom\u00e1cnost\u00ed<\/li>\n<li>St\u011bhov\u00e1n\u00ed kancel\u00e1\u0159\u00ed<\/li>\n<li>Individu\u00e1ln\u00ed slu\u017eby<\/li>\n<li>Slu\u017eba od dve\u0159\u00ed ke dve\u0159\u00edm<\/li>\n<li>Leteck\u00e1, n\u00e1mo\u0159n\u00ed a silni\u010dn\u00ed n\u00e1kladn\u00ed doprava<\/li>\n<li>Celn\u00ed podpora<\/li>\n<li>P\u0159em\u00edst\u011bn\u00ed vozidla<\/li>\n<li>Skladovac\u00ed slu\u017eby<\/li>\n<\/ul>\n<p>Nellions je st\u011bhov\u00e1n\u00ed a p\u0159em\u00edst\u011bn\u00ed spole\u010dnost, kter\u00e1 m\u00e1 kancel\u00e1\u0159e v <a href=\"https:\/\/moverdb.com\/cs\/moving-companies\/moving-companies-kenya\/\" data-internallinksmanager029f6b8e52c=\"305\" title=\"4 Nejlep\u0161\u00ed mezin\u00e1rodn\u00ed st\u011bhov\u00e1n\u00ed spole\u010dnosti v Keni\">Ke\u0148a<\/a> a Ugand\u011b. Ugandsk\u00e1 kancel\u00e1\u0159 se nach\u00e1z\u00ed v Kampale a byla zalo\u017eena v roce 2015. Spolupracuj\u00ed s d\u016fv\u011bryhodn\u00fdmi partnery, kte\u0159\u00ed byli prov\u011b\u0159eni pro poskytov\u00e1n\u00ed slu\u017eeb mimo Ugandu. Jsou \u010dlenem IAM se \u010dty\u0159let\u00fdm p\u016fsoben\u00edm.<\/p>\n<p>Spole\u010dnost Nellions poskytuje individu\u00e1ln\u00ed st\u011bhovac\u00ed slu\u017eby s poradci pro st\u011bhov\u00e1n\u00ed, kte\u0159\u00ed v\u00e1s podpo\u0159\u00ed b\u011bhem cel\u00e9ho st\u011bhov\u00e1n\u00ed, po\u010d\u00ednaje osobn\u00edm nebo virtu\u00e1ln\u00edm posouzen\u00edm p\u0159ed st\u011bhov\u00e1n\u00edm. Poskytuj\u00ed slu\u017eby od dve\u0159\u00ed ke dve\u0159\u00edm, od dve\u0159\u00ed ke dve\u0159\u00edm<a href=\"https:\/\/moverdb.com\/cs\/top-49-container-ports\/\" data-internallinksmanager029f6b8e52c=\"80\" title=\"49 nejv\u011bt\u0161\u00edch a nejru\u0161n\u011bj\u0161\u00edch kontejnerov\u00fdch p\u0159\u00edstav\u016f v roce 2025\">p\u0159\u00edstav<\/a> a mo\u017enosti p\u0159epravy z p\u0159\u00edstavu do p\u0159\u00edstavu letecky, po mo\u0159i a po silnici s celn\u00ed podporou. Nab\u00edzej\u00ed pln\u00e9 a m\u00e9n\u011b ne\u017e pln\u00e9 kontejnery a mo\u017enosti sb\u011brn\u00e9 p\u0159epravy.<\/p>\n<p>Webov\u00e9 str\u00e1nky: <a href=\"https:\/\/nellions.co.ug\/\" target=\"_blank\" rel=\"noopener\">https:\/\/nellions.co.ug\/<\/a><\/p>\n<h2><span class=\"ez-toc-section\" id=\"3_Uni_Movers\"><\/span><strong>3. Uni Movers<\/strong><span class=\"ez-toc-section-end\"><\/span><\/h2>\n<p><img loading=\"lazy\" decoding=\"async\" class=\"alignnone size-full wp-image-10199\" src=\"https:\/\/moverdb.com\/wp-content\/uploads\/Uni-Movers-international-moving-company.png\" alt=\"Uni Movers mezin\u00e1rodn\u00ed st\u011bhov\u00e1n\u00ed spole\u010dnost\" width=\"1440\" height=\"670\" data-wp-pid=\"10199\" srcset=\"https:\/\/moverdb.com\/wp-content\/uploads\/Uni-Movers-international-moving-company.png 1440w, https:\/\/moverdb.com\/wp-content\/uploads\/Uni-Movers-international-moving-company-300x140.png 300w, https:\/\/moverdb.com\/wp-content\/uploads\/Uni-Movers-international-moving-company-1024x476.png 1024w, https:\/\/moverdb.com\/wp-content\/uploads\/Uni-Movers-international-moving-company-18x8.png 18w, https:\/\/moverdb.com\/wp-content\/uploads\/Uni-Movers-international-moving-company-600x279.png 600w\" sizes=\"auto, (max-width: 1440px) 100vw, 1440px\" \/><\/p>\n<ul>\n<li>Vnitrost\u00e1tn\u00ed st\u011bhov\u00e1n\u00ed<\/li>\n<li>Mezin\u00e1rodn\u00ed st\u011bhov\u00e1n\u00ed<\/li>\n<li>St\u011bhov\u00e1n\u00ed obytn\u00fdch budov<\/li>\n<li>St\u011bhov\u00e1n\u00ed firem<\/li>\n<li>Balic\u00ed slu\u017eba<\/li>\n<li>Silni\u010dn\u00ed, n\u00e1mo\u0159n\u00ed a leteck\u00e1 doprava<\/li>\n<li>Celn\u00ed odbaven\u00ed<\/li>\n<li>P\u0159em\u00edst\u011bn\u00ed vozidla<\/li>\n<li>Poji\u0161t\u011bn\u00ed<\/li>\n<li>Kr\u00e1tkodob\u00e9 a dlouhodob\u00e9 skladov\u00e1n\u00ed<\/li>\n<\/ul>\n<p>Uni Movers je balic\u00ed a st\u011bhovac\u00ed spole\u010dnost, kter\u00e1 nab\u00edz\u00ed vnitrost\u00e1tn\u00ed st\u011bhov\u00e1n\u00ed a mezin\u00e1rodn\u00ed st\u011bhov\u00e1n\u00ed a s\u00eddl\u00ed v Kampale. Je \u010dlenem IAM s 16letou prax\u00ed, co\u017e jim umo\u017e\u0148uje p\u0159\u00edstup do mezin\u00e1rodn\u00ed s\u00edt\u011b st\u011bhovac\u00edch spole\u010dnost\u00ed.<\/p>\n<p>Spole\u010dnost Uni Movers nab\u00edz\u00ed st\u011bhovac\u00ed slu\u017eby pro dom\u00e1cnosti a firmy, kter\u00e9 mohou zahrnovat i p\u0159epravu va\u0161ich vozidel. Pomohou v\u00e1m se v\u0161emi aspekty st\u011bhov\u00e1n\u00ed, v\u010detn\u011b bezpe\u010dn\u00e9ho zabalen\u00ed v\u011bc\u00ed, zaji\u0161t\u011bn\u00ed p\u0159epravy a celn\u00edho odbaven\u00ed. Nab\u00edzej\u00ed dal\u0161\u00ed slu\u017eby, kter\u00e9 zahrnuj\u00ed komun\u00e1ln\u00ed slu\u017eby, elektroinstala\u010dn\u00ed a instalat\u00e9rsk\u00e9 slu\u017eby, domovn\u00ed prohl\u00eddky, deratizaci, \u00faklidov\u00e9 slu\u017eby, poji\u0161t\u011bn\u00ed a skladov\u00e1n\u00ed.<\/p>\n<p>Webov\u00e9 str\u00e1nky: <a href=\"https:\/\/www.unimoversug.com\/\" target=\"_blank\" rel=\"noopener\">https:\/\/www.unimoversug.com\/<\/a><\/p>\n<h2><span class=\"ez-toc-section\" id=\"4_Worldwide_Movers_Africa\"><\/span><strong>4. Celosv\u011btov\u00e9 st\u011bhov\u00e1n\u00ed Afrika<\/strong><span class=\"ez-toc-section-end\"><\/span><\/h2>\n<p><img loading=\"lazy\" decoding=\"async\" class=\"alignnone size-full wp-image-10208\" src=\"https:\/\/moverdb.com\/wp-content\/uploads\/Worldwide-Movers-Africa-Uganda-international-moving-company.png\" alt=\"Worldwide Movers Afrika Uganda mezin\u00e1rodn\u00ed st\u011bhov\u00e1n\u00ed spole\u010dnost\" width=\"1440\" height=\"682\" data-wp-pid=\"10208\" srcset=\"https:\/\/moverdb.com\/wp-content\/uploads\/Worldwide-Movers-Africa-Uganda-international-moving-company.png 1440w, https:\/\/moverdb.com\/wp-content\/uploads\/Worldwide-Movers-Africa-Uganda-international-moving-company-300x142.png 300w, https:\/\/moverdb.com\/wp-content\/uploads\/Worldwide-Movers-Africa-Uganda-international-moving-company-1024x485.png 1024w, https:\/\/moverdb.com\/wp-content\/uploads\/Worldwide-Movers-Africa-Uganda-international-moving-company-18x9.png 18w, https:\/\/moverdb.com\/wp-content\/uploads\/Worldwide-Movers-Africa-Uganda-international-moving-company-600x284.png 600w\" sizes=\"auto, (max-width: 1440px) 100vw, 1440px\" \/><\/p>\n<ul>\n<li>M\u00edstn\u00ed a vnitrost\u00e1tn\u00ed p\u0159esuny<\/li>\n<li>Mezin\u00e1rodn\u00ed p\u0159esuny<\/li>\n<li>St\u011bhov\u00e1n\u00ed dom\u00e1cnost\u00ed<\/li>\n<li>St\u011bhov\u00e1n\u00ed kancel\u00e1\u0159\u00ed<\/li>\n<li>Balic\u00ed slu\u017eba<\/li>\n<li>Silni\u010dn\u00ed, n\u00e1mo\u0159n\u00ed a leteck\u00e1 doprava<\/li>\n<li>Celn\u00ed odbaven\u00ed<\/li>\n<li>P\u0159em\u00edst\u011bn\u00ed dom\u00e1c\u00edho mazl\u00ed\u010dka<\/li>\n<li>Poji\u0161t\u011bn\u00ed<\/li>\n<li>Skladovac\u00ed prostory<\/li>\n<\/ul>\n<p>Worldwide Movers Africa je mezin\u00e1rodn\u00ed st\u011bhovac\u00ed spole\u010dnost zalo\u017een\u00e1 v Tanzanii v roce 1993 s pobo\u010dkami v 16 africk\u00fdch zem\u00edch v\u010detn\u011b Kampaly v Ugand\u011b, kter\u00e1 byla otev\u0159ena v roce 1997. M\u00e1 s\u00ed\u0165 agenturn\u00edch partner\u016f, kte\u0159\u00ed ji podporuj\u00ed p\u0159i mezin\u00e1rodn\u00edch st\u011bhov\u00e1n\u00edch. Jsou \u010dlenem IAM s 26letou tradic\u00ed a jsou akreditov\u00e1ni FIDI.<\/p>\n<p>Worldwide Movers Africa nab\u00edz\u00ed st\u011bhovac\u00ed slu\u017eby od dve\u0159\u00ed ke dve\u0159\u00edm s profesion\u00e1ln\u011b vy\u0161kolen\u00fdmi balic\u00edmi pracovn\u00edky, kte\u0159\u00ed pou\u017e\u00edvaj\u00ed vysoce kvalitn\u00ed balic\u00ed materi\u00e1ly k ochran\u011b va\u0161ich v\u011bc\u00ed. Zajist\u00ed bezpe\u010dnou p\u0159epravu va\u0161ich v\u011bc\u00ed po silnici, po mo\u0159i nebo letecky s celn\u00edm odbaven\u00edm a poji\u0161t\u011bn\u00edm. Poskytuj\u00ed tak\u00e9 podporu p\u0159i st\u011bhov\u00e1n\u00ed va\u0161eho dom\u00e1c\u00edho mazl\u00ed\u010dka, hled\u00e1n\u00ed ubytov\u00e1n\u00ed a \u0161kol a orientaci.<\/p>\n<p>Webov\u00e9 str\u00e1nky: <a href=\"https:\/\/www.worldwidemoversafrica.com\/\" target=\"_blank\" rel=\"noopener\">https:\/\/www.worldwidemoversafrica.com\/<\/a><\/p>","protected":false},"excerpt":{"rendered":"<p>Moving your home or company within, to and from Uganda can be complicated so enlisting the assistance of a moving company can make a big difference. They can assist with packing, transport arrangements and import\/export handling. Below we have compiled a list of Uganda based removal companies that are members of the International Association of [&hellip;]<\/p>\n","protected":false},"author":4,"featured_media":10144,"parent":190,"menu_order":0,"comment_status":"closed","ping_status":"closed","template":"","meta":{"_genesis_hide_title":false,"_genesis_hide_breadcrumbs":false,"_genesis_hide_singular_image":false,"_genesis_hide_footer_widgets":false,"_genesis_custom_body_class":"","_genesis_custom_post_class":"","_genesis_layout":"","footnotes":""},"class_list":{"0":"post-10242","1":"page","2":"type-page","3":"status-publish","4":"has-post-thumbnail","6":"entry"},"_links":{"self":[{"href":"https:\/\/moverdb.com\/cs\/wp-json\/wp\/v2\/pages\/10242","targetHints":{"allow":["GET"]}}],"collection":[{"href":"https:\/\/moverdb.com\/cs\/wp-json\/wp\/v2\/pages"}],"about":[{"href":"https:\/\/moverdb.com\/cs\/wp-json\/wp\/v2\/types\/page"}],"author":[{"embeddable":true,"href":"https:\/\/moverdb.com\/cs\/wp-json\/wp\/v2\/users\/4"}],"replies":[{"embeddable":true,"href":"https:\/\/moverdb.com\/cs\/wp-json\/wp\/v2\/comments?post=10242"}],"version-history":[{"count":1,"href":"https:\/\/moverdb.com\/cs\/wp-json\/wp\/v2\/pages\/10242\/revisions"}],"predecessor-version":[{"id":10243,"href":"https:\/\/moverdb.com\/cs\/wp-json\/wp\/v2\/pages\/10242\/revisions\/10243"}],"up":[{"embeddable":true,"href":"https:\/\/moverdb.com\/cs\/wp-json\/wp\/v2\/pages\/190"}],"wp:featuredmedia":[{"embeddable":true,"href":"https:\/\/moverdb.com\/cs\/wp-json\/wp\/v2\/media\/10144"}],"wp:attachment":[{"href":"https:\/\/moverdb.com\/cs\/wp-json\/wp\/v2\/media?parent=10242"}],"curies":[{"name":"wp","href":"https:\/\/api.w.org\/{rel}","templated":true}]}}