{"id":10238,"date":"2023-06-22T15:45:17","date_gmt":"2023-06-22T15:45:17","guid":{"rendered":"https:\/\/moverdb.com\/?page_id=10238"},"modified":"2026-01-08T15:30:24","modified_gmt":"2026-01-08T15:30:24","slug":"moving-companies-tunisia","status":"publish","type":"page","link":"https:\/\/moverdb.com\/cs\/moving-companies\/moving-companies-tunisia\/","title":{"rendered":"Nejlep\u0161\u00ed mezin\u00e1rodn\u00ed st\u011bhovac\u00ed spole\u010dnosti v Tunisku"},"content":{"rendered":"<p>\u0158\u00edzen\u00ed vnitrost\u00e1tn\u00edho nebo mezin\u00e1rodn\u00edho st\u011bhov\u00e1n\u00ed m\u016f\u017ee b\u00fdt slo\u017eit\u00e9 a stresuj\u00edc\u00ed, proto\u017ee je t\u0159eba vy\u0159\u00eddit mnoho v\u011bc\u00ed. Vyu\u017eit\u00ed slu\u017eeb <a href=\"https:\/\/moverdb.com\/cs\/moving-companies\/\" data-internallinksmanager029f6b8e52c=\"79\" title=\"Top 25 Mezin\u00e1rodn\u00ed st\u011bhovac\u00ed spole\u010dnosti Online\">st\u011bhovac\u00ed spole\u010dnost<\/a> v\u00e1m m\u016f\u017ee pomoci v ka\u017ed\u00e9m aspektu va\u0161eho st\u011bhov\u00e1n\u00ed. N\u00ed\u017ee jsme pro v\u00e1s p\u0159ipravili seznam firem se s\u00eddlem v Tunisku. <a href=\"https:\/\/moverdb.com\/cs\/international-removals\/\" data-internallinksmanager029f6b8e52c=\"27\" title=\"36 nejlep\u0161\u00edch mezin\u00e1rodn\u00edch st\u011bhovac\u00edch spole\u010dnost\u00ed ve Velk\u00e9 Brit\u00e1nii\">st\u011bhovac\u00ed firmy<\/a> kter\u00e9 jsou \u010dleny <a href=\"https:\/\/moverdb.com\/cs\/iam\/\" data-internallinksmanager029f6b8e52c=\"23\" title=\"Vysv\u011btlen\u00ed Mezin\u00e1rodn\u00ed asociace st\u011bhov\u00e1k\u016f (IAM)\">Mezin\u00e1rodn\u00ed asociace st\u011bhov\u00e1k\u016f<\/a> (IAM) a\/nebo <a href=\"https:\/\/moverdb.com\/cs\/fidi-faim\/\" data-internallinksmanager029f6b8e52c=\"16\" title=\"Vysv\u011btlen\u00ed FIDI a FAIM (FIDI Accredited International Mover)\">FIDI<\/a> Akreditovan\u00e9 mezin\u00e1rodn\u00ed st\u011bhov\u00e1n\u00ed (FAIM), kter\u00e9 by v\u00e1m mohlo pomoci se st\u011bhov\u00e1n\u00edm.<\/p>\n<h2><strong>Dar Inter<\/strong><\/h2>\n<p><img loading=\"lazy\" decoding=\"async\" class=\"alignnone size-full wp-image-10097\" src=\"https:\/\/moverdb.com\/wp-content\/uploads\/Dar-Inter-international-moving-company.png\" alt=\"Dar Inter mezin\u00e1rodn\u00ed pohybuj\u00edc\u00ed se spole\u010dnost\" width=\"1440\" height=\"683\" data-wp-pid=\"10097\" srcset=\"https:\/\/moverdb.com\/wp-content\/uploads\/Dar-Inter-international-moving-company.png 1440w, https:\/\/moverdb.com\/wp-content\/uploads\/Dar-Inter-international-moving-company-300x142.png 300w, https:\/\/moverdb.com\/wp-content\/uploads\/Dar-Inter-international-moving-company-1024x486.png 1024w, https:\/\/moverdb.com\/wp-content\/uploads\/Dar-Inter-international-moving-company-18x9.png 18w, https:\/\/moverdb.com\/wp-content\/uploads\/Dar-Inter-international-moving-company-600x285.png 600w\" sizes=\"auto, (max-width: 1440px) 100vw, 1440px\" \/><\/p>\n<ul>\n<li>St\u011bhov\u00e1n\u00ed na n\u00e1rodn\u00ed \u00farovni<\/li>\n<li>Mezin\u00e1rodn\u00ed p\u0159esuny<\/li>\n<li>St\u011bhov\u00e1n\u00ed dom\u00e1cnost\u00ed<\/li>\n<li>\u0158e\u0161en\u00ed na m\u00edru<\/li>\n<li>Slu\u017eba od dve\u0159\u00ed ke dve\u0159\u00edm<\/li>\n<li>Balic\u00ed slu\u017eba<\/li>\n<li>Speci\u00e1ln\u00ed balen\u00ed<\/li>\n<li>Pozemn\u00ed, leteck\u00e1 nebo n\u00e1mo\u0159n\u00ed doprava<\/li>\n<li>Celn\u00ed odbaven\u00ed<\/li>\n<li>Skladovac\u00ed prostory<\/li>\n<\/ul>\n<p>Dar Inter je mezin\u00e1rodn\u00ed st\u011bhovac\u00ed spole\u010dnost zalo\u017een\u00e1 v roce 1998 se s\u00eddlem v Tunisu. M\u00e1 s\u00ed\u0165 vybran\u00fdch agent\u016f po cel\u00e9m sv\u011bt\u011b, kte\u0159\u00ed pokr\u00fdvaj\u00ed p\u011bt kontinent\u016f a pom\u00e1haj\u00ed j\u00ed poskytovat slu\u017eby na mezin\u00e1rodn\u00ed \u00farovni. Je \u010dlenem IAM s 25letou tradic\u00ed.<\/p>\n<p>Spole\u010dnost Dar Inter nab\u00edz\u00ed bezplatn\u00fd odhad st\u011bhov\u00e1n\u00ed na m\u00edst\u011b a posouzen\u00ed va\u0161ich pot\u0159eb. Nab\u00edz\u00ed slu\u017eby od dve\u0159\u00ed ke dve\u0159\u00edm, kter\u00e9 zahrnuj\u00ed bezpe\u010dn\u00e9 zabalen\u00ed va\u0161ich v\u011bc\u00ed pro p\u0159epravu kamkoli na sv\u011bt\u011b v kontejneru, n\u00e1kladn\u00edm aut\u011b nebo p\u0159\u00edv\u011bsu. Zajist\u00ed p\u0159epravu na m\u00edru n\u00e1kladn\u00edm autem, letecky nebo po mo\u0159i jako \u010d\u00e1ste\u010dn\u00fd nebo kompletn\u00ed n\u00e1klad s celn\u00edm odbaven\u00edm.<\/p>\n<p>Webov\u00e9 str\u00e1nky: <a href=\"http:\/\/www.dar-inter.com\" target=\"_blank\" rel=\"noopener\">http:\/\/www.dar-inter.com<\/a><\/p>","protected":false},"excerpt":{"rendered":"<p>Managing your move nationally or internationally can be complex and stressful as there is so much to do. Engaging the services of a moving company can help you in every aspect of your move. Below we have compiled a list of Tunisia based removal companies that are members of the International Association of Movers (IAM) [&hellip;]<\/p>\n","protected":false},"author":4,"featured_media":10097,"parent":190,"menu_order":0,"comment_status":"closed","ping_status":"closed","template":"","meta":{"_genesis_hide_title":false,"_genesis_hide_breadcrumbs":false,"_genesis_hide_singular_image":false,"_genesis_hide_footer_widgets":false,"_genesis_custom_body_class":"","_genesis_custom_post_class":"","_genesis_layout":"","footnotes":""},"class_list":{"0":"post-10238","1":"page","2":"type-page","3":"status-publish","4":"has-post-thumbnail","6":"entry"},"_links":{"self":[{"href":"https:\/\/moverdb.com\/cs\/wp-json\/wp\/v2\/pages\/10238","targetHints":{"allow":["GET"]}}],"collection":[{"href":"https:\/\/moverdb.com\/cs\/wp-json\/wp\/v2\/pages"}],"about":[{"href":"https:\/\/moverdb.com\/cs\/wp-json\/wp\/v2\/types\/page"}],"author":[{"embeddable":true,"href":"https:\/\/moverdb.com\/cs\/wp-json\/wp\/v2\/users\/4"}],"replies":[{"embeddable":true,"href":"https:\/\/moverdb.com\/cs\/wp-json\/wp\/v2\/comments?post=10238"}],"version-history":[{"count":1,"href":"https:\/\/moverdb.com\/cs\/wp-json\/wp\/v2\/pages\/10238\/revisions"}],"predecessor-version":[{"id":10239,"href":"https:\/\/moverdb.com\/cs\/wp-json\/wp\/v2\/pages\/10238\/revisions\/10239"}],"up":[{"embeddable":true,"href":"https:\/\/moverdb.com\/cs\/wp-json\/wp\/v2\/pages\/190"}],"wp:featuredmedia":[{"embeddable":true,"href":"https:\/\/moverdb.com\/cs\/wp-json\/wp\/v2\/media\/10097"}],"wp:attachment":[{"href":"https:\/\/moverdb.com\/cs\/wp-json\/wp\/v2\/media?parent=10238"}],"curies":[{"name":"wp","href":"https:\/\/api.w.org\/{rel}","templated":true}]}}