{"id":10229,"date":"2023-06-22T15:48:08","date_gmt":"2023-06-22T15:48:08","guid":{"rendered":"https:\/\/moverdb.com\/?page_id=10229"},"modified":"2026-01-08T15:30:22","modified_gmt":"2026-01-08T15:30:22","slug":"moving-companies-tanzania","status":"publish","type":"page","link":"https:\/\/moverdb.com\/cs\/moving-companies\/moving-companies-tanzania\/","title":{"rendered":"Nejlep\u0161\u00ed mezin\u00e1rodn\u00ed st\u011bhovac\u00ed spole\u010dnosti v Tanzanii"},"content":{"rendered":"<p>Pokud se st\u011bhujete v r\u00e1mci Tanzanie, do Tanzanie nebo z Tanzanie, mo\u017en\u00e1 budete cht\u00edt z\u00edskat pomoc od n\u011bjak\u00e9ho <a href=\"https:\/\/moverdb.com\/cs\/moving-companies\/\" data-internallinksmanager029f6b8e52c=\"79\" title=\"Top 25 Mezin\u00e1rodn\u00ed st\u011bhovac\u00ed spole\u010dnosti Online\">st\u011bhovac\u00ed spole\u010dnost<\/a> kter\u00fd v\u00e1m pom\u016f\u017ee s balen\u00edm, zaji\u0161t\u011bn\u00edm p\u0159epravy a vy\u0159\u00edzen\u00edm celn\u00edch formalit pro va\u0161e v\u011bci. N\u00ed\u017ee jsme sestavili seznam firem se s\u00eddlem v Tanzanii. <a href=\"https:\/\/moverdb.com\/cs\/international-removals\/\" data-internallinksmanager029f6b8e52c=\"27\" title=\"36 nejlep\u0161\u00edch mezin\u00e1rodn\u00edch st\u011bhovac\u00edch spole\u010dnost\u00ed ve Velk\u00e9 Brit\u00e1nii\">st\u011bhovac\u00ed firmy<\/a> kter\u00e9 jsou \u010dleny <a href=\"https:\/\/moverdb.com\/cs\/iam\/\" data-internallinksmanager029f6b8e52c=\"23\" title=\"Vysv\u011btlen\u00ed Mezin\u00e1rodn\u00ed asociace st\u011bhov\u00e1k\u016f (IAM)\">Mezin\u00e1rodn\u00ed asociace st\u011bhov\u00e1k\u016f<\/a> (IAM) a\/nebo <a href=\"https:\/\/moverdb.com\/cs\/fidi-faim\/\" data-internallinksmanager029f6b8e52c=\"16\" title=\"Vysv\u011btlen\u00ed FIDI a FAIM (FIDI Accredited International Mover)\">FIDI<\/a> Akreditovan\u00e9 mezin\u00e1rodn\u00ed st\u011bhov\u00e1n\u00ed (FAIM), kter\u00e9 by v\u00e1m mohlo pomoci se st\u011bhov\u00e1n\u00edm.<\/p>\n<h2><strong>Giraffe Intermovers &amp; Logistics<\/strong><\/h2>\n<figure id=\"attachment_10230\" aria-describedby=\"caption-attachment-10230\" style=\"width: 1440px\" class=\"wp-caption alignnone\"><img loading=\"lazy\" decoding=\"async\" class=\"size-full wp-image-10230\" src=\"https:\/\/moverdb.com\/wp-content\/uploads\/Giraffe-Intermovers-Logistics-international-moving-company.png\" alt=\"Giraffe Intermovers &amp; Logistics mezin\u00e1rodn\u00ed st\u011bhov\u00e1n\u00ed spole\u010dnost\" width=\"1440\" height=\"708\" data-wp-pid=\"10230\" srcset=\"https:\/\/moverdb.com\/wp-content\/uploads\/Giraffe-Intermovers-Logistics-international-moving-company.png 1440w, https:\/\/moverdb.com\/wp-content\/uploads\/Giraffe-Intermovers-Logistics-international-moving-company-300x148.png 300w, https:\/\/moverdb.com\/wp-content\/uploads\/Giraffe-Intermovers-Logistics-international-moving-company-1024x503.png 1024w, https:\/\/moverdb.com\/wp-content\/uploads\/Giraffe-Intermovers-Logistics-international-moving-company-18x9.png 18w, https:\/\/moverdb.com\/wp-content\/uploads\/Giraffe-Intermovers-Logistics-international-moving-company-600x295.png 600w\" sizes=\"auto, (max-width: 1440px) 100vw, 1440px\" \/><figcaption id=\"caption-attachment-10230\" class=\"wp-caption-text\">Giraffe Intermovers &amp; Logistics mezin\u00e1rodn\u00ed st\u011bhov\u00e1n\u00ed spole\u010dnost<\/figcaption><\/figure>\n<ul>\n<li>St\u011bhov\u00e1n\u00ed na n\u00e1rodn\u00ed \u00farovni<\/li>\n<li>Mezin\u00e1rodn\u00ed p\u0159esuny<\/li>\n<li>St\u011bhov\u00e1n\u00ed dom\u00e1cnost\u00ed<\/li>\n<li>St\u011bhov\u00e1n\u00ed kancel\u00e1\u0159\u00ed<\/li>\n<li>Balic\u00ed slu\u017eba<\/li>\n<li>Leteck\u00e1, n\u00e1mo\u0159n\u00ed nebo pozemn\u00ed p\u0159eprava<\/li>\n<li>Celn\u00ed odbaven\u00ed<\/li>\n<li>Destina\u010dn\u00ed slu\u017eby<\/li>\n<li>St\u011bhov\u00e1n\u00ed dom\u00e1c\u00edch mazl\u00ed\u010dk\u016f<\/li>\n<li>Skladovac\u00ed prostory<\/li>\n<\/ul>\n<p>Giraffe Intermovers &amp; Logistics je st\u011bhovac\u00ed spole\u010dnost se s\u00eddlem v Kinondoni, kter\u00e1 nab\u00edz\u00ed slu\u017eby pro dom\u00e1cnosti i firmy. Je \u010dlenem IAM se \u010dty\u0159letou prax\u00ed, co\u017e j\u00ed umo\u017e\u0148uje p\u0159\u00edstup do mezin\u00e1rodn\u00ed s\u00edt\u011b st\u011bhovac\u00edch firem.<\/p>\n<p>Giraffe Intermovers &amp; Logistics nab\u00edz\u00ed st\u011bhovac\u00ed slu\u017eby, kter\u00e9 v\u00e1m pomohou p\u0159i st\u011bhov\u00e1n\u00ed, v\u010detn\u011b poradenstv\u00ed p\u0159ed st\u011bhov\u00e1n\u00edm. Poskytuj\u00ed exportn\u00ed balic\u00ed slu\u017eby, kter\u00e9 spl\u0148uj\u00ed mezin\u00e1rodn\u00ed standardy. Zajist\u00ed leteckou, n\u00e1mo\u0159n\u00ed i pozemn\u00ed p\u0159epravu a pomohou s dovozn\u00edm a v\u00fdvozn\u00edm celn\u00edm odbaven\u00edm. <a href=\"https:\/\/moverdb.com\/cs\/top-49-container-ports\/\" data-internallinksmanager029f6b8e52c=\"80\" title=\"49 nejv\u011bt\u0161\u00edch a nejru\u0161n\u011bj\u0161\u00edch kontejnerov\u00fdch p\u0159\u00edstav\u016f v roce 2025\">p\u0159\u00edstav<\/a> z\u00fa\u010dtov\u00e1n\u00ed. V c\u00edlov\u00e9 destinaci zajist\u00ed vybalen\u00ed a nastaven\u00ed.<\/p>\n<p>Webov\u00e9 str\u00e1nky: <a href=\"http:\/\/giraffeintermovers.com\/\" target=\"_blank\" rel=\"noopener\">http:\/\/giraffeintermovers.com\/<\/a><\/p>","protected":false},"excerpt":{"rendered":"<p>If you are moving within, to or from Tanzania you might want to get some assistance from a moving company who can help you with packing, arranging shipment and customs formalities for your belongings. Below we have compiled a list of Tanzania based removal companies that are members of the International Association of Movers (IAM) [&hellip;]<\/p>\n","protected":false},"author":4,"featured_media":10230,"parent":190,"menu_order":0,"comment_status":"closed","ping_status":"closed","template":"","meta":{"_genesis_hide_title":false,"_genesis_hide_breadcrumbs":false,"_genesis_hide_singular_image":false,"_genesis_hide_footer_widgets":false,"_genesis_custom_body_class":"","_genesis_custom_post_class":"","_genesis_layout":"","footnotes":""},"class_list":{"0":"post-10229","1":"page","2":"type-page","3":"status-publish","4":"has-post-thumbnail","6":"entry"},"_links":{"self":[{"href":"https:\/\/moverdb.com\/cs\/wp-json\/wp\/v2\/pages\/10229","targetHints":{"allow":["GET"]}}],"collection":[{"href":"https:\/\/moverdb.com\/cs\/wp-json\/wp\/v2\/pages"}],"about":[{"href":"https:\/\/moverdb.com\/cs\/wp-json\/wp\/v2\/types\/page"}],"author":[{"embeddable":true,"href":"https:\/\/moverdb.com\/cs\/wp-json\/wp\/v2\/users\/4"}],"replies":[{"embeddable":true,"href":"https:\/\/moverdb.com\/cs\/wp-json\/wp\/v2\/comments?post=10229"}],"version-history":[{"count":1,"href":"https:\/\/moverdb.com\/cs\/wp-json\/wp\/v2\/pages\/10229\/revisions"}],"predecessor-version":[{"id":10231,"href":"https:\/\/moverdb.com\/cs\/wp-json\/wp\/v2\/pages\/10229\/revisions\/10231"}],"up":[{"embeddable":true,"href":"https:\/\/moverdb.com\/cs\/wp-json\/wp\/v2\/pages\/190"}],"wp:featuredmedia":[{"embeddable":true,"href":"https:\/\/moverdb.com\/cs\/wp-json\/wp\/v2\/media\/10230"}],"wp:attachment":[{"href":"https:\/\/moverdb.com\/cs\/wp-json\/wp\/v2\/media?parent=10229"}],"curies":[{"name":"wp","href":"https:\/\/api.w.org\/{rel}","templated":true}]}}