{"id":1570,"date":"2017-02-24T09:05:40","date_gmt":"2017-02-24T09:05:40","guid":{"rendered":"http:\/\/moverdb.com\/?page_id=1570"},"modified":"2026-01-08T15:20:24","modified_gmt":"2026-01-08T15:20:24","slug":"mudanzas-gou","status":"publish","type":"page","link":"https:\/\/moverdb.com\/bg\/mudanzas-gou\/","title":{"rendered":"Mudanzas Gou - \u041e\u0442\u0437\u0438\u0432\u0438 \u0437\u0430 \u043c\u0435\u0436\u0434\u0443\u043d\u0430\u0440\u043e\u0434\u043d\u043e \u043f\u0440\u0435\u043c\u0435\u0441\u0442\u0432\u0430\u043d\u0435"},"content":{"rendered":"<p>Mudanzas Gou \u0435 \u043c\u0435\u043a\u0441\u0438\u043a\u0430\u043d\u0441\u043a\u0438 <a href=\"https:\/\/moverdb.com\/bg\/moving-companies\/\" data-internallinksmanager029f6b8e52c=\"79\" title=\"\u0422\u043e\u043f 25 \u041c\u0435\u0436\u0434\u0443\u043d\u0430\u0440\u043e\u0434\u043d\u0438 \u043a\u043e\u043c\u043f\u0430\u043d\u0438\u0438 \u0437\u0430 \u043f\u0440\u0435\u043c\u0435\u0441\u0442\u0432\u0430\u043d\u0435 \u043e\u043d\u043b\u0430\u0439\u043d\">\u043a\u043e\u043c\u043f\u0430\u043d\u0438\u044f \u0437\u0430 \u043f\u0440\u0435\u043c\u0435\u0441\u0442\u0432\u0430\u043d\u0435<\/a> \u043a\u043e\u044f\u0442\u043e \u043f\u0440\u0435\u0434\u043b\u0430\u0433\u0430 \u043d\u0430 \u0441\u0432\u043e\u0438\u0442\u0435 \u043a\u043b\u0438\u0435\u043d\u0442\u0438 \u0448\u0438\u0440\u043e\u043a\u0430 \u0433\u0430\u043c\u0430 \u043e\u0442 \u0443\u0441\u043b\u0443\u0433\u0438, \u0438\u0437\u0431\u0440\u043e\u0435\u043d\u0438 \u043f\u043e-\u0434\u043e\u043b\u0443, \u0437\u0430\u0435\u0434\u043d\u043e \u0441 \u043f\u0440\u043e\u0444\u0438\u043b \u043d\u0430 \u043a\u043e\u043c\u043f\u0430\u043d\u0438\u044f\u0442\u0430 \u0438 \u043e\u0442\u0437\u0438\u0432\u0438.<\/p>\n<p><strong>\u041c\u0435\u0436\u0434\u0443\u043d\u0430\u0440\u043e\u0434\u043d\u0438 \u043f\u0440\u0435\u043c\u0435\u0441\u0442\u0432\u0430\u043d\u0438\u044f<\/strong><\/p>\n<ul>\n<li> \u041e\u0442 \u0432\u0440\u0430\u0442\u0430 \u0434\u043e \u0432\u0440\u0430\u0442\u0430<\/li>\n<li> \u041f\u044a\u043b\u043d\u0430 \u0443\u0441\u043b\u0443\u0433\u0430 \u0437\u0430 \u043e\u043f\u0430\u043a\u043e\u0432\u0430\u043d\u0435, \u043e\u043f\u0430\u043a\u043e\u0432\u0430\u043d\u0435 \u043d\u0430 \u0447\u0443\u043f\u043b\u0438\u0432\u0438 \u043f\u0440\u0435\u0434\u043c\u0435\u0442\u0438 \u0438\u043b\u0438 \u043e\u043f\u0430\u043a\u043e\u0432\u0430\u043d\u0435 \"\u041d\u0430\u043f\u0440\u0430\u0432\u0438 \u0441\u0438 \u0441\u0430\u043c<\/li>\n<li> \u0420\u0430\u0437\u0433\u043b\u043e\u0431\u044f\u0432\u0430\u043d\u0435 \u0438 \u0441\u0433\u043b\u043e\u0431\u044f\u0432\u0430\u043d\u0435 \u043d\u0430 \u043c\u0435\u0431\u0435\u043b\u0438<\/li>\n<li> \u041c\u0438\u0442\u043d\u0438\u0447\u0435\u0441\u043a\u043e \u043e\u0444\u043e\u0440\u043c\u044f\u043d\u0435 \u0438 \u0441\u044a\u0434\u0435\u0439\u0441\u0442\u0432\u0438\u0435 \u043f\u0440\u0438 \u043e\u0444\u043e\u0440\u043c\u044f\u043d\u0435 \u043d\u0430 \u0434\u043e\u043a\u0443\u043c\u0435\u043d\u0442\u0438\u0442\u0435<\/li>\n<li> \u041e\u0440\u0433\u0430\u043d\u0438\u0437\u0438\u0440\u0430\u043d\u0430 \u0437\u0430\u0441\u0442\u0440\u0430\u0445\u043e\u0432\u043a\u0430<\/li>\n<li> \u041d\u0430\u043b\u0438\u0447\u043d\u0430 \u0443\u0441\u043b\u0443\u0433\u0430 \u0437\u0430 \u0440\u0430\u0437\u043e\u043f\u0430\u043a\u043e\u0432\u0430\u043d\u0435<\/li>\n<li> \u0412\u044a\u0437\u043c\u043e\u0436\u043d\u043e\u0441\u0442 \u0437\u0430 \u043a\u0440\u0430\u0442\u043a\u043e\u0441\u0440\u043e\u0447\u043d\u043e \u0438 \u0434\u044a\u043b\u0433\u043e\u0441\u0440\u043e\u0447\u043d\u043e \u0441\u044a\u0445\u0440\u0430\u043d\u0435\u043d\u0438\u0435<\/li>\n<\/ul>\n<p><strong>\u0412\u044a\u0442\u0440\u0435\u0448\u043d\u0438 \u0438 \u0434\u0430\u043b\u0435\u0447\u043d\u0438 \u043f\u0440\u0435\u043c\u0435\u0441\u0442\u0432\u0430\u043d\u0438\u044f<\/strong><\/p>\n<ul>\n<li> \u041e\u0442 \u0432\u0440\u0430\u0442\u0430 \u0434\u043e \u0432\u0440\u0430\u0442\u0430<\/li>\n<li> \u041f\u044a\u043b\u043d\u0430 \u0443\u0441\u043b\u0443\u0433\u0430 \u0437\u0430 \u043e\u043f\u0430\u043a\u043e\u0432\u0430\u043d\u0435, \u043e\u043f\u0430\u043a\u043e\u0432\u0430\u043d\u0435 \u043d\u0430 \u0447\u0443\u043f\u043b\u0438\u0432\u0438 \u043f\u0440\u0435\u0434\u043c\u0435\u0442\u0438 \u0438\u043b\u0438 \u043e\u043f\u0430\u043a\u043e\u0432\u0430\u043d\u0435 \"\u041d\u0430\u043f\u0440\u0430\u0432\u0438 \u0441\u0438 \u0441\u0430\u043c<\/li>\n<li> \u0420\u0430\u0437\u0433\u043b\u043e\u0431\u044f\u0432\u0430\u043d\u0435 \u0438 \u0441\u0433\u043b\u043e\u0431\u044f\u0432\u0430\u043d\u0435 \u043d\u0430 \u043c\u0435\u0431\u0435\u043b\u0438<\/li>\n<li> \u041e\u0440\u0433\u0430\u043d\u0438\u0437\u0438\u0440\u0430\u043d\u0430 \u0437\u0430\u0441\u0442\u0440\u0430\u0445\u043e\u0432\u043a\u0430<\/li>\n<li> \u041d\u0430\u043b\u0438\u0447\u043d\u0430 \u0443\u0441\u043b\u0443\u0433\u0430 \u0437\u0430 \u0440\u0430\u0437\u043e\u043f\u0430\u043a\u043e\u0432\u0430\u043d\u0435<\/li>\n<li> \u041f\u0440\u0435\u0434\u043b\u0430\u0433\u0430 \u0441\u0435 \u0434\u044a\u043b\u0433\u043e\u0441\u0440\u043e\u0447\u043d\u043e \u0438 \u043a\u0440\u0430\u0442\u043a\u043e\u0441\u0440\u043e\u0447\u043d\u043e \u0441\u044a\u0445\u0440\u0430\u043d\u0435\u043d\u0438\u0435<\/li>\n<\/ul>\n<p><strong>\u0422\u044a\u0440\u0433\u043e\u0432\u0441\u043a\u0438 \u043f\u0440\u0435\u043c\u0435\u0441\u0442\u0432\u0430\u043d\u0438\u044f<\/strong><\/p>\n<ul>\n<li> \u041f\u0440\u0435\u043c\u0435\u0441\u0442\u0432\u0430\u043d\u0435 \u0441\u043b\u0435\u0434 \u0440\u0430\u0431\u043e\u0442\u043d\u043e \u0432\u0440\u0435\u043c\u0435<\/li>\n<li> \u041b\u043e\u0433\u0438\u0441\u0442\u0438\u0447\u0435\u043d \u043f\u043b\u0430\u043d<\/li>\n<li> \u041f\u0440\u0435\u043c\u0435\u0441\u0442\u0432\u0430\u043d\u0435 \u043d\u0430 \u0418\u0422<\/li>\n<li> \u0420\u0430\u0437\u0433\u043b\u043e\u0431\u044f\u0432\u0430\u043d\u0435 \u0438 \u0441\u0433\u043b\u043e\u0431\u044f\u0432\u0430\u043d\u0435 \u043d\u0430 \u0432\u0441\u0438\u0447\u043a\u0438 \u043c\u0435\u0431\u0435\u043b\u0438<\/li>\n<\/ul>\n<p><strong>\u0421\u043f\u0435\u0446\u0438\u0430\u043b\u0435\u043d \u0442\u0440\u0430\u043d\u0441\u043f\u043e\u0440\u0442 \u0438 \u0434\u043e\u0441\u0442\u0430\u0432\u043a\u0430<\/strong><\/p>\n<ul>\n<li> <a href=\"https:\/\/moverdb.com\/bg\/%d0%b0%d0%b2%d1%82%d0%be%d0%bc%d0%be%d0%b1%d0%b8%d0%bb%d0%b5%d0%bd-%d1%82%d1%80%d0%b0%d0%bd%d1%81%d0%bf%d0%be%d1%80%d1%82-%d0%b8%d0%b7%d0%bf%d1%80%d0%b0%d1%89%d0%b0%d0%bd%d0%b5\/\">\u0410\u0432\u0442\u043e\u043c\u043e\u0431\u0438\u043b\u0438<\/a><\/li>\n<li> Vans<\/li>\n<li> \u041c\u043e\u0442\u043e\u0446\u0438\u043a\u043b\u0435\u0442\u0438<\/li>\n<li> \u0411\u0440\u043e\u043d\u0438\u0440\u0430\u043d\u0438 \u043f\u0440\u0435\u0432\u043e\u0437\u043d\u0438 \u0441\u0440\u0435\u0434\u0441\u0442\u0432\u0430<\/li>\n<li> \u041f\u0440\u0435\u0432\u043e\u0437\u043d\u0438 \u0441\u0440\u0435\u0434\u0441\u0442\u0432\u0430 \u0437\u0430 \u0441\u044a\u0431\u0438\u0440\u0430\u043d\u0435<\/li>\n<li> \u0420\u0430\u0437\u043d\u043e\u043e\u0431\u0440\u0430\u0437\u043d\u0438 \u043c\u0430\u0448\u0438\u043d\u0438<\/li>\n<li> \u041c\u043e\u0442\u043e\u0440\u043d\u0438 \u043b\u043e\u0434\u043a\u0438<\/li>\n<li> \u0412\u0435\u0442\u0440\u043e\u0445\u043e\u0434\u043d\u0438 \u043b\u043e\u0434\u043a\u0438<\/li>\n<li> \u041c\u0435\u0434\u0438\u0446\u0438\u043d\u0441\u043a\u0438 \u043a\u043e\u043d\u0441\u0443\u043c\u0430\u0442\u0438\u0432\u0438 \u0438 \u0431\u043e\u043b\u043d\u0438\u0446\u0438<\/li>\n<li> \u041e\u0431\u0440\u0430\u0437\u043e\u0432\u0430\u0442\u0435\u043b\u043d\u0438 \u0438\u043d\u0441\u0442\u0438\u0442\u0443\u0446\u0438\u0438<\/li>\n<li> \u0418\u0437\u043a\u0443\u0441\u0442\u0432\u043e \u0438 \u0430\u043d\u0442\u0438\u043a\u0432\u0430\u0440\u0438\u0430\u0442<\/li>\n<li> \u0421\u043f\u0435\u0446\u0438\u0430\u043b\u0438\u0437\u0438\u0440\u0430\u043d\u043e \u043e\u0431\u043e\u0440\u0443\u0434\u0432\u0430\u043d\u0435<\/li>\n<\/ul>\n<p><strong>\u0421\u044a\u0445\u0440\u0430\u043d\u0435\u043d\u0438\u0435<\/strong><\/p>\n<ul>\n<li> \u0414\u044a\u043b\u0433\u043e\u0441\u0440\u043e\u0447\u043d\u0438 \u0438 \u043a\u0440\u0430\u0442\u043a\u043e\u0441\u0440\u043e\u0447\u043d\u0438<\/li>\n<li> 24\/7 \u043e\u0445\u0440\u0430\u043d\u0430<\/li>\n<li> \u0421\u0438\u0441\u0442\u0435\u043c\u0430 \u0437\u0430 \u0438\u043d\u0432\u0435\u043d\u0442\u0430\u0440\u0438\u0437\u0430\u0446\u0438\u044f<\/li>\n<li> \u041a\u043b\u0438\u043c\u0430\u0442\u0438\u0447\u0435\u043d \u043a\u043e\u043d\u0442\u0440\u043e\u043b \u043d\u0430 \u0440\u0430\u0437\u043f\u043e\u043b\u043e\u0436\u0435\u043d\u0438\u0435<\/li>\n<li> \u041a\u043e\u043d\u0442\u0440\u043e\u043b \u043d\u0430 \u0432\u0440\u0435\u0434\u0438\u0442\u0435\u043b\u0438\u0442\u0435<\/li>\n<li> \u041f\u0440\u043e\u0442\u0438\u0432\u043e\u043f\u043e\u0436\u0430\u0440\u043d\u0430 \u0441\u0438\u0441\u0442\u0435\u043c\u0430<\/li>\n<li> \u0421\u044a\u0445\u0440\u0430\u043d\u0435\u043d\u0438\u0435 \u043d\u0430 \u0430\u0440\u0445\u0438\u0432\u0438<\/li>\n<\/ul>\n<h2>\u041f\u0440\u043e\u0444\u0438\u043b \u043d\u0430 \u043a\u043e\u043c\u043f\u0430\u043d\u0438\u044f\u0442\u0430 Mudanzas Gou<\/h2>\n<p>Mudanzas Gou \u0435 \u0435\u0434\u0438\u043d \u043e\u0442 \u043d\u0430\u0439-\u0441\u0442\u0430\u0440\u0438\u0442\u0435 <a href=\"https:\/\/moverdb.com\/bg\/moving-companies\/moving-companies-mexico\/\" data-internallinksmanager029f6b8e52c=\"288\" title=\"18 \u041d\u0430\u0439-\u0434\u043e\u0431\u0440\u0438\u0442\u0435 \u043a\u043e\u043c\u043f\u0430\u043d\u0438\u0438 \u0437\u0430 \u043c\u0435\u0436\u0434\u0443\u043d\u0430\u0440\u043e\u0434\u043d\u043e \u043f\u0440\u0435\u043c\u0435\u0441\u0442\u0432\u0430\u043d\u0435 \u0432 \u041c\u0435\u043a\u0441\u0438\u043a\u043e\">\u0444\u0438\u0440\u043c\u0438 \u0437\u0430 \u043f\u0440\u0435\u043c\u0435\u0441\u0442\u0432\u0430\u043d\u0435 \u0432 \u041c\u0435\u043a\u0441\u0438\u043a\u043e<\/a>, \u043a\u044a\u0434\u0435\u0442\u043e \u0437\u0430\u043f\u043e\u0447\u0432\u0430 \u043f\u0440\u0435\u0437 1900 \u0433. \u041f\u043e\u043d\u0430\u0441\u0442\u043e\u044f\u0449\u0435\u043c \u0442\u044f \u0438\u043c\u0430 10 \u043e\u0444\u0438\u0441\u0430 \u0432 \u041c\u0435\u043a\u0441\u0438\u043a\u043e \u0438 \u0432\u0440\u044a\u0437\u043a\u0438 \u0441 \u0430\u0433\u0435\u043d\u0442\u0438 \u043f\u043e \u0446\u0435\u043b\u0438\u044f \u0441\u0432\u044f\u0442. \u0413\u043e\u0443 \u0435 \u0447\u043b\u0435\u043d-\u043e\u0441\u043d\u043e\u0432\u0430\u0442\u0435\u043b \u043d\u0430 <a href=\"https:\/\/moverdb.com\/bg\/fidi-faim\/\" data-internallinksmanager029f6b8e52c=\"16\" title=\"\u041e\u0431\u044f\u0441\u043d\u0435\u043d\u0438\u0435 \u043d\u0430 FIDI \u0438 FAIM (FIDI Accredited International Mover)\">FIDI<\/a>, OMNI, <a href=\"https:\/\/moverdb.com\/bg\/lacma\/\" data-internallinksmanager029f6b8e52c=\"28\" title=\"\u0410\u0441\u043e\u0446\u0438\u0430\u0446\u0438\u044f \u043d\u0430 \u043c\u0435\u0436\u0434\u0443\u043d\u0430\u0440\u043e\u0434\u043d\u0438\u0442\u0435 \u043f\u0440\u0435\u0432\u043e\u0437\u0432\u0430\u0447\u0438 \u043e\u0442 \u041b\u0430\u0442\u0438\u043d\u0441\u043a\u0430 \u0410\u043c\u0435\u0440\u0438\u043a\u0430 \u0438 \u041a\u0430\u0440\u0438\u0431\u0441\u043a\u0438\u044f \u0431\u0430\u0441\u0435\u0439\u043d (LACMA)\">LACMA<\/a>, AMI \u0438 <a href=\"https:\/\/moverdb.com\/bg\/amsa\/\" data-internallinksmanager029f6b8e52c=\"5\" title=\"\u041e\u0431\u044f\u0441\u043d\u0435\u043d\u0438\u0435 \u043d\u0430 \u0410\u043c\u0435\u0440\u0438\u043a\u0430\u043d\u0441\u043a\u0430\u0442\u0430 \u0430\u0441\u043e\u0446\u0438\u0430\u0446\u0438\u044f \u0437\u0430 \u043f\u0440\u0435\u043c\u0435\u0441\u0442\u0432\u0430\u043d\u0435 \u0438 \u0441\u044a\u0445\u0440\u0430\u043d\u0435\u043d\u0438\u0435 (AMSA)\">AMSA<\/a>.<\/p>\n<p>Gou \u0441\u0435 \u0433\u043e\u0440\u0434\u0435\u0435 \u0441 \u043b\u0438\u0447\u043d\u043e\u0442\u043e \u0441\u0438 \u043e\u0431\u0441\u043b\u0443\u0436\u0432\u0430\u043d\u0435 \u0438 \u0434\u044a\u0440\u0436\u0438 \u0434\u0430 \u0440\u0430\u0437\u0433\u043e\u0432\u0430\u0440\u044f \u0441 \u0432\u0441\u0435\u043a\u0438 \u043a\u043b\u0438\u0435\u043d\u0442 \u043b\u0438\u0446\u0435 \u0432 \u043b\u0438\u0446\u0435, \u0437\u0430 \u0434\u0430 \u043c\u0443 \u043f\u0440\u0435\u0434\u043e\u0441\u0442\u0430\u0432\u0438 \u0432\u044a\u0437\u043c\u043e\u0436\u043d\u043e \u043d\u0430\u0439-\u0434\u043e\u0431\u0440\u043e\u0442\u043e \u043e\u0431\u0441\u043b\u0443\u0436\u0432\u0430\u043d\u0435. \u0412\u0441\u0438\u0447\u043a\u0438 \u043d\u0435\u0439\u043d\u0438 \u0430\u0432\u0442\u043e\u043c\u043e\u0431\u0438\u043b\u0438 \u0441\u0430 \u0441\u043d\u0430\u0431\u0434\u0435\u043d\u0438 \u0441\u044a\u0441 \u0441\u0430\u0442\u0435\u043b\u0438\u0442\u043d\u043e \u043f\u0440\u043e\u0441\u043b\u0435\u0434\u044f\u0432\u0430\u043d\u0435 \u0438 \u0441\u0435 \u0442\u043e\u0432\u0430\u0440\u044f\u0442 \u0438 \u0443\u043f\u0440\u0430\u0432\u043b\u044f\u0432\u0430\u0442 \u043e\u0442 \u0441\u043e\u0431\u0441\u0442\u0432\u0435\u043d \u043f\u0435\u0440\u0441\u043e\u043d\u0430\u043b.<\/p>\n<p>Mudanzas Gou \u0438\u043c\u0430 \u0441\u043b\u0435\u0434\u043d\u0438\u0442\u0435 \u0430\u043a\u0440\u0435\u0434\u0438\u0442\u0430\u0446\u0438\u0438 \u0438 \u0432\u0440\u044a\u0437\u043a\u0438:<\/p>\n<ul>\n<li> <a href=\"https:\/\/moverdb.com\/bg\/fidi-faim\/\">\u041c\u0435\u0436\u0434\u0443\u043d\u0430\u0440\u043e\u0434\u043d\u0430 \u0444\u0435\u0434\u0435\u0440\u0430\u0446\u0438\u044f \u043d\u0430 \u043c\u0435\u0436\u0434\u0443\u043d\u0430\u0440\u043e\u0434\u043d\u0438\u0442\u0435 \u043f\u044a\u0442\u043d\u0438\u0447\u0435\u0441\u043a\u0438 \u043f\u0440\u0435\u0432\u043e\u0437\u0432\u0430\u0447\u0438 (F\u00e9d\u00e9ration Internationale des D\u00e9m\u00e9nageurs Internationaux)<\/a> (FIDI)<\/li>\n<li> \u041c\u0435\u0436\u0434\u0443\u043d\u0430\u0440\u043e\u0434\u043d\u0430 \u043c\u0440\u0435\u0436\u0430 \u0437\u0430 \u043f\u0440\u0435\u043c\u0435\u0441\u0442\u0432\u0430\u043d\u0435 \u0432 \u0447\u0443\u0436\u0431\u0438\u043d\u0430 (OMNI)<\/li>\n<li> <a href=\"https:\/\/moverdb.com\/bg\/lacma\/\">\u0410\u0441\u043e\u0446\u0438\u0430\u0446\u0438\u044f \u043d\u0430 \u043c\u0435\u0436\u0434\u0443\u043d\u0430\u0440\u043e\u0434\u043d\u0438\u0442\u0435 \u043f\u0440\u0435\u0432\u043e\u0437\u0432\u0430\u0447\u0438 \u043e\u0442 \u041b\u0430\u0442\u0438\u043d\u0441\u043a\u0430 \u0410\u043c\u0435\u0440\u0438\u043a\u0430 \u0438 \u041a\u0430\u0440\u0438\u0431\u0441\u043a\u0438\u044f \u0431\u0430\u0441\u0435\u0439\u043d<\/a> (LACMA)<\/li>\n<li> <a href=\"https:\/\/moverdb.com\/bg\/hgfaa\/\">\u0410\u0441\u043e\u0446\u0438\u0430\u0446\u0438\u044f \u043d\u0430 \u0441\u043f\u0435\u0434\u0438\u0442\u043e\u0440\u0438\u0442\u0435 \u043d\u0430 \u0441\u0442\u043e\u043a\u0438 \u0437\u0430 \u0434\u043e\u043c\u0430\u043a\u0438\u043d\u0441\u0442\u0432\u043e\u0442\u043e \u0432 \u0410\u043c\u0435\u0440\u0438\u043a\u0430<\/a> (HHGFA)<\/li>\n<li> <a href=\"https:\/\/moverdb.com\/bg\/amsa\/\" target=\"_blank\" rel=\"noopener\">\u0410\u043c\u0435\u0440\u0438\u043a\u0430\u043d\u0441\u043a\u0430 \u0430\u0441\u043e\u0446\u0438\u0430\u0446\u0438\u044f \u0437\u0430 \u043f\u0440\u0435\u043c\u0435\u0441\u0442\u0432\u0430\u043d\u0435 \u0438 \u0441\u044a\u0445\u0440\u0430\u043d\u0435\u043d\u0438\u0435<\/a> (AMSA)<\/li>\n<li> \u041f\u0430\u043d\u0430\u043c\u0435\u0440\u0438\u043a\u0430\u043d\u0441\u043a\u0430 \u0430\u0441\u043e\u0446\u0438\u0430\u0446\u0438\u044f \u043d\u0430 \u043c\u0435\u0436\u0434\u0443\u043d\u0430\u0440\u043e\u0434\u043d\u0438\u0442\u0435 \u043f\u0440\u0435\u0432\u043e\u0437\u0432\u0430\u0447\u0438 (PAIMA)<\/li>\n<li> <a href=\"https:\/\/moverdb.com\/bg\/fidi-faim\/\">FAIM<\/a><\/li>\n<li> \u041c\u0438\u0442\u043d\u0438\u0447\u0435\u0441\u043a\u043e \u0438 \u0442\u044a\u0440\u0433\u043e\u0432\u0441\u043a\u043e \u043f\u0430\u0440\u0442\u043d\u044c\u043e\u0440\u0441\u0442\u0432\u043e \u0441\u0440\u0435\u0449\u0443 \u0442\u0435\u0440\u043e\u0440\u0438\u0437\u043c\u0430 (C-PAT)<\/li>\n<\/ul>\n<h2>\u041e\u0442\u0437\u0438\u0432\u0438 \u0437\u0430 Mudanzas Gou<\/h2>\n<p>\u041d\u0435 \u0443\u0441\u043f\u044f\u0445\u043c\u0435 \u0434\u0430 \u043d\u0430\u043c\u0435\u0440\u0438\u043c \u043d\u0438\u043a\u0430\u043a\u0432\u0438 \u043e\u0442\u0437\u0438\u0432\u0438 \u043d\u0430 \u0430\u043d\u0433\u043b\u0438\u0439\u0441\u043a\u0438 \u0435\u0437\u0438\u043a \u0437\u0430 Mudanzas Gou \u043e\u043d\u043b\u0430\u0439\u043d, \u043d\u0438\u0442\u043e \u043f\u044a\u043a \u0438\u0437\u0433\u043b\u0435\u0436\u0434\u0430, \u0447\u0435 \u0438\u043c\u0430\u0442 \u043f\u0440\u0435\u043f\u043e\u0440\u044a\u043a\u0438 \u043e\u0442 \u043a\u043b\u0438\u0435\u043d\u0442\u0438 \u043d\u0430 \u0441\u0430\u0439\u0442\u0430.<\/p>\n<div itemprop=\"review\" itemscope itemtype=\"http:\/\/schema.org\/Review\">\n<span itemprop=\"author\" itemscope=\"\" itemtype=\"http:\/\/schema.org\/Organization\"><span itemprop=\"name\">MoverDB.com<\/span><\/span> \u041e\u043d\u043b\u0430\u0439\u043d \u043f\u0440\u0435\u0433\u043b\u0435\u0434 \u043d\u0430 \u0443\u0435\u0431\u0441\u0430\u0439\u0442\u0430 \u0437\u0430 <span itemprop=\"itemreviewed\" itemscope=\"\" itemtype=\"http:\/\/schema.org\/Brand\"><span itemprop=\"name\">\u041c\u0443\u0434\u0430\u043d\u0437\u0430\u0441 \u0413\u043e\u0443<\/span><\/span>:<\/p>\n<ol>\n<li> \u042f\u0441\u043d\u0430 \u0438\u043d\u0444\u043e\u0440\u043c\u0430\u0446\u0438\u044f \u0437\u0430 \u043a\u043e\u043d\u0442\u0430\u043a\u0442 \u043d\u0430 \u0443\u0435\u0431\u0441\u0430\u0439\u0442\u0430 (\u0432\u043a\u043b\u044e\u0447\u0438\u0442\u0435\u043b\u043d\u043e \u0442\u0435\u043b\u0435\u0444\u043e\u043d\u0435\u043d \u043d\u043e\u043c\u0435\u0440): <strong>\u0414\u0430<\/strong><\/li>\n<li> \u041b\u0435\u0441\u043d\u043e \u0441\u0435 \u043f\u043e\u043b\u0443\u0447\u0430\u0432\u0430 <a href=\"https:\/\/moverdb.com\/bg\/%d1%86%d0%b8%d1%82%d0%b0%d1%82%d0%b8\/\">\u043f\u0440\u0435\u043c\u0435\u0441\u0442\u0432\u0430\u043d\u0435 \u043a\u043e\u0442\u0438\u0440\u043e\u0432\u043a\u0438<\/a>? (\u041e\u043d\u043b\u0430\u0439\u043d \u0444\u043e\u0440\u043c\u0443\u043b\u044f\u0440 \u0437\u0430 \u0437\u0430\u044f\u0432\u043a\u0430 \u0437\u0430 \u043e\u0446\u0435\u043d\u043a\u0430): <strong>\u0414\u0430<\/strong><\/li>\n<li> \u042f\u0441\u043d\u0430 \u0438\u043d\u0444\u043e\u0440\u043c\u0430\u0446\u0438\u044f \u043d\u0430 \u0443\u0435\u0431\u0441\u0430\u0439\u0442\u0430: <strong>\u0414\u0430,<\/strong> \u043c\u0430\u043a\u0430\u0440 \u0438 \u043e\u0441\u043d\u043e\u0432\u0435\u043d, \u0442\u043e\u0439 \u043e\u043f\u0438\u0441\u0432\u0430 \u0443\u0441\u043b\u0443\u0433\u0438\u0442\u0435 \u0438\u043c \u043d\u0430 \u0430\u043d\u0433\u043b\u0438\u0439\u0441\u043a\u0438 \u0438 \u0438\u0441\u043f\u0430\u043d\u0441\u043a\u0438 \u0435\u0437\u0438\u043a.<\/li>\n<li> \u0427\u043b\u0435\u043d\u0441\u0442\u0432\u043e \u0432 \u043c\u0435\u0436\u0434\u0443\u043d\u0430\u0440\u043e\u0434\u043d\u043e \u043f\u0440\u0438\u0437\u043d\u0430\u0442\u0438 \u043e\u0440\u0433\u0430\u043d\u0438\u0437\u0430\u0446\u0438\u0438 \u0437\u0430 \u043f\u0440\u0435\u043c\u0435\u0441\u0442\u0432\u0430\u043d\u0435: <strong>\u0414\u0430<\/strong>, (\u043c\u043d\u043e\u0433\u043e \u043e\u0442 \u0442\u044f\u0445 \u0432\u0438\u0436\u0442\u0435 \u043f\u043e-\u0433\u043e\u0440\u0435)<\/li>\n<li> \u0421\u043f\u0438\u0441\u044a\u043a \u0441 \u043a\u043b\u0438\u0435\u043d\u0442\u0438 \u0438\/\u0438\u043b\u0438 \u043f\u0440\u0435\u043f\u043e\u0440\u044a\u043a\u0438 \u043e\u0442 \u043f\u0440\u0435\u0434\u0438\u0448\u043d\u0438 \u043a\u043b\u0438\u0435\u043d\u0442\u0438: <strong>\u041d\u0435,<\/strong> \u043d\u0435 \u0443\u0441\u043f\u044f\u0445\u043c\u0435 \u0434\u0430 \u043d\u0430\u043c\u0435\u0440\u0438\u043c \u043d\u0438\u043a\u0430\u043a\u0432\u0438 \u043e\u0442\u0437\u0438\u0432\u0438 \u0438\u043b\u0438 \u043f\u0440\u0435\u043f\u043e\u0440\u044a\u043a\u0438 \u043e\u0442 \u043a\u043b\u0438\u0435\u043d\u0442\u0438.<\/li>\n<\/ol>\n<div itemprop=\"reviewRating\" itemscope itemtype=\"http:\/\/schema.org\/Rating\"><meta itemprop=\"worstRating\" content = \"0\" \/><meta itemprop=\"bestRating\" content=\"5\" \/><meta itemprop=\"ratingValue\" content=\"4\"><\/div>\n<p><strong>\u041e\u0431\u0449\u0430 \u043e\u0446\u0435\u043d\u043a\u0430: 4\/5<\/strong><br \/>\n<strong>\u0414\u0430\u0442\u0430 \u043d\u0430 \u043f\u0440\u0435\u0433\u043b\u0435\u0434\u0430:<\/strong> <span itemprop=\"datePublished\" content=\"2017-02-24\">24\/02\/2017<\/span>\n<\/div>\n<p>\u041f\u0440\u043e\u0447\u0435\u0442\u0435\u0442\u0435 \u043f\u043e\u0432\u0435\u0447\u0435 \u0437\u0430 <a href=\"https:\/\/moverdb.com\/bg\/%d0%b4%d0%b2%d0%b8%d0%b6%d0%b5%d1%89%d0%b8-%d1%81%d0%b5-%d1%84%d0%b8%d1%80%d0%bc%d0%b8\/\">\u043c\u0435\u0436\u0434\u0443\u043d\u0430\u0440\u043e\u0434\u043d\u0438 \u043a\u043e\u043c\u043f\u0430\u043d\u0438\u0438 \u0437\u0430 \u043f\u0440\u0435\u043c\u0435\u0441\u0442\u0432\u0430\u043d\u0435<\/a> \u0438 \u043d\u0430\u0448\u0438\u0442\u0435 <a href=\"https:\/\/moverdb.com\/bg\/%d0%bf%d1%80%d0%b5%d0%b3%d0%bb%d0%b5%d0%b4%d0%b8\/\">\u043f\u0440\u043e\u0446\u0435\u0441 \u043d\u0430 \u043f\u0440\u0435\u0433\u043b\u0435\u0434<\/a>.<\/p>\n<p><strong>\u0423\u0435\u0431\u0441\u0430\u0439\u0442\u043e\u0432\u0435:<\/strong> \u0418\u0441\u043f\u0430\u043d\u0441\u043a\u0438 \u0435\u0437\u0438\u043a: <a href=\"http:\/\/www.mudanzasgou.com.mx\/\" target=\"_blank\" rel=\"noopener\">http:\/\/www.mudanzasgou.com.mx\/<\/a> \u0410\u043d\u0433\u043b\u0438\u0439\u0441\u043a\u0438 \u0435\u0437\u0438\u043a: <a href=\"http:\/\/www.mudanzasgou.com\/\" target=\"_blank\" rel=\"noopener\">http:\/\/www.mudanzasgou.com\/<\/a><\/p>","protected":false},"excerpt":{"rendered":"<p>Mudanzas Gou is a Mexican moving company which offers its clients a wide range of services which are listed below, together with a company profile and reviews. International Moves Door to door Full packing service, fragile packing or DIY packing Disassembly and reassembly of furniture Customs clearance and assistance with documentation Insurance arranged Unpacking service [&hellip;]<\/p>\n","protected":false},"author":1,"featured_media":0,"parent":0,"menu_order":0,"comment_status":"closed","ping_status":"closed","template":"","meta":{"_genesis_hide_title":false,"_genesis_hide_breadcrumbs":false,"_genesis_hide_singular_image":false,"_genesis_hide_footer_widgets":false,"_genesis_custom_body_class":"","_genesis_custom_post_class":"","_genesis_layout":"","footnotes":""},"class_list":{"0":"post-1570","1":"page","2":"type-page","3":"status-publish","5":"entry"},"_links":{"self":[{"href":"https:\/\/moverdb.com\/bg\/wp-json\/wp\/v2\/pages\/1570","targetHints":{"allow":["GET"]}}],"collection":[{"href":"https:\/\/moverdb.com\/bg\/wp-json\/wp\/v2\/pages"}],"about":[{"href":"https:\/\/moverdb.com\/bg\/wp-json\/wp\/v2\/types\/page"}],"author":[{"embeddable":true,"href":"https:\/\/moverdb.com\/bg\/wp-json\/wp\/v2\/users\/1"}],"replies":[{"embeddable":true,"href":"https:\/\/moverdb.com\/bg\/wp-json\/wp\/v2\/comments?post=1570"}],"version-history":[{"count":4,"href":"https:\/\/moverdb.com\/bg\/wp-json\/wp\/v2\/pages\/1570\/revisions"}],"predecessor-version":[{"id":6222,"href":"https:\/\/moverdb.com\/bg\/wp-json\/wp\/v2\/pages\/1570\/revisions\/6222"}],"wp:attachment":[{"href":"https:\/\/moverdb.com\/bg\/wp-json\/wp\/v2\/media?parent=1570"}],"curies":[{"name":"wp","href":"https:\/\/api.w.org\/{rel}","templated":true}]}}