{"id":14021,"date":"2023-11-08T15:53:54","date_gmt":"2023-11-08T15:53:54","guid":{"rendered":"https:\/\/moverdb.com\/freight-forwarder\/freight-forwarding-uk\/stockton-on-tees-freight-forwarder\/"},"modified":"2026-01-08T14:58:35","modified_gmt":"2026-01-08T14:58:35","slug":"stockton-on-tees-freight-forwarder","status":"publish","type":"page","link":"https:\/\/moverdb.com\/bg\/freight-forwarder\/freight-forwarding-uk\/stockton-on-tees-freight-forwarder\/","title":{"rendered":"2 \u041d\u0430\u0439-\u0434\u043e\u0431\u0440\u0438 \u0441\u043f\u0435\u0434\u0438\u0442\u043e\u0440\u0441\u043a\u0438 \u0444\u0438\u0440\u043c\u0438 \u0432 \u0421\u0442\u043e\u043a\u0442\u044a\u043d-\u043e\u043d-\u0422\u0438\u0439\u0437 (2024)"},"content":{"rendered":"<p>\u041f\u043e-\u0434\u043e\u043b\u0443 \u0449\u0435 \u0440\u0430\u0437\u0433\u043b\u0435\u0434\u0430\u043c\u0435 2 <em>\"\u043d\u0430\u0439-\u0434\u043e\u0431\u0440\u043e\u0442\u043e\"<\/em> \u0421\u043f\u0435\u0434\u0438\u0442\u043e\u0440\u0441\u043a\u0438 \u0444\u0438\u0440\u043c\u0438 \u0432 \u0421\u0442\u043e\u043a\u0442\u044a\u043d-\u043e\u043d-\u0422\u0438\u0439\u0437 \u043e\u0442 \u043e\u0431\u0449\u043e 3.<\/p>\n<p>\u0417\u0430 \u0434\u0430 \u043d\u0430\u0443\u0447\u0438\u0442\u0435 \u043f\u043e\u0432\u0435\u0447\u0435 \u0437\u0430 \u0442\u043e\u0432\u0430 \u043a\u0430\u043a \u0438\u0437\u0431\u0438\u0440\u0430\u043c\u0435 \u043d\u0430\u0439-\u0434\u043e\u0431\u0440\u0438\u0442\u0435, \u043c\u043e\u043b\u044f, \u0432\u0438\u0436\u0442\u0435 \u0440\u0430\u0437\u0434\u0435\u043b\u0430 \u0441 \u0447\u0435\u0441\u0442\u043e \u0437\u0430\u0434\u0430\u0432\u0430\u043d\u0438 \u0432\u044a\u043f\u0440\u043e\u0441\u0438 \u0432 \u043a\u0440\u0430\u044f.<\/p>\n<p><em>\u041c\u043e\u043b\u044f, \u0438\u043c\u0430\u0439\u0442\u0435 \u043f\u0440\u0435\u0434\u0432\u0438\u0434, \u0447\u0435 \u0438\u0437\u0431\u0440\u043e\u0435\u043d\u0438\u0442\u0435 \u043f\u043e-\u0434\u043e\u043b\u0443 \u0441\u043f\u0438\u0441\u044a\u0446\u0438 \u043d\u0435 \u0441\u0430 \u043f\u043e\u0434\u0440\u0435\u0434\u0435\u043d\u0438 \u043f\u043e \u043e\u043f\u0440\u0435\u0434\u0435\u043b\u0435\u043d \u0440\u0435\u0434 \u0438 \u043d\u0435 \u0434\u0430\u0432\u0430\u043c\u0435 \u043f\u0440\u0435\u043f\u043e\u0440\u044a\u043a\u0438 \u0437\u0430 \u043a\u043e\u043d\u043a\u0440\u0435\u0442\u043d\u0430 \u043a\u043e\u043c\u043f\u0430\u043d\u0438\u044f.<\/em><\/p>\n<h2>Angolcsomag<\/h2>\n<p><img decoding=\"async\" src=\"https:\/\/moverdb.com\/wp-content\/uploads\/AF1QipOryNSdITJEMO39398cLDQZD5hyDZ4CQCNdQFI6w458-h240-k-no.jpg\" alt='Angolcsomag' class=\"aligncenter\"><\/p>\n<p><strong>\u041e\u043f\u0438\u0441\u0430\u043d\u0438\u0435 \u043e\u0442 \u0431\u0438\u0437\u043d\u0435\u0441\u0430: <\/strong>Nemzetk\u00c3\u00b6zi csomagsz\u00c3ll\u00c3t\u00c3\u00a1s, k\u00c3\u00b6lt\u00c3ztet\u00c3\u00a9s \u00c3\u00a9s rakt\u00c3\u02c9roz\u00c3\u00a1s kedvez\u00c5' \u00c3\u00a1rakon.<\/p>\n<p> Ha egy olyan c\u00c3\u00a9get keres, aki t\u00c3\u00b6bb \u00c3\u00a9vtizedes tapasztalattal, probl\u00c3\u00a9mamentesen v\u00c3\u00a9gez csomagsz\u00c3ll\u00c3t\u00c3\u00a1st, k\u00c3\u00b6lt\u00c3ztet\u00c3\u00a9st, akkor ne keresg\u00c3\u00a9ljen tov\u00c3\u00a1bb, hiszen vel\u00c3\u00bcnk biztosra megy! K\u00c3\u00a9rjen \u00c3\u00a1raj\u00c3\u00a1nlatot most! C\u00c3\u00a9lunk az egym\u00c3\u00a1st\u00f3l t\u00c3\u00a1vol\u00c3\u00a9l\u00c5' csal\u00c3\u00a1dtagok, ismer\u00c5's\u00c3\u00b6k \u00c3\u00b6sszek\u00c3\u00b6t\u00c3\u00a9se! Csomagot akar eljuttatni Angli\u00c3\u00a1ba, Ausztri\u00c3\u00a1ba, N\u00c3\u00a9metorsz\u00c3\u00a1gba, Belgiumba, vagy Hollandi\u00c3\u00a1ba? Megtal\u00c3\u00a1lta a megold\u00c3\u00a1st! Rugalmas megold\u00c3\u00a1sainkat az \u00c3-n ig\u00c3\u00a9nyeihez szabtuk.<\/p>\n<p> V\u00c3\u00a1lassza \u00c3-n is Magyarorsz\u00c3\u00a1g Anglia egyik legkedveltebb csomagsz\u00c3\u00a1ll\u00c3\u00a1t\u00f3j\u00c3\u00a1t \u00c3\u00a9s k\u00c3\u00b6lt\u00c3\u00a6ztet\u00c5'j\u00c3\u00a9t!<\/p>\n<p><strong>\u0414\u043e\u043f\u044a\u043b\u043d\u0438\u0442\u0435\u043b\u043d\u0438 \u0443\u0441\u043b\u0443\u0433\u0438:<\/strong><\/p>\n<p>\u041d\u044f\u043c\u0430 \u0432 \u0441\u043f\u0438\u0441\u044a\u043a\u0430<\/p>\n<p><strong>\u0410\u0434\u0440\u0435\u0441:<\/strong> 19 Redbrook Ave, Stockton-on-Tees TS19 9HJ<\/p>\n<p><a href=\"https:\/\/angolcsomag.hu\/\" target=\"_new\" rel=\"noopener\">\u0423\u0435\u0431\u0441\u0430\u0439\u0442 \u043d\u0430 Angolcsomag<\/a><\/p>\n<p><strong>\u0420\u0435\u0437\u0443\u043b\u0442\u0430\u0442 \u043e\u0442 \u043f\u0440\u0435\u0433\u043b\u0435\u0434\u0430: <\/strong>4.3<br \/> <strong>\u0411\u0440\u043e\u0439 \u0440\u0435\u0446\u0435\u043d\u0437\u0438\u0438:<\/strong> 4<br \/><a href=\"https:\/\/www.google.co.uk\/maps?cid=4596175838503261878&#038;hl=en&#038;gl=GB\" target=\"_new\" rel=\"noopener\">\u041f\u0440\u043e\u0447\u0435\u0442\u0435\u0442\u0435 \u043e\u0442\u0437\u0438\u0432\u0438\u0442\u0435<\/a><\/p>\n<h2>\u041a\u043e\u043d\u0442\u0435\u0439\u043d\u0435\u0440\u043e\u0432\u043e\u0437\u0438<\/h2>\n<p><img decoding=\"async\" src=\"https:\/\/moverdb.com\/wp-content\/uploads\/AF1QipMdrVos0_oLG82D58BbnH2sl2pgOv0-e6dvJqXKw408-h544-k-no.jpg\" alt='\u041a\u043e\u043d\u0442\u0435\u0439\u043d\u0435\u0440\u043e\u0432\u043e\u0437\u0438' class=\"aligncenter\"><\/p>\n<p><strong>\u041e\u043f\u0438\u0441\u0430\u043d\u0438\u0435 \u043e\u0442 \u0431\u0438\u0437\u043d\u0435\u0441\u0430: <\/strong>\u041d\u044f\u043c\u0430 \u043f\u0440\u0435\u0434\u043e\u0441\u0442\u0430\u0432\u0435\u043d\u0438<\/p>\n<p><strong>\u0414\u043e\u043f\u044a\u043b\u043d\u0438\u0442\u0435\u043b\u043d\u0438 \u0443\u0441\u043b\u0443\u0433\u0438:<\/strong><\/p>\n<p>\u041d\u044f\u043c\u0430 \u0432 \u0441\u043f\u0438\u0441\u044a\u043a\u0430<\/p>\n<p><strong>\u0410\u0434\u0440\u0435\u0441:<\/strong> Haverton Hill Rd, Stockton-on-Tees TS23 1PS<\/p>\n<p><a href=\"http:\/\/www.containerships.eu\/\" target=\"_new\" rel=\"noopener\">\u0423\u0435\u0431\u0441\u0430\u0439\u0442 \u043d\u0430 Containerships<\/a><\/p>\n<p><strong>\u0420\u0435\u0437\u0443\u043b\u0442\u0430\u0442 \u043e\u0442 \u043f\u0440\u0435\u0433\u043b\u0435\u0434\u0430: <\/strong>4.3<br \/> <strong>\u0411\u0440\u043e\u0439 \u0440\u0435\u0446\u0435\u043d\u0437\u0438\u0438:<\/strong> 35<br \/><a href=\"https:\/\/www.google.co.uk\/maps?cid=21507042716909697&#038;hl=en&#038;gl=GB\" target=\"_new\" rel=\"noopener\">\u041f\u0440\u043e\u0447\u0435\u0442\u0435\u0442\u0435 \u043e\u0442\u0437\u0438\u0432\u0438\u0442\u0435<\/a><\/p>\n<h2>\u041a\u0430\u043a \u0438\u0437\u0431\u0440\u0430\u0445\u043c\u0435 \u043d\u0430\u0439-\u0434\u043e\u0431\u0440\u0438\u0442\u0435 \u0441\u043f\u0435\u0434\u0438\u0442\u043e\u0440\u0441\u043a\u0438 \u0444\u0438\u0440\u043c\u0438 \u043e\u0442 \u0421\u0442\u043e\u043a\u0442\u044a\u043d-\u043e\u043d-\u0422\u0438\u0439\u0437<\/h2>\n<p>\u0417\u0430\u043f\u043e\u0447\u043d\u0430\u0445\u043c\u0435 \u0441 \u043d\u0430\u0431\u043e\u0440 \u043e\u0442 \u0434\u0430\u043d\u043d\u0438 \u0437\u0430 3 \u0441\u043f\u0435\u0434\u0438\u0442\u043e\u0440\u0441\u043a\u0438 \u043a\u043e\u043c\u043f\u0430\u043d\u0438\u0438 \u043e\u0442 \u0421\u0442\u043e\u043a\u0442\u044a\u043d \u043e\u043d \u0422\u0438\u0439\u0437, \u043a\u043e\u0438\u0442\u043e \u043e\u0442\u043a\u0440\u0438\u0445\u043c\u0435 \u0447\u0440\u0435\u0437 Google Maps, \u0438 \u0433\u0438 \u0441\u0432\u0435\u0434\u043e\u0445\u043c\u0435 \u0434\u043e \u043d\u0430\u0439-\u0434\u043e\u0431\u0440\u0438\u0442\u0435 2.<\/p>\n<p>\u0417\u0430 \u0442\u0430\u0437\u0438 \u0446\u0435\u043b \u043f\u0440\u0435\u043c\u0430\u0445\u043d\u0430\u0445\u043c\u0435 \u0432\u0441\u0438\u0447\u043a\u0438 \u043a\u043e\u043c\u043f\u0430\u043d\u0438\u0438, \u043a\u043e\u0438\u0442\u043e:<\/p>\n<ul>\n<li> \u041d\u044f\u043c\u0430\u0448\u0435 \u0443\u0435\u0431\u0441\u0430\u0439\u0442<\/li>\n<li> \u041d\u0435 \u0435 \u0438\u043c\u0430\u043b\u043e \u043f\u0440\u0435\u0433\u043b\u0435\u0434\u0438<\/li>\n<li> \u0421\u0440\u0435\u0434\u043d\u0430 \u043e\u0446\u0435\u043d\u043a\u0430 \u043d\u0430 \u043f\u0440\u0435\u0433\u043b\u0435\u0434\u0430 \u043f\u043e\u0434 2,0<\/li>\n<\/ul>\n<p>\u0412 \u0442\u043e\u0437\u0438 \u043c\u043e\u043c\u0435\u043d\u0442, \u0430\u043a\u043e \u0438\u043c\u0430\u043c\u0435 17 \u0438\u043b\u0438 \u043f\u043e-\u043c\u0430\u043b\u043a\u043e \u0441\u043f\u0435\u0434\u0438\u0442\u043e\u0440\u0438, \u0438\u0437\u0431\u0440\u043e\u044f\u0432\u0430\u043c\u0435 \u0432\u0441\u0438\u0447\u043a\u0438.<\/p>\n<p>\u0417\u0430 \u0433\u0440\u0430\u0434\u043e\u0432\u0435\u0442\u0435, \u0432 \u043a\u043e\u0438\u0442\u043e \u043e\u0441\u0442\u0430\u043d\u0430\u0445\u043c\u0435 \u0441 \u043f\u043e\u0432\u0435\u0447\u0435 \u043e\u0442 17 \u0441\u043f\u0435\u0434\u0438\u0442\u043e\u0440\u0430, \u043d\u0430\u043f\u0440\u0430\u0432\u0438\u0445\u043c\u0435 \u0434\u043e\u043f\u044a\u043b\u043d\u0438\u0442\u0435\u043b\u043d\u0438 \u043a\u043e\u0440\u0435\u043a\u0446\u0438\u0438, \u043a\u0430\u0442\u043e \u0443\u0432\u0435\u043b\u0438\u0447\u0438\u0445\u043c\u0435 \u0438\u0437\u0438\u0441\u043a\u0432\u0430\u043d\u0430\u0442\u0430 \u043e\u0446\u0435\u043d\u043a\u0430 \u043d\u0430 \u043f\u0440\u0435\u0433\u043b\u0435\u0434\u0430 (\u043d\u0430\u043f\u0440\u0438\u043c\u0435\u0440 \u043e\u0442 \u043c\u0438\u043d\u0438\u043c\u0443\u043c 2,0 \u043d\u0430 4,0) \u0438\/\u0438\u043b\u0438 \u0443\u0432\u0435\u043b\u0438\u0447\u0438\u0445\u043c\u0435 \u043c\u0438\u043d\u0438\u043c\u0430\u043b\u043d\u0438\u044f \u0431\u0440\u043e\u0439 \u043d\u0430 \u0438\u0437\u0438\u0441\u043a\u0432\u0430\u043d\u0438\u0442\u0435 \u043f\u0440\u0435\u0433\u043b\u0435\u0434\u0438 (\u043d\u0430\u043f\u0440\u0438\u043c\u0435\u0440 \u043e\u0442 \u043f\u043e\u043d\u0435 1 \u043f\u0440\u0435\u0433\u043b\u0435\u0434 \u043d\u0430 \u043f\u043e\u043d\u0435 10).<\/p>\n<p>\u041e\u0431\u044a\u0440\u043d\u0435\u0442\u0435 \u0432\u043d\u0438\u043c\u0430\u043d\u0438\u0435, \u0447\u0435 \u0438\u0437\u043f\u043e\u043b\u0437\u0432\u0430\u0445\u043c\u0435 \u0434\u0430\u043d\u043d\u0438 \u0437\u0430 \u043f\u0440\u0435\u0433\u043b\u0435\u0434\u0438 \u0441\u0430\u043c\u043e \u043e\u0442 Google Maps, \u0430 \u043d\u0435 \u043e\u0442 \u0434\u0440\u0443\u0433\u0438 \u0443\u0435\u0431\u0441\u0430\u0439\u0442\u043e\u0432\u0435 \u043d\u0430 \u0442\u0440\u0435\u0442\u0438 \u0441\u0442\u0440\u0430\u043d\u0438.<\/p>\n<p>\u041e\u0449\u0435 \u0433\u0440\u0430\u0434\u043e\u0432\u0435:<\/p>\n<p><a href=\"https:\/\/moverdb.com\/bg\/%d1%81%d0%bf%d0%b5%d0%b4%d0%b8%d1%82%d0%be%d1%80\/freight-forwarding-uk\/middlesex-freight-forwarder\/\">\u0421\u043f\u0435\u0434\u0438\u0442\u043e\u0440 Middlesex<\/a><br \/><a href=\"https:\/\/moverdb.com\/bg\/%d1%81%d0%bf%d0%b5%d0%b4%d0%b8%d1%82%d0%be%d1%80\/freight-forwarding-uk\/wisbech-freight-forwarder\/\">\u0421\u043f\u0435\u0434\u0438\u0442\u043e\u0440 Wisbech<\/a><br \/><a href=\"https:\/\/moverdb.com\/bg\/%d1%81%d0%bf%d0%b5%d0%b4%d0%b8%d1%82%d0%be%d1%80\/freight-forwarding-uk\/east-cowes-freight-forwarder\/\">\u0418\u0437\u0442\u043e\u043a \u041a\u043e\u0443\u0441 \u0441\u043f\u0435\u0434\u0438\u0442\u043e\u0440<\/a><br \/><a href=\"https:\/\/moverdb.com\/bg\/%d1%81%d0%bf%d0%b5%d0%b4%d0%b8%d1%82%d0%be%d1%80\/freight-forwarding-uk\/bury-freight-forwarder\/\">\u0411\u044a\u0440\u0438 \u0441\u043f\u0435\u0434\u0438\u0442\u043e\u0440<\/a><br \/><a href=\"https:\/\/moverdb.com\/bg\/%d1%81%d0%bf%d0%b5%d0%b4%d0%b8%d1%82%d0%be%d1%80\/freight-forwarding-uk\/newcastle-upon-tyne-freight-forwarder\/\">\u0421\u043f\u0435\u0434\u0438\u0442\u043e\u0440 \u0432 \u041d\u044e\u043a\u0430\u0441\u044a\u043b \u043d\u0430 \u0422\u0430\u0439\u043d<\/a><\/p>","protected":false},"excerpt":{"rendered":"<p>Below we look at the 2 &#8220;best&#8221; Freight Forwarding companies in Stockton-on-Tees out of 3. To learn more about how we chose the best please consult our FAQ section at the end. Please not the following listings are in no particular order and we are not making any recommendations for any particular company. Angolcsomag Description [&hellip;]<\/p>\n","protected":false},"author":1,"featured_media":0,"parent":13427,"menu_order":0,"comment_status":"open","ping_status":"open","template":"","meta":{"_genesis_hide_title":false,"_genesis_hide_breadcrumbs":false,"_genesis_hide_singular_image":false,"_genesis_hide_footer_widgets":false,"_genesis_custom_body_class":"","_genesis_custom_post_class":"","_genesis_layout":"","footnotes":""},"class_list":{"0":"post-14021","1":"page","2":"type-page","3":"status-publish","5":"entry"},"_links":{"self":[{"href":"https:\/\/moverdb.com\/bg\/wp-json\/wp\/v2\/pages\/14021","targetHints":{"allow":["GET"]}}],"collection":[{"href":"https:\/\/moverdb.com\/bg\/wp-json\/wp\/v2\/pages"}],"about":[{"href":"https:\/\/moverdb.com\/bg\/wp-json\/wp\/v2\/types\/page"}],"author":[{"embeddable":true,"href":"https:\/\/moverdb.com\/bg\/wp-json\/wp\/v2\/users\/1"}],"replies":[{"embeddable":true,"href":"https:\/\/moverdb.com\/bg\/wp-json\/wp\/v2\/comments?post=14021"}],"version-history":[{"count":1,"href":"https:\/\/moverdb.com\/bg\/wp-json\/wp\/v2\/pages\/14021\/revisions"}],"predecessor-version":[{"id":15749,"href":"https:\/\/moverdb.com\/bg\/wp-json\/wp\/v2\/pages\/14021\/revisions\/15749"}],"up":[{"embeddable":true,"href":"https:\/\/moverdb.com\/bg\/wp-json\/wp\/v2\/pages\/13427"}],"wp:attachment":[{"href":"https:\/\/moverdb.com\/bg\/wp-json\/wp\/v2\/media?parent=14021"}],"curies":[{"name":"wp","href":"https:\/\/api.w.org\/{rel}","templated":true}]}}